{"id":113,"date":"2025-08-10T14:26:51","date_gmt":"2025-08-10T14:26:51","guid":{"rendered":"http:\/\/localhost:8888\/hason\/?page_id=113"},"modified":"2025-08-15T13:35:03","modified_gmt":"2025-08-15T13:35:03","slug":"chinh-sach-bao-hanh","status":"publish","type":"page","link":"https:\/\/xtech-eng.com\/?page_id=113","title":{"rendered":"Ch\u00ednh s\u00e1ch b\u1ea3o h\u00e0nh"},"content":{"rendered":"\r\n\t<section class=\"section\" id=\"section_2047215108\">\r\n\t\t<div class=\"section-bg fill\" >\r\n\t\t\t\t\t\t\t\t\t\r\n\t\t\t\r\n\r\n\t\t<\/div>\r\n\r\n\t\t\r\n\r\n\t\t<div class=\"section-content relative\">\r\n\t\t\t\n<div class=\"row\"  id=\"row-757794046\">\n\r\n\t<div id=\"col-763649896\" class=\"col small-12 large-12\"  >\r\n\t\t\t\t<div class=\"col-inner\"  >\r\n\t\t\t\r\n\t\t\t\n<p><strong>C\u00d4NG TY TNHH K\u1ef8 THU\u1eacT XTECH<\/strong><\/p>\n<h1 class=\"wp-block-heading\">CH\u00cdNH S\u00c1CH B\u1ea2O H\u00c0NH<\/h1>\n<p><strong>I &#8211; Th\u1eddi gian b\u1ea3o h\u00e0nh<\/strong><\/p>\n<ul>\n<li>L\u00e0 kho\u1ea3ng th\u1eddi gian <strong data-start=\"295\" data-end=\"304\">XTech<\/strong> ch\u1ecbu tr\u00e1ch nhi\u1ec7m ti\u1ebfp nh\u1eadn v\u00e0 x\u1eed l\u00fd b\u1ea3o h\u00e0nh cho s\u1ea3n ph\u1ea9m do <strong data-start=\"366\" data-end=\"375\">XTech<\/strong> cung c\u1ea5p.<\/li>\n<li>Th\u1eddi gian b\u1ea3o h\u00e0nh \u0111\u01b0\u1ee3c ghi r\u00f5 tr\u00ean <strong data-start=\"426\" data-end=\"444\">Phi\u1ebfu b\u1ea3o h\u00e0nh<\/strong> v\u00e0 <strong data-start=\"448\" data-end=\"464\">tem b\u1ea3o h\u00e0nh<\/strong> \u0111i k\u00e8m s\u1ea3n ph\u1ea9m.<\/li>\n<\/ul>\n<p><b>II &#8211; Phi\u1ebfu &amp; tem b\u1ea3o h\u00e0nh h\u1ee3p l\u1ec7<\/b><\/p>\n<ul>\n<li><strong data-start=\"530\" data-end=\"548\">Phi\u1ebfu b\u1ea3o h\u00e0nh<\/strong>: Do <strong data-start=\"553\" data-end=\"562\">XTech<\/strong> ph\u00e1t h\u00e0nh, c\u00f3 \u0111\u00f3ng d\u1ea5u c\u00f4ng ty, \u0111\u00fang m\u1eabu quy \u0111\u1ecbnh, kh\u00f4ng b\u1ecb r\u00e1ch, ch\u1eafp v\u00e1, t\u1ea9y x\u00f3a ho\u1eb7c s\u1eeda ch\u1eefa. M\u00e3 s\u1ed1 s\u1ea3n ph\u1ea9m ghi tr\u00ean phi\u1ebfu ph\u1ea3i tr\u00f9ng v\u1edbi m\u00e3 s\u1ed1 tr\u00ean s\u1ea3n ph\u1ea9m.<\/li>\n<li><strong data-start=\"731\" data-end=\"747\">Tem b\u1ea3o h\u00e0nh<\/strong>: Do <strong data-start=\"752\" data-end=\"761\">XTech<\/strong> d\u00e1n tr\u00ean s\u1ea3n ph\u1ea9m, c\u00f2n nguy\u00ean v\u1eb9n, kh\u00f4ng b\u1ecb b\u00f3c, c\u1ea1y, d\u00e1n l\u1ea1i hay ch\u1eafp v\u00e1.<\/li>\n<\/ul>\n<p><strong>III &#8211; <\/strong><strong>Ch\u00ednh s\u00e1ch b\u1ea3o h\u00e0nh to\u00e0n qu\u1ed1c<\/strong><\/p>\n<p data-start=\"886\" data-end=\"1033\">Kh\u00e1ch h\u00e0ng mua s\u1ea3n ph\u1ea9m t\u1ea1i b\u1ea5t k\u1ef3 chi nh\u00e1nh ho\u1eb7c v\u0103n ph\u00f2ng n\u00e0o c\u1ee7a <strong data-start=\"954\" data-end=\"963\">XTech<\/strong> \u0111\u1ec1u c\u00f3 th\u1ec3 b\u1ea3o h\u00e0nh t\u1ea1i t\u1ea5t c\u1ea3 chi nh\u00e1nh ch\u00ednh th\u1ee9c tr\u00ean to\u00e0n qu\u1ed1c.<\/p>\n<p data-start=\"886\" data-end=\"1033\"><strong data-start=\"1035\" data-end=\"1056\">B\u1ea3o h\u00e0nh s\u1ea3n ph\u1ea9m<\/strong>: Kh\u1eafc ph\u1ee5c l\u1ed7i k\u1ef9 thu\u1eadt ho\u1eb7c h\u1ecfng h\u00f3c do nh\u00e0 s\u1ea3n xu\u1ea5t.<\/p>\n<p data-start=\"886\" data-end=\"1033\"><strong>IV &#8211; Quy \u0111\u1ecbnh b\u1ea3o h\u00e0nh\u00a0<\/strong><\/p>\n<p data-start=\"1148\" data-end=\"1186\">S\u1ea3n ph\u1ea9m \u0111\u01b0\u1ee3c b\u1ea3o h\u00e0nh mi\u1ec5n ph\u00ed khi:<\/p>\n<ol data-start=\"1187\" data-end=\"1477\">\n<li data-start=\"1187\" data-end=\"1289\">C\u00f2n trong th\u1eddi h\u1ea1n b\u1ea3o h\u00e0nh (t\u00ednh t\u1eeb ng\u00e0y giao h\u00e0ng, theo phi\u1ebfu b\u1ea3o h\u00e0nh ho\u1eb7c quy \u0111\u1ecbnh c\u1ee7a h\u00e3ng).<\/li>\n<li data-start=\"1187\" data-end=\"1289\">C\u00f3 phi\u1ebfu b\u1ea3o h\u00e0nh v\u00e0 tem b\u1ea3o h\u00e0nh h\u1ee3p l\u1ec7 c\u1ee7a <strong data-start=\"1338\" data-end=\"1347\">XTech<\/strong>.<\/li>\n<li data-start=\"1187\" data-end=\"1289\">Tr\u01b0\u1eddng h\u1ee3p \u0111\u1ed5i m\u1edbi: N\u1ebfu s\u1ea3n ph\u1ea9m \u0111\u1ee7 \u0111i\u1ec1u ki\u1ec7n b\u1ea3o h\u00e0nh nh\u01b0ng kh\u00f4ng th\u1ec3 s\u1eeda ch\u1eefa, <strong data-start=\"1435\" data-end=\"1444\">XTech<\/strong> s\u1ebd \u0111\u1ed5i s\u1ea3n ph\u1ea9m m\u1edbi c\u00f9ng lo\u1ea1i.<\/li>\n<\/ol>\n<p><strong>V. C\u00e1c tr\u01b0\u1eddng h\u1ee3p kh\u00f4ng b\u1ea3o h\u00e0nh<\/strong><\/p>\n<ul>\n<li>Qu\u00e1 h\u1ea1n b\u1ea3o h\u00e0nh ho\u1eb7c m\u1ea5t phi\u1ebfu b\u1ea3o h\u00e0nh.<\/li>\n<li>Tem b\u1ea3o h\u00e0nh r\u00e1ch, v\u1ee1, b\u1ecb d\u00e1n \u0111\u00e8, s\u1eeda \u0111\u1ed5i.<\/li>\n<li>Phi\u1ebfu b\u1ea3o h\u00e0nh kh\u00f4ng ghi r\u00f5 s\u1ed1 Serial ho\u1eb7c ng\u00e0y mua.<\/li>\n<li>S\u1ed1 Serial tr\u00ean s\u1ea3n ph\u1ea9m kh\u00f4ng kh\u1edbp v\u1edbi phi\u1ebfu b\u1ea3o h\u00e0nh.<\/li>\n<li>H\u1ecfng do t\u00e1c \u0111\u1ed9ng c\u01a1 h\u1ecdc, r\u01a1i v\u1ee1, va \u0111\u1eadp, tr\u1ea7y x\u01b0\u1edbc, m\u00f3p m\u00e9o, \u1ea9m \u01b0\u1edbt, g\u1ec9 s\u00e9t, ch\u00e1y n\u1ed5, thi\u00ean tai, ch\u1eadp \u0111i\u1ec7n.<\/li>\n<li>H\u01b0 h\u1ecfng do chu\u1ed9t b\u1ecd, c\u00f4n tr\u00f9ng.<\/li>\n<li>S\u1eed d\u1ee5ng sai h\u01b0\u1edbng d\u1eabn, sai \u0111i\u1ec7n \u00e1p quy \u0111\u1ecbnh.<\/li>\n<li>Ng\u01b0\u1eddi d\u00f9ng t\u1ef1 \u00fd th\u00e1o, s\u1eeda s\u1ea3n ph\u1ea9m tr\u01b0\u1edbc khi b\u1ea3o h\u00e0nh.<\/li>\n<\/ul>\n<p><strong>VI. D\u1ecbch v\u1ee5 sau b\u1ea3o h\u00e0nh<\/strong><\/p>\n<p data-start=\"2025\" data-end=\"2095\">S\u1ea3n ph\u1ea9m h\u1ebft h\u1ea1n ho\u1eb7c kh\u00f4ng \u0111\u1ee7 \u0111i\u1ec1u ki\u1ec7n b\u1ea3o h\u00e0nh s\u1ebd \u0111\u01b0\u1ee3c <strong data-start=\"2083\" data-end=\"2092\">XTech<\/strong>:<\/p>\n<ul data-start=\"2096\" data-end=\"2186\">\n<li data-start=\"2096\" data-end=\"2143\">S\u1eeda ch\u1eefa\/thay th\u1ebf linh ki\u1ec7n v\u1edbi gi\u00e1 \u01b0u \u0111\u00e3i.<\/li>\n<li data-start=\"2096\" data-end=\"2143\">H\u1ed7 tr\u1ee3 g\u1eedi b\u1ea3o h\u00e0nh t\u1ea1i h\u00e3ng s\u1ea3n xu\u1ea5t.<\/li>\n<\/ul>\n<p>VII. \u0110\u1ecba \u0111i\u1ec3m b\u1ea3o h\u00e0nh<\/p>\n<p><strong data-start=\"2222\" data-end=\"2254\">C\u00d4NG TY TNHH C\u00d4NG NGH\u1ec6 XTECH<\/strong><\/p>\n<ul>\n<li>\u0110\u1ecba ch\u1ec9: 402\/8 \u0110\u01b0\u1eddng B\u00f9i Th\u1ecb Xu\u00e2n, Ph\u01b0\u1eddng T\u00e2n \u0110\u00f4ng Hi\u1ec7p, Th\u00e0nh Ph\u1ed1 H\u1ed3 Ch\u00ed Minh, Vi\u1ec7t Nam<\/li>\n<li>\u0110i\u1ec7n tho\u1ea1i: 098 9875 048<\/li>\n<\/ul>\n<p><strong data-start=\"2353\" data-end=\"2373\">Th\u1eddi gian h\u1ed7 tr\u1ee3<\/strong>: 8h00 \u2013 17h00 (tr\u1eeb Ch\u1ee7 nh\u1eadt v\u00e0 ng\u00e0y l\u1ec5).<\/p>\n\t\t<\/div>\r\n\t\t\t\t\t<\/div>\r\n\r\n\t\n<\/div>\n\t\t<\/div>\r\n\r\n\t\t\n<style>\n#section_2047215108 {\n  padding-top: 30px;\n  padding-bottom: 30px;\n}\n<\/style>\n\t<\/section>\r\n\t\n","protected":false},"excerpt":{"rendered":"","protected":false},"author":1,"featured_media":0,"parent":0,"menu_order":0,"comment_status":"closed","ping_status":"closed","template":"","meta":{"footnotes":""},"class_list":["post-113","page","type-page","status-publish","hentry"],"_links":{"self":[{"href":"https:\/\/xtech-eng.com\/index.php?rest_route=\/wp\/v2\/pages\/113","targetHints":{"allow":["GET"]}}],"collection":[{"href":"https:\/\/xtech-eng.com\/index.php?rest_route=\/wp\/v2\/pages"}],"about":[{"href":"https:\/\/xtech-eng.com\/index.php?rest_route=\/wp\/v2\/types\/page"}],"author":[{"embeddable":true,"href":"https:\/\/xtech-eng.com\/index.php?rest_route=\/wp\/v2\/users\/1"}],"replies":[{"embeddable":true,"href":"https:\/\/xtech-eng.com\/index.php?rest_route=%2Fwp%2Fv2%2Fcomments&post=113"}],"version-history":[{"count":5,"href":"https:\/\/xtech-eng.com\/index.php?rest_route=\/wp\/v2\/pages\/113\/revisions"}],"predecessor-version":[{"id":321,"href":"https:\/\/xtech-eng.com\/index.php?rest_route=\/wp\/v2\/pages\/113\/revisions\/321"}],"wp:attachment":[{"href":"https:\/\/xtech-eng.com\/index.php?rest_route=%2Fwp%2Fv2%2Fmedia&parent=113"}],"curies":[{"name":"wp","href":"https:\/\/api.w.org\/{rel}","templated":true}]}}