{"id":117,"date":"2025-08-11T09:53:34","date_gmt":"2025-08-11T09:53:34","guid":{"rendered":"http:\/\/localhost:8888\/hason\/?page_id=117"},"modified":"2025-08-15T14:45:36","modified_gmt":"2025-08-15T14:45:36","slug":"chinh-sach-giai-quyet-tranh-chap","status":"publish","type":"page","link":"https:\/\/xtech-eng.com\/?page_id=117","title":{"rendered":"Ch\u00ednh s\u00e1ch gi\u1ea3i quy\u1ebft tranh ch\u1ea5p"},"content":{"rendered":"\r\n\t<section class=\"section\" id=\"section_1766221511\">\r\n\t\t<div class=\"section-bg fill\" >\r\n\t\t\t\t\t\t\t\t\t\r\n\t\t\t\r\n\r\n\t\t<\/div>\r\n\r\n\t\t\r\n\r\n\t\t<div class=\"section-content relative\">\r\n\t\t\t\n<div class=\"row\"  id=\"row-1245996426\">\n\r\n\t<div id=\"col-1300924683\" class=\"col small-12 large-12\"  >\r\n\t\t\t\t<div class=\"col-inner\"  >\r\n\t\t\t\r\n\t\t\t\n<p><strong>CH\u00cdNH S\u00c1CH GI\u1ea2I QUY\u1ebeT TRANH CH\u1ea4P &amp; KHI\u1ebeU N\u1ea0I<\/strong><\/p>\n<p><em>(\u00c1p d\u1ee5ng cho kh\u00e1ch h\u00e0ng c\u1ee7a C\u00f4ng ty TNHH K\u1ef9 Thu\u1eadt XTECH)<\/em><\/p>\n<p><strong>1. Ph\u1ea1m vi \u00e1p d\u1ee5ng<\/strong><\/p>\n<p data-start=\"324\" data-end=\"418\">C\u00f4ng ty TNHH K\u1ef9 Thu\u1eadt XTECH ti\u1ebfp nh\u1eadn v\u00e0 gi\u1ea3i quy\u1ebft m\u1ecdi tranh ch\u1ea5p, khi\u1ebfu n\u1ea1i li\u00ean quan \u0111\u1ebfn:<\/p>\n<ul data-start=\"419\" data-end=\"524\">\n<li data-start=\"419\" data-end=\"477\">C\u00e1c giao d\u1ecbch th\u1ef1c hi\u1ec7n tr\u00ean website: www.xtech-eng.com<\/li>\n<li data-start=\"419\" data-end=\"477\">C\u00e1c giao d\u1ecbch tr\u1ef1c ti\u1ebfp t\u1ea1i v\u0103n ph\u00f2ng XTECH.<\/li>\n<\/ul>\n<p>Nguy\u00ean t\u1eafc x\u1eed l\u00fd: <strong data-start=\"544\" data-end=\"609\">Th\u01b0\u01a1ng l\u01b0\u1ee3ng tr\u00ean tinh th\u1ea7n thi\u1ec7n ch\u00ed, h\u1ee3p t\u00e1c v\u00e0 c\u00f9ng c\u00f3 l\u1ee3i<\/strong>.<\/p>\n<p>N\u1ebfu hai b\u00ean kh\u00f4ng th\u1ec3 t\u1ef1 gi\u1ea3i quy\u1ebft, m\u1ed9t trong hai b\u00ean c\u00f3 quy\u1ec1n \u0111\u01b0a v\u1ee5 vi\u1ec7c ra <strong data-start=\"692\" data-end=\"726\">c\u01a1 quan nh\u00e0 n\u01b0\u1edbc c\u00f3 th\u1ea9m quy\u1ec1n<\/strong>. Trong tr\u01b0\u1eddng h\u1ee3p n\u00e0y, XTECH cam k\u1ebft tu\u00e2n th\u1ee7 \u0111\u1ea7y \u0111\u1ee7 m\u1ecdi y\u00eau c\u1ea7u\/quy\u1ebft \u0111\u1ecbnh h\u1ee3p ph\u00e1p t\u1eeb c\u01a1 quan ch\u1ee9c n\u0103ng.<\/p>\n<p><strong>2. Th\u00f4ng tin ti\u1ebfp nh\u1eadn khi\u1ebfu n\u1ea1i<\/strong><\/p>\n<p>Kh\u00e1ch h\u00e0ng vui l\u00f2ng g\u1eedi th\u00f4ng tin khi\u1ebfu n\u1ea1i qua:<\/p>\n<div><strong>C\u00d4NG TY TNHH C\u00d4NG NGH\u1ec6 XTECH<\/strong><\/div>\n<ul>\n<li><strong data-start=\"1762\" data-end=\"1773\">\u0110\u1ecba ch\u1ec9<\/strong>: 402\/8 \u0110\u01b0\u1eddng B\u00f9i Th\u1ecb Xu\u00e2n, Ph\u01b0\u1eddng T\u00e2n \u0110\u00f4ng Hi\u1ec7p, Th\u00e0nh Ph\u1ed1 H\u1ed3 Ch\u00ed Minh, Vi\u1ec7t Nam<\/li>\n<li><strong>\u0110i\u1ec7n tho\u1ea1i:<\/strong> 098 9875 048<\/li>\n<li><strong data-start=\"1853\" data-end=\"1862\">Email<\/strong>: sales@xtech-eng.com<\/li>\n<\/ul>\n<p><strong>3. Quy tr\u00ecnh gi\u1ea3i quy\u1ebft khi\u1ebfu n\u1ea1i<\/strong><\/p>\n<p><em>B\u01b0\u1edbc 1:<\/em><\/p>\n<p data-start=\"1256\" data-end=\"1329\">B\u1ed9 ph\u1eadn Ph\u1ee5 Tr\u00e1ch ti\u1ebfp nh\u1eadn khi\u1ebfu n\u1ea1i\/y\u00eau c\u1ea7u h\u1ed7 tr\u1ee3 qua:<\/p>\n<ul data-start=\"1330\" data-end=\"1393\">\n<li><strong>\u0110i\u1ec7n tho\u1ea1i:<\/strong> 098 9875 048<\/li>\n<li><strong data-start=\"1853\" data-end=\"1862\">Email<\/strong>: sales@xtech-eng.com<\/li>\n<li data-start=\"1330\" data-end=\"1344\">Ho\u1eb7c tr\u1ef1c ti\u1ebfp t\u1ea1i v\u0103n ph\u00f2ng XTECH<\/li>\n<\/ul>\n<p data-start=\"1395\" data-end=\"1515\">D\u1ef1a tr\u00ean th\u00f4ng tin t\u1eeb kh\u00e1ch h\u00e0ng, c\u00e1c b\u1ed9 ph\u1eadn li\u00ean quan s\u1ebd x\u1eed l\u00fd nhanh ch\u00f3ng v\u00e0 ph\u1ea3n h\u1ed3i theo c\u00e1c ch\u00ednh s\u00e1ch \u0111\u00e3 c\u00f4ng b\u1ed1.<\/p>\n<p data-start=\"1395\" data-end=\"1515\"><em>B\u01b0\u1edbc 2:<\/em><\/p>\n<p data-start=\"1517\" data-end=\"1651\">Tr\u01b0\u1eddng h\u1ee3p ph\u1ee9c t\u1ea1p ho\u1eb7c ch\u01b0a \u0111\u01b0\u1ee3c quy \u0111\u1ecbnh trong ch\u00ednh s\u00e1ch, XTECH s\u1ebd <strong data-start=\"1602\" data-end=\"1650\">cam k\u1ebft ph\u1ea3n h\u1ed3i trong v\u00f2ng 05 ng\u00e0y l\u00e0m vi\u1ec7c<\/strong>.<\/p>\n<p data-start=\"1517\" data-end=\"1651\"><em>B\u01b0\u1edbc 3:<\/em><\/p>\n<p data-start=\"1517\" data-end=\"1651\">Chuy\u1ec3n k\u1ebft qu\u1ea3 gi\u1ea3i quy\u1ebft \u0111\u1ebfn c\u00e1c b\u1ed9 ph\u1eadn li\u00ean quan \u0111\u1ec3 th\u1ef1c hi\u1ec7n v\u00e0 <strong data-start=\"1735\" data-end=\"1800\">x\u00e1c nh\u1eadn v\u1edbi kh\u00e1ch h\u00e0ng trong v\u00f2ng 05 ng\u00e0y l\u00e0m vi\u1ec7c ti\u1ebfp theo<\/strong>.<\/p>\n<p><strong>4. Quy \u0111\u1ecbnh kh\u00e1c<\/strong><\/p>\n<ul>\n<li data-start=\"1828\" data-end=\"1926\">\n<p data-start=\"1830\" data-end=\"1926\">Kh\u00e1ch h\u00e0ng c\u1ea7n cung c\u1ea5p <strong data-start=\"1854\" data-end=\"1899\">th\u00f4ng tin \u0111\u1ea7y \u0111\u1ee7, ch\u00ednh x\u00e1c v\u00e0 trung th\u1ef1c<\/strong> li\u00ean quan \u0111\u1ebfn khi\u1ebfu n\u1ea1i.<\/p>\n<\/li>\n<li data-start=\"1828\" data-end=\"1926\">XTECH t\u1eeb ch\u1ed1i gi\u1ea3i quy\u1ebft c\u00e1c tr\u01b0\u1eddng h\u1ee3p c\u00f3 d\u1ea5u hi\u1ec7u gian l\u1eadn, \u0111\u1ed3ng th\u1eddi c\u00f3 quy\u1ec1n chuy\u1ec3n v\u1ee5 vi\u1ec7c \u0111\u1ebfn c\u01a1 quan ch\u1ee9c n\u0103ng theo quy \u0111\u1ecbnh ph\u00e1p lu\u1eadt.<\/li>\n<li data-start=\"1828\" data-end=\"1926\">C\u1ea3 hai b\u00ean c\u1ea7n h\u1ee3p t\u00e1c t\u00edch c\u1ef1c, cung c\u1ea5p h\u1ed3 s\u01a1 v\u00e0 t\u00e0i li\u1ec7u li\u00ean quan \u0111\u1ec3 \u0111\u1ea3m b\u1ea3o quy\u1ec1n v\u00e0 l\u1ee3i \u00edch h\u1ee3p ph\u00e1p.<\/li>\n<li data-start=\"1828\" data-end=\"1926\">N\u1ebfu kh\u00e1ch h\u00e0ng kh\u00f4ng \u0111\u1ed3ng \u00fd v\u1edbi k\u1ebft qu\u1ea3 gi\u1ea3i quy\u1ebft c\u1ee7a XTECH, c\u00f3 quy\u1ec1n khi\u1ebfu n\u1ea1i \u0111\u1ebfn <strong data-start=\"2273\" data-end=\"2307\">c\u01a1 quan nh\u00e0 n\u01b0\u1edbc c\u00f3 th\u1ea9m quy\u1ec1n<\/strong>.<\/li>\n<\/ul>\n<p><span style=\"font-size: 14.4px;\">\t\t<\/div>\r\n\t\t\t\t\t<\/div>\r\n\r\n\t<\/span><\/p>\n<\/div>\n\t\t<\/div>\r\n\r\n\t\t\n<style>\n#section_1766221511 {\n  padding-top: 30px;\n  padding-bottom: 30px;\n}\n<\/style>\n\t<\/section>\r\n\t\n","protected":false},"excerpt":{"rendered":"","protected":false},"author":1,"featured_media":0,"parent":0,"menu_order":0,"comment_status":"closed","ping_status":"closed","template":"","meta":{"footnotes":""},"class_list":["post-117","page","type-page","status-publish","hentry"],"_links":{"self":[{"href":"https:\/\/xtech-eng.com\/index.php?rest_route=\/wp\/v2\/pages\/117","targetHints":{"allow":["GET"]}}],"collection":[{"href":"https:\/\/xtech-eng.com\/index.php?rest_route=\/wp\/v2\/pages"}],"about":[{"href":"https:\/\/xtech-eng.com\/index.php?rest_route=\/wp\/v2\/types\/page"}],"author":[{"embeddable":true,"href":"https:\/\/xtech-eng.com\/index.php?rest_route=\/wp\/v2\/users\/1"}],"replies":[{"embeddable":true,"href":"https:\/\/xtech-eng.com\/index.php?rest_route=%2Fwp%2Fv2%2Fcomments&post=117"}],"version-history":[{"count":4,"href":"https:\/\/xtech-eng.com\/index.php?rest_route=\/wp\/v2\/pages\/117\/revisions"}],"predecessor-version":[{"id":327,"href":"https:\/\/xtech-eng.com\/index.php?rest_route=\/wp\/v2\/pages\/117\/revisions\/327"}],"wp:attachment":[{"href":"https:\/\/xtech-eng.com\/index.php?rest_route=%2Fwp%2Fv2%2Fmedia&parent=117"}],"curies":[{"name":"wp","href":"https:\/\/api.w.org\/{rel}","templated":true}]}}