{"id":119,"date":"2025-08-10T14:29:34","date_gmt":"2025-08-10T14:29:34","guid":{"rendered":"http:\/\/localhost:8888\/hason\/?page_id=119"},"modified":"2025-08-15T14:50:08","modified_gmt":"2025-08-15T14:50:08","slug":"chinh-sach-thanh-toan","status":"publish","type":"page","link":"https:\/\/xtech-eng.com\/?page_id=119","title":{"rendered":"Ch\u00ednh s\u00e1ch thanh to\u00e1n"},"content":{"rendered":"\r\n\t<section class=\"section\" id=\"section_292874089\">\r\n\t\t<div class=\"section-bg fill\" >\r\n\t\t\t\t\t\t\t\t\t\r\n\t\t\t\r\n\r\n\t\t<\/div>\r\n\r\n\t\t\r\n\r\n\t\t<div class=\"section-content relative\">\r\n\t\t\t\n<div class=\"row\"  id=\"row-1843420749\">\n\r\n\t<div id=\"col-931173917\" class=\"col small-12 large-12\"  >\r\n\t\t\t\t<div class=\"col-inner\"  >\r\n\t\t\t\r\n\t\t\t\n<h1 data-start=\"189\" data-end=\"219\"><strong data-start=\"191\" data-end=\"217\">PH\u01af\u01a0NG TH\u1ee8C THANH TO\u00c1N<\/strong><\/h1>\n<p><em>(\u00c1p d\u1ee5ng cho kh\u00e1ch h\u00e0ng c\u1ee7a C\u00f4ng ty TNHH K\u1ef9 Thu\u1eadt XTECH)<\/em><\/p>\n<p><strong><u>Ph\u01b0\u01a1ng th\u1ee9c thanh to\u00e1n:<\/u><\/strong><\/p>\n<p data-start=\"280\" data-end=\"436\">Nh\u1eb1m t\u1ea1o \u0111i\u1ec1u ki\u1ec7n thu\u1eadn l\u1ee3i nh\u1ea5t cho kh\u00e1ch h\u00e0ng, XTECH cung c\u1ea5p nhi\u1ec1u h\u00ecnh th\u1ee9c thanh to\u00e1n linh ho\u1ea1t, ph\u00f9 h\u1ee3p v\u1edbi nhu c\u1ea7u v\u00e0 \u0111i\u1ec1u ki\u1ec7n c\u1ee7a t\u1eebng kh\u00e1ch h\u00e0ng.<\/p>\n<p><strong>Thanh to\u00e1n qua ng\u00e2n h\u00e0ng<\/strong><\/p>\n<p data-start=\"474\" data-end=\"556\">Kh\u00e1ch h\u00e0ng c\u00f3 th\u1ec3 chuy\u1ec3n kho\u1ea3n tr\u1ef1c ti\u1ebfp v\u00e0o t\u00e0i kho\u1ea3n c\u00f4ng ty theo th\u00f4ng tin sau:<\/p>\n<p><em><strong>\u00a0<\/strong><u><strong>Ng\u00e2n h\u00e0ng Th\u01b0\u01a1ng m\u1ea1i c\u1ed5 ph\u1ea7n ACB<\/strong><\/u><\/em><\/p>\n<p><strong>S\u1ed1 t\u00e0i kho\u1ea3n (VND)<\/strong>: \u00a0 \u00a0 \u00a0<a class=\"text-is-phone-number\" data-z-element-type=\"phone-number\">348682898<\/a><\/p>\n<p><strong>Ch\u1ee7 t\u00e0i kho\u1ea3n \u00a0 \u00a0 \u00a0 \u00a0\u00a0<\/strong>: \u00a0 \u00a0 C\u00d4NG TY TNHH K\u1ef8 THU\u1eacT XTECH<\/p>\n\t\t<\/div>\r\n\t\t\t\t\t<\/div>\r\n\r\n\t\n<\/div>\n\t\t<\/div>\r\n\r\n\t\t\n<style>\n#section_292874089 {\n  padding-top: 30px;\n  padding-bottom: 30px;\n}\n<\/style>\n\t<\/section>\r\n\t\n","protected":false},"excerpt":{"rendered":"","protected":false},"author":1,"featured_media":0,"parent":0,"menu_order":0,"comment_status":"closed","ping_status":"closed","template":"","meta":{"footnotes":""},"class_list":["post-119","page","type-page","status-publish","hentry"],"_links":{"self":[{"href":"https:\/\/xtech-eng.com\/index.php?rest_route=\/wp\/v2\/pages\/119","targetHints":{"allow":["GET"]}}],"collection":[{"href":"https:\/\/xtech-eng.com\/index.php?rest_route=\/wp\/v2\/pages"}],"about":[{"href":"https:\/\/xtech-eng.com\/index.php?rest_route=\/wp\/v2\/types\/page"}],"author":[{"embeddable":true,"href":"https:\/\/xtech-eng.com\/index.php?rest_route=\/wp\/v2\/users\/1"}],"replies":[{"embeddable":true,"href":"https:\/\/xtech-eng.com\/index.php?rest_route=%2Fwp%2Fv2%2Fcomments&post=119"}],"version-history":[{"count":6,"href":"https:\/\/xtech-eng.com\/index.php?rest_route=\/wp\/v2\/pages\/119\/revisions"}],"predecessor-version":[{"id":329,"href":"https:\/\/xtech-eng.com\/index.php?rest_route=\/wp\/v2\/pages\/119\/revisions\/329"}],"wp:attachment":[{"href":"https:\/\/xtech-eng.com\/index.php?rest_route=%2Fwp%2Fv2%2Fmedia&parent=119"}],"curies":[{"name":"wp","href":"https:\/\/api.w.org\/{rel}","templated":true}]}}