{"id":14,"date":"2025-06-15T09:49:53","date_gmt":"2025-06-15T09:49:53","guid":{"rendered":"http:\/\/localhost:8888\/info262\/?page_id=14"},"modified":"2025-09-30T03:43:12","modified_gmt":"2025-09-30T03:43:12","slug":"gioi-thieu","status":"publish","type":"page","link":"https:\/\/xtech-eng.com\/?page_id=14","title":{"rendered":"Gi\u1edbi thi\u1ec7u"},"content":{"rendered":"\r\n\t<section class=\"section\" id=\"section_821293400\">\r\n\t\t<div class=\"section-bg fill\" >\r\n\t\t\t\t\t\t\t\t\t\r\n\t\t\t\r\n\r\n\t\t<\/div>\r\n\r\n\t\t\r\n\r\n\t\t<div class=\"section-content relative\">\r\n\t\t\t\n<div class=\"row\"  id=\"row-316944073\">\n\r\n\t<div id=\"col-889147632\" class=\"col small-12 large-12\"  >\r\n\t\t\t\t<div class=\"col-inner\"  >\r\n\t\t\t\r\n\t\t\t\n<h1 data-start=\"225\" data-end=\"264\"><strong data-start=\"227\" data-end=\"262\">GI\u1edaI THI\u1ec6U V\u1ec0 XTECH ENGINEERING<\/strong><\/h1>\n<p data-start=\"265\" data-end=\"341\"><strong data-start=\"265\" data-end=\"341\">K\u1ebft n\u1ed1i Nh\u1eadt B\u1ea3n v\u00e0 Vi\u1ec7t Nam \u2013 Gi\u1ea3i ph\u00e1p k\u1ef9 thu\u1eadt &amp; th\u01b0\u01a1ng m\u1ea1i to\u00e0n di\u1ec7n<\/strong><\/p>\n<p data-start=\"343\" data-end=\"679\">\u0110\u01b0\u1ee3c th\u00e0nh l\u1eadp ng\u00e0y <strong data-start=\"363\" data-end=\"377\">01\/04\/2024<\/strong>, <strong data-start=\"379\" data-end=\"413\">C\u00f4ng ty TNHH XTECH ENGINEERING<\/strong> l\u00e0 \u0111\u1ed1i t\u00e1c tin c\u1eady c\u1ee7a c\u00e1c doanh nghi\u1ec7p Nh\u1eadt B\u1ea3n v\u00e0 qu\u1ed1c t\u1ebf t\u1ea1i Vi\u1ec7t Nam. Ch\u00fang t\u00f4i chuy\u00ean cung c\u1ea5p <strong data-start=\"514\" data-end=\"640\">gi\u1ea3i ph\u00e1p gia c\u00f4ng \u2013 s\u1ea3n xu\u1ea5t theo y\u00eau c\u1ea7u (OEM\/ODM), d\u1ecbch v\u1ee5 thu\u00ea ngo\u00e0i nh\u00e2n s\u1ef1 k\u1ef9 thu\u1eadt (CAD Operator, Work Outsourcing)<\/strong> v\u00e0 <strong data-start=\"644\" data-end=\"676\">h\u1ed7 tr\u1ee3 ph\u00e1t tri\u1ec3n kinh doanh<\/strong>.<\/p>\n<p data-start=\"681\" data-end=\"902\">V\u1edbi t\u00f4n ch\u1ec9 <strong data-start=\"693\" data-end=\"713\">\u201cLISTEN TO CARE\u201d<\/strong>, XTECH lu\u00f4n l\u1eafng nghe v\u00e0 th\u1ea5u hi\u1ec3u nhu c\u1ea7u c\u1ee7a kh\u00e1ch h\u00e0ng, t\u1eeb \u0111\u00f3 k\u1ebft n\u1ed1i v\u1edbi c\u00e1c \u0111\u1ed1i t\u00e1c ph\u00f9 h\u1ee3p, mang l\u1ea1i gi\u1ea3i ph\u00e1p t\u1ed1i \u01b0u t\u1eeb <strong data-start=\"841\" data-end=\"899\">kh\u00e2u t\u01b0 v\u1ea5n ban \u0111\u1ea7u \u2013 tri\u1ec3n khai \u2013 gi\u00e1m s\u00e1t \u2013 b\u00e0n giao<\/strong>.<\/p>\n<h2 data-start=\"909\" data-end=\"936\"><strong data-start=\"912\" data-end=\"934\">S\u1ee9 m\u1ec7nh &amp; T\u1ea7m nh\u00ecn<\/strong><\/h2>\n<p data-start=\"937\" data-end=\"1186\">T\u1eadn d\u1ee5ng m\u1ea1ng l\u01b0\u1edbi chuy\u00ean gia v\u00e0 nh\u00e0 cung c\u1ea5p uy t\u00edn t\u1ea1i Vi\u1ec7t Nam, XTECH cam k\u1ebft mang \u0111\u1ebfn <strong data-start=\"1027\" data-end=\"1115\">d\u1ecbch v\u1ee5 ch\u1ea5t l\u01b0\u1ee3ng cao, gi\u1ea3i ph\u00e1p t\u1ed1i \u01b0u, k\u1ebft n\u1ed1i hi\u1ec7u qu\u1ea3 gi\u1eefa Nh\u1eadt B\u1ea3n v\u00e0 Vi\u1ec7t Nam<\/strong>, g\u00f3p ph\u1ea7n n\u00e2ng cao n\u0103ng l\u1ef1c s\u1ea3n xu\u1ea5t v\u00e0 t\u1ed1i \u01b0u chi ph\u00ed cho kh\u00e1ch h\u00e0ng.<\/p>\n<h2 data-start=\"1193\" data-end=\"1226\"><strong data-start=\"1196\" data-end=\"1224\">L\u0129nh v\u1ef1c ho\u1ea1t \u0111\u1ed9ng ch\u00ednh<\/strong><\/h2>\n<ul data-start=\"1227\" data-end=\"1633\">\n<li data-start=\"1227\" data-end=\"1301\">\n<p data-start=\"1229\" data-end=\"1301\"><strong data-start=\"1229\" data-end=\"1299\">Gia c\u00f4ng &amp; s\u1ea3n xu\u1ea5t theo y\u00eau c\u1ea7u (Fabrication Outsourcing OEM\/ODM)<\/strong><\/p>\n<\/li>\n<li data-start=\"1302\" data-end=\"1371\">\n<p data-start=\"1304\" data-end=\"1371\"><strong data-start=\"1304\" data-end=\"1369\">Thu\u00ea ngo\u00e0i nh\u00e2n s\u1ef1 k\u1ef9 thu\u1eadt \u2013 CAD Operator &amp; Work Outsourcing<\/strong><\/p>\n<\/li>\n<li data-start=\"1372\" data-end=\"1493\">\n<p data-start=\"1374\" data-end=\"1493\"><strong data-start=\"1374\" data-end=\"1433\">K\u1ebft n\u1ed1i \u0111\u1ed1i t\u00e1c k\u1ef9 thu\u1eadt (Engineering Partner Matching)<\/strong>: Nh\u00e0 m\u00e1y \u0111i\u1ec7n m\u1eb7t tr\u1eddi, h\u1ec7 th\u1ed1ng x\u1eed l\u00fd n\u01b0\u1edbc, h\u1ec7 th\u1ed1ng FA\u2026<\/p>\n<\/li>\n<li data-start=\"1494\" data-end=\"1633\">\n<p data-start=\"1496\" data-end=\"1633\"><strong data-start=\"1496\" data-end=\"1550\">H\u1ed7 tr\u1ee3 doanh nghi\u1ec7p (Business Process Outsourcing)<\/strong>: L\u00ean k\u1ebf ho\u1ea1ch &amp; h\u1ed7 tr\u1ee3 chuy\u1ebfn c\u00f4ng t\u00e1c, d\u1ecbch thu\u1eadt, t\u1ed5 ch\u1ee9c h\u1ed9i th\u1ea3o, tri\u1ec3n l\u00e3m\u2026<\/p>\n<\/li>\n<\/ul>\n<h2 data-start=\"1640\" data-end=\"1667\"><strong data-start=\"1643\" data-end=\"1665\">L\u1ee3i th\u1ebf c\u1ea1nh tranh<\/strong><\/h2>\n<ul data-start=\"1668\" data-end=\"1971\">\n<li data-start=\"1668\" data-end=\"1761\">\n<p data-start=\"1670\" data-end=\"1761\"><strong data-start=\"1670\" data-end=\"1715\">M\u1ea1ng l\u01b0\u1edbi nh\u00e0 cung c\u1ea5p r\u1ed9ng kh\u1eafp Vi\u1ec7t Nam<\/strong> \u2013 \u0111\u1ea3m b\u1ea3o ch\u1ea5t l\u01b0\u1ee3ng, gi\u00e1 th\u00e0nh c\u1ea1nh tranh.<\/p>\n<\/li>\n<li data-start=\"1762\" data-end=\"1869\">\n<p data-start=\"1764\" data-end=\"1869\"><strong data-start=\"1764\" data-end=\"1820\">Kinh nghi\u1ec7m k\u1ebft n\u1ed1i doanh nghi\u1ec7p Nh\u1eadt B\u1ea3n \u2013 Vi\u1ec7t Nam<\/strong> v\u1edbi s\u1ef1 am hi\u1ec3u v\u0103n h\u00f3a kinh doanh song ph\u01b0\u01a1ng.<\/p>\n<\/li>\n<li data-start=\"1870\" data-end=\"1971\">\n<p data-start=\"1872\" data-end=\"1971\"><strong data-start=\"1872\" data-end=\"1892\">D\u1ecbch v\u1ee5 tr\u1ecdn g\u00f3i<\/strong> t\u1eeb t\u00ecm ki\u1ebfm nh\u00e0 cung c\u1ea5p, qu\u1ea3n l\u00fd ch\u1ea5t l\u01b0\u1ee3ng, \u0111\u1ebfn h\u1ed7 tr\u1ee3 h\u1eadu c\u1ea7n v\u00e0 ph\u00e1p l\u00fd.<\/p>\n<\/li>\n<\/ul>\n<h2 data-start=\"1978\" data-end=\"2004\"><strong data-start=\"1981\" data-end=\"2002\">Th\u00f4ng tin li\u00ean h\u1ec7<\/strong><\/h2>\n<p>\ud83d\udccd <strong data-start=\"2008\" data-end=\"2021\">V\u0103n ph\u00f2ng<\/strong>: 402\/8 B\u00f9i Th\u1ecb Xu\u00e2n, P. T\u00e2n \u0110\u00f4ng Hi\u1ec7p, TP. D\u0129 An, B\u00ecnh D\u01b0\u01a1ng, Vi\u1ec7t Nam<br data-start=\"2092\" data-end=\"2095\" \/>\ud83d\udce7 <strong data-start=\"2098\" data-end=\"2107\">Email<\/strong>: <a class=\"\" href=\"mailto:sales@xtech-eng.com\" rel=\"noopener\" data-start=\"2109\" data-end=\"2128\">sales@xtech-eng.com<\/a><br data-start=\"2128\" data-end=\"2131\" \/>\ud83d\udcde <strong data-start=\"2134\" data-end=\"2148\">\u0110i\u1ec7n tho\u1ea1i<\/strong>: (+84) 98 9875 048<br data-start=\"2167\" data-end=\"2170\" \/>\ud83c\udf10 <strong data-start=\"2173\" data-end=\"2184\">Website<\/strong>: <a class=\"\" href=\"http:\/\/www.xtech-eng.com\/\" target=\"_new\" rel=\"noopener\" data-start=\"2186\" data-end=\"2203\">www.xtech-eng.com<\/a><\/p>\n\t\t<\/div>\r\n\t\t\t\t\t<\/div>\r\n\r\n\t\n<\/div>\n\t\t<\/div>\r\n\r\n\t\t\n<style>\n#section_821293400 {\n  padding-top: 30px;\n  padding-bottom: 30px;\n}\n<\/style>\n\t<\/section>\r\n\t\n","protected":false},"excerpt":{"rendered":"","protected":false},"author":1,"featured_media":0,"parent":0,"menu_order":0,"comment_status":"closed","ping_status":"closed","template":"","meta":{"footnotes":""},"class_list":["post-14","page","type-page","status-publish","hentry"],"_links":{"self":[{"href":"https:\/\/xtech-eng.com\/index.php?rest_route=\/wp\/v2\/pages\/14","targetHints":{"allow":["GET"]}}],"collection":[{"href":"https:\/\/xtech-eng.com\/index.php?rest_route=\/wp\/v2\/pages"}],"about":[{"href":"https:\/\/xtech-eng.com\/index.php?rest_route=\/wp\/v2\/types\/page"}],"author":[{"embeddable":true,"href":"https:\/\/xtech-eng.com\/index.php?rest_route=\/wp\/v2\/users\/1"}],"replies":[{"embeddable":true,"href":"https:\/\/xtech-eng.com\/index.php?rest_route=%2Fwp%2Fv2%2Fcomments&post=14"}],"version-history":[{"count":4,"href":"https:\/\/xtech-eng.com\/index.php?rest_route=\/wp\/v2\/pages\/14\/revisions"}],"predecessor-version":[{"id":333,"href":"https:\/\/xtech-eng.com\/index.php?rest_route=\/wp\/v2\/pages\/14\/revisions\/333"}],"wp:attachment":[{"href":"https:\/\/xtech-eng.com\/index.php?rest_route=%2Fwp%2Fv2%2Fmedia&parent=14"}],"curies":[{"name":"wp","href":"https:\/\/api.w.org\/{rel}","templated":true}]}}