{"id":272,"date":"2025-08-12T03:18:27","date_gmt":"2025-08-12T03:18:27","guid":{"rendered":"http:\/\/localhost:8888\/hason\/?page_id=272"},"modified":"2025-08-15T14:58:46","modified_gmt":"2025-08-15T14:58:46","slug":"chinh-sach-van-chuyen","status":"publish","type":"page","link":"https:\/\/xtech-eng.com\/?page_id=272","title":{"rendered":"Ch\u00ednh s\u00e1ch v\u1eadn chuy\u1ec3n"},"content":{"rendered":"\r\n\t<section class=\"section\" id=\"section_1987606034\">\r\n\t\t<div class=\"section-bg fill\" >\r\n\t\t\t\t\t\t\t\t\t\r\n\t\t\t\r\n\r\n\t\t<\/div>\r\n\r\n\t\t\r\n\r\n\t\t<div class=\"section-content relative\">\r\n\t\t\t\n<div class=\"row\"  id=\"row-618030992\">\n\r\n\t<div id=\"col-1413212181\" class=\"col small-12 large-12\"  >\r\n\t\t\t\t<div class=\"col-inner\"  >\r\n\t\t\t\r\n\t\t\t\n<h1 class=\"wp-block-heading\"><strong>CH\u00cdNH S\u00c1CH V\u1eacN CHUY\u1ec2N<\/strong><\/h1>\n<p data-start=\"190\" data-end=\"248\"><em>(\u00c1p d\u1ee5ng cho kh\u00e1ch h\u00e0ng c\u1ee7a C\u00f4ng ty TNHH K\u1ef9 Thu\u1eadt XTECH)<\/em><\/p>\n<p data-start=\"190\" data-end=\"248\"><strong>I. M\u1ee5c \u0111\u00edch<\/strong><\/p>\n<p>Nh\u1eb1m mang l\u1ea1i tr\u1ea3i nghi\u1ec7m mua s\u1eafm t\u1ed1t nh\u1ea5t, XTECH \u00e1p d\u1ee5ng <strong data-start=\"323\" data-end=\"367\">ch\u00ednh s\u00e1ch v\u1eadn chuy\u1ec3n mi\u1ec5n ph\u00ed to\u00e0n qu\u1ed1c<\/strong> cho kh\u00e1ch h\u00e0ng \u0111\u00e1p \u1ee9ng \u0111i\u1ec1u ki\u1ec7n quy \u0111\u1ecbnh.<\/p>\n<p><strong>II. Ph\u1ea1m vi \u00e1p d\u1ee5ng<\/strong><\/p>\n<ul>\n<li><strong data-start=\"442\" data-end=\"456\">\u0110\u1ed1i t\u01b0\u1ee3ng:<\/strong> Kh\u00e1ch h\u00e0ng mua s\u1ea3n ph\u1ea9m t\u1ea1i XTECH c\u00f3 gi\u00e1 tr\u1ecb \u0111\u01a1n h\u00e0ng t\u1eeb <strong data-start=\"514\" data-end=\"529\">500.000 VN\u0110<\/strong> tr\u1edf l\u00ean v\u00e0 tr\u1ecdng l\u01b0\u1ee3ng h\u00e0ng <strong data-start=\"558\" data-end=\"570\">d\u01b0\u1edbi 2kg<\/strong>.<\/li>\n<li><strong data-start=\"576\" data-end=\"588\">Khu v\u1ef1c:<\/strong> To\u00e0n qu\u1ed1c<\/li>\n<li><strong data-start=\"603\" data-end=\"625\">Th\u1eddi gian \u00e1p d\u1ee5ng:<\/strong> T\u1eeb ng\u00e0y 01\/01\/2020<\/li>\n<\/ul>\n<p><strong>III. N\u1ed9i dung ch\u00ednh s\u00e1ch<\/strong><\/p>\n<p><strong>1. V\u1eadn chuy\u1ec3n mi\u1ec5n ph\u00ed<\/strong><\/p>\n<ul>\n<li>\u00c1p d\u1ee5ng cho t\u1ea5t c\u1ea3 s\u1ea3n ph\u1ea9m kh\u00e1ch h\u00e0ng mua t\u1ea1i XTECH, \u0111\u00e1p \u1ee9ng \u0111i\u1ec1u ki\u1ec7n tr\u00ean.<\/li>\n<li>Kh\u00e1ch h\u00e0ng c\u1ea7n <strong data-start=\"808\" data-end=\"844\">thanh to\u00e1n 100% gi\u00e1 tr\u1ecb \u0111\u01a1n h\u00e0ng<\/strong> tr\u01b0\u1edbc khi v\u1eadn chuy\u1ec3n.<\/li>\n<\/ul>\n<p><strong>2. Th\u1eddi gian giao h\u00e0ng (t\u00ednh t\u1eeb tr\u1ee5 s\u1edf XTECH)<\/strong><\/p>\n<ul>\n<li>\u2264 20 km: <strong data-start=\"929\" data-end=\"945\">Trong 24 gi\u1edd<\/strong><\/li>\n<li>\u2264 50 km: <strong data-start=\"959\" data-end=\"973\">2 \u2013 3 ng\u00e0y<\/strong><\/li>\n<li>\u2264 100 km: <strong data-start=\"988\" data-end=\"1002\">3 \u2013 5 ng\u00e0y<\/strong><\/li>\n<li>200 km: <strong data-start=\"1046\" data-end=\"1061\">7 \u2013 10 ng\u00e0y<\/strong><\/li>\n<\/ul>\n<p>B\u1ed9 ph\u1eadn giao nh\u1eadn s\u1ebd li\u00ean h\u1ec7 tr\u01b0\u1edbc \u0111\u1ec3 x\u00e1c nh\u1eadn th\u1eddi gian v\u00e0 \u0111\u1ecba \u0111i\u1ec3m giao h\u00e0ng.<\/p>\n<p><strong>3. \u0110i\u1ec1u ki\u1ec7n &amp; l\u01b0u \u00fd<\/strong><\/p>\n<ul>\n<li>Ch\u1ec9 \u00e1p d\u1ee5ng cho s\u1ea3n ph\u1ea9m mua t\u1ea1i website: xtech-eng.com<\/li>\n<li data-start=\"1276\" data-end=\"1425\">\n<p data-start=\"1278\" data-end=\"1425\">XTECH giao h\u00e0ng cho \u0111\u00fang ng\u01b0\u1eddi nh\u1eadn \u0111\u00e3 \u0111\u0103ng k\u00fd. N\u1ebfu thay \u0111\u1ed5i ng\u01b0\u1eddi nh\u1eadn kh\u00f4ng r\u00f5 r\u00e0ng, XTECH c\u00f3 quy\u1ec1n t\u1eeb ch\u1ed1i giao v\u00e0 y\u00eau c\u1ea7u nh\u1eadn t\u1ea1i v\u0103n ph\u00f2ng.<\/p>\n<\/li>\n<li>V\u1edbi \u0111\u01a1n h\u00e0ng mi\u1ec5n ph\u00ed v\u1eadn chuy\u1ec3n tr\u00ean 100 km, kh\u00e1ch h\u00e0ng c\u1ea7n cung c\u1ea5p <strong data-start=\"1498\" data-end=\"1527\">CMND\/CCCD ho\u1eb7c s\u1ed5 h\u1ed9 kh\u1ea9u<\/strong> v\u00e0 s\u1ed1 \u0111i\u1ec7n tho\u1ea1i b\u00e0n \u0111\u1ec3 x\u00e1c nh\u1eadn.<\/li>\n<li>XTECH c\u00f3 quy\u1ec1n t\u1eeb ch\u1ed1i giao h\u00e0ng t\u1edbi \u0111\u1ecba ch\u1ec9 kh\u00f4ng r\u00f5 r\u00e0ng, khu v\u1ef1c nguy hi\u1ec3m, kh\u00f3 ti\u1ebfp c\u1eadn.<\/li>\n<li>Trong tr\u01b0\u1eddng h\u1ee3p b\u1ea5t kh\u1ea3 kh\u00e1ng (thi\u00ean tai, c\u1ea5m \u0111\u01b0\u1eddng\u2026), th\u1eddi gian giao h\u00e0ng c\u00f3 th\u1ec3 thay \u0111\u1ed5i.<\/li>\n<li>N\u1ebfu kh\u00e1ch y\u00eau c\u1ea7u tr\u1ea3 h\u00e0ng sau khi XTECH \u0111\u00e3 giao \u0111\u1ebfn \u0111\u1ecba \u0111i\u1ec3m, kh\u00e1ch ch\u1ecbu ph\u00ed v\u1eadn chuy\u1ec3n theo bi\u1ec3u gi\u00e1.<\/li>\n<li>S\u1ea3n ph\u1ea9m c\u1ed3ng k\u1ec1nh, n\u1eb7ng, khi giao l\u00ean t\u1ea7ng kh\u00f4ng c\u00f3 thang m\u00e1y, kh\u00e1ch h\u00e0ng c\u1ea7n h\u1ed7 tr\u1ee3 v\u1eadn chuy\u1ec3n.<\/li>\n<li>Ph\u00ed c\u1ea7u \u0111\u01b0\u1eddng, ph\u00ed v\u00e0o th\u00f4n\/x\u00e3 ho\u1eb7c ph\u00ed \u0111\u1ed7 xe t\u1ea1i chung c\u01b0 do kh\u00e1ch h\u00e0ng thanh to\u00e1n.<\/li>\n<li>Ph\u01b0\u01a1ng ti\u1ec7n v\u1eadn chuy\u1ec3n do XTECH quy\u1ebft \u0111\u1ecbnh.<\/li>\n<li>Trong c\u00e1c d\u1ecbp l\u1ec5, t\u1ebft, th\u1eddi gian giao h\u00e0ng c\u00f3 th\u1ec3 thay \u0111\u1ed5i theo quy \u0111\u1ecbnh giao th\u00f4ng; XTECH s\u1ebd th\u00f4ng b\u00e1o tr\u01b0\u1edbc.<\/li>\n<\/ul>\n\t\t<\/div>\r\n\t\t\t\t\t<\/div>\r\n\r\n\t\n<\/div>\n\t\t<\/div>\r\n\r\n\t\t\n<style>\n#section_1987606034 {\n  padding-top: 30px;\n  padding-bottom: 30px;\n}\n<\/style>\n\t<\/section>\r\n\t\n","protected":false},"excerpt":{"rendered":"","protected":false},"author":1,"featured_media":0,"parent":0,"menu_order":0,"comment_status":"closed","ping_status":"closed","template":"","meta":{"footnotes":""},"class_list":["post-272","page","type-page","status-publish","hentry"],"_links":{"self":[{"href":"https:\/\/xtech-eng.com\/index.php?rest_route=\/wp\/v2\/pages\/272","targetHints":{"allow":["GET"]}}],"collection":[{"href":"https:\/\/xtech-eng.com\/index.php?rest_route=\/wp\/v2\/pages"}],"about":[{"href":"https:\/\/xtech-eng.com\/index.php?rest_route=\/wp\/v2\/types\/page"}],"author":[{"embeddable":true,"href":"https:\/\/xtech-eng.com\/index.php?rest_route=\/wp\/v2\/users\/1"}],"replies":[{"embeddable":true,"href":"https:\/\/xtech-eng.com\/index.php?rest_route=%2Fwp%2Fv2%2Fcomments&post=272"}],"version-history":[{"count":4,"href":"https:\/\/xtech-eng.com\/index.php?rest_route=\/wp\/v2\/pages\/272\/revisions"}],"predecessor-version":[{"id":331,"href":"https:\/\/xtech-eng.com\/index.php?rest_route=\/wp\/v2\/pages\/272\/revisions\/331"}],"wp:attachment":[{"href":"https:\/\/xtech-eng.com\/index.php?rest_route=%2Fwp%2Fv2%2Fmedia&parent=272"}],"curies":[{"name":"wp","href":"https:\/\/api.w.org\/{rel}","templated":true}]}}