{"id":290,"date":"2025-08-12T03:38:43","date_gmt":"2025-08-12T03:38:43","guid":{"rendered":"http:\/\/localhost:8888\/hason\/?page_id=290"},"modified":"2025-08-15T14:37:07","modified_gmt":"2025-08-15T14:37:07","slug":"chinh-sach-doi-tra","status":"publish","type":"page","link":"https:\/\/xtech-eng.com\/?page_id=290","title":{"rendered":"Ch\u00ednh s\u00e1ch \u0111\u1ed5i &#8211; tr\u1ea3"},"content":{"rendered":"\r\n\t<section class=\"section\" id=\"section_380110627\">\r\n\t\t<div class=\"section-bg fill\" >\r\n\t\t\t\t\t\t\t\t\t\r\n\t\t\t\r\n\r\n\t\t<\/div>\r\n\r\n\t\t\r\n\r\n\t\t<div class=\"section-content relative\">\r\n\t\t\t\n<div class=\"row\"  id=\"row-1156858283\">\n\r\n\t<div id=\"col-868068669\" class=\"col small-12 large-12\"  >\r\n\t\t\t\t<div class=\"col-inner\"  >\r\n\t\t\t\r\n\t\t\t\n<h1><strong>CH\u00cdNH S\u00c1CH \u0110\u1ed4I TR\u1ea2 H\u00c0NG &amp; HO\u00c0N TI\u1ec0N<\/strong><\/h1>\n<p><em><strong>(\u00c1p d\u1ee5ng cho kh\u00e1ch h\u00e0ng c\u1ee7a C\u00f4ng ty TNHH K\u1ef9 Thu\u1eadt XTECH)<\/strong><\/em><\/p>\n<p><strong>1. Ph\u1ea1m vi \u00e1p d\u1ee5ng<\/strong><\/p>\n<ul>\n<li><strong data-start=\"283\" data-end=\"328\">Kh\u00e1ch h\u00e0ng t\u1ea1i H\u00e0 N\u1ed9i v\u00e0 TP. H\u1ed3 Ch\u00ed Minh:<\/strong> C\u00f3 th\u1ec3 tr\u1ef1c ti\u1ebfp mang s\u1ea3n ph\u1ea9m \u0111\u1ebfn v\u0103n ph\u00f2ng XTECH \u0111\u1ec3 th\u1ef1c hi\u1ec7n \u0111\u1ed5i\/tr\u1ea3.<\/li>\n<li data-start=\"281\" data-end=\"503\">\n<p data-start=\"283\" data-end=\"503\"><strong data-start=\"406\" data-end=\"429\">Th\u1eddi gian l\u00e0m vi\u1ec7c:<\/strong> 8:00 \u2013 17:00 t\u1eeb th\u1ee9 Hai \u0111\u1ebfn th\u1ee9 B\u1ea3y (tr\u1eeb Ch\u1ee7 nh\u1eadt v\u00e0 c\u00e1c ng\u00e0y l\u1ec5, T\u1ebft).<\/p>\n<\/li>\n<li><strong data-start=\"506\" data-end=\"543\">Kh\u00e1ch h\u00e0ng \u1edf t\u1ec9nh\/th\u00e0nh ph\u1ed1 kh\u00e1c:<\/strong> Vui l\u00f2ng li\u00ean h\u1ec7 tr\u01b0\u1edbc v\u1edbi XTECH \u0111\u1ec3 th\u00f4ng b\u00e1o l\u00fd do \u0111\u1ed5i\/tr\u1ea3. Sau khi \u0111\u01b0\u1ee3c x\u00e1c nh\u1eadn, kh\u00e1ch h\u00e0ng g\u1eedi s\u1ea3n ph\u1ea9m v\u1ec1 v\u0103n ph\u00f2ng XTECH g\u1ea7n nh\u1ea5t qua d\u1ecbch v\u1ee5 chuy\u1ec3n ph\u00e1t.<\/li>\n<\/ul>\n<p><strong>2. C\u00e1c tr\u01b0\u1eddng h\u1ee3p \u0111\u01b0\u1ee3c \u0111\u1ed5i\/tr\u1ea3<\/strong><\/p>\n<p><em><strong>2.1. L\u1ed7i t\u1eeb ph\u00eda XTECH<\/strong><\/em><\/p>\n<ul>\n<li data-start=\"773\" data-end=\"867\">\n<p data-start=\"775\" data-end=\"867\">S\u1ea3n ph\u1ea9m giao kh\u00f4ng \u0111\u00fang \u0111\u01a1n \u0111\u1eb7t h\u00e0ng (kh\u00e1c v\u1ec1 model, th\u00f4ng s\u1ed1 k\u1ef9 thu\u1eadt, ho\u1eb7c ch\u1ee7ng lo\u1ea1i).<\/p>\n<\/li>\n<li>S\u1ea3n ph\u1ea9m b\u1ecb l\u1ed7i k\u1ef9 thu\u1eadt ho\u1eb7c h\u01b0 h\u1ecfng trong qu\u00e1 tr\u00ecnh v\u1eadn chuy\u1ec3n.<\/li>\n<\/ul>\n<p><em><strong>2.2. L\u00fd do t\u1eeb ph\u00eda kh\u00e1ch h\u00e0ng<\/strong><\/em><\/p>\n<ul>\n<li>Mu\u1ed1n \u0111\u1ed5i sang s\u1ea3n ph\u1ea9m kh\u00e1c, thay \u0111\u1ed5i model, m\u00e0u s\u1eafc ho\u1eb7c th\u00f4ng s\u1ed1 k\u1ef9 thu\u1eadt.<\/li>\n<li>Tr\u01b0\u1eddng h\u1ee3p n\u00e0y ch\u1ec9 \u0111\u01b0\u1ee3c xem x\u00e9t trong m\u1ed9t s\u1ed1 \u0111i\u1ec1u ki\u1ec7n \u0111\u1eb7c bi\u1ec7t (v\u00ed d\u1ee5: \u0111\u01a1n h\u00e0ng gi\u00e1 tr\u1ecb cao, kh\u00e1ch h\u00e0ng th\u00e2n thi\u1ebft).<\/li>\n<\/ul>\n<p><strong>3. \u0110i\u1ec1u ki\u1ec7n s\u1ea3n ph\u1ea9m \u0111\u01b0\u1ee3c \u0111\u1ed5i\/tr\u1ea3<\/strong><\/p>\n<ul>\n<li>S\u1ea3n ph\u1ea9m ph\u1ea3i c\u00f2n nguy\u00ean v\u1eb9n, ch\u01b0a qua s\u1eed d\u1ee5ng, nguy\u00ean bao b\u00ec, \u0111\u1ea7y \u0111\u1ee7 h\u00f3a \u0111\u01a1n, ph\u1ee5 ki\u1ec7n, tem\/phi\u1ebfu b\u1ea3o h\u00e0nh, h\u01b0\u1edbng d\u1eabn k\u1ef9 thu\u1eadt v\u00e0 qu\u00e0 t\u1eb7ng k\u00e8m (n\u1ebfu c\u00f3).<\/li>\n<li>Kh\u00f4ng b\u1ecb d\u01a1 b\u1ea9n, tr\u1ea7y x\u01b0\u1edbc, h\u01b0 h\u1ecfng, bi\u1ebfn d\u1ea1ng, ho\u1eb7c c\u00f3 m\u00f9i l\u1ea1.<\/li>\n<li>Kh\u00e1ch h\u00e0ng ch\u1ecbu chi ph\u00ed v\u1eadn chuy\u1ec3n khi \u0111\u1ed5i\/tr\u1ea3 v\u00ec l\u00fd do c\u00e1 nh\u00e2n.<\/li>\n<li><strong data-start=\"1513\" data-end=\"1523\">L\u01b0u \u00fd:<\/strong> S\u1ea3n ph\u1ea9m kh\u00f4ng \u0111\u00e1p \u1ee9ng c\u00e1c \u0111i\u1ec1u ki\u1ec7n tr\u00ean s\u1ebd \u0111\u01b0\u1ee3c g\u1eedi tr\u1ea3 l\u1ea1i theo \u0111\u1ecba ch\u1ec9 ghi tr\u00ean \u0111\u01a1n h\u00e0ng.<\/li>\n<\/ul>\n<p><strong>4. Ph\u01b0\u01a1ng th\u1ee9c \u0111\u1ed5i tr\u1ea3 &amp; ho\u00e0n ti\u1ec1n<\/strong><\/p>\n<ul>\n<li><strong data-start=\"1664\" data-end=\"1699\">Mi\u1ec5n ph\u00ed \u0111\u1ed5i\/tr\u1ea3 ho\u1eb7c ho\u00e0n ti\u1ec1n<\/strong> cho kh\u00e1ch h\u00e0ng n\u1ebfu l\u1ed7i thu\u1ed9c v\u1ec1 XTECH (m\u1ee5c 2.1).<\/li>\n<li><strong data-start=\"1753\" data-end=\"1778\">Kh\u00f4ng \u00e1p d\u1ee5ng \u0111\u1ed5i\/tr\u1ea3<\/strong> v\u1edbi l\u00fd do c\u00e1 nh\u00e2n (m\u1ee5c 2.2), tr\u1eeb khi \u0111\u01b0\u1ee3c XTECH ch\u1ea5p thu\u1eadn theo ch\u00ednh s\u00e1ch \u01b0u \u0111\u00e3i ri\u00eang.<\/li>\n<\/ul>\n\t\t<\/div>\r\n\t\t\t\t\t<\/div>\r\n\r\n\t\n<\/div>\n\t\t<\/div>\r\n\r\n\t\t\n<style>\n#section_380110627 {\n  padding-top: 30px;\n  padding-bottom: 30px;\n}\n<\/style>\n\t<\/section>\r\n\t\n","protected":false},"excerpt":{"rendered":"","protected":false},"author":1,"featured_media":0,"parent":0,"menu_order":0,"comment_status":"closed","ping_status":"closed","template":"","meta":{"footnotes":""},"class_list":["post-290","page","type-page","status-publish","hentry"],"_links":{"self":[{"href":"https:\/\/xtech-eng.com\/index.php?rest_route=\/wp\/v2\/pages\/290","targetHints":{"allow":["GET"]}}],"collection":[{"href":"https:\/\/xtech-eng.com\/index.php?rest_route=\/wp\/v2\/pages"}],"about":[{"href":"https:\/\/xtech-eng.com\/index.php?rest_route=\/wp\/v2\/types\/page"}],"author":[{"embeddable":true,"href":"https:\/\/xtech-eng.com\/index.php?rest_route=\/wp\/v2\/users\/1"}],"replies":[{"embeddable":true,"href":"https:\/\/xtech-eng.com\/index.php?rest_route=%2Fwp%2Fv2%2Fcomments&post=290"}],"version-history":[{"count":5,"href":"https:\/\/xtech-eng.com\/index.php?rest_route=\/wp\/v2\/pages\/290\/revisions"}],"predecessor-version":[{"id":326,"href":"https:\/\/xtech-eng.com\/index.php?rest_route=\/wp\/v2\/pages\/290\/revisions\/326"}],"wp:attachment":[{"href":"https:\/\/xtech-eng.com\/index.php?rest_route=%2Fwp%2Fv2%2Fmedia&parent=290"}],"curies":[{"name":"wp","href":"https:\/\/api.w.org\/{rel}","templated":true}]}}