{"id":3,"date":"2025-06-15T09:43:54","date_gmt":"2025-06-15T09:43:54","guid":{"rendered":"http:\/\/localhost:8888\/info262\/?page_id=3"},"modified":"2025-08-15T14:30:40","modified_gmt":"2025-08-15T14:30:40","slug":"chinh-sach-bao-mat","status":"publish","type":"page","link":"https:\/\/xtech-eng.com\/?page_id=3","title":{"rendered":"Ch\u00ednh s\u00e1ch b\u1ea3o m\u1eadt"},"content":{"rendered":"\r\n\t<section class=\"section\" id=\"section_1523970240\">\r\n\t\t<div class=\"section-bg fill\" >\r\n\t\t\t\t\t\t\t\t\t\r\n\t\t\t\r\n\r\n\t\t<\/div>\r\n\r\n\t\t\r\n\r\n\t\t<div class=\"section-content relative\">\r\n\t\t\t\n<div class=\"row\"  id=\"row-475812739\">\n\r\n\t<div id=\"col-1360315475\" class=\"col small-12 large-12\"  >\r\n\t\t\t\t<div class=\"col-inner\"  >\r\n\t\t\t\r\n\t\t\t\n\t<div id=\"text-2629945564\" class=\"text pb-0\">\r\n\t\t\n<h1>Ch\u00ednh s\u00e1ch b\u1ea3o m\u1eadt<\/h1>\n<p><strong>C\u00d4NG TY TNHH C\u00d4NG NGH\u1ec6 XTECH<\/strong><\/p>\n<p data-start=\"270\" data-end=\"652\">V\u1edbi vai tr\u00f2 l\u00e0 \u0111\u01a1n v\u1ecb nh\u1eadp kh\u1ea9u v\u00e0 ph\u00e2n ph\u1ed1i thi\u1ebft b\u1ecb k\u1ef9 thu\u1eadt, <strong data-start=\"334\" data-end=\"343\">XTech<\/strong> th\u01b0\u1eddng xuy\u00ean x\u1eed l\u00fd nhi\u1ec1u lo\u1ea1i th\u00f4ng tin, bao g\u1ed3m d\u1eef li\u1ec7u k\u1ef9 thu\u1eadt c\u1ee7a c\u00f4ng ty v\u00e0 th\u00f4ng tin m\u00e0 kh\u00e1ch h\u00e0ng cung c\u1ea5p. Nh\u1eadn th\u1ee9c r\u00f5 t\u1ea7m quan tr\u1ecdng c\u1ee7a vi\u1ec7c b\u1ea3o v\u1ec7 d\u1eef li\u1ec7u, ch\u00fang t\u00f4i cam k\u1ebft x\u00e2y d\u1ef1ng v\u00e0 duy tr\u00ec h\u1ec7 th\u1ed1ng qu\u1ea3n l\u00fd th\u00f4ng tin hi\u1ec7u qu\u1ea3 nh\u1eb1m \u0111\u1ea3m b\u1ea3o t\u00ednh b\u1ea3o m\u1eadt, to\u00e0n v\u1eb9n v\u00e0 quy\u1ec1n l\u1ee3i c\u1ee7a kh\u00e1ch h\u00e0ng.<\/p>\n<div><\/div>\n<div><strong>1. M\u1ee5c \u0111\u00edch v\u00e0 ph\u1ea1m vi thu th\u1eadp th\u00f4ng tin<\/strong><\/div>\n<div>\n<ul>\n<li data-start=\"707\" data-end=\"826\">\n<p data-start=\"709\" data-end=\"826\"><strong data-start=\"709\" data-end=\"721\">M\u1ee5c \u0111\u00edch<\/strong>: S\u1eed d\u1ee5ng cho ho\u1ea1t \u0111\u1ed9ng kinh doanh, li\u00ean h\u1ec7 b\u00e1n h\u00e0ng, ch\u0103m s\u00f3c kh\u00e1ch h\u00e0ng, b\u1ea3o h\u00e0nh, ho\u1eb7c truy\u1ec1n th\u00f4ng.<\/p>\n<\/li>\n<li data-start=\"827\" data-end=\"984\">\n<p data-start=\"829\" data-end=\"984\"><strong data-start=\"829\" data-end=\"853\">Ph\u01b0\u01a1ng th\u1ee9c thu th\u1eadp<\/strong>: Th\u00f4ng tin \u0111\u01b0\u1ee3c kh\u00e1ch h\u00e0ng cung c\u1ea5p tr\u1ef1c ti\u1ebfp th\u00f4ng qua \u201cPhi\u1ebfu mua h\u00e0ng\u201d, \u201cPhi\u1ebfu \u0111\u1eb7t h\u00e0ng\u201d ho\u1eb7c c\u00e1c bi\u1ec3u m\u1eabu kh\u00e1c c\u1ee7a <strong data-start=\"972\" data-end=\"981\">XTech.\u00a0<\/strong><\/p>\n<\/li>\n<\/ul>\n<\/div>\n<div><strong>2. Ph\u1ea1m vi s\u1eed d\u1ee5ng th\u00f4ng tin<\/strong><\/div>\n<div>\n<ul>\n<li data-start=\"1026\" data-end=\"1162\">\n<p data-start=\"1028\" data-end=\"1162\"><strong data-start=\"1028\" data-end=\"1037\">XTech<\/strong> ch\u1ec9 thu th\u1eadp v\u00e0 s\u1eed d\u1ee5ng th\u00f4ng tin c\u00e1 nh\u00e2n cho c\u00e1c m\u1ee5c \u0111\u00edch \u0111\u00e3 n\u00eau, ho\u00e0n to\u00e0n tu\u00e2n th\u1ee7 n\u1ed9i dung c\u1ee7a Ch\u00ednh s\u00e1ch b\u1ea3o m\u1eadt n\u00e0y.<\/p>\n<\/li>\n<li data-start=\"1163\" data-end=\"1306\">Th\u00f4ng tin c\u00f3 th\u1ec3 \u0111\u01b0\u1ee3c s\u1eed d\u1ee5ng \u0111\u1ec3 li\u00ean h\u1ec7 v\u1edbi kh\u00e1ch h\u00e0ng qua: th\u01b0 m\u1eddi, \u0111\u01a1n \u0111\u1eb7t h\u00e0ng, th\u01b0 c\u1ea3m \u01a1n, th\u00f4ng tin k\u1ef9 thu\u1eadt, ho\u1eb7c th\u00f4ng b\u00e1o b\u1ea3o m\u1eadt.<\/li>\n<li data-start=\"1163\" data-end=\"1306\"><strong data-start=\"1309\" data-end=\"1318\">XTech<\/strong> kh\u00f4ng chia s\u1ebb th\u00f4ng tin c\u00e1 nh\u00e2n cho b\u00ean th\u1ee9 ba n\u1ebfu ch\u01b0a c\u00f3 s\u1ef1 \u0111\u1ed3ng \u00fd c\u1ee7a kh\u00e1ch h\u00e0ng, tr\u1eeb tr\u01b0\u1eddng h\u1ee3p ph\u00e1p lu\u1eadt y\u00eau c\u1ea7u.<\/li>\n<\/ul>\n<\/div>\n<div><strong>3. Th\u1eddi gian l\u01b0u tr\u1eef th\u00f4ng tin\u00a0<\/strong><\/div>\n<div><\/div>\n<div>H\u00e0 S\u01a1n s\u1ebd l\u01b0u tr\u1eef c\u00e1c Th\u00f4ng tin c\u00e1 nh\u00e2n do Kh\u00e1ch h\u00e0ng cung c\u1ea5p tr\u00ean c\u00e1c h\u1ec7 th\u1ed1ng n\u1ed9i b\u1ed9 c\u1ee7a ch\u00fang t\u00f4i trong qu\u00e1 tr\u00ecnh cung c\u1ea5p d\u1ecbch v\u1ee5 cho Kh\u00e1ch h\u00e0ng ho\u1eb7c cho \u0111\u1ebfn khi ho\u00e0n th\u00e0nh m\u1ee5c \u0111\u00edch thu th\u1eadp ho\u1eb7c khi Kh\u00e1ch h\u00e0ng c\u00f3 y\u00eau c\u1ea7u h\u1ee7y c\u00e1c th\u00f4ng tin \u0111\u00e3 cung c\u1ea5p.<\/div>\n<div><\/div>\n<div><strong>4. \u0110\u01a1n v\u1ecb thu th\u1eadp v\u00e0 qu\u1ea3n l\u00fd th\u00f4ng tin c\u00e1 nh\u00e2n<\/strong><\/div>\n<div><\/div>\n<div><strong>C\u00d4NG TY TNHH C\u00d4NG NGH\u1ec6 XTECH<\/strong><\/div>\n<ul>\n<li><strong data-start=\"1762\" data-end=\"1773\">\u0110\u1ecba ch\u1ec9<\/strong>: 402\/8 \u0110\u01b0\u1eddng B\u00f9i Th\u1ecb Xu\u00e2n, Ph\u01b0\u1eddng T\u00e2n \u0110\u00f4ng Hi\u1ec7p, Th\u00e0nh Ph\u1ed1 H\u1ed3 Ch\u00ed Minh, Vi\u1ec7t Nam<\/li>\n<li><strong>\u0110i\u1ec7n tho\u1ea1i:<\/strong> 098 9875 048<\/li>\n<li><strong data-start=\"1853\" data-end=\"1862\">Email<\/strong>: sales@xtech-eng.com<\/li>\n<\/ul>\n<div><strong>5. Quy\u1ec1n truy c\u1eadp v\u00e0 ch\u1ec9nh s\u1eeda th\u00f4ng tin<\/strong><\/div>\n<div><\/div>\n<div>Kh\u00e1ch h\u00e0ng c\u00f3 quy\u1ec1n y\u00eau c\u1ea7u <strong data-start=\"1961\" data-end=\"1972\">ti\u1ebft l\u1ed9<\/strong>, <strong data-start=\"1974\" data-end=\"1987\">ch\u1ec9nh s\u1eeda<\/strong>, ho\u1eb7c <strong data-start=\"1994\" data-end=\"2001\">x\u00f3a<\/strong> th\u00f4ng tin c\u00e1 nh\u00e2n c\u1ee7a m\u00ecnh, c\u0169ng nh\u01b0 y\u00eau c\u1ea7u ng\u1eebng s\u1eed d\u1ee5ng ho\u1eb7c cung c\u1ea5p th\u00f4ng tin \u0111\u00f3. <strong data-start=\"2089\" data-end=\"2098\">XTech<\/strong> s\u1ebd x\u1eed l\u00fd m\u1ecdi y\u00eau c\u1ea7u m\u1ed9t c\u00e1ch minh b\u1ea1ch v\u00e0 t\u00f4n tr\u1ecdng quy\u1ec1n l\u1ee3i c\u1ee7a kh\u00e1ch h\u00e0ng.<\/div>\n<div><\/div>\n<div><strong>6. Cam k\u1ebft b\u1ea3o m\u1eadt th\u00f4ng tin c\u00e1 nh\u00e2n<\/strong><\/div>\n<div><\/div>\n<ul>\n<li data-start=\"2229\" data-end=\"2329\">\n<p data-start=\"2231\" data-end=\"2329\"><strong data-start=\"2231\" data-end=\"2240\">XTech<\/strong> y\u00eau c\u1ea7u to\u00e0n b\u1ed9 nh\u00e2n vi\u00ean v\u00e0 ban l\u00e3nh \u0111\u1ea1o tu\u00e2n th\u1ee7 nghi\u00eam ng\u1eb7t c\u00e1c nguy\u00ean t\u1eafc b\u1ea3o m\u1eadt.<\/p>\n<\/li>\n<li>Thi\u1ebft l\u1eadp v\u00e0 duy tr\u00ec h\u1ec7 th\u1ed1ng qu\u1ea3n l\u00fd d\u1eef li\u1ec7u c\u00e1 nh\u00e2n, th\u01b0\u1eddng xuy\u00ean c\u1ea3i ti\u1ebfn \u0111\u1ec3 \u0111\u1ea3m b\u1ea3o hi\u1ec7u qu\u1ea3 b\u1ea3o m\u1eadt.<\/li>\n<li>Ch\u1ec9 s\u1eed d\u1ee5ng th\u00f4ng tin c\u00e1 nh\u00e2n \u0111\u00fang m\u1ee5c \u0111\u00edch thu th\u1eadp, \u0111\u1ed3ng th\u1eddi \u00e1p d\u1ee5ng c\u00e1c bi\u1ec7n ph\u00e1p k\u1ef9 thu\u1eadt v\u00e0 qu\u1ea3n l\u00fd ph\u00f9 h\u1ee3p \u0111\u1ec3 ng\u0103n ng\u1eeba r\u00f2 r\u1ec9, m\u1ea5t m\u00e1t ho\u1eb7c truy c\u1eadp tr\u00e1i ph\u00e9p.<\/li>\n<li>Cam k\u1ebft tu\u00e2n th\u1ee7 ph\u00e1p lu\u1eadt Vi\u1ec7t Nam v\u00e0 c\u00e1c quy \u0111\u1ecbnh li\u00ean quan \u0111\u1ebfn b\u1ea3o v\u1ec7 d\u1eef li\u1ec7u c\u00e1 nh\u00e2n.<\/li>\n<\/ul>\n<div>\n<div class=\"col medium-6 small-12 large-6\"><\/div>\n<\/div>\n\t\t\t<\/div>\r\n\t\n\t\t<\/div>\r\n\t\t\t\t\t<\/div>\r\n\r\n\t\n<\/div>\n\t\t<\/div>\r\n\r\n\t\t\n<style>\n#section_1523970240 {\n  padding-top: 30px;\n  padding-bottom: 30px;\n}\n<\/style>\n\t<\/section>\r\n\t\n","protected":false},"excerpt":{"rendered":"","protected":false},"author":1,"featured_media":0,"parent":0,"menu_order":0,"comment_status":"closed","ping_status":"open","template":"","meta":{"footnotes":""},"class_list":["post-3","page","type-page","status-publish","hentry"],"_links":{"self":[{"href":"https:\/\/xtech-eng.com\/index.php?rest_route=\/wp\/v2\/pages\/3","targetHints":{"allow":["GET"]}}],"collection":[{"href":"https:\/\/xtech-eng.com\/index.php?rest_route=\/wp\/v2\/pages"}],"about":[{"href":"https:\/\/xtech-eng.com\/index.php?rest_route=\/wp\/v2\/types\/page"}],"author":[{"embeddable":true,"href":"https:\/\/xtech-eng.com\/index.php?rest_route=\/wp\/v2\/users\/1"}],"replies":[{"embeddable":true,"href":"https:\/\/xtech-eng.com\/index.php?rest_route=%2Fwp%2Fv2%2Fcomments&post=3"}],"version-history":[{"count":6,"href":"https:\/\/xtech-eng.com\/index.php?rest_route=\/wp\/v2\/pages\/3\/revisions"}],"predecessor-version":[{"id":323,"href":"https:\/\/xtech-eng.com\/index.php?rest_route=\/wp\/v2\/pages\/3\/revisions\/323"}],"wp:attachment":[{"href":"https:\/\/xtech-eng.com\/index.php?rest_route=%2Fwp%2Fv2%2Fmedia&parent=3"}],"curies":[{"name":"wp","href":"https:\/\/api.w.org\/{rel}","templated":true}]}}