{"id":343,"date":"2025-08-15T16:06:51","date_gmt":"2025-08-15T16:06:51","guid":{"rendered":"https:\/\/xtech-eng.com\/?post_type=product&#038;p=343"},"modified":"2025-12-17T04:44:10","modified_gmt":"2025-12-17T04:44:10","slug":"high-lead-screw-jack","status":"publish","type":"product","link":"https:\/\/xtech-eng.com\/?product=high-lead-screw-jack","title":{"rendered":"Nippon Gear_High Lead Screw Jack"},"content":{"rendered":"<h1 data-path-to-node=\"2\"><strong>K\u00edch V\u00edt T\u1ed1c \u0110\u1ed9 Cao (High-Lead Screw Jacks): T\u1ed1i \u01afu H\u00f3a T\u1ed1c \u0110\u1ed9 v\u00e0 Hi\u1ec7u Su\u1ea5t N\u00e2ng H\u1ea1<\/strong><\/h1>\n<h2 data-path-to-node=\"3\"><strong>Thi\u1ebft K\u1ebf Nh\u1ecf G\u1ecdn \u2013 Hi\u1ec7u Su\u1ea5t V\u01b0\u1ee3t Tr\u1ed9i Cho T\u1ef1 \u0110\u1ed9ng H\u00f3a<\/strong><\/h2>\n<p data-path-to-node=\"4\">\u0110\u01b0\u1ee3c thi\u1ebft k\u1ebf d\u00e0nh ri\u00eang cho c\u00e1c \u1ee9ng d\u1ee5ng \u0111\u00f2i h\u1ecfi <b>t\u1ed1c \u0111\u1ed9 v\u00e0 hi\u1ec7u su\u1ea5t cao<\/b>, d\u00f2ng K\u00edch V\u00edt T\u1ed1c \u0110\u1ed9 Cao (High-Lead\/Quick-Action Screw Jacks) c\u1ee7a Nippon Gear Maker mang l\u1ea1i gi\u1ea3i ph\u00e1p n\u00e2ng h\u1ea1 <b>nh\u1ecf g\u1ecdn, nh\u1eb9<\/b> nh\u01b0ng c\u00f3 kh\u1ea3 n\u0103ng v\u1eadn h\u00e0nh v\u01b0\u1ee3t tr\u1ed9i so v\u1edbi c\u00e1c lo\u1ea1i k\u00edch v\u00edt ti\u00eau chu\u1ea9n.<\/p>\n<h2 data-path-to-node=\"5\"><strong>\u0110i\u1ec3m Nh\u1ea5n C\u00f4ng Ngh\u1ec7 v\u00e0 L\u1ee3i \u00cdch Kh\u00e1ch H\u00e0ng<\/strong><\/h2>\n<h3 data-path-to-node=\"6\"><strong>1. T\u1ed1c \u0110\u1ed9 N\u00e2ng C\u1ef1c Nhanh (2x \u2013 5x)<\/strong><\/h3>\n<ul data-path-to-node=\"7\">\n<li>\n<p data-path-to-node=\"7,0,0\"><b>C\u00f4ng ngh\u1ec7 Tr\u1ee5c V\u00edt Cao C\u1ea5p:<\/b> S\u1ea3n ph\u1ea9m s\u1eed d\u1ee5ng <b>tr\u1ee5c v\u00edt c\u00f3 4 \u0111\u1ea7u ren (quadruple-thread)<\/b> k\u1ebft h\u1ee3p v\u1edbi <b>b\u01b0\u1edbc ren l\u1edbn (high-lead)<\/b> \u0111\u1eb7c bi\u1ec7t.<\/p>\n<\/li>\n<li>\n<p data-path-to-node=\"7,1,0\"><b>Hi\u1ec7u su\u1ea5t V\u1eadn H\u00e0nh:<\/b> Nh\u1edd thi\u1ebft k\u1ebf n\u00e0y, t\u1ed1c \u0111\u1ed9 n\u00e2ng c\u1ee7a k\u00edch v\u00edt nhanh h\u01a1n <b>g\u1ea5p 2 \u0111\u1ebfn 5 l\u1ea7n<\/b> so v\u1edbi k\u00edch v\u00edt ti\u00eau chu\u1ea9n (\u1edf c\u00f9ng t\u1ed1c \u0111\u1ed9 quay tr\u1ee5c v\u00e0o), l\u00fd t\u01b0\u1edfng cho c\u00e1c h\u1ec7 th\u1ed1ng t\u1ef1 \u0111\u1ed9ng h\u00f3a nhanh.<\/p>\n<\/li>\n<\/ul>\n<h3 data-path-to-node=\"8\"><strong>2. Thi\u1ebft K\u1ebf T\u1ed1i \u01afu v\u00e0 Linh Ho\u1ea1t<\/strong><\/h3>\n<ul data-path-to-node=\"9\">\n<li>\n<p data-path-to-node=\"9,0,0\"><b>K\u00edch th\u01b0\u1edbc G\u1ecdn Nh\u1eb9:<\/b> Thi\u1ebft k\u1ebf \u0111\u01b0\u1ee3c t\u1ed1i \u01b0u h\u00f3a, gi\u00fap <b>ti\u1ebft ki\u1ec7m kh\u00f4ng gian<\/b> l\u1eafp \u0111\u1eb7t qu\u00fd gi\u00e1 trong d\u00e2y chuy\u1ec1n s\u1ea3n xu\u1ea5t.<\/p>\n<\/li>\n<li>\n<p data-path-to-node=\"9,1,0\"><b>L\u1eafp \u0110\u1eb7t \u0110a Chi\u1ec1u:<\/b> L\u1ed7 l\u1eafp th\u00f4ng minh cho ph\u00e9p b\u1ea1n <b>g\u1eafn c\u1ea3 m\u1eb7t tr\u00ean ho\u1eb7c m\u1eb7t d\u01b0\u1edbi<\/b> v\u00e0o thi\u1ebft b\u1ecb, t\u0103ng t\u00ednh linh ho\u1ea1t trong thi\u1ebft k\u1ebf h\u1ec7 th\u1ed1ng.<\/p>\n<\/li>\n<li>\n<p data-path-to-node=\"9,2,0\"><b>T\u1ea3i tr\u1ecdng:<\/b> Ph\u00f9 h\u1ee3p v\u1edbi d\u1ea3i t\u1ea3i tr\u1ecdng nh\u1eb9 v\u00e0 trung b\u00ecnh: <b>2kN \/ 5kN \/ 10kN<\/b>.<\/p>\n<\/li>\n<\/ul>\n<h3 data-path-to-node=\"10\"><strong>3. T\u00f9y Ch\u1ecdn Ki\u1ec3m So\u00e1t v\u00e0 B\u1ea3o V\u1ec7<\/strong><\/h3>\n<p data-path-to-node=\"11\">D\u00f9 nh\u1ecf g\u1ecdn, k\u00edch v\u00edt t\u1ed1c \u0111\u1ed9 cao v\u1eabn c\u00f3 th\u1ec3 \u0111\u01b0\u1ee3c trang b\u1ecb c\u00e1c t\u00f9y ch\u1ecdn c\u1ea7n thi\u1ebft:<\/p>\n<ul data-path-to-node=\"12\">\n<li>\n<p data-path-to-node=\"12,0,0\"><b>B\u1ea3o v\u1ec7:<\/b> \u1ed0ng bellows ch\u1ed1ng b\u1ee5i (gi\u00fap b\u1ea3o v\u1ec7 tr\u1ee5c v\u00edt n\u00e2ng kh\u1ecfi m\u00f4i tr\u01b0\u1eddng b\u1ea9n).<\/p>\n<\/li>\n<li>\n<p data-path-to-node=\"12,1,0\"><b>Ki\u1ec3m so\u00e1t:<\/b> C\u00f4ng t\u1eafc gi\u1edbi h\u1ea1n h\u00e0nh tr\u00ecnh (Limit Switch), Encoder RC (\u0111\u1ea3m b\u1ea3o \u0111\u1ed9 ch\u00ednh x\u00e1c v\u1ecb tr\u00ed trong c\u00e1c h\u1ec7 th\u1ed1ng \u0111\u1ed3ng b\u1ed9).<\/p>\n<\/li>\n<\/ul>\n<h2 data-path-to-node=\"13\"><strong>L\u01afU \u00dd QUAN TR\u1eccNG V\u1ec0 AN TO\u00c0N<\/strong><\/h2>\n<p data-path-to-node=\"14\"><b>Kh\u00f4ng c\u00f3 ch\u1ee9c n\u0103ng T\u1ef1 Kh\u00f3a (Non-Self-Locking):<\/b><\/p>\n<p data-path-to-node=\"15\">Do s\u1eed d\u1ee5ng tr\u1ee5c v\u00edt b\u01b0\u1edbc ren l\u1edbn \u0111\u1ec3 t\u1ed1i \u0111a h\u00f3a t\u1ed1c \u0111\u1ed9, lo\u1ea1i k\u00edch v\u00edt n\u00e0y <b>kh\u00f4ng c\u00f3 ch\u1ee9c n\u0103ng t\u1ef1 kh\u00f3a (Self-Locking)<\/b>. \u0110i\u1ec1u n\u00e0y c\u00f3 ngh\u0129a l\u00e0 t\u1ea3i tr\u1ecdng c\u00f3 th\u1ec3 tr\u01b0\u1ee3t xu\u1ed1ng khi \u0111\u1ed9ng c\u01a1 d\u1eebng l\u1ea1i.<\/p>\n<p data-path-to-node=\"16\"><b>B\u1eaft bu\u1ed9c ph\u1ea3i l\u1eafp \u0111\u1eb7t Phanh An To\u00e0n (Safety Brake)<\/b> ho\u1eb7c s\u1eed d\u1ee5ng h\u1ec7 th\u1ed1ng phanh \u0111\u1ed9ng c\u01a1 th\u00edch h\u1ee3p khi l\u1eafp \u0111\u1eb7t \u0111\u1ec3 \u0111\u1ea3m b\u1ea3o an to\u00e0n tuy\u1ec7t \u0111\u1ed1i cho ng\u01b0\u1eddi v\u00e0 thi\u1ebft b\u1ecb.<\/p>\n<h2 data-path-to-node=\"17\"><strong>\u1ee8ng D\u1ee5ng L\u00fd T\u01b0\u1edfng<\/strong><\/h2>\n<p data-path-to-node=\"18\">K\u00edch v\u00edt t\u1ed1c \u0111\u1ed9 cao l\u00e0 l\u1ef1a ch\u1ecdn ho\u00e0n h\u1ea3o cho:<\/p>\n<ul data-path-to-node=\"19\">\n<li>\n<p data-path-to-node=\"19,0,0\">B\u00e0n n\u00e2ng\/h\u1ea1 t\u1ed1c \u0111\u1ed9 cao.<\/p>\n<\/li>\n<li>\n<p data-path-to-node=\"19,1,0\">H\u1ec7 th\u1ed1ng \u0111\u1ecbnh v\u1ecb nhanh trong d\u00e2y chuy\u1ec1n l\u1eafp r\u00e1p.<\/p>\n<\/li>\n<li>\n<p data-path-to-node=\"19,2,0\">Thi\u1ebft b\u1ecb truy\u1ec1n \u0111\u1ed9ng c\u1ea7n ph\u1ea3n \u1ee9ng nhanh trong m\u00f4i tr\u01b0\u1eddng t\u1ef1 \u0111\u1ed9ng h\u00f3a.<\/p>\n<\/li>\n<\/ul>\n<h2 data-path-to-node=\"20\"><strong>B\u1ea3ng Th\u00f4ng S\u1ed1 K\u1ef9 Thu\u1eadt Ti\u00eau Chu\u1ea9n<\/strong><\/h2>\n<div class=\"horizontal-scroll-wrapper\">\n<div class=\"table-block-component\">\n<div class=\"table-block has-export-button\">\n<div class=\"table-content not-end-of-paragraph\" data-hveid=\"0\" data-ved=\"0CAAQ3ecQahgKEwjy5o-pzcORAxUAAAAAHQAAAAAQkQI\">\n<table data-path-to-node=\"21\">\n<thead>\n<tr>\n<td><span data-path-to-node=\"21,0,0,0\">M\u00e3 Series\/K\u00edch th\u01b0\u1edbc<\/span><\/td>\n<td><span data-path-to-node=\"21,0,1,0\">RMY<\/span><\/td>\n<td><span data-path-to-node=\"21,0,2,0\">RSY<\/span><\/td>\n<td><span data-path-to-node=\"21,0,3,0\">J0Y<\/span><\/td>\n<\/tr>\n<\/thead>\n<tbody>\n<tr>\n<td><span data-path-to-node=\"21,1,0,0\"><b>T\u1ea3i tr\u1ecdng<\/b><\/span><\/td>\n<td><span data-path-to-node=\"21,1,1,0\">2kN<\/span><\/td>\n<td><span data-path-to-node=\"21,1,2,0\">5kN<\/span><\/td>\n<td><span data-path-to-node=\"21,1,3,0\">10kN<\/span><\/td>\n<\/tr>\n<tr>\n<td><span data-path-to-node=\"21,2,0,0\"><b>\u0110\u01b0\u1eddng k\u00ednh tr\u1ee5c v\u00edt n\u00e2ng<\/b><\/span><\/td>\n<td><span data-path-to-node=\"21,2,1,0\">16mm<\/span><\/td>\n<td><span data-path-to-node=\"21,2,2,0\">20mm<\/span><\/td>\n<td><span data-path-to-node=\"21,2,3,0\">25mm<\/span><\/td>\n<\/tr>\n<tr>\n<td><span data-path-to-node=\"21,3,0,0\"><b>B\u01b0\u1edbc tr\u1ee5c v\u00edt n\u00e2ng<\/b><\/span><\/td>\n<td><span data-path-to-node=\"21,3,1,0\">12mm<\/span><\/td>\n<td><span data-path-to-node=\"21,3,2,0\">16mm<\/span><\/td>\n<td><span data-path-to-node=\"21,3,3,0\">20mm<\/span><\/td>\n<\/tr>\n<tr>\n<td><span data-path-to-node=\"21,4,0,0\"><b>T\u1ec9 s\u1ed1 truy\u1ec1n<\/b><\/span><\/td>\n<td><span data-path-to-node=\"21,4,1,0\">3<\/span><\/td>\n<td><span data-path-to-node=\"21,4,2,0\">5<\/span><\/td>\n<td><span data-path-to-node=\"21,4,3,0\">5<\/span><\/td>\n<\/tr>\n<tr>\n<td><span data-path-to-node=\"21,5,0,0\"><b>Hi\u1ec7u su\u1ea5t<\/b><\/span><\/td>\n<td><span data-path-to-node=\"21,5,1,0\">0.45<\/span><\/td>\n<td><span data-path-to-node=\"21,5,2,0\">0.44<\/span><\/td>\n<td><span data-path-to-node=\"21,5,3,0\">0.44<\/span><\/td>\n<\/tr>\n<tr>\n<td><span data-path-to-node=\"21,6,0,0\"><b>T\u1ed1c \u0111\u1ed9 quay t\u1ed1i \u0111a<\/b><\/span><\/td>\n<td><span data-path-to-node=\"21,6,1,0\">2000 v\/p<\/span><\/td>\n<td><span data-path-to-node=\"21,6,2,0\">2000 v\/p<\/span><\/td>\n<td><span data-path-to-node=\"21,6,3,0\">1800 v\/p<\/span><\/td>\n<\/tr>\n<tr>\n<td><span data-path-to-node=\"21,7,0,0\"><b>T\u1ed1c \u0111\u1ed9 t\u1ed1i \u0111a \u1edf t\u1ea3i l\u1edbn<\/b><\/span><\/td>\n<td><span data-path-to-node=\"21,7,1,0\">1020 v\/p<\/span><\/td>\n<td><span data-path-to-node=\"21,7,2,0\">990 v\/p<\/span><\/td>\n<td><span data-path-to-node=\"21,7,3,0\">475 v\/p<\/span><\/td>\n<\/tr>\n<tr>\n<td><span data-path-to-node=\"21,8,0,0\"><b>L\u01b0\u1ee3ng m\u1ee1 b\u00f4i tr\u01a1n<\/b><\/span><\/td>\n<td><span data-path-to-node=\"21,8,1,0\">Mi\u1ec5n b\u1ea3o d\u01b0\u1ee1ng<\/span><\/td>\n<td><span data-path-to-node=\"21,8,2,0\">Mi\u1ec5n b\u1ea3o d\u01b0\u1ee1ng<\/span><\/td>\n<td><span data-path-to-node=\"21,8,3,0\">0.1 kg<\/span><\/td>\n<\/tr>\n<\/tbody>\n<\/table>\n<p>&nbsp;<\/p>\n<\/div>\n<div class=\"table-content not-end-of-paragraph\" data-hveid=\"0\" data-ved=\"0CAAQ3ecQahgKEwjy5o-pzcORAxUAAAAAHQAAAAAQkQI\"><b>C\u1ea7n m\u1ed9t gi\u1ea3i ph\u00e1p n\u00e2ng h\u1ea1 nhanh, g\u1ecdn v\u00e0 hi\u1ec7u su\u1ea5t cao?<\/b><\/div>\n<\/div>\n<\/div>\n<\/div>\n<p data-path-to-node=\"24\">\ud83d\udc49 <b>Li\u00ean h\u1ec7 ngay h\u00f4m nay<\/b> \u0111\u1ec3 nh\u1eadn t\u01b0 v\u1ea5n k\u1ef9 thu\u1eadt chuy\u00ean s\u00e2u v\u1ec1 c\u00e1ch t\u00edch h\u1ee3p K\u00edch V\u00edt T\u1ed1c \u0110\u1ed9 Cao v\u00e0o h\u1ec7 th\u1ed1ng t\u1ef1 \u0111\u1ed9ng h\u00f3a c\u1ee7a b\u1ea1n, v\u00e0 \u0111\u1ea3m b\u1ea3o gi\u1ea3i ph\u00e1p phanh an to\u00e0n t\u1ed1i \u01b0u.<\/p>\n","protected":false},"excerpt":{"rendered":"<p><strong data-start=\"54\" data-end=\"83\">K\u00edch v\u00edt t\u1ed1c \u0111\u1ed9 cao Nippon Gear Maker<\/strong>\u00a0s\u1edf h\u1eefu thi\u1ebft k\u1ebf <strong data-start=\"100\" data-end=\"137\">nh\u1ecf g\u1ecdn, nh\u1eb9, hi\u1ec7u su\u1ea5t v\u01b0\u1ee3t tr\u1ed9i<\/strong>, t\u1ed1c \u0111\u1ed9 n\u00e2ng nhanh g\u1ea5p <strong data-start=\"161\" data-end=\"172\">2\u20135 l\u1ea7n<\/strong> k\u00edch v\u00edt ti\u00eau chu\u1ea9n. \u1ee8ng d\u1ee5ng <strong data-start=\"203\" data-end=\"225\">tr\u1ee5c v\u00edt 4 \u0111\u1ea7u ren<\/strong> v\u00e0 b\u01b0\u1edbc ren l\u1edbn gi\u00fap v\u1eadn h\u00e0nh \u00eam \u00e1i, ti\u1ebft ki\u1ec7m th\u1eddi gian, ph\u00f9 h\u1ee3p cho <strong data-start=\"296\" data-end=\"364\" data-is-only-node=\"\">m\u00e1y m\u00f3c c\u00f4ng nghi\u1ec7p, d\u00e2y chuy\u1ec1n s\u1ea3n xu\u1ea5t v\u00e0 h\u1ec7 th\u1ed1ng t\u1ef1 \u0111\u1ed9ng h\u00f3a<\/strong> y\u00eau c\u1ea7u t\u1ed1c \u0111\u1ed9 v\u00e0 \u0111\u1ed9 ch\u00ednh x\u00e1c cao.<\/p>\n","protected":false},"featured_media":935,"comment_status":"open","ping_status":"closed","template":"","meta":[],"product_brand":[],"product_cat":[21,39,40],"product_tag":[341],"class_list":{"0":"post-343","1":"product","2":"type-product","3":"status-publish","4":"has-post-thumbnail","6":"product_cat-nippon-gear-maker-vi","7":"product_cat-screw-jack-vi","8":"product_cat-trapezoidal-screw-type-vi","9":"product_tag-nippon-gear","11":"first","12":"instock","13":"shipping-taxable","14":"product-type-simple"},"_links":{"self":[{"href":"https:\/\/xtech-eng.com\/index.php?rest_route=\/wp\/v2\/product\/343","targetHints":{"allow":["GET"]}}],"collection":[{"href":"https:\/\/xtech-eng.com\/index.php?rest_route=\/wp\/v2\/product"}],"about":[{"href":"https:\/\/xtech-eng.com\/index.php?rest_route=\/wp\/v2\/types\/product"}],"replies":[{"embeddable":true,"href":"https:\/\/xtech-eng.com\/index.php?rest_route=%2Fwp%2Fv2%2Fcomments&post=343"}],"wp:featuredmedia":[{"embeddable":true,"href":"https:\/\/xtech-eng.com\/index.php?rest_route=\/wp\/v2\/media\/935"}],"wp:attachment":[{"href":"https:\/\/xtech-eng.com\/index.php?rest_route=%2Fwp%2Fv2%2Fmedia&parent=343"}],"wp:term":[{"taxonomy":"product_brand","embeddable":true,"href":"https:\/\/xtech-eng.com\/index.php?rest_route=%2Fwp%2Fv2%2Fproduct_brand&post=343"},{"taxonomy":"product_cat","embeddable":true,"href":"https:\/\/xtech-eng.com\/index.php?rest_route=%2Fwp%2Fv2%2Fproduct_cat&post=343"},{"taxonomy":"product_tag","embeddable":true,"href":"https:\/\/xtech-eng.com\/index.php?rest_route=%2Fwp%2Fv2%2Fproduct_tag&post=343"}],"curies":[{"name":"wp","href":"https:\/\/api.w.org\/{rel}","templated":true}]}}