{"id":392,"date":"2025-08-19T03:27:34","date_gmt":"2025-08-19T03:27:34","guid":{"rendered":"https:\/\/xtech-eng.com\/?post_type=product&#038;p=392"},"modified":"2025-12-17T04:54:40","modified_gmt":"2025-12-17T04:54:40","slug":"smoothy-screw","status":"publish","type":"product","link":"https:\/\/xtech-eng.com\/?product=smoothy-screw","title":{"rendered":"Nippon Gear_Smoothy Screw"},"content":{"rendered":"<h1 data-path-to-node=\"2\"><strong>Tr\u1ee5c V\u00edt Smoothy: Gi\u1ea3i Ph\u00e1p Truy\u1ec1n \u0110\u1ed9ng Hi\u1ec7u Su\u1ea5t Cao \u2013 V\u1eadn H\u00e0nh Kh\u00f4ng C\u1ea7n B\u00f4i Tr\u01a1n<\/strong><\/h1>\n<h2 data-path-to-node=\"3\"><strong>Gi\u1edbi Thi\u1ec7u C\u00f4ng Ngh\u1ec7 V\u00edt Me Ti\u00ean Ti\u1ebfn<\/strong><\/h2>\n<p data-path-to-node=\"4\"><b>Tr\u1ee5c V\u00edt Smoothy<\/b> l\u00e0 b\u01b0\u1edbc \u0111\u1ed9t ph\u00e1 trong c\u00f4ng ngh\u1ec7 truy\u1ec1n \u0111\u1ed9ng tuy\u1ebfn t\u00ednh, k\u1ebft h\u1ee3p \u01b0u \u0111i\u1ec3m c\u1ee7a <b>\u0111ai \u1ed1c polymer<\/b> v\u00e0 <b>tr\u1ee5c v\u00edt bi<\/b> \u0111\u1ec3 t\u1ea1o ra m\u1ed9t gi\u1ea3i ph\u00e1p <b>hi\u1ec7u su\u1ea5t cao, b\u1ec1n b\u1ec9 v\u00e0 g\u1ea7n nh\u01b0 kh\u00f4ng c\u1ea7n b\u1ea3o tr\u00ec<\/b>. \u0110\u00e2y l\u00e0 l\u1ef1a ch\u1ecdn l\u00fd t\u01b0\u1edfng cho c\u00e1c nh\u00e0 s\u1ea3n xu\u1ea5t m\u00e1y m\u00f3c \u0111ang t\u00ecm ki\u1ebfm s\u1ef1 m\u01b0\u1ee3t m\u00e0 v\u00e0 ti\u1ebft ki\u1ec7m chi ph\u00ed v\u1eadn h\u00e0nh.<\/p>\n<h2 data-path-to-node=\"5\"><strong>\u0110\u1eb7c \u0110i\u1ec3m N\u1ed5i B\u1eadt &amp; L\u1ee3i \u00cdch C\u1ed1t L\u00f5i<\/strong><\/h2>\n<h3 data-path-to-node=\"6\"><strong>1. Hi\u1ec7u Su\u1ea5t V\u01b0\u1ee3t Tr\u1ed9i v\u00e0 Ti\u1ebft Ki\u1ec7m N\u0103ng L\u01b0\u1ee3ng<\/strong><\/h3>\n<ul data-path-to-node=\"7\">\n<li>\n<p data-path-to-node=\"7,0,0\"><b>Hi\u1ec7u su\u1ea5t truy\u1ec1n \u0111\u1ed9ng cao (50%):<\/b> M\u1ee9c hi\u1ec7u su\u1ea5t n\u00e0y <b>cao h\u01a1n \u0111\u00e1ng k\u1ec3<\/b> so v\u1edbi c\u00e1c lo\u1ea1i v\u00edt me h\u00ecnh thang truy\u1ec1n th\u1ed1ng. \u0110i\u1ec1u n\u00e0y gi\u00fap t\u1ed1i \u01b0u h\u00f3a vi\u1ec7c s\u1eed d\u1ee5ng n\u0103ng l\u01b0\u1ee3ng v\u00e0 gi\u1ea3m t\u1ea3i cho \u0111\u1ed9ng c\u01a1.<\/p>\n<\/li>\n<li>\n<p data-path-to-node=\"7,1,0\"><b>Ma S\u00e1t C\u1ef1c Th\u1ea5p:<\/b> Nh\u1edd v\u1eadt li\u1ec7u \u0111ai \u1ed1c \u0111\u1eb7c bi\u1ec7t, s\u1ea3n ph\u1ea9m mang l\u1ea1i <b>m\u00f4-men xo\u1eafn th\u1ea5p<\/b> v\u00e0 v\u1eadn h\u00e0nh tr\u01a1n tru.<\/p>\n<\/li>\n<\/ul>\n<h3 data-path-to-node=\"8\"><strong>2. V\u1eadn H\u00e0nh M\u01b0\u1ee3t M\u00e0, Kh\u00f4ng C\u1ea7n B\u00f4i Tr\u01a1n (Maintenance-Free)<\/strong><\/h3>\n<ul data-path-to-node=\"9\">\n<li>\n<p data-path-to-node=\"9,0,0\"><b>C\u1ea5u t\u1ea1o \u0110\u01a1n Gi\u1ea3n, Tinh G\u1ecdn:<\/b> Ch\u1ec9 g\u1ed3m hai th\u00e0nh ph\u1ea7n ch\u00ednh:<\/p>\n<ul data-path-to-node=\"9,0,1\">\n<li>\n<p data-path-to-node=\"9,0,1,0,0\"><b>\u0110ai \u1ed1c:<\/b> L\u00e0m t\u1eeb v\u1eadt li\u1ec7u polymer <b>PET (Polyethylene Terephthalate) cao c\u1ea5p<\/b>.<\/p>\n<\/li>\n<li>\n<p data-path-to-node=\"9,0,1,1,0\"><b>Tr\u1ee5c v\u00edt:<\/b> L\u00e0m t\u1eeb <b>th\u00e9p kh\u00f4ng g\u1ec9 SUS<\/b> (Stainless Steel), ch\u1ed1ng \u0103n m\u00f2n.<\/p>\n<\/li>\n<\/ul>\n<\/li>\n<li>\n<p data-path-to-node=\"9,1,0\"><b>Ho\u1ea1t \u0111\u1ed9ng Kh\u00f4ng C\u1ea7n D\u1ea7u M\u1ee1:<\/b> V\u1eadt li\u1ec7u \u0111ai \u1ed1c polymer m\u1edbi cho ph\u00e9p v\u00edt ho\u1ea1t \u0111\u1ed9ng <b>tr\u01a1n tru<\/b> v\u00e0 <b>t\u1ef1 b\u00f4i tr\u01a1n<\/b>, lo\u1ea1i b\u1ecf ho\u00e0n to\u00e0n nhu c\u1ea7u s\u1eed d\u1ee5ng d\u1ea7u m\u1ee1 hay b\u1ea3o tr\u00ec \u0111\u1ecbnh k\u1ef3.<\/p>\n<\/li>\n<\/ul>\n<h3 data-path-to-node=\"10\"><strong>3. \u0110\u1ed9 B\u1ec1n Cao v\u00e0 \u0110\u1ed9 Tin C\u1eady V\u01b0\u1ee3t Tr\u1ed9i<\/strong><\/h3>\n<ul data-path-to-node=\"11\">\n<li>\n<p data-path-to-node=\"11,0,0\"><b>Tu\u1ed5i th\u1ecd D\u00e0i L\u00e2u:<\/b> \u0110ai \u1ed1c polymer c\u00f3 <b>\u0111\u1ed9 b\u1ec1n cao<\/b> v\u00e0 kh\u1ea3 n\u0103ng ch\u1ecbu m\u00e0i m\u00f2n xu\u1ea5t s\u1eafc, \u0111\u1ea3m b\u1ea3o tu\u1ed5i th\u1ecd s\u1ea3n ph\u1ea9m l\u00e2u d\u00e0i v\u00e0 ho\u1ea1t \u0111\u1ed9ng \u1ed5n \u0111\u1ecbnh.<\/p>\n<\/li>\n<li>\n<p data-path-to-node=\"11,1,0\"><b>Ch\u1ea5t L\u01b0\u1ee3ng XTECH:<\/b> S\u1ea3n ph\u1ea9m \u0111\u01b0\u1ee3c <b>gia c\u00f4ng, l\u1eafp r\u00e1p v\u00e0 ki\u1ec3m tra nghi\u00eam ng\u1eb7t<\/b> theo ti\u00eau chu\u1ea9n ch\u1ea5t l\u01b0\u1ee3ng cao, mang l\u1ea1i \u0111\u1ed9 tin c\u1eady tuy\u1ec7t \u0111\u1ed1i cho c\u00e1c \u1ee9ng d\u1ee5ng c\u01a1 kh\u00ed ch\u00ednh x\u00e1c.<\/p>\n<\/li>\n<\/ul>\n<h2 data-path-to-node=\"12\"><strong>\u1ee8ng D\u1ee5ng L\u00fd T\u01b0\u1edfng c\u1ee7a Tr\u1ee5c V\u00edt Smoothy XTECH<\/strong><\/h2>\n<p data-path-to-node=\"13\"><b>Tr\u1ee5c V\u00edt Smoothy XTECH<\/b> l\u00e0 gi\u1ea3i ph\u00e1p t\u1ed1i \u01b0u cho:<\/p>\n<ul data-path-to-node=\"14\">\n<li>\n<p data-path-to-node=\"14,0,0\"><b>C\u01a1 kh\u00ed ch\u00ednh x\u00e1c:<\/b> Y\u00eau c\u1ea7u \u0111\u1ecbnh v\u1ecb m\u01b0\u1ee3t m\u00e0 v\u00e0 \u0111\u1ed9 l\u1eb7p l\u1ea1i cao.<\/p>\n<\/li>\n<li>\n<p data-path-to-node=\"14,1,0\"><b>Thi\u1ebft b\u1ecb t\u1ef1 \u0111\u1ed9ng h\u00f3a:<\/b> C\u1ea7n t\u1ed1c \u0111\u1ed9 v\u00e0 hi\u1ec7u su\u1ea5t \u1ed5n \u0111\u1ecbnh trong m\u00f4i tr\u01b0\u1eddng s\u1ea1ch.<\/p>\n<\/li>\n<li>\n<p data-path-to-node=\"14,2,0\"><b>M\u00e1y m\u00f3c c\u00f4ng nghi\u1ec7p:<\/b> \u01afu ti\u00ean gi\u1ea3m thi\u1ec3u chi ph\u00ed v\u00e0 th\u1eddi gian b\u1ea3o tr\u00ec (Maintenance-Free).<\/p>\n<\/li>\n<\/ul>\n","protected":false},"excerpt":{"rendered":"<p><strong data-start=\"161\" data-end=\"187\">Tr\u1ee5c v\u00edt Smoothy XTECH<\/strong> l\u00e0 gi\u1ea3i ph\u00e1p truy\u1ec1n \u0111\u1ed9ng <strong data-start=\"213\" data-end=\"230\">hi\u1ec7u su\u1ea5t cao<\/strong>, k\u1ebft h\u1ee3p \u01b0u \u0111i\u1ec3m c\u1ee7a <strong data-start=\"252\" data-end=\"265\">v\u00edt me bi<\/strong> v\u00e0 <strong data-start=\"269\" data-end=\"290\">v\u00edt me h\u00ecnh thang<\/strong>. V\u1edbi thi\u1ebft k\u1ebf <strong data-start=\"305\" data-end=\"353\">b\u1ec1n b\u1ec9, v\u1eadn h\u00e0nh m\u01b0\u1ee3t m\u00e0, kh\u00f4ng c\u1ea7n b\u00f4i tr\u01a1n<\/strong>, s\u1ea3n ph\u1ea9m mang l\u1ea1i <strong data-start=\"373\" data-end=\"404\">tu\u1ed5i th\u1ecd d\u00e0i v\u00e0 ma s\u00e1t th\u1ea5p<\/strong>, ph\u00f9 h\u1ee3p cho <strong data-start=\"418\" data-end=\"483\">m\u00e1y m\u00f3c c\u00f4ng nghi\u1ec7p, thi\u1ebft b\u1ecb t\u1ef1 \u0111\u1ed9ng h\u00f3a v\u00e0 c\u01a1 kh\u00ed ch\u00ednh x\u00e1c<\/strong>.<\/p>\n","protected":false},"featured_media":938,"comment_status":"open","ping_status":"closed","template":"","meta":[],"product_brand":[],"product_cat":[21,162],"product_tag":[],"class_list":{"0":"post-392","1":"product","2":"type-product","3":"status-publish","4":"has-post-thumbnail","6":"product_cat-nippon-gear-maker-vi","7":"product_cat-smoothy-screw","9":"first","10":"instock","11":"shipping-taxable","12":"product-type-simple"},"_links":{"self":[{"href":"https:\/\/xtech-eng.com\/index.php?rest_route=\/wp\/v2\/product\/392","targetHints":{"allow":["GET"]}}],"collection":[{"href":"https:\/\/xtech-eng.com\/index.php?rest_route=\/wp\/v2\/product"}],"about":[{"href":"https:\/\/xtech-eng.com\/index.php?rest_route=\/wp\/v2\/types\/product"}],"replies":[{"embeddable":true,"href":"https:\/\/xtech-eng.com\/index.php?rest_route=%2Fwp%2Fv2%2Fcomments&post=392"}],"wp:featuredmedia":[{"embeddable":true,"href":"https:\/\/xtech-eng.com\/index.php?rest_route=\/wp\/v2\/media\/938"}],"wp:attachment":[{"href":"https:\/\/xtech-eng.com\/index.php?rest_route=%2Fwp%2Fv2%2Fmedia&parent=392"}],"wp:term":[{"taxonomy":"product_brand","embeddable":true,"href":"https:\/\/xtech-eng.com\/index.php?rest_route=%2Fwp%2Fv2%2Fproduct_brand&post=392"},{"taxonomy":"product_cat","embeddable":true,"href":"https:\/\/xtech-eng.com\/index.php?rest_route=%2Fwp%2Fv2%2Fproduct_cat&post=392"},{"taxonomy":"product_tag","embeddable":true,"href":"https:\/\/xtech-eng.com\/index.php?rest_route=%2Fwp%2Fv2%2Fproduct_tag&post=392"}],"curies":[{"name":"wp","href":"https:\/\/api.w.org\/{rel}","templated":true}]}}