{"id":430,"date":"2025-08-19T04:20:51","date_gmt":"2025-08-19T04:20:51","guid":{"rendered":"https:\/\/xtech-eng.com\/?post_type=product&#038;p=430"},"modified":"2025-12-17T06:19:06","modified_gmt":"2025-12-17T06:19:06","slug":"jack-system","status":"publish","type":"product","link":"https:\/\/xtech-eng.com\/?product=jack-system","title":{"rendered":"Nippon Gear_Jack System"},"content":{"rendered":"<h1 data-path-to-node=\"2\"><strong>H\u1ec7 Th\u1ed1ng Li\u00ean K\u1ebft, Kh\u1edbp N\u1ed1i &amp; H\u1ed9p S\u1ed1: Gi\u1ea3i Ph\u00e1p Truy\u1ec1n \u0110\u1ed9ng \u0110\u1ed3ng B\u1ed9, Ch\u00ednh X\u00e1c &amp; B\u1ec1n B\u1ec9<\/strong><\/h1>\n<p data-path-to-node=\"3\">\u0110\u1ec3 m\u1ed9t h\u1ec7 th\u1ed1ng n\u00e2ng h\u1ea1 v\u1eadn h\u00e0nh ho\u00e0n h\u1ea3o, c\u00e1c thi\u1ebft b\u1ecb ph\u1ee5 tr\u1ee3 \u0111\u00f3ng vai tr\u00f2 then ch\u1ed1t. Ch\u00fang t\u00f4i cung c\u1ea5p tr\u1ecdn b\u1ed9 <b>H\u1ec7 th\u1ed1ng li\u00ean k\u1ebft (Interlocking Systems)<\/b> \u0111\u1ed3ng b\u1ed9, bao g\u1ed3m kh\u1edbp n\u1ed1i v\u00e0 h\u1ed9p s\u1ed1 chuy\u00ean d\u1ee5ng, \u0111\u1ea3m b\u1ea3o kh\u1ea3 n\u0103ng v\u1eadn h\u00e0nh ch\u00ednh x\u00e1c tuy\u1ec7t \u0111\u1ed1i v\u00e0 tu\u1ed5i th\u1ecd v\u1eadn h\u00e0nh c\u1ef1c cao.<\/p>\n<h2 data-path-to-node=\"4\"><strong>1. Kh\u1edbp N\u1ed1i SFS Series: \u0110\u1ed9 C\u1ee9ng Xo\u1eafn Si\u00eau Cao \u2013 Kh\u00f4ng \u0110\u1ed9 R\u01a1<\/strong><\/h2>\n<p data-path-to-node=\"5\">D\u00f2ng kh\u1edbp n\u1ed1i <b>SFS-W<\/b> v\u00e0 <b>SFS-G<\/b> l\u00e0 linh h\u1ed3n c\u1ee7a c\u00e1c h\u1ec7 th\u1ed1ng truy\u1ec1n \u0111\u1ed9ng c\u1ea7n \u0111\u1ed9 nh\u1ea1y v\u00e0 ch\u00ednh x\u00e1c cao.<\/p>\n<ul data-path-to-node=\"6\">\n<li>\n<p data-path-to-node=\"6,0,0\"><b>\u0110\u1ed9 c\u1ee9ng xo\u1eafn si\u00eau cao:<\/b> Thi\u1ebft k\u1ebf chuy\u00ean d\u1ee5ng gi\u00fap ki\u1ec3m so\u00e1t truy\u1ec1n \u0111\u1ed9ng chu\u1ea9n x\u00e1c \u0111\u1ebfn t\u1eebng milimet, kh\u00f4ng sai l\u1ec7ch d\u01b0\u1edbi t\u1ea3i tr\u1ecdng l\u1edbn.<\/p>\n<\/li>\n<li>\n<p data-path-to-node=\"6,1,0\"><b>C\u00f4ng ngh\u1ec7 No Backlash (Kh\u00f4ng \u0111\u1ed9 r\u01a1):<\/b> S\u1eed d\u1ee5ng c\u01a1 ch\u1ebf truy\u1ec1n \u0111\u1ed9ng b\u1eb1ng ma s\u00e1t, lo\u1ea1i b\u1ecf ho\u00e0n to\u00e0n \u0111\u1ed9 r\u01a1, gi\u00fap h\u1ec7 th\u1ed1ng v\u1eadn h\u00e0nh c\u1ef1c k\u1ef3 \u1ed5n \u0111\u1ecbnh v\u00e0 \u00eam \u00e1i.<\/p>\n<\/li>\n<\/ul>\n<h2 data-path-to-node=\"7\"><strong>2. H\u1ed9p S\u1ed1 B\u00e1nh R\u0103ng C\u00f4n KB &amp; KC: Hi\u1ec7u Su\u1ea5t V\u01b0\u1ee3t Tr\u1ed9i<\/strong><\/h2>\n<p data-path-to-node=\"8\">Ch\u00fang t\u00f4i mang \u0111\u1ebfn hai d\u00f2ng h\u1ed9p s\u1ed1 (Gear Boxes) \u0111\u00e1p \u1ee9ng m\u1ecdi kh\u00f4ng gian v\u00e0 t\u1ea3i tr\u1ecdng l\u1eafp \u0111\u1eb7t:<\/p>\n<h3><strong>H\u1ed9p s\u1ed1 lo\u1ea1i KB (Bearing Type) \u2013 Nh\u1ecf g\u1ecdn &amp; Linh ho\u1ea1t<\/strong><\/h3>\n<ul data-path-to-node=\"10\">\n<li>\n<p data-path-to-node=\"10,0,0\"><b>Thi\u1ebft k\u1ebf t\u1ed1i gi\u1ea3n:<\/b> V\u1ecf nh\u00f4m \u0111\u00fac \u00e1p l\u1ef1c si\u00eau nh\u1eb9 nh\u01b0ng c\u1ef1c b\u1ec1n, ph\u00f9 h\u1ee3p cho c\u00e1c kh\u00f4ng gian h\u1eb9p.<\/p>\n<\/li>\n<li>\n<p data-path-to-node=\"10,1,0\"><b>V\u1eadn h\u00e0nh si\u00eau \u00eam:<\/b> S\u1eed d\u1ee5ng <b>b\u00e1nh r\u0103ng c\u00f4n xo\u1eafn (Spiral Bevel Gear)<\/b> b\u1eb1ng th\u00e9p t\u00f4i c\u1ee9ng b\u1ec1 m\u1eb7t, gi\u00fap gi\u1ea3m ti\u1ebfng \u1ed3n v\u00e0 t\u0103ng hi\u1ec7u su\u1ea5t truy\u1ec1n \u0111\u1ed9ng.<\/p>\n<\/li>\n<li>\n<p data-path-to-node=\"10,2,0\"><b>L\u1eafp \u0111\u1eb7t \u0111a h\u01b0\u1edbng:<\/b> C\u00f3 th\u1ec3 l\u1eafp theo m\u1ecdi h\u01b0\u1edbng, linh ho\u1ea1t tuy\u1ec7t \u0111\u1ed1i cho \u0111\u1ed9i ng\u0169 thi c\u00f4ng.<\/p>\n<\/li>\n<li>\n<p data-path-to-node=\"10,3,0\"><b>Mi\u1ec5n b\u1ea3o d\u01b0\u1ee1ng (Maintenance-free):<\/b> \u0110\u00e3 \u0111\u01b0\u1ee3c b\u01a1m s\u1eb5n m\u1ee1 b\u00f4i tr\u01a1n cao c\u1ea5p t\u1eeb nh\u00e0 m\u00e1y, gi\u00fap ti\u1ebft ki\u1ec7m th\u1eddi gian v\u00e0 chi ph\u00ed v\u1eadn h\u00e0nh.<\/p>\n<\/li>\n<li>\n<p data-path-to-node=\"10,4,0\"><b>T\u1ef7 s\u1ed1 truy\u1ec1n:<\/b> T\u00f9y ch\u1ecdn 1\/1 ho\u1eb7c 1\/2.<\/p>\n<\/li>\n<\/ul>\n<h3 data-path-to-node=\"11\"><strong>H\u1ed9p s\u1ed1 lo\u1ea1i KC \u2013 \u0110\u1ed9 b\u1ec1n &amp; Kh\u1ea3 n\u0103ng ch\u1ecbu t\u1ea3i c\u1ef1c l\u1edbn<\/strong><\/h3>\n<ul data-path-to-node=\"12\">\n<li>\n<p data-path-to-node=\"12,0,0\"><b>K\u1ebft c\u1ea5u v\u1eefng ch\u1eafc:<\/b> V\u1ecf b\u1eb1ng gang ch\u1ecbu l\u1ef1c t\u1ed1t, trang b\u1ecb <b>\u1ed5 l\u0103n c\u00f4n<\/b> \u0111\u1ec3 t\u0103ng c\u01b0\u1eddng kh\u1ea3 n\u0103ng ch\u1ecbu t\u1ea3i tr\u1ecdng n\u1eb7ng v\u00e0 va \u0111\u1eadp.<\/p>\n<\/li>\n<li>\n<p data-path-to-node=\"12,1,0\"><b>Truy\u1ec1n \u0111\u1ed9ng m\u1ea1nh m\u1ebd:<\/b> B\u00e1nh r\u0103ng c\u00f4n xo\u1eafn th\u00e9p h\u1ee3p kim t\u00f4i c\u1ee9ng \u0111\u1ea3m b\u1ea3o truy\u1ec1n l\u1ef1c t\u1ed1i \u0111a m\u00e0 kh\u00f4ng g\u00e2y hao t\u1ed5n n\u0103ng l\u01b0\u1ee3ng.<\/p>\n<\/li>\n<li>\n<p data-path-to-node=\"12,2,0\"><b>B\u00f4i tr\u01a1n t\u1ed1i \u01b0u:<\/b> S\u1eed d\u1ee5ng d\u1ea7u b\u00f4i tr\u01a1n cao c\u1ea5p \u0111\u01b0\u1ee3c b\u01a1m s\u1eb5n, t\u1ed1i \u01b0u h\u00f3a kh\u1ea3 n\u0103ng t\u1ea3n nhi\u1ec7t v\u00e0 gi\u1ea3m ma s\u00e1t.<\/p>\n<\/li>\n<li>\n<p data-path-to-node=\"12,3,0\"><b>T\u1ef7 s\u1ed1 truy\u1ec1n:<\/b> 1\/1 ho\u1eb7c 1\/2 theo nhu c\u1ea7u th\u1ef1c t\u1ebf.<\/p>\n<\/li>\n<\/ul>\n<h3 data-path-to-node=\"13\"><strong>\u01afu \u0110i\u1ec3m Khi S\u1eed D\u1ee5ng H\u1ec7 Th\u1ed1ng \u0110\u1ed3ng B\u1ed9<\/strong><\/h3>\n<p data-path-to-node=\"14\">Vi\u1ec7c k\u1ebft h\u1ee3p K\u00edch v\u00edt c\u00f9ng v\u1edbi Kh\u1edbp n\u1ed1i SFS v\u00e0 H\u1ed9p s\u1ed1 KB\/KC gi\u00fap:<\/p>\n<ul data-path-to-node=\"15\">\n<li>\n<p data-path-to-node=\"15,0,0\"><b>T\u1ed1i \u01b0u h\u00f3a hi\u1ec7u su\u1ea5t:<\/b> Gi\u1ea3m thi\u1ec3u th\u1ea5t tho\u00e1t n\u0103ng l\u01b0\u1ee3ng truy\u1ec1n \u0111\u1ed9ng.<\/p>\n<\/li>\n<li>\n<p data-path-to-node=\"15,1,0\"><b>T\u0103ng tu\u1ed5i th\u1ecd h\u1ec7 th\u1ed1ng:<\/b> C\u00e1c th\u00e0nh ph\u1ea7n \u0111\u01b0\u1ee3c thi\u1ebft k\u1ebf \u0111\u1ec3 t\u01b0\u01a1ng th\u00edch ho\u00e0n h\u1ea3o, gi\u1ea3m rung ch\u1ea5n v\u00e0 m\u00e0i m\u00f2n.<\/p>\n<\/li>\n<li>\n<p data-path-to-node=\"15,2,0\"><b>\u0110\u01a1n gi\u1ea3n h\u00f3a l\u1eafp \u0111\u1eb7t:<\/b> M\u1ecdi thi\u1ebft k\u1ebf \u0111\u1ec1u h\u01b0\u1edbng t\u1edbi s\u1ef1 ti\u1ec7n l\u1ee3i cho ng\u01b0\u1eddi s\u1eed d\u1ee5ng.<\/p>\n<\/li>\n<\/ul>\n","protected":false},"excerpt":{"rendered":"<p data-start=\"334\" data-end=\"493\">H\u1ec7 th\u1ed1ng li\u00ean k\u1ebft, kh\u1edbp n\u1ed1i v\u00e0 h\u1ed9p s\u1ed1 ch\u00ednh x\u00e1c cao. Thi\u1ebft k\u1ebf nh\u1ecf g\u1ecdn, b\u1ec1n b\u1ec9, kh\u00f4ng \u0111\u1ed9 r\u01a1, v\u1eadn h\u00e0nh \u00eam \u00e1i, mi\u1ec5n b\u1ea3o d\u01b0\u1ee1ng.<\/p>\n","protected":false},"featured_media":942,"comment_status":"open","ping_status":"closed","template":"","meta":[],"product_brand":[],"product_cat":[182],"product_tag":[],"class_list":{"0":"post-430","1":"product","2":"type-product","3":"status-publish","4":"has-post-thumbnail","6":"product_cat-jack-system","8":"first","9":"instock","10":"shipping-taxable","11":"product-type-simple"},"_links":{"self":[{"href":"https:\/\/xtech-eng.com\/index.php?rest_route=\/wp\/v2\/product\/430","targetHints":{"allow":["GET"]}}],"collection":[{"href":"https:\/\/xtech-eng.com\/index.php?rest_route=\/wp\/v2\/product"}],"about":[{"href":"https:\/\/xtech-eng.com\/index.php?rest_route=\/wp\/v2\/types\/product"}],"replies":[{"embeddable":true,"href":"https:\/\/xtech-eng.com\/index.php?rest_route=%2Fwp%2Fv2%2Fcomments&post=430"}],"wp:featuredmedia":[{"embeddable":true,"href":"https:\/\/xtech-eng.com\/index.php?rest_route=\/wp\/v2\/media\/942"}],"wp:attachment":[{"href":"https:\/\/xtech-eng.com\/index.php?rest_route=%2Fwp%2Fv2%2Fmedia&parent=430"}],"wp:term":[{"taxonomy":"product_brand","embeddable":true,"href":"https:\/\/xtech-eng.com\/index.php?rest_route=%2Fwp%2Fv2%2Fproduct_brand&post=430"},{"taxonomy":"product_cat","embeddable":true,"href":"https:\/\/xtech-eng.com\/index.php?rest_route=%2Fwp%2Fv2%2Fproduct_cat&post=430"},{"taxonomy":"product_tag","embeddable":true,"href":"https:\/\/xtech-eng.com\/index.php?rest_route=%2Fwp%2Fv2%2Fproduct_tag&post=430"}],"curies":[{"name":"wp","href":"https:\/\/api.w.org\/{rel}","templated":true}]}}