{"id":438,"date":"2025-08-19T04:36:21","date_gmt":"2025-08-19T04:36:21","guid":{"rendered":"https:\/\/xtech-eng.com\/?post_type=product&#038;p=438"},"modified":"2025-12-17T06:28:08","modified_gmt":"2025-12-17T06:28:08","slug":"lsb-series","status":"publish","type":"product","link":"https:\/\/xtech-eng.com\/?product=lsb-series","title":{"rendered":"Nippon Gear_LSB Series"},"content":{"rendered":"<h1 data-path-to-node=\"2\"><strong>B\u1ed9 Truy\u1ec1n \u0110\u1ed9ng \u0110i\u1ec7n LSB Nippon Gear: Gi\u1ea3i Ph\u00e1p \u0110i\u1ec1u Khi\u1ec3n Van Th\u00f4ng Minh &amp; Ch\u1ed1ng N\u01b0\u1edbc Tuy\u1ec7t \u0110\u1ed1i<\/strong><\/h1>\n<p data-path-to-node=\"3\"><b>Nippon Gear<\/b> t\u1ef1 h\u00e0o gi\u1edbi thi\u1ec7u <b>LSB Series<\/b> \u2013 d\u00f2ng b\u1ed9 truy\u1ec1n \u0111\u1ed9ng \u0111i\u1ec7n (Electric Actuator) th\u1ebf h\u1ec7 m\u1edbi, \u0111\u01b0\u1ee3c thi\u1ebft k\u1ebf \u0111\u1ed9t ph\u00e1 v\u1edbi k\u00edch th\u01b0\u1edbc nh\u1ecf g\u1ecdn, tr\u1ecdng l\u01b0\u1ee3ng nh\u1eb9 nh\u01b0ng s\u1edf h\u1eefu s\u1ee9c m\u1ea1nh truy\u1ec1n \u0111\u1ed9ng v\u01b0\u1ee3t tr\u1ed9i. \u0110\u00e2y l\u00e0 gi\u1ea3i ph\u00e1p h\u00e0ng \u0111\u1ea7u th\u1ebf gi\u1edbi cho vi\u1ec7c t\u1ef1 \u0111\u1ed9ng h\u00f3a c\u00e1c lo\u1ea1i van trong nh\u1eefng m\u00f4i tr\u01b0\u1eddng kh\u1eafc nghi\u1ec7t nh\u1ea5t.<\/p>\n<h1 data-path-to-node=\"4\"><strong>\u01afu \u0110i\u1ec3m N\u1ed5i B\u1eadt C\u1ee7a D\u00f2ng LSB<\/strong><\/h1>\n<h3 data-path-to-node=\"5\"><strong>1. Kh\u1ea3 n\u0103ng kh\u00e1ng n\u01b0\u1edbc chu\u1ea9n IP68 (Ng\u1eadp s\u00e2u 10m)<\/strong><\/h3>\n<p data-path-to-node=\"6\">\u0110i\u1ec3m m\u1ea1nh nh\u1ea5t c\u1ee7a LSB Series ch\u00ednh l\u00e0 ti\u00eau chu\u1ea9n b\u1ea3o v\u1ec7 <b>IP68<\/b>. Thi\u1ebft k\u1ebf \u0111\u1eb7c bi\u1ec7t cho ph\u00e9p thi\u1ebft b\u1ecb v\u1eadn h\u00e0nh \u1ed5n \u0111\u1ecbnh ngay c\u1ea3 khi b\u1ecb ng\u1eadp s\u00e2u <b>10 m\u00e9t trong v\u00f2ng 72 gi\u1edd<\/b> li\u00ean t\u1ee5c. \u0110\u00e2y l\u00e0 l\u1ef1a ch\u1ecdn s\u1ed1 1 cho c\u00e1c khu v\u1ef1c c\u00f3 nguy c\u01a1 ng\u1eadp l\u1ee5t ho\u1eb7c tr\u1ea1m x\u1eed l\u00fd n\u01b0\u1edbc.<\/p>\n<h3 data-path-to-node=\"7\"><strong>2. Thi\u1ebft k\u1ebf Nh\u1ecf G\u1ecdn \u2013 C\u00f4ng Su\u1ea5t M\u1ea1nh M\u1ebd<\/strong><\/h3>\n<p data-path-to-node=\"8\">D\u00f9 c\u00f3 ngo\u1ea1i h\u00ecnh tinh g\u1ecdn, LSB Series s\u1edf h\u1eefu <b>m\u00f4-men xo\u1eafn l\u00ean \u0111\u1ebfn 1000 N.m<\/b> v\u00e0 <b>l\u1ef1c \u0111\u1ea9y \u0111\u1ecbnh m\u1ee9c t\u1edbi 160kN<\/b>. B\u00e1nh r\u0103ng si\u00eau b\u1ec1n k\u1ebft h\u1ee3p c\u00f9ng c\u00f4ng t\u1eafc m\u00f4-men v\u00e0 c\u00f4ng t\u1eafc gi\u1edbi h\u1ea1n h\u00e0nh tr\u00ecnh th\u1ebf h\u1ec7 m\u1edbi gi\u00fap ki\u1ec3m so\u00e1t \u0111\u00f3ng\/m\u1edf van ch\u00ednh x\u00e1c tuy\u1ec7t \u0111\u1ed1i.<\/p>\n<h3 data-path-to-node=\"9\"><strong>3. Ch\u1ee9ng ch\u1ec9 Ch\u1ed1ng Ch\u00e1y N\u1ed5 To\u00e0n C\u1ea7u<\/strong><\/h3>\n<p data-path-to-node=\"10\">S\u1ea3n ph\u1ea9m \u0111\u00e1p \u1ee9ng c\u00e1c ti\u00eau chu\u1ea9n kh\u1eaft khe nh\u1ea5t nh\u01b0 <b>IECEx (Exd II CT4 Hydrogen)<\/b>, TIIS, KOSHA, ITRI&#8230; \u0111\u1ea3m b\u1ea3o an to\u00e0n tuy\u1ec7t \u0111\u1ed1i khi v\u1eadn h\u00e0nh trong m\u00f4i tr\u01b0\u1eddng d\u1ec5 ch\u00e1y n\u1ed5 nh\u01b0 ng\u00e0nh d\u1ea7u kh\u00ed v\u00e0 h\u00f3a ch\u1ea5t.<\/p>\n<h2 data-path-to-node=\"11\"><strong>\u1ee8ng D\u1ee5ng Th\u1ef1c T\u1ebf<\/strong><\/h2>\n<p data-path-to-node=\"12\">B\u1ed9 truy\u1ec1n \u0111\u1ed9ng LSB \u0111\u01b0\u1ee3c thi\u1ebft k\u1ebf \u0111\u1ec3 t\u01b0\u01a1ng th\u00edch ho\u00e0n h\u1ea3o v\u1edbi:<\/p>\n<ul data-path-to-node=\"13\">\n<li>\n<p data-path-to-node=\"13,0,0\"><b>K\u1ebft n\u1ed1i tr\u1ef1c ti\u1ebfp:<\/b> C\u00e1c lo\u1ea1i van quay nhi\u1ec1u v\u00f2ng nh\u01b0 <b>van c\u1ed5ng (Gate Valve)<\/b>, van c\u1ea7u, van tr\u01b0\u1ee3t, van x\u1ea3.<\/p>\n<\/li>\n<li>\n<p data-path-to-node=\"13,1,0\"><b>K\u1ebft h\u1ee3p b\u1ed9 gi\u1ea3m t\u1ed1c:<\/b> \u0110i\u1ec1u khi\u1ec3n c\u00e1c lo\u1ea1i van quay m\u1ed9t ph\u1ea7n nh\u01b0 <b>van b\u01b0\u1edbm<\/b>, van ch\u1eb7n, van gi\u1ea3m ch\u1ea5n.<\/p>\n<\/li>\n<li>\n<p data-path-to-node=\"13,2,0\"><b>Ng\u00e0nh c\u00f4ng nghi\u1ec7p:<\/b> Nh\u00e0 m\u00e1y nhi\u1ec7t \u0111i\u1ec7n, th\u1ee7y \u0111i\u1ec7n, x\u1eed l\u00fd n\u01b0\u1edbc th\u1ea3i, d\u1ea7u kh\u00ed, h\u00e0ng h\u1ea3i v\u00e0 s\u1ea3n xu\u1ea5t gi\u1ea5y.<\/p>\n<\/li>\n<\/ul>\n<h2 data-path-to-node=\"14\"><strong>Th\u00f4ng S\u1ed1 K\u1ef9 Thu\u1eadt Chi Ti\u1ebft D\u00f2ng LSB<\/strong><\/h2>\n<div class=\"horizontal-scroll-wrapper\">\n<div class=\"table-block-component\">\n<div class=\"table-block has-export-button\">\n<div class=\"table-content not-end-of-paragraph\" data-hveid=\"0\" data-ved=\"0CAAQ3ecQahgKEwjy5o-pzcORAxUAAAAAHQAAAAAQ9AI\">\n<table data-path-to-node=\"15\">\n<thead>\n<tr>\n<td><span data-path-to-node=\"15,0,0,0\">\u0110\u1eb7c t\u00ednh k\u1ef9 thu\u1eadt<\/span><\/td>\n<td><span data-path-to-node=\"15,0,1,0\">LSB-1<\/span><\/td>\n<td><span data-path-to-node=\"15,0,2,0\">LSB-3<\/span><\/td>\n<td><span data-path-to-node=\"15,0,3,0\">LSB-5<\/span><\/td>\n<\/tr>\n<\/thead>\n<tbody>\n<tr>\n<td><span data-path-to-node=\"15,1,0,0\"><b>M\u00f4-men xo\u1eafn \u0111\u1ecbnh m\u1ee9c<\/b><\/span><\/td>\n<td><span data-path-to-node=\"15,1,1,0\">170 N\u00b7m<\/span><\/td>\n<td><span data-path-to-node=\"15,1,2,0\">550 N\u00b7m<\/span><\/td>\n<td><span data-path-to-node=\"15,1,3,0\">1000 N\u00b7m<\/span><\/td>\n<\/tr>\n<tr>\n<td><span data-path-to-node=\"15,2,0,0\"><b>L\u1ef1c \u0111\u1ea9y \u0111\u1ecbnh m\u1ee9c<\/b><\/span><\/td>\n<td><span data-path-to-node=\"15,2,1,0\">50 kN<\/span><\/td>\n<td><span data-path-to-node=\"15,2,2,0\">130 kN<\/span><\/td>\n<td><span data-path-to-node=\"15,2,3,0\">160 kN<\/span><\/td>\n<\/tr>\n<tr>\n<td><span data-path-to-node=\"15,3,0,0\"><b>C\u00f4ng su\u1ea5t \u0111\u1ed9ng c\u01a1<\/b><\/span><\/td>\n<td><span data-path-to-node=\"15,3,1,0\">0.2 ~ 0.75 kW<\/span><\/td>\n<td><span data-path-to-node=\"15,3,2,0\">0.75 ~ 1.5 kW<\/span><\/td>\n<td><span data-path-to-node=\"15,3,3,0\">2.2 ~ 5.5 kW<\/span><\/td>\n<\/tr>\n<tr>\n<td><span data-path-to-node=\"15,4,0,0\"><b>C\u1ea5p b\u1ea3o v\u1ec7<\/b><\/span><\/td>\n<td><span data-path-to-node=\"15,4,1,0\"><b>IP68<\/b><\/span><\/td>\n<td><span data-path-to-node=\"15,4,2,0\"><b>IP68<\/b><\/span><\/td>\n<td><span data-path-to-node=\"15,4,3,0\"><b>IP68<\/b><\/span><\/td>\n<\/tr>\n<tr>\n<td><span data-path-to-node=\"15,5,0,0\"><b>Ch\u1ee9ng ch\u1ec9 ch\u1ed1ng n\u1ed5<\/b><\/span><\/td>\n<td><span data-path-to-node=\"15,5,1,0\">IECEx, TIIS, KOSHA<\/span><\/td>\n<td><span data-path-to-node=\"15,5,2,0\">IECEx, TIIS, KOSHA<\/span><\/td>\n<td><span data-path-to-node=\"15,5,3,0\">IECEx, TIIS, KOSHA<\/span><\/td>\n<\/tr>\n<tr>\n<td><span data-path-to-node=\"15,6,0,0\"><b>Tr\u1ecdng l\u01b0\u1ee3ng<\/b><\/span><\/td>\n<td><span data-path-to-node=\"15,6,1,0\">31 kg<\/span><\/td>\n<td><span data-path-to-node=\"15,6,2,0\">59 kg<\/span><\/td>\n<td><span data-path-to-node=\"15,6,3,0\">110 kg<\/span><\/td>\n<\/tr>\n<\/tbody>\n<\/table>\n<\/div>\n<div class=\"table-footer hide-from-message-actions ng-star-inserted\"><button class=\"mdc-button mat-mdc-button-base export-sheets-button-container mat-mdc-button mat-unthemed ng-star-inserted\"><span class=\"mdc-button__label\"><span class=\"export-sheets-button\">Xu\u1ea5t sang Trang t\u00ednh<\/span><\/span><\/button><button class=\"mdc-icon-button mat-mdc-icon-button mat-mdc-button-base mat-mdc-tooltip-trigger copy-button mat-unthemed ng-star-inserted\" aria-label=\"Sao che\u0301p ba\u0309ng\" data-test-id=\"copy-table-button\"><\/button><\/div>\n<\/div>\n<\/div>\n<\/div>\n<h2 data-path-to-node=\"16\"><strong>T\u00ednh N\u0103ng T\u00f9y Ch\u1ecdn Linh Ho\u1ea1t<\/strong><\/h2>\n<ul data-path-to-node=\"17\">\n<li>\n<p data-path-to-node=\"17,0,0\"><b>\u0110i\u1ec1u khi\u1ec3n th\u00f4ng minh:<\/b> T\u00f9y ch\u1ecdn b\u1ed9 s\u01b0\u1edfi ti\u00eau chu\u1ea9n, tr\u1ea1m n\u00fat nh\u1ea5n \u0111\u00e8n b\u00e1o t\u00edch h\u1ee3p.<\/p>\n<\/li>\n<li>\n<p data-path-to-node=\"17,1,0\"><b>Ph\u1ea3n h\u1ed3i v\u1ecb tr\u00ed:<\/b> B\u1ed9 ph\u00e1t v\u1ecb tr\u00ed, b\u1ed9 chuy\u1ec3n \u0111\u1ed5i R\/I ho\u1eb7c c\u00f4ng t\u1eafc t\u1eeb cho \u0111i\u1ec1u khi\u1ec3n tuy\u1ebfn t\u00ednh.<\/p>\n<\/li>\n<li>\n<p data-path-to-node=\"17,2,0\"><b>B\u1ea3o tr\u00ec d\u1ec5 d\u00e0ng:<\/b> C\u1ea5u tr\u00fac module gi\u00fap vi\u1ec7c ki\u1ec3m tra v\u00e0 thay th\u1ebf linh ki\u1ec7n tr\u1edf n\u00ean \u0111\u01a1n gi\u1ea3n, gi\u1ea3m t\u1ed1i \u0111a th\u1eddi gian d\u1eebng m\u00e1y.<\/p>\n<\/li>\n<\/ul>\n<div class=\"_tableContainer_sk2ct_1\">\n<div class=\"_tableWrapper_sk2ct_13 group flex w-fit flex-col-reverse\" tabindex=\"-1\"><\/div>\n<\/div>\n","protected":false},"excerpt":{"rendered":"<p><strong data-start=\"571\" data-end=\"621\">B\u1ed9 truy\u1ec1n \u0111\u1ed9ng \u0111i\u1ec7n LSB Series c\u1ee7a Nippon Gear<\/strong> l\u00e0 b\u1ed9 truy\u1ec1n \u0111\u1ed9ng c\u01a1 kh\u00ed ti\u00ean ti\u1ebfn, thi\u1ebft k\u1ebf nh\u1ecf g\u1ecdn, nh\u1eb9 nh\u01b0ng v\u1eabn \u0111\u1ea3m b\u1ea3o momen xo\u1eafn l\u1edbn, \u0111\u1ed9 b\u1ec1n cao v\u00e0 d\u1ec5 b\u1ea3o tr\u00ec. V\u1edbi ti\u00eau chu\u1ea9n b\u1ea3o v\u1ec7 IP68, t\u00f9y ch\u1ecdn ch\u1ed1ng n\u1ed5 v\u00e0 kh\u1ea3 n\u0103ng \u0111i\u1ec1u khi\u1ec3n ch\u00ednh x\u00e1c, \u0111\u00e2y l\u00e0 gi\u1ea3i ph\u00e1p l\u00fd t\u01b0\u1edfng cho nh\u00e0 m\u00e1y \u0111i\u1ec7n, x\u1eed l\u00fd n\u01b0\u1edbc, d\u1ea7u kh\u00ed v\u00e0 c\u00e1c h\u1ec7 th\u1ed1ng t\u1ef1 \u0111\u1ed9ng h\u00f3a c\u00f4ng nghi\u1ec7p.<\/p>\n","protected":false},"featured_media":946,"comment_status":"open","ping_status":"closed","template":"","meta":[],"product_brand":[],"product_cat":[191,189],"product_tag":[],"class_list":{"0":"post-438","1":"product","2":"type-product","3":"status-publish","4":"has-post-thumbnail","6":"product_cat-series","7":"product_cat-valve-actuator","9":"first","10":"instock","11":"shipping-taxable","12":"product-type-simple"},"_links":{"self":[{"href":"https:\/\/xtech-eng.com\/index.php?rest_route=\/wp\/v2\/product\/438","targetHints":{"allow":["GET"]}}],"collection":[{"href":"https:\/\/xtech-eng.com\/index.php?rest_route=\/wp\/v2\/product"}],"about":[{"href":"https:\/\/xtech-eng.com\/index.php?rest_route=\/wp\/v2\/types\/product"}],"replies":[{"embeddable":true,"href":"https:\/\/xtech-eng.com\/index.php?rest_route=%2Fwp%2Fv2%2Fcomments&post=438"}],"wp:featuredmedia":[{"embeddable":true,"href":"https:\/\/xtech-eng.com\/index.php?rest_route=\/wp\/v2\/media\/946"}],"wp:attachment":[{"href":"https:\/\/xtech-eng.com\/index.php?rest_route=%2Fwp%2Fv2%2Fmedia&parent=438"}],"wp:term":[{"taxonomy":"product_brand","embeddable":true,"href":"https:\/\/xtech-eng.com\/index.php?rest_route=%2Fwp%2Fv2%2Fproduct_brand&post=438"},{"taxonomy":"product_cat","embeddable":true,"href":"https:\/\/xtech-eng.com\/index.php?rest_route=%2Fwp%2Fv2%2Fproduct_cat&post=438"},{"taxonomy":"product_tag","embeddable":true,"href":"https:\/\/xtech-eng.com\/index.php?rest_route=%2Fwp%2Fv2%2Fproduct_tag&post=438"}],"curies":[{"name":"wp","href":"https:\/\/api.w.org\/{rel}","templated":true}]}}