{"id":444,"date":"2025-08-19T04:40:50","date_gmt":"2025-08-19T04:40:50","guid":{"rendered":"https:\/\/xtech-eng.com\/?post_type=product&#038;p=444"},"modified":"2025-12-17T06:33:03","modified_gmt":"2025-12-17T06:33:03","slug":"lsb-series-2","status":"publish","type":"product","link":"https:\/\/xtech-eng.com\/?product=lsb-series-2&lang=en","title":{"rendered":"Nippon Gear_LSB Series"},"content":{"rendered":"<h1 data-path-to-node=\"1\"><strong>Nippon Gear LSB Electric Actuator: Intelligent Valve Control &amp; Absolute Waterproof Solution<\/strong><\/h1>\n<p data-path-to-node=\"2\"><b>Nippon Gear<\/b> proudly introduces the <b>LSB Series<\/b> \u2013 a new generation of electric actuators featuring a breakthrough design that is compact and lightweight yet delivers superior driving power. This is a world-class solution for automating valves in the most demanding environments.<\/p>\n<h2 data-path-to-node=\"4\"><strong>Key Advantages of the LSB Series<\/strong><\/h2>\n<h3 data-path-to-node=\"5\"><strong>1. IP68 Waterproof Rating (Submersible up to 10m)<\/strong><\/h3>\n<p data-path-to-node=\"6\">The hallmark of the LSB Series is its <b>IP68<\/b> protection standard. The specialized design allows the device to operate stably even when submerged at a depth of <b>10 meters for 72 consecutive hours<\/b>. It is the #1 choice for flood-prone areas or water treatment stations.<\/p>\n<h3 data-path-to-node=\"7\"><strong>2. Compact Design \u2013 Powerful Output<\/strong><\/h3>\n<p data-path-to-node=\"8\">Despite its streamlined appearance, the LSB Series boasts a <b>torque of up to 1000 N\u00b7m<\/b> and a <b>rated thrust of up to 160kN<\/b>. Ultra-durable gearing combined with next-generation torque and limit switches ensures absolute precision in valve opening and closing control.<\/p>\n<h3 data-path-to-node=\"9\"><strong>3. Global Explosion-Proof Certifications<\/strong><\/h3>\n<p data-path-to-node=\"10\">The product meets the most stringent standards, including <b>IECEx (Exd II CT4 Hydrogen), TIIS, KOSHA, ITRI<\/b>, and more\u2014ensuring maximum safety for operations in explosive environments such as the oil, gas, and chemical industries.<\/p>\n<h2 data-path-to-node=\"12\"><strong>Practical Applications<\/strong><\/h2>\n<p data-path-to-node=\"13\">LSB actuators are designed for perfect compatibility with:<\/p>\n<ul data-path-to-node=\"14\">\n<li>\n<p data-path-to-node=\"14,0,0\"><b>Direct Connection:<\/b> Multi-turn valves such as <b>Gate Valves, Globe Valves, Sluice Valves, and Discharge Valves.<\/b><\/p>\n<\/li>\n<li>\n<p data-path-to-node=\"14,1,0\"><b>Combined with Gearbox:<\/b> Controlling part-turn valves such as <b>Butterfly Valves, Ball Valves, and Dampers.<\/b><\/p>\n<\/li>\n<li>\n<p data-path-to-node=\"14,2,0\"><b>Target Industries:<\/b> Thermal\/Hydroelectric power plants, wastewater treatment, oil and gas, marine, and pulp and paper production.<\/p>\n<\/li>\n<\/ul>\n<h2 data-path-to-node=\"16\"><strong>LSB Series Detailed Technical Specifications<\/strong><\/h2>\n<div class=\"horizontal-scroll-wrapper\">\n<div class=\"table-block-component\">\n<div class=\"table-block has-export-button\">\n<div class=\"table-content not-end-of-paragraph\" data-hveid=\"0\" data-ved=\"0CAAQ3ecQahgKEwjZn8fi5MORAxUAAAAAHQAAAAAQ5gE\">\n<table data-path-to-node=\"17\">\n<thead>\n<tr>\n<td><span data-path-to-node=\"17,0,0,0\">Technical Characteristics<\/span><\/td>\n<td><span data-path-to-node=\"17,0,1,0\">LSB-1<\/span><\/td>\n<td><span data-path-to-node=\"17,0,2,0\">LSB-3<\/span><\/td>\n<td><span data-path-to-node=\"17,0,3,0\">LSB-5<\/span><\/td>\n<\/tr>\n<\/thead>\n<tbody>\n<tr>\n<td><span data-path-to-node=\"17,1,0,0\"><b>Rated Torque<\/b><\/span><\/td>\n<td><span data-path-to-node=\"17,1,1,0\"><span class=\"math-inline\" data-math=\"170 N \\cdot m\"><span class=\"katex\"><span class=\"katex-html\" aria-hidden=\"true\"><span class=\"base\"><span class=\"mord\">170<\/span><span class=\"mord mathnormal\">N<\/span><span class=\"mbin\">\u22c5<\/span><\/span><span class=\"base\"><span class=\"mord mathnormal\">m<\/span><\/span><\/span><\/span><\/span><\/span><\/td>\n<td><span data-path-to-node=\"17,1,2,0\"><span class=\"math-inline\" data-math=\"550 N \\cdot m\"><span class=\"katex\"><span class=\"katex-html\" aria-hidden=\"true\"><span class=\"base\"><span class=\"mord\">550<\/span><span class=\"mord mathnormal\">N<\/span><span class=\"mbin\">\u22c5<\/span><\/span><span class=\"base\"><span class=\"mord mathnormal\">m<\/span><\/span><\/span><\/span><\/span><\/span><\/td>\n<td><span data-path-to-node=\"17,1,3,0\"><span class=\"math-inline\" data-math=\"1000 N \\cdot m\"><span class=\"katex\"><span class=\"katex-html\" aria-hidden=\"true\"><span class=\"base\"><span class=\"mord\">1000<\/span><span class=\"mord mathnormal\">N<\/span><span class=\"mbin\">\u22c5<\/span><\/span><span class=\"base\"><span class=\"mord mathnormal\">m<\/span><\/span><\/span><\/span><\/span><\/span><\/td>\n<\/tr>\n<tr>\n<td><span data-path-to-node=\"17,2,0,0\"><b>Rated Thrust<\/b><\/span><\/td>\n<td><span data-path-to-node=\"17,2,1,0\">50 kN<\/span><\/td>\n<td><span data-path-to-node=\"17,2,2,0\">130 kN<\/span><\/td>\n<td><span data-path-to-node=\"17,2,3,0\">160 kN<\/span><\/td>\n<\/tr>\n<tr>\n<td><span data-path-to-node=\"17,3,0,0\"><b>Motor Output<\/b><\/span><\/td>\n<td><span data-path-to-node=\"17,3,1,0\">0.2 ~ 0.75 kW<\/span><\/td>\n<td><span data-path-to-node=\"17,3,2,0\">0.75 ~ 1.5 kW<\/span><\/td>\n<td><span data-path-to-node=\"17,3,3,0\">2.2 ~ 5.5 kW<\/span><\/td>\n<\/tr>\n<tr>\n<td><span data-path-to-node=\"17,4,0,0\"><b>Protection Class<\/b><\/span><\/td>\n<td><span data-path-to-node=\"17,4,1,0\">IP68<\/span><\/td>\n<td><span data-path-to-node=\"17,4,2,0\">IP68<\/span><\/td>\n<td><span data-path-to-node=\"17,4,3,0\">IP68<\/span><\/td>\n<\/tr>\n<tr>\n<td><span data-path-to-node=\"17,5,0,0\"><b>Explosion-Proof Cert.<\/b><\/span><\/td>\n<td><span data-path-to-node=\"17,5,1,0\">IECEx, TIIS, KOSHA<\/span><\/td>\n<td><span data-path-to-node=\"17,5,2,0\">IECEx, TIIS, KOSHA<\/span><\/td>\n<td><span data-path-to-node=\"17,5,3,0\">IECEx, TIIS, KOSHA<\/span><\/td>\n<\/tr>\n<tr>\n<td><span data-path-to-node=\"17,6,0,0\"><b>Weight<\/b><\/span><\/td>\n<td><span data-path-to-node=\"17,6,1,0\">31 kg<\/span><\/td>\n<td><span data-path-to-node=\"17,6,2,0\">59 kg<\/span><\/td>\n<td><span data-path-to-node=\"17,6,3,0\">110 kg<\/span><\/td>\n<\/tr>\n<\/tbody>\n<\/table>\n<\/div>\n<\/div>\n<\/div>\n<\/div>\n<h2 data-path-to-node=\"19\"><strong>Flexible Optional Features<\/strong><\/h2>\n<ul data-path-to-node=\"20\">\n<li>\n<p data-path-to-node=\"20,0,0\"><b>Smart Control:<\/b> Optional standard space heaters and integrated local control stations (push buttons and indicator lights).<\/p>\n<\/li>\n<li>\n<p data-path-to-node=\"20,1,0\"><b>Position Feedback:<\/b> Position transmitters, R\/I converters, or magnetic switches for linear control.<\/p>\n<\/li>\n<li>\n<p data-path-to-node=\"20,2,0\"><b>Easy Maintenance:<\/b> Modular construction simplifies inspection and component replacement, minimizing system downtime.<\/p>\n<\/li>\n<\/ul>\n<div class=\"_tableContainer_sk2ct_1\">\n<div class=\"_tableWrapper_sk2ct_13 group flex w-fit flex-col-reverse\" tabindex=\"-1\"><\/div>\n<\/div>\n","protected":false},"excerpt":{"rendered":"<p><strong data-start=\"571\" data-end=\"621\">B\u1ed9 truy\u1ec1n \u0111\u1ed9ng \u0111i\u1ec7n LSB Series c\u1ee7a Nippon Gear<\/strong> l\u00e0 b\u1ed9 truy\u1ec1n \u0111\u1ed9ng c\u01a1 kh\u00ed ti\u00ean ti\u1ebfn, thi\u1ebft k\u1ebf nh\u1ecf g\u1ecdn, nh\u1eb9 nh\u01b0ng v\u1eabn \u0111\u1ea3m b\u1ea3o momen xo\u1eafn l\u1edbn, \u0111\u1ed9 b\u1ec1n cao v\u00e0 d\u1ec5 b\u1ea3o tr\u00ec. V\u1edbi ti\u00eau chu\u1ea9n b\u1ea3o v\u1ec7 IP68, t\u00f9y ch\u1ecdn ch\u1ed1ng n\u1ed5 v\u00e0 kh\u1ea3 n\u0103ng \u0111i\u1ec1u khi\u1ec3n ch\u00ednh x\u00e1c, \u0111\u00e2y l\u00e0 gi\u1ea3i ph\u00e1p l\u00fd t\u01b0\u1edfng cho nh\u00e0 m\u00e1y \u0111i\u1ec7n, x\u1eed l\u00fd n\u01b0\u1edbc, d\u1ea7u kh\u00ed v\u00e0 c\u00e1c h\u1ec7 th\u1ed1ng t\u1ef1 \u0111\u1ed9ng h\u00f3a c\u00f4ng nghi\u1ec7p.<\/p>\n","protected":false},"featured_media":946,"comment_status":"open","ping_status":"closed","template":"","meta":[],"product_brand":[],"product_cat":[193],"product_tag":[],"class_list":{"0":"post-444","1":"product","2":"type-product","3":"status-publish","4":"has-post-thumbnail","6":"product_cat-lsb-series","8":"first","9":"instock","10":"shipping-taxable","11":"product-type-simple"},"_links":{"self":[{"href":"https:\/\/xtech-eng.com\/index.php?rest_route=\/wp\/v2\/product\/444","targetHints":{"allow":["GET"]}}],"collection":[{"href":"https:\/\/xtech-eng.com\/index.php?rest_route=\/wp\/v2\/product"}],"about":[{"href":"https:\/\/xtech-eng.com\/index.php?rest_route=\/wp\/v2\/types\/product"}],"replies":[{"embeddable":true,"href":"https:\/\/xtech-eng.com\/index.php?rest_route=%2Fwp%2Fv2%2Fcomments&post=444"}],"wp:featuredmedia":[{"embeddable":true,"href":"https:\/\/xtech-eng.com\/index.php?rest_route=\/wp\/v2\/media\/946"}],"wp:attachment":[{"href":"https:\/\/xtech-eng.com\/index.php?rest_route=%2Fwp%2Fv2%2Fmedia&parent=444"}],"wp:term":[{"taxonomy":"product_brand","embeddable":true,"href":"https:\/\/xtech-eng.com\/index.php?rest_route=%2Fwp%2Fv2%2Fproduct_brand&post=444"},{"taxonomy":"product_cat","embeddable":true,"href":"https:\/\/xtech-eng.com\/index.php?rest_route=%2Fwp%2Fv2%2Fproduct_cat&post=444"},{"taxonomy":"product_tag","embeddable":true,"href":"https:\/\/xtech-eng.com\/index.php?rest_route=%2Fwp%2Fv2%2Fproduct_tag&post=444"}],"curies":[{"name":"wp","href":"https:\/\/api.w.org\/{rel}","templated":true}]}}