{"id":492,"date":"2025-09-16T04:28:47","date_gmt":"2025-09-16T04:28:47","guid":{"rendered":"https:\/\/xtech-eng.com\/?post_type=product&#038;p=492"},"modified":"2025-12-31T06:58:35","modified_gmt":"2025-12-31T06:58:35","slug":"ac-motor-for-hydraulic-gate-general-purpose-characteristics-2","status":"publish","type":"product","link":"https:\/\/xtech-eng.com\/?product=ac-motor-for-hydraulic-gate-general-purpose-characteristics-2","title":{"rendered":"Nippon Gear_AC motor for hydraulic gate (General-purpose characteristics)"},"content":{"rendered":"<h1 data-path-to-node=\"3\"><strong>\u0110\u1ed9ng C\u01a1 \u0110i\u1ec1u Khi\u1ec3n C\u1eeda Van Th\u1ee7y L\u1ef1c &amp; C\u1eeda X\u1ea3 L\u0169: Ti\u00eau Chu\u1ea9n K\u1ef9 Thu\u1eadt V\u01b0\u1ee3t Tr\u1ed9i<\/strong><\/h1>\n<h2 data-path-to-node=\"4\"><strong>1. T\u1ed5ng quan s\u1ea3n ph\u1ea9m<\/strong><\/h2>\n<p data-path-to-node=\"5\">D\u00f2ng \u0111\u1ed9ng c\u01a1 \u0111\u01b0\u1ee3c thi\u1ebft k\u1ebf v\u00e0 ch\u1ebf t\u1ea1o tu\u00e2n th\u1ee7 nghi\u00eam ng\u1eb7t c\u00e1c <b data-path-to-node=\"5\" data-index-in-node=\"63\">ti\u00eau chu\u1ea9n k\u1ef9 thu\u1eadt cho c\u00f4ng tr\u00ecnh \u0111\u1eadp, c\u1eeda x\u1ea3 l\u0169 v\u00e0 c\u1eeda phai th\u1ee7y l\u1ef1c<\/b>. \u0110\u00e2y l\u00e0 gi\u1ea3i ph\u00e1p truy\u1ec1n \u0111\u1ed9ng chuy\u00ean bi\u1ec7t, \u0111\u00e1p \u1ee9ng c\u00e1c y\u00eau c\u1ea7u kh\u1eaft khe v\u1ec1 \u0111\u1ed9 an to\u00e0n v\u00e0 t\u00ednh s\u1eb5n s\u00e0ng cao trong qu\u1ea3n l\u00fd ngu\u1ed3n n\u01b0\u1edbc v\u00e0 an to\u00e0n \u0111\u00ea \u0111i\u1ec1u.<\/p>\n<h2 data-path-to-node=\"6\"><strong>2. \u0110\u1eb7c \u0111i\u1ec3m k\u1ef9 thu\u1eadt n\u1ed5i b\u1eadt<\/strong><\/h2>\n<ul data-path-to-node=\"7\">\n<li>\n<p data-path-to-node=\"7,0,0\"><b data-path-to-node=\"7,0,0\" data-index-in-node=\"0\">\u0110\u1ed9ng c\u01a1 lo\u1ea1i 70 chuy\u00ean d\u1ee5ng:<\/b> \u0110\u01b0\u1ee3c ph\u00e1t tri\u1ec3n b\u1edfi <b data-path-to-node=\"7,0,0\" data-index-in-node=\"49\">Meidensha Corporation<\/b>, t\u1ed1i \u01b0u ri\u00eang cho \u1ee9ng d\u1ee5ng c\u1eeda van th\u1ee7y l\u1ef1c v\u1edbi t\u00edch h\u1ee3p phanh c\u01a1 kh\u00ed v\u00e0 c\u00e1ch \u0111i\u1ec7n c\u1ea5p B.<\/p>\n<\/li>\n<li>\n<p data-path-to-node=\"7,1,0\"><b data-path-to-node=\"7,1,0\" data-index-in-node=\"0\">V\u1eadn h\u00e0nh linh ho\u1ea1t:<\/b> * Ch\u1ebf \u0111\u1ed9 ti\u00eau chu\u1ea9n: Ho\u1ea1t \u0111\u1ed9ng \u0111\u1ecbnh m\u1ee9c trong <b data-path-to-node=\"7,1,0\" data-index-in-node=\"66\">30 ph\u00fat<\/b>.<\/p>\n<ul data-path-to-node=\"7,1,1\">\n<li>\n<p data-path-to-node=\"7,1,1,0,0\">Ch\u1ebf \u0111\u1ed9 n\u00e2ng cao: Khi trang b\u1ecb th\u00eam qu\u1ea1t l\u00e0m m\u00e1t, \u0111\u1ed9ng c\u01a1 c\u00f3 th\u1ec3 v\u1eadn h\u00e0nh \u1edf tr\u1ea1ng th\u00e1i <b data-path-to-node=\"7,1,1,0,0\" data-index-in-node=\"86\">li\u00ean t\u1ee5c (Constant-rated)<\/b>, ph\u00f9 h\u1ee3p cho c\u00e1c khu v\u1ef1c c\u1ea7n \u0111i\u1ec1u ti\u1ebft d\u00f2ng ch\u1ea3y th\u01b0\u1eddng xuy\u00ean.<\/p>\n<\/li>\n<\/ul>\n<\/li>\n<li>\n<p data-path-to-node=\"7,2,0\"><b data-path-to-node=\"7,2,0\" data-index-in-node=\"0\">Ch\u1ed1ng ch\u1ecbu m\u00f4i tr\u01b0\u1eddng kh\u1eafc nghi\u1ec7t:<\/b> * D\u00e2y qu\u1ea5n \u0111\u01b0\u1ee3c x\u1eed l\u00fd c\u00e1ch \u0111i\u1ec7n v\u00e0 ch\u1ed1ng \u1ea9m \u0111\u1eb7c bi\u1ec7t, ng\u0103n ng\u1eeba s\u1ef1 c\u1ed1 ch\u1eadp ch\u00e1y trong m\u00f4i tr\u01b0\u1eddng \u0111\u1ed9 \u1ea9m cao t\u1ea1i c\u00e1c l\u01b0u v\u1ef1c s\u00f4ng, \u0111\u1eadp.<\/p>\n<ul data-path-to-node=\"7,2,1\">\n<li>\n<p data-path-to-node=\"7,2,1,0,0\">H\u1ed9p c\u1ef1c \u0111\u1ea5u d\u00e2y thi\u1ebft k\u1ebf <b data-path-to-node=\"7,2,1,0,0\" data-index-in-node=\"25\">k\u00edn ho\u00e0n to\u00e0n (IP55)<\/b>, \u0111\u1ea3m b\u1ea3o v\u1eadn h\u00e0nh ngo\u00e0i tr\u1eddi b\u1ec1n b\u1ec9 d\u01b0\u1edbi t\u00e1c \u0111\u1ed9ng c\u1ee7a m\u01b0a b\u00e3o v\u00e0 b\u1ee5i b\u1ea9n.<\/p>\n<\/li>\n<\/ul>\n<\/li>\n<li>\n<p data-path-to-node=\"7,3,0\"><b data-path-to-node=\"7,3,0\" data-index-in-node=\"0\">Hi\u1ec7u su\u1ea5t momen xo\u1eafn \u1ea5n t\u01b0\u1ee3ng:<\/b> Momen xo\u1eafn kh\u1edfi \u0111\u1ed9ng \u0111\u1ea1t tr\u00ean <b data-path-to-node=\"7,3,0\" data-index-in-node=\"61\">200%<\/b> v\u00e0 momen xo\u1eafn c\u1ef1c \u0111\u1ea1i l\u00ean t\u1edbi h\u01a1n <b data-path-to-node=\"7,3,0\" data-index-in-node=\"100\">300%<\/b>, gi\u00fap \u0111\u00f3ng\/m\u1edf c\u00e1c c\u1eeda van n\u1eb7ng n\u1ec1 m\u1ed9t c\u00e1ch d\u1ec5 d\u00e0ng ngay c\u1ea3 trong \u0111i\u1ec1u ki\u1ec7n \u00e1p l\u1ef1c n\u01b0\u1edbc l\u1edbn.<\/p>\n<\/li>\n<\/ul>\n<h2 data-path-to-node=\"8\"><strong>3. Th\u00f4ng s\u1ed1 k\u1ef9 thu\u1eadt chi ti\u1ebft<\/strong><\/h2>\n<div class=\"horizontal-scroll-wrapper\">\n<div class=\"table-block-component\">\n<div class=\"table-block has-export-button\">\n<div class=\"table-content not-end-of-paragraph\" data-hveid=\"0\" data-ved=\"0CAAQ3ecQahgKEwj8_5bH0eWRAxUAAAAAHQAAAAAQrgI\">\n<table data-path-to-node=\"9\">\n<thead>\n<tr>\n<td><span data-path-to-node=\"9,0,0,0\">Th\u00f4ng s\u1ed1<\/span><\/td>\n<td><span data-path-to-node=\"9,0,1,0\">Chi ti\u1ebft k\u1ef9 thu\u1eadt<\/span><\/td>\n<\/tr>\n<\/thead>\n<tbody>\n<tr>\n<td><span data-path-to-node=\"9,1,0,0\"><b data-path-to-node=\"9,1,0,0\" data-index-in-node=\"0\">Lo\u1ea1i \u0111\u1ed9ng c\u01a1<\/b><\/span><\/td>\n<td><span data-path-to-node=\"9,1,1,0\">Type 70 (S\u1ea3n xu\u1ea5t b\u1edfi Meidensha)<\/span><\/td>\n<\/tr>\n<tr>\n<td><span data-path-to-node=\"9,2,0,0\"><b data-path-to-node=\"9,2,0,0\" data-index-in-node=\"0\">S\u1ed1 c\u1ef1c<\/b><\/span><\/td>\n<td><span data-path-to-node=\"9,2,1,0\">4 c\u1ef1c (Tetrapolar)<\/span><\/td>\n<\/tr>\n<tr>\n<td><span data-path-to-node=\"9,3,0,0\"><b data-path-to-node=\"9,3,0,0\" data-index-in-node=\"0\">L\u1edbp c\u00e1ch \u0111i\u1ec7n<\/b><\/span><\/td>\n<td><span data-path-to-node=\"9,3,1,0\">C\u1ea5p B (Class B)<\/span><\/td>\n<\/tr>\n<tr>\n<td><span data-path-to-node=\"9,4,0,0\"><b data-path-to-node=\"9,4,0,0\" data-index-in-node=\"0\">Momen xo\u1eafn kh\u1edfi \u0111\u1ed9ng<\/b><\/span><\/td>\n<td><span data-path-to-node=\"9,4,1,0\">\u2265 200% momen \u0111\u1ecbnh m\u1ee9c<\/span><\/td>\n<\/tr>\n<tr>\n<td><span data-path-to-node=\"9,5,0,0\"><b data-path-to-node=\"9,5,0,0\" data-index-in-node=\"0\">Momen xo\u1eafn c\u1ef1c \u0111\u1ea1i<\/b><\/span><\/td>\n<td><span data-path-to-node=\"9,5,1,0\">\u2265 300% momen \u0111\u1ecbnh m\u1ee9c<\/span><\/td>\n<\/tr>\n<tr>\n<td><span data-path-to-node=\"9,6,0,0\"><b data-path-to-node=\"9,6,0,0\" data-index-in-node=\"0\">Th\u1eddi gian \u0111\u1ecbnh m\u1ee9c<\/b><\/span><\/td>\n<td><span data-path-to-node=\"9,6,1,0\">30 ph\u00fat (Kh\u00f4ng qu\u1ea1t) \/ Li\u00ean t\u1ee5c (C\u00f3 qu\u1ea1t)<\/span><\/td>\n<\/tr>\n<tr>\n<td><span data-path-to-node=\"9,7,0,0\"><b data-path-to-node=\"9,7,0,0\" data-index-in-node=\"0\">C\u1ea5p b\u1ea3o v\u1ec7<\/b><\/span><\/td>\n<td><span data-path-to-node=\"9,7,1,0\">IP55 (Kh\u00f4ng qu\u1ea1t) \/ IP44 (C\u00f3 qu\u1ea1t)<\/span><\/td>\n<\/tr>\n<tr>\n<td><span data-path-to-node=\"9,8,0,0\"><b data-path-to-node=\"9,8,0,0\" data-index-in-node=\"0\">H\u1ec7 th\u1ed1ng phanh<\/b><\/span><\/td>\n<td><span data-path-to-node=\"9,8,1,0\">Momen phanh \u2265 150% momen \u0111\u1ecbnh m\u1ee9c<\/span><\/td>\n<\/tr>\n<tr>\n<td><span data-path-to-node=\"9,9,0,0\"><b data-path-to-node=\"9,9,0,0\" data-index-in-node=\"0\">Ngu\u1ed3n \u0111i\u1ec7n<\/b><\/span><\/td>\n<td><span data-path-to-node=\"9,9,1,0\">3 pha AC (200V\/400V\/440V &#8211; 50Hz\/60Hz)<\/span><\/td>\n<\/tr>\n<\/tbody>\n<\/table>\n<\/div>\n<div class=\"table-footer hide-from-message-actions ng-star-inserted\"><button class=\"mdc-button mat-mdc-button-base export-sheets-button-container mat-mdc-button mat-unthemed ng-star-inserted\"><span class=\"mdc-button__label\"><span class=\"export-sheets-button\">Xu\u1ea5t sang Trang t\u00ednh<\/span><\/span><\/button><button class=\"mdc-icon-button mat-mdc-icon-button mat-mdc-button-base mat-mdc-tooltip-trigger copy-button mat-unthemed ng-star-inserted\" aria-label=\"Sao che\u0301p ba\u0309ng\" data-test-id=\"copy-table-button\"><\/button><\/div>\n<\/div>\n<\/div>\n<\/div>\n<h2 data-path-to-node=\"10\"><strong>4. T\u1ea1i sao n\u00ean ch\u1ecdn gi\u1ea3i ph\u00e1p c\u1ee7a ch\u00fang t\u00f4i?<\/strong><\/h2>\n<ol start=\"1\" data-path-to-node=\"11\">\n<li>\n<p data-path-to-node=\"11,0,0\"><b data-path-to-node=\"11,0,0\" data-index-in-node=\"0\">\u0110\u1ed9 tin c\u1eady tuy\u1ec7t \u0111\u1ed1i:<\/b> Tu\u00e2n th\u1ee7 c\u00e1c d\u1ef1 th\u1ea3o ti\u00eau chu\u1ea9n k\u1ef9 thu\u1eadt m\u1edbi nh\u1ea5t cho c\u1eeda van th\u1ee7y l\u1ef1c.<\/p>\n<\/li>\n<li>\n<p data-path-to-node=\"11,1,0\"><b data-path-to-node=\"11,1,0\" data-index-in-node=\"0\">T\u1ed1i \u01b0u h\u00f3a qu\u1ea3n l\u00fd:<\/b> M\u1ed9t model c\u00f3 kh\u1ea3 n\u0103ng t\u01b0\u01a1ng th\u00edch v\u1edbi nhi\u1ec1u d\u1ea3i c\u00f4ng su\u1ea5t, gi\u00fap \u0111\u01a1n gi\u1ea3n h\u00f3a vi\u1ec7c l\u1ef1a ch\u1ecdn thi\u1ebft b\u1ecb v\u00e0 qu\u1ea3n l\u00fd ph\u1ee5 t\u00f9ng thay th\u1ebf.<\/p>\n<\/li>\n<li>\n<p data-path-to-node=\"11,2,0\"><b data-path-to-node=\"11,2,0\" data-index-in-node=\"0\">An to\u00e0n v\u1eadn h\u00e0nh:<\/b> H\u1ec7 th\u1ed1ng phanh m\u1ea1nh m\u1ebd \u0111\u1ea3m b\u1ea3o c\u1eeda van \u0111\u01b0\u1ee3c gi\u1eef c\u1ed1 \u0111\u1ecbnh t\u1ea1i m\u1ecdi v\u1ecb tr\u00ed h\u00e0nh tr\u00ecnh, ng\u0103n ng\u1eeba hi\u1ec7n t\u01b0\u1ee3ng t\u1ef1 tr\u00f4i do \u00e1p l\u1ef1c n\u01b0\u1edbc.<\/p>\n<\/li>\n<\/ol>\n","protected":false},"excerpt":{"rendered":"<p>\u0110\u1ed9ng C\u01a1 \u0110i\u1ec1u Khi\u1ec3n C\u1eeda Van Th\u1ee7y L\u1ef1c &amp; C\u1eeda X\u1ea3 L\u0169: Ti\u00eau Chu\u1ea9n K\u1ef9 Thu\u1eadt V\u01b0\u1ee3t Tr\u1ed9i 1. T\u1ed5ng quan s\u1ea3n ph\u1ea9m D\u00f2ng \u0111\u1ed9ng c\u01a1 \u0111\u01b0\u1ee3c thi\u1ebft k\u1ebf v\u00e0 ch\u1ebf t\u1ea1o tu\u00e2n th\u1ee7 nghi\u00eam ng\u1eb7t c\u00e1c ti\u00eau chu\u1ea9n k\u1ef9 thu\u1eadt cho c\u00f4ng tr\u00ecnh \u0111\u1eadp, c\u1eeda x\u1ea3 l\u0169 v\u00e0 c\u1eeda phai th\u1ee7y l\u1ef1c. \u0110\u00e2y l\u00e0&#8230;<\/p>\n","protected":false},"featured_media":0,"comment_status":"open","ping_status":"closed","template":"","meta":[],"product_brand":[],"product_cat":[198],"product_tag":[],"class_list":{"0":"post-492","1":"product","2":"type-product","3":"status-publish","5":"product_cat-special-motor-option-vi","7":"first","8":"instock","9":"shipping-taxable","10":"product-type-simple"},"_links":{"self":[{"href":"https:\/\/xtech-eng.com\/index.php?rest_route=\/wp\/v2\/product\/492","targetHints":{"allow":["GET"]}}],"collection":[{"href":"https:\/\/xtech-eng.com\/index.php?rest_route=\/wp\/v2\/product"}],"about":[{"href":"https:\/\/xtech-eng.com\/index.php?rest_route=\/wp\/v2\/types\/product"}],"replies":[{"embeddable":true,"href":"https:\/\/xtech-eng.com\/index.php?rest_route=%2Fwp%2Fv2%2Fcomments&post=492"}],"wp:attachment":[{"href":"https:\/\/xtech-eng.com\/index.php?rest_route=%2Fwp%2Fv2%2Fmedia&parent=492"}],"wp:term":[{"taxonomy":"product_brand","embeddable":true,"href":"https:\/\/xtech-eng.com\/index.php?rest_route=%2Fwp%2Fv2%2Fproduct_brand&post=492"},{"taxonomy":"product_cat","embeddable":true,"href":"https:\/\/xtech-eng.com\/index.php?rest_route=%2Fwp%2Fv2%2Fproduct_cat&post=492"},{"taxonomy":"product_tag","embeddable":true,"href":"https:\/\/xtech-eng.com\/index.php?rest_route=%2Fwp%2Fv2%2Fproduct_tag&post=492"}],"curies":[{"name":"wp","href":"https:\/\/api.w.org\/{rel}","templated":true}]}}