{"id":494,"date":"2025-09-16T04:36:49","date_gmt":"2025-09-16T04:36:49","guid":{"rendered":"https:\/\/xtech-eng.com\/?post_type=product&#038;p=494"},"modified":"2025-12-31T06:55:47","modified_gmt":"2025-12-31T06:55:47","slug":"dc-motor-2","status":"publish","type":"product","link":"https:\/\/xtech-eng.com\/?product=dc-motor-2","title":{"rendered":"Nippon Gear_DC motor"},"content":{"rendered":"<h1 data-start=\"169\" data-end=\"181\"><strong>Gi\u1edbi thi\u1ec7u<\/strong><\/h1>\n<p data-start=\"1837\" data-end=\"1919\">C\u00f3 hai ph\u01b0\u01a1ng ph\u00e1p \u0111\u00e3 \u0111\u01b0\u1ee3c ch\u1ee9ng minh \u0111\u1ec3 v\u1eadn h\u00e0nh actuator ngay c\u1ea3 khi m\u1ea5t \u0111i\u1ec7n:<\/p>\n<ol data-start=\"1920\" data-end=\"1992\">\n<li data-start=\"1920\" data-end=\"1947\">\n<p data-start=\"1923\" data-end=\"1947\">S\u1eed d\u1ee5ng <strong data-start=\"1931\" data-end=\"1945\">\u0111\u1ed9ng c\u01a1 DC<\/strong><\/p>\n<\/li>\n<li data-start=\"1948\" data-end=\"1992\">\n<p data-start=\"1951\" data-end=\"1992\">S\u1eed d\u1ee5ng <strong data-start=\"1959\" data-end=\"1990\">\u0111\u1ed9ng c\u01a1 kh\u00ed n\u00e9n (air motor)<\/strong><\/p>\n<\/li>\n<\/ol>\n<p data-start=\"1994\" data-end=\"2153\">Trong l\u1ecbch s\u1eed, <strong data-start=\"2009\" data-end=\"2037\">actuator lo\u1ea1i \u0111\u1ed9ng c\u01a1 DC<\/strong> th\u01b0\u1eddng \u0111\u01b0\u1ee3c d\u00f9ng cho <strong data-start=\"2059\" data-end=\"2083\">van c\u00e1ch ly kh\u1ea9n c\u1ea5p<\/strong> t\u1ea1i nhi\u1ec1u nh\u00e0 m\u00e1y \u0111i\u1ec7n, c\u0169ng nh\u01b0 trong <strong data-start=\"2123\" data-end=\"2150\">h\u1ec7 th\u1ed1ng c\u1ea5p tho\u00e1t n\u01b0\u1edbc<\/strong>.<\/p>\n<h1 data-start=\"497\" data-end=\"528\"><strong>Y\u00eau c\u1ea7u \u0111\u1ed1i v\u1edbi \u0111\u1ed9ng c\u01a1 DC<\/strong><\/h1>\n<ol>\n<li><strong data-start=\"2195\" data-end=\"2233\">\u0110\u1eb7c t\u00ednh m\u00f4-men xo\u1eafn kh\u1edfi \u0111\u1ed9ng cao<\/strong>, ph\u00f9 h\u1ee3p \u0111\u1eb7c t\u00ednh v\u1eadn h\u00e0nh c\u1ee7a van.<\/li>\n<li><strong data-start=\"2275\" data-end=\"2351\">\u0110\u1ed9ng c\u01a1 c\u00f3 th\u1ec3 kh\u1edfi \u0111\u1ed9ng tr\u1ef1c ti\u1ebfp b\u1eb1ng \u0111\u01b0\u1eddng d\u00e2y (line starting method)<\/strong>:<br data-start=\"2352\" data-end=\"2355\" \/>\u2013 Kh\u00f4ng c\u1ea7n \u0111i\u1ec7n tr\u1edf h\u1ea1n d\u00f2ng khi kh\u1edfi \u0111\u1ed9ng, c\u0169ng kh\u00f4ng c\u1ea7n m\u1ea1ch chuy\u1ec3n \u0111\u1ed5i ph\u1ee9c t\u1ea1p nh\u01b0 \u0111\u1ed9ng c\u01a1 DC th\u00f4ng th\u01b0\u1eddng.<br data-start=\"2471\" data-end=\"2474\" \/>\u2013 Gi\u00fap \u0111\u01a1n gi\u1ea3n h\u00f3a m\u1ea1ch \u0111i\u1ec7n t\u1ed5ng th\u1ec3.<\/li>\n<li style=\"list-style-type: none;\"><\/li>\n<\/ol>\n<h1><strong>Th\u00f4ng s\u1ed1 k\u1ef9 thu\u1eadt c\u1ee7a \u0111\u1ed9ng c\u01a1 DC<\/strong><\/h1>\n<ol>\n<li data-start=\"2563\" data-end=\"2636\">\n<p data-start=\"2566\" data-end=\"2636\"><strong data-start=\"2566\" data-end=\"2582\">Ki\u1ec3u k\u00edch t\u1eeb<\/strong>: T\u1ef1 k\u00edch \/ H\u1ee3p ch\u1ea5t t\u00edch l\u0169y (cumulative compound).<\/p>\n<\/li>\n<li data-start=\"2637\" data-end=\"2725\">\n<p data-start=\"2640\" data-end=\"2725\"><strong data-start=\"2640\" data-end=\"2657\">Ngu\u1ed3n \u0111i\u1ec7n \u00e1p<\/strong>:<br data-start=\"2658\" data-end=\"2661\" \/>\u2013 100 V, 110 V, 115 V<br data-start=\"2685\" data-end=\"2688\" \/>\u2013 200 V, 230 V, 250 V (t\u00f9y ch\u1ecdn)<\/p>\n<\/li>\n<li data-start=\"2726\" data-end=\"2852\">\n<p data-start=\"2729\" data-end=\"2852\"><strong data-start=\"2729\" data-end=\"2783\">K\u00edch c\u1ee1 (c\u00f4ng su\u1ea5t d\u1ef1a theo m\u00f4-men xo\u1eafn kh\u1edfi \u0111\u1ed9ng)<\/strong>:<br data-start=\"2784\" data-end=\"2787\" \/>#2, #5, #7.5, #10, #15, #25, #40, #60, #80, #100, #150, #200<\/p>\n<\/li>\n<li data-start=\"2853\" data-end=\"3084\">\n<p data-start=\"2856\" data-end=\"3084\"><strong data-start=\"2856\" data-end=\"2898\">Th\u1eddi gian v\u1eadn h\u00e0nh (x\u1ebfp h\u1ea1ng ng\u1eafn h\u1ea1n)<\/strong>:<br data-start=\"2899\" data-end=\"2902\" \/>\u2013 T\u1ea3i 20% (t\u1ea3i trung gian)<br data-start=\"2931\" data-end=\"2934\" \/>\u2022 #2 \u0111\u1ebfn #25: 15 ph\u00fat<br data-start=\"2960\" data-end=\"2963\" \/>\u2022 #40 \u0111\u1ebfn #200: 5 ph\u00fat<br data-start=\"2990\" data-end=\"2993\" \/>\u2013 T\u1ea3i 40% (t\u1ea3i trung gian)<br data-start=\"3022\" data-end=\"3025\" \/>\u2022 #2 \u0111\u1ebfn #25: 7,5 ph\u00fat<br data-start=\"3052\" data-end=\"3055\" \/>\u2022 #40 \u0111\u1ebfn #200: 2 ph\u00fat<\/p>\n<\/li>\n<li data-start=\"3085\" data-end=\"3110\">\n<p data-start=\"3088\" data-end=\"3110\"><strong data-start=\"3088\" data-end=\"3108\">Phanh (t\u00f9y ch\u1ecdn)<\/strong><\/p>\n<\/li>\n<\/ol>\n<ul>\n<li style=\"list-style-type: none;\"><\/li>\n<\/ul>\n<h1 class=\"title_lineSimple\"><strong>S\u01a1 \u0111\u1ed3 k\u1ebft n\u1ed1i \u0111\u1ed9ng c\u01a1 DC<\/strong><\/h1>\n<p><img loading=\"lazy\" decoding=\"async\" class=\"alignnone size-full wp-image-1526\" src=\"https:\/\/www.nippon-gear.jp\/cms\/content\/uploads\/img_td01_big.jpg\" alt=\"\" width=\"700\" height=\"580\" \/><\/p>\n<p><strong><em>Ghi ch\u00fa (S\u01a1 \u0111\u1ed3 k\u1ebft n\u1ed1i &amp; k\u00fd hi\u1ec7u)<\/em><\/strong><\/p>\n<p data-start=\"3156\" data-end=\"3243\">\u2013 <strong data-start=\"3158\" data-end=\"3165\">R\/C<\/strong>: C\u00f4ng t\u1eafc \u0111i\u1ec7n t\u1eeb \u0111\u1ea3o chi\u1ec1u<br data-start=\"3193\" data-end=\"3196\" \/>\u2013 <strong data-start=\"3198\" data-end=\"3205\">51H<\/strong>: R\u01a1-le nhi\u1ec7t<br data-start=\"3218\" data-end=\"3221\" \/>\u2013 <strong data-start=\"3223\" data-end=\"3228\">R<\/strong>: \u0110i\u1ec7n tr\u1edf x\u1ea3<\/p>\n<p data-start=\"3245\" data-end=\"3257\"><strong data-start=\"3245\" data-end=\"3254\">L\u01b0u \u00fd<\/strong>:<\/p>\n<ol data-start=\"3258\" data-end=\"3436\">\n<li data-start=\"3258\" data-end=\"3304\">\n<p data-start=\"3261\" data-end=\"3304\">Kh\u00f4ng \u0111\u01b0\u1ee3c \u0111\u1ea5u d\u00e2y ngo\u00e0i v\u00e0o c\u1ed5ng <strong data-start=\"3295\" data-end=\"3301\">E2<\/strong>.<\/p>\n<\/li>\n<li data-start=\"3305\" data-end=\"3335\">\n<p data-start=\"3308\" data-end=\"3335\">\u201cR\u201d bi\u1ec3u th\u1ecb \u0111i\u1ec7n tr\u1edf x\u1ea3.<\/p>\n<\/li>\n<li data-start=\"3336\" data-end=\"3436\">\n<p data-start=\"3339\" data-end=\"3436\">V\u1edbi \u0111\u1ed9ng c\u01a1 <strong data-start=\"3351\" data-end=\"3375\">t\u1eeb size #7.5 tr\u1edf l\u00ean<\/strong> (c\u00f3 interpole), k\u00fd hi\u1ec7u \u0111\u1ea7u c\u1ef1c <strong data-start=\"3408\" data-end=\"3414\">B2<\/strong> s\u1ebd thay cho <strong data-start=\"3427\" data-end=\"3433\">A2<\/strong>.<\/p>\n<\/li>\n<\/ol>\n","protected":false},"excerpt":{"rendered":"<p>Gi\u1edbi thi\u1ec7u C\u00f3 hai ph\u01b0\u01a1ng ph\u00e1p \u0111\u00e3 \u0111\u01b0\u1ee3c ch\u1ee9ng minh \u0111\u1ec3 v\u1eadn h\u00e0nh actuator ngay c\u1ea3 khi m\u1ea5t \u0111i\u1ec7n: S\u1eed d\u1ee5ng \u0111\u1ed9ng c\u01a1 DC S\u1eed d\u1ee5ng \u0111\u1ed9ng c\u01a1 kh\u00ed n\u00e9n (air motor) Trong l\u1ecbch s\u1eed, actuator lo\u1ea1i \u0111\u1ed9ng c\u01a1 DC th\u01b0\u1eddng \u0111\u01b0\u1ee3c d\u00f9ng cho van c\u00e1ch ly kh\u1ea9n c\u1ea5p t\u1ea1i nhi\u1ec1u nh\u00e0 m\u00e1y \u0111i\u1ec7n, c\u0169ng&#8230;<\/p>\n","protected":false},"featured_media":0,"comment_status":"open","ping_status":"closed","template":"","meta":[],"product_brand":[],"product_cat":[198],"product_tag":[],"class_list":{"0":"post-494","1":"product","2":"type-product","3":"status-publish","5":"product_cat-special-motor-option-vi","7":"first","8":"instock","9":"shipping-taxable","10":"product-type-simple"},"_links":{"self":[{"href":"https:\/\/xtech-eng.com\/index.php?rest_route=\/wp\/v2\/product\/494","targetHints":{"allow":["GET"]}}],"collection":[{"href":"https:\/\/xtech-eng.com\/index.php?rest_route=\/wp\/v2\/product"}],"about":[{"href":"https:\/\/xtech-eng.com\/index.php?rest_route=\/wp\/v2\/types\/product"}],"replies":[{"embeddable":true,"href":"https:\/\/xtech-eng.com\/index.php?rest_route=%2Fwp%2Fv2%2Fcomments&post=494"}],"wp:attachment":[{"href":"https:\/\/xtech-eng.com\/index.php?rest_route=%2Fwp%2Fv2%2Fmedia&parent=494"}],"wp:term":[{"taxonomy":"product_brand","embeddable":true,"href":"https:\/\/xtech-eng.com\/index.php?rest_route=%2Fwp%2Fv2%2Fproduct_brand&post=494"},{"taxonomy":"product_cat","embeddable":true,"href":"https:\/\/xtech-eng.com\/index.php?rest_route=%2Fwp%2Fv2%2Fproduct_cat&post=494"},{"taxonomy":"product_tag","embeddable":true,"href":"https:\/\/xtech-eng.com\/index.php?rest_route=%2Fwp%2Fv2%2Fproduct_tag&post=494"}],"curies":[{"name":"wp","href":"https:\/\/api.w.org\/{rel}","templated":true}]}}