{"id":499,"date":"2025-09-16T04:48:37","date_gmt":"2025-09-16T04:48:37","guid":{"rendered":"https:\/\/xtech-eng.com\/?post_type=product&#038;p=499"},"modified":"2025-12-17T07:08:13","modified_gmt":"2025-12-17T07:08:13","slug":"air-motor-2","status":"publish","type":"product","link":"https:\/\/xtech-eng.com\/?product=air-motor-2","title":{"rendered":"Nippon Gear_Air motor"},"content":{"rendered":"<h1 data-path-to-node=\"2\"><strong>B\u1ed9 Truy\u1ec1n \u0110\u1ed9ng Van B\u1eb1ng Kh\u00ed N\u00e9n (Air Motor Actuator): Gi\u1ea3i Ph\u00e1p An To\u00e0n Tuy\u1ec7t \u0110\u1ed1i Cho M\u00f4i Tr\u01b0\u1eddng Kh\u1eafc Nghi\u1ec7t<\/strong><\/h1>\n<p data-path-to-node=\"3\">Trong c\u00e1c m\u00f4i tr\u01b0\u1eddng c\u00f4ng nghi\u1ec7p d\u1ec5 ch\u00e1y n\u1ed5 ho\u1eb7c nh\u1eefng khu v\u1ef1c h\u1ea1n ch\u1ebf v\u1ec1 ngu\u1ed3n \u0111i\u1ec7n, <b>B\u1ed9 truy\u1ec1n \u0111\u1ed9ng van b\u1eb1ng m\u00f4 t\u01a1 kh\u00ed n\u00e9n<\/b> l\u00e0 l\u1ef1a ch\u1ecdn thay th\u1ebf ho\u00e0n h\u1ea3o cho c\u00e1c d\u00f2ng Actuator \u0111i\u1ec7n truy\u1ec1n th\u1ed1ng. V\u1edbi \u0111\u1ed9ng l\u1ef1c h\u1ecdc t\u1eeb kh\u00ed n\u00e9n, s\u1ea3n ph\u1ea9m \u0111\u1ea3m b\u1ea3o v\u1eadn h\u00e0nh m\u1ea1nh m\u1ebd, \u1ed5n \u0111\u1ecbnh v\u00e0 an to\u00e0n tuy\u1ec7t \u0111\u1ed1i.<\/p>\n<p data-path-to-node=\"4\">Ch\u00fang t\u00f4i cung c\u1ea5p hai d\u00f2ng gi\u1ea3i ph\u00e1p t\u1ed1i \u01b0u t\u00f9y theo nhu c\u1ea7u ki\u1ec3m so\u00e1t c\u1ee7a h\u1ec7 th\u1ed1ng:<\/p>\n<h2 data-path-to-node=\"5\"><strong>1. D\u00f2ng Thu\u1ea7n Kh\u00ed N\u00e9n (All-Air Type): Ho\u1ea1t \u0110\u1ed9ng Kh\u00f4ng C\u1ea7n \u0110i\u1ec7n<\/strong><\/h2>\n<p data-path-to-node=\"6\">\u0110\u00e2y l\u00e0 gi\u1ea3i ph\u00e1p <b>Pneumatic ho\u00e0n to\u00e0n<\/b>, s\u1eed d\u1ee5ng 100% n\u0103ng l\u01b0\u1ee3ng kh\u00ed n\u00e9n cho c\u1ea3 v\u1eadn h\u00e0nh v\u00e0 ki\u1ec3m so\u00e1t.<\/p>\n<ul data-path-to-node=\"7\">\n<li>\n<p data-path-to-node=\"7,0,0\"><b>C\u1ea5u t\u1ea1o \u0111\u1ed3ng b\u1ed9:<\/b> Bao g\u1ed3m m\u00f4 t\u01a1 kh\u00ed n\u00e9n \u0111\u1ec3 truy\u1ec1n \u0111\u1ed9ng, k\u1ebft h\u1ee3p c\u00f9ng <b>c\u00f4ng t\u1eafc m\u00f4-men (torque switch)<\/b> v\u00e0 <b>c\u00f4ng t\u1eafc gi\u1edbi h\u1ea1n h\u00e0nh tr\u00ecnh (limit switch)<\/b> b\u1eb1ng kh\u00ed n\u00e9n.<\/p>\n<\/li>\n<li>\n<p data-path-to-node=\"7,1,0\"><b>\u0110i\u1ec1u khi\u1ec3n t\u1eeb xa d\u1ec5 d\u00e0ng:<\/b> Ch\u1ec9 c\u1ea7n cung c\u1ea5p \u0111\u01b0\u1eddng \u1ed1ng kh\u00ed n\u00e9n, b\u1ea1n c\u00f3 th\u1ec3 v\u1eadn h\u00e0nh thi\u1ebft b\u1ecb t\u1eeb xa m\u00e0 kh\u00f4ng c\u1ea7n k\u00e9o d\u00e2y \u0111i\u1ec7n ph\u1ee9c t\u1ea1p.<\/p>\n<\/li>\n<li>\n<p data-path-to-node=\"7,2,0\"><b>Model ph\u1ed5 bi\u1ebfn:<\/b> * <b>L270:<\/b> Ph\u00e1t tri\u1ec3n d\u1ef1a tr\u00ean n\u1ec1n t\u1ea3ng d\u00f2ng L120 danh ti\u1ebfng.<\/p>\n<ul data-path-to-node=\"7,2,1\">\n<li>\n<p data-path-to-node=\"7,2,1,0,0\"><b>SMBA Series:<\/b> T\u01b0\u01a1ng \u0111\u01b0\u01a1ng d\u00f2ng SMB ti\u00eau chu\u1ea9n v\u1edbi c\u00e1c k\u00edch c\u1ee1 \u0111a d\u1ea1ng: SMBA-00, -0, -1, -2 v\u00e0 -3.<\/p>\n<\/li>\n<\/ul>\n<\/li>\n<\/ul>\n<h2 data-path-to-node=\"8\"><strong>2. D\u00f2ng K\u1ebft H\u1ee3p Kh\u00ed &#8211; \u0110i\u1ec7n (Air\/Electric Type): S\u1ee9c M\u1ea1nh &amp; Ch\u00ednh X\u00e1c<\/strong><\/h2>\n<p data-path-to-node=\"9\">S\u1ef1 k\u1ebft h\u1ee3p ho\u00e0n h\u1ea3o (Hybrid) gi\u1eefa s\u1ee9c m\u1ea1nh c\u01a1 b\u1eafp c\u1ee7a kh\u00ed n\u00e9n v\u00e0 tr\u00ed tu\u1ec7 c\u1ee7a \u0111i\u1ec1u khi\u1ec3n \u0111i\u1ec7n t\u1eed.<\/p>\n<ul data-path-to-node=\"10\">\n<li>\n<p data-path-to-node=\"10,0,0\"><b>\u0110\u1ed9ng l\u1ef1c m\u1ea1nh m\u1ebd:<\/b> S\u1eed d\u1ee5ng m\u00f4 t\u01a1 kh\u00ed n\u00e9n \u0111\u1ec3 \u0111\u1ea1t \u0111\u01b0\u1ee3c l\u1ef1c \u0111\u1ea9y v\u00e0 m\u00f4-men xo\u1eafn l\u1edbn, gi\u00fap \u0111\u00f3ng\/m\u1edf c\u00e1c lo\u1ea1i van h\u1ea1ng n\u1eb7ng d\u1ec5 d\u00e0ng.<\/p>\n<\/li>\n<li>\n<p data-path-to-node=\"10,1,0\"><b>Ki\u1ec3m so\u00e1t th\u00f4ng minh:<\/b> C\u00e1c thi\u1ebft b\u1ecb ph\u1ea3n h\u1ed3i nh\u01b0 c\u00f4ng t\u1eafc m\u00f4-men v\u00e0 c\u00f4ng t\u1eafc gi\u1edbi h\u1ea1n s\u1eed d\u1ee5ng h\u1ec7 th\u1ed1ng \u0111i\u1ec7n. \u0110i\u1ec1u n\u00e0y gi\u00fap thi\u1ebft b\u1ecb d\u1ec5 d\u00e0ng t\u00edch h\u1ee3p v\u00e0o h\u1ec7 th\u1ed1ng \u0111i\u1ec1u khi\u1ec3n trung t\u00e2m (PLC\/SCADA) c\u1ee7a nh\u00e0 m\u00e1y \u0111\u1ec3 \u0111\u1ea1t \u0111\u1ed9 ch\u00ednh x\u00e1c cao nh\u1ea5t.<\/p>\n<\/li>\n<\/ul>\n<h2 data-path-to-node=\"12\"><strong>T\u1ea1i Sao N\u00ean S\u1eed D\u1ee5ng Actuator Kh\u00ed N\u00e9n?<\/strong><\/h2>\n<h3 data-path-to-node=\"13\"><strong>\u2705 An To\u00e0n Ch\u00e1y N\u1ed5 Tuy\u1ec7t \u0110\u1ed1i<\/strong><\/h3>\n<p data-path-to-node=\"14\">V\u00ec kh\u00f4ng s\u1eed d\u1ee5ng \u0111i\u1ec7n (\u0111\u1ed1i v\u1edbi d\u00f2ng All-Air), thi\u1ebft b\u1ecb lo\u1ea1i b\u1ecf ho\u00e0n to\u00e0n nguy c\u01a1 ph\u00e1t sinh tia l\u1eeda \u0111i\u1ec7n, c\u1ef1c k\u1ef3 ph\u00f9 h\u1ee3p cho c\u00e1c khu v\u1ef1c nguy hi\u1ec3m nh\u01b0 kho x\u0103ng d\u1ea7u, nh\u00e0 m\u00e1y h\u00f3a ch\u1ea5t ho\u1eb7c h\u1ea7m m\u1ecf.<\/p>\n<h3 data-path-to-node=\"15\"><strong>\u2705 Kh\u1ea3 N\u0103ng V\u1eadn H\u00e0nh B\u1ec1n B\u1ec9<\/strong><\/h3>\n<p data-path-to-node=\"16\">M\u00f4 t\u01a1 kh\u00ed n\u00e9n c\u00f3 c\u1ea5u tr\u00fac \u0111\u01a1n gi\u1ea3n, \u00edt h\u01b0 h\u1ecfng v\u1eb7t v\u00e0 kh\u1ea3 n\u0103ng ch\u1ecbu qu\u00e1 t\u1ea3i t\u1ed1t h\u01a1n so v\u1edbi m\u00f4 t\u01a1 \u0111i\u1ec7n.<\/p>\n<h3 data-path-to-node=\"17\"><strong>\u2705 Linh Ho\u1ea1t Trong L\u1eafp \u0110\u1eb7t<\/strong><\/h3>\n<p data-path-to-node=\"18\">Ph\u00f9 h\u1ee3p cho c\u00e1c v\u1ecb tr\u00ed l\u1eafp \u0111\u1eb7t ngo\u00e0i tr\u1eddi ho\u1eb7c nh\u1eefng n\u01a1i c\u00f3 \u0111\u1ed9 \u1ea9m cao, m\u00f4i tr\u01b0\u1eddng \u0103n m\u00f2n m\u1ea1nh n\u01a1i m\u00e0 h\u1ec7 th\u1ed1ng \u0111i\u1ec7n<\/p>\n<h2 data-path-to-node=\"18\"><strong>B\u1ea3ng So S\u00e1nh Nhanh<\/strong><\/h2>\n<div class=\"horizontal-scroll-wrapper\">\n<div class=\"table-block-component\">\n<div class=\"table-block has-export-button\">\n<div class=\"table-content not-end-of-paragraph\" data-hveid=\"0\" data-ved=\"0CAAQ3ecQahgKEwjy5o-pzcORAxUAAAAAHQAAAAAQvwM\">\n<table data-path-to-node=\"21\">\n<thead>\n<tr>\n<td><span data-path-to-node=\"21,0,0,0\">T\u00ednh n\u0103ng<\/span><\/td>\n<td><span data-path-to-node=\"21,0,1,0\">D\u00f2ng Thu\u1ea7n Kh\u00ed (All-Air)<\/span><\/td>\n<td><span data-path-to-node=\"21,0,2,0\">D\u00f2ng Kh\u00ed &#8211; \u0110i\u1ec7n (Air\/Electric)<\/span><\/td>\n<\/tr>\n<\/thead>\n<tbody>\n<tr>\n<td><span data-path-to-node=\"21,1,0,0\"><b>Ngu\u1ed3n \u0111\u1ed9ng l\u1ef1c<\/b><\/span><\/td>\n<td><span data-path-to-node=\"21,1,1,0\">Kh\u00ed n\u00e9n<\/span><\/td>\n<td><span data-path-to-node=\"21,1,2,0\">Kh\u00ed n\u00e9n<\/span><\/td>\n<\/tr>\n<tr>\n<td><span data-path-to-node=\"21,2,0,0\"><b>H\u1ec7 th\u1ed1ng \u0111i\u1ec1u khi\u1ec3n<\/b><\/span><\/td>\n<td><span data-path-to-node=\"21,2,1,0\">Kh\u00ed n\u00e9n (Pneumatic)<\/span><\/td>\n<td><span data-path-to-node=\"21,2,2,0\">\u0110i\u1ec7n (Electric)<\/span><\/td>\n<\/tr>\n<tr>\n<td><span data-path-to-node=\"21,3,0,0\"><b>M\u00f4i tr\u01b0\u1eddng ph\u00f9 h\u1ee3p<\/b><\/span><\/td>\n<td><span data-path-to-node=\"21,3,1,0\">Ch\u1ed1ng ch\u00e1y n\u1ed5 c\u1ef1c cao<\/span><\/td>\n<td><span data-path-to-node=\"21,3,2,0\">C\u1ea7n \u0111\u1ed9 ch\u00ednh x\u00e1c &amp; T\u1ef1 \u0111\u1ed9ng h\u00f3a<\/span><\/td>\n<\/tr>\n<tr>\n<td><span data-path-to-node=\"21,4,0,0\"><b>K\u1ebft n\u1ed1i h\u1ec7 th\u1ed1ng<\/b><\/span><\/td>\n<td><span data-path-to-node=\"21,4,1,0\">\u0110\u01a1n gi\u1ea3n, \u0111i\u1ec1u khi\u1ec3n b\u1eb1ng van kh\u00ed<\/span><\/td>\n<td><span data-path-to-node=\"21,4,2,0\">D\u1ec5 d\u00e0ng k\u1ebft n\u1ed1i PLC<\/span><\/td>\n<\/tr>\n<\/tbody>\n<\/table>\n<\/div>\n<\/div>\n<\/div>\n<\/div>\n","protected":false},"excerpt":{"rendered":"<p>Trong c\u00e1c m\u00f4i tr\u01b0\u1eddng c\u00f4ng nghi\u1ec7p d\u1ec5 ch\u00e1y n\u1ed5 ho\u1eb7c nh\u1eefng khu v\u1ef1c h\u1ea1n ch\u1ebf v\u1ec1 ngu\u1ed3n \u0111i\u1ec7n, <b>B\u1ed9 truy\u1ec1n \u0111\u1ed9ng van b\u1eb1ng m\u00f4 t\u01a1 kh\u00ed n\u00e9n<\/b> l\u00e0 l\u1ef1a ch\u1ecdn thay th\u1ebf ho\u00e0n h\u1ea3o cho c\u00e1c d\u00f2ng Actuator \u0111i\u1ec7n truy\u1ec1n th\u1ed1ng. V\u1edbi \u0111\u1ed9ng l\u1ef1c h\u1ecdc t\u1eeb kh\u00ed n\u00e9n, s\u1ea3n ph\u1ea9m \u0111\u1ea3m b\u1ea3o v\u1eadn h\u00e0nh m\u1ea1nh m\u1ebd, \u1ed5n \u0111\u1ecbnh v\u00e0 an to\u00e0n tuy\u1ec7t \u0111\u1ed1i.<\/p>\n","protected":false},"featured_media":953,"comment_status":"open","ping_status":"closed","template":"","meta":[],"product_brand":[],"product_cat":[198],"product_tag":[],"class_list":{"0":"post-499","1":"product","2":"type-product","3":"status-publish","4":"has-post-thumbnail","6":"product_cat-special-motor-option-vi","8":"first","9":"instock","10":"shipping-taxable","11":"product-type-simple"},"_links":{"self":[{"href":"https:\/\/xtech-eng.com\/index.php?rest_route=\/wp\/v2\/product\/499","targetHints":{"allow":["GET"]}}],"collection":[{"href":"https:\/\/xtech-eng.com\/index.php?rest_route=\/wp\/v2\/product"}],"about":[{"href":"https:\/\/xtech-eng.com\/index.php?rest_route=\/wp\/v2\/types\/product"}],"replies":[{"embeddable":true,"href":"https:\/\/xtech-eng.com\/index.php?rest_route=%2Fwp%2Fv2%2Fcomments&post=499"}],"wp:featuredmedia":[{"embeddable":true,"href":"https:\/\/xtech-eng.com\/index.php?rest_route=\/wp\/v2\/media\/953"}],"wp:attachment":[{"href":"https:\/\/xtech-eng.com\/index.php?rest_route=%2Fwp%2Fv2%2Fmedia&parent=499"}],"wp:term":[{"taxonomy":"product_brand","embeddable":true,"href":"https:\/\/xtech-eng.com\/index.php?rest_route=%2Fwp%2Fv2%2Fproduct_brand&post=499"},{"taxonomy":"product_cat","embeddable":true,"href":"https:\/\/xtech-eng.com\/index.php?rest_route=%2Fwp%2Fv2%2Fproduct_cat&post=499"},{"taxonomy":"product_tag","embeddable":true,"href":"https:\/\/xtech-eng.com\/index.php?rest_route=%2Fwp%2Fv2%2Fproduct_tag&post=499"}],"curies":[{"name":"wp","href":"https:\/\/api.w.org\/{rel}","templated":true}]}}