{"id":500,"date":"2025-09-16T05:01:57","date_gmt":"2025-09-16T05:01:57","guid":{"rendered":"https:\/\/xtech-eng.com\/?post_type=product&#038;p=500"},"modified":"2025-12-31T06:54:15","modified_gmt":"2025-12-31T06:54:15","slug":"tandem-motor","status":"publish","type":"product","link":"https:\/\/xtech-eng.com\/?product=tandem-motor","title":{"rendered":"Nippon Gear_Tandem motor"},"content":{"rendered":"<h1 data-path-to-node=\"3\"><strong>\u0110\u1ed9ng C\u01a1 Tandem SKS: Gi\u1ea3i Ph\u00e1p Truy\u1ec1n \u0110\u1ed9ng K\u00e9p AC &amp; Kh\u00ed N\u00e9n<\/strong><\/h1>\n<h2 data-path-to-node=\"4\"><strong>1. Gi\u1edbi thi\u1ec7u c\u00f4ng ngh\u1ec7 \u0110\u1ed9ng c\u01a1 Tandem<\/strong><\/h2>\n<p data-path-to-node=\"5\"><b data-path-to-node=\"5\" data-index-in-node=\"0\">\u0110\u1ed9ng c\u01a1 Tandem<\/b> l\u00e0 h\u1ec7 th\u1ed1ng truy\u1ec1n \u0111\u1ed9ng th\u00f4ng minh, k\u1ebft h\u1ee3p ho\u00e0n h\u1ea3o gi\u1eefa <b data-path-to-node=\"5\" data-index-in-node=\"73\">\u0111\u1ed9ng c\u01a1 \u0111i\u1ec7n xoay chi\u1ec1u (AC Motor)<\/b>v\u00e0 <b data-path-to-node=\"5\" data-index-in-node=\"111\">\u0111\u1ed9ng c\u01a1 kh\u00ed n\u00e9n (Pneumatic Motor)<\/b> tr\u00ean c\u00f9ng m\u1ed9t tr\u1ee5c thi\u1ebft b\u1ecb. \u0110\u00e2y l\u00e0 gi\u1ea3i ph\u00e1p t\u1ed1i \u01b0u \u0111\u01b0\u1ee3c thi\u1ebft k\u1ebf ri\u00eang cho c\u00e1c h\u1ec7 th\u1ed1ng y\u00eau c\u1ea7u t\u00ednh an to\u00e0n tuy\u1ec7t \u0111\u1ed1i, \u0111\u1ea3m b\u1ea3o thi\u1ebft b\u1ecb lu\u00f4n v\u1eadn h\u00e0nh ngay c\u1ea3 trong nh\u1eefng \u0111i\u1ec1u ki\u1ec7n kh\u1eafc nghi\u1ec7t nh\u1ea5t.<\/p>\n<ul data-path-to-node=\"6\">\n<li>\n<p data-path-to-node=\"6,0,0\"><b data-path-to-node=\"6,0,0\" data-index-in-node=\"0\">Ch\u1ebf \u0111\u1ed9 v\u1eadn h\u00e0nh b\u00ecnh th\u01b0\u1eddng:<\/b> Thi\u1ebft b\u1ecb s\u1eed d\u1ee5ng \u0111\u1ed9ng c\u01a1 \u0111i\u1ec7n AC \u0111\u1ec3 \u0111\u1ea1t hi\u1ec7u su\u1ea5t cao v\u00e0 d\u1ec5 d\u00e0ng \u0111i\u1ec1u khi\u1ec3n ch\u00ednh x\u00e1c.<\/p>\n<\/li>\n<li>\n<p data-path-to-node=\"6,1,0\"><b data-path-to-node=\"6,1,0\" data-index-in-node=\"0\">Ch\u1ebf \u0111\u1ed9 v\u1eadn h\u00e0nh kh\u1ea9n c\u1ea5p:<\/b> Ngay khi x\u1ea3y ra s\u1ef1 c\u1ed1 m\u1ea5t \u0111i\u1ec7n, h\u1ec7 th\u1ed1ng s\u1ebd k\u00edch ho\u1ea1t \u0111\u1ed9ng c\u01a1 kh\u00ed n\u00e9n l\u1eafp ph\u00eda sau \u0111\u1ec3 duy tr\u00ec ho\u1ea1t \u0111\u1ed9ng, ng\u0103n ch\u1eb7n c\u00e1c r\u1ee7i ro h\u1ec7 th\u1ed1ng.<\/p>\n<\/li>\n<\/ul>\n<h2 data-path-to-node=\"7\"><strong>2. \u0110\u1eb7c \u0111i\u1ec3m v\u00e0 \u01afu \u0111i\u1ec3m v\u01b0\u1ee3t tr\u1ed9i<\/strong><\/h2>\n<ul data-path-to-node=\"8\">\n<li>\n<p data-path-to-node=\"8,0,0\"><b data-path-to-node=\"8,0,0\" data-index-in-node=\"0\">H\u1ec7 th\u1ed1ng truy\u1ec1n \u0111\u1ed9ng k\u00e9p (Dual Drive):<\/b> S\u1ef1 k\u1ebft h\u1ee3p gi\u1eefa Motor AC (ngu\u1ed3n ch\u00ednh) v\u00e0 Motor kh\u00ed n\u00e9n (ngu\u1ed3n d\u1ef1 ph\u00f2ng) mang l\u1ea1i kh\u1ea3 n\u0103ng s\u1eb5n s\u00e0ng 100% trong m\u1ecdi t\u00ecnh hu\u1ed1ng.<\/p>\n<\/li>\n<li>\n<p data-path-to-node=\"8,1,0\"><b data-path-to-node=\"8,1,0\" data-index-in-node=\"0\">C\u01a1 ch\u1ebf chuy\u1ec3n m\u1ea1ch t\u1ee9c th\u00ec:<\/b> H\u1ec7 th\u1ed1ng \u0111\u01b0\u1ee3c thi\u1ebft k\u1ebf \u0111\u1ec3 t\u1ef1 \u0111\u1ed9ng ho\u1eb7c d\u1ec5 d\u00e0ng chuy\u1ec3n sang v\u1eadn h\u00e0nh b\u1eb1ng kh\u00ed n\u00e9n khi ngu\u1ed3n \u0111i\u1ec7n b\u1ecb ng\u1eaft, \u0111\u1ea3m b\u1ea3o kh\u00f4ng l\u00e0m gi\u00e1n \u0111o\u1ea1n quy tr\u00ecnh v\u1eadn h\u00e0nh.<\/p>\n<\/li>\n<li>\n<p data-path-to-node=\"8,2,0\"><b data-path-to-node=\"8,2,0\" data-index-in-node=\"0\">\u0110\u1ed9 tin c\u1eady \u0111\u1ea1t ti\u00eau chu\u1ea9n c\u00f4ng nghi\u1ec7p n\u1eb7ng:<\/b> C\u1ea5u tr\u00fac ch\u1eafc ch\u1eafn, ch\u1ecbu \u0111\u01b0\u1ee3c m\u00f4i tr\u01b0\u1eddng \u1ea9m \u01b0\u1edbt, b\u1ee5i b\u1ea9n t\u1ea1i c\u00e1c c\u00f4ng tr\u00ecnh ngo\u00e0i tr\u1eddi.<\/p>\n<\/li>\n<li>\n<p data-path-to-node=\"8,3,0\"><b data-path-to-node=\"8,3,0\" data-index-in-node=\"0\">An to\u00e0n t\u1ed1i \u0111a:<\/b> Lo\u1ea1i b\u1ecf nguy c\u01a1 t\u00ea li\u1ec7t h\u1ec7 th\u1ed1ng \u0111i\u1ec1u khi\u1ec3n d\u00f2ng ch\u1ea3y, gi\u00fap b\u1ea3o v\u1ec7 t\u00e0i s\u1ea3n v\u00e0 t\u00ednh m\u1ea1ng con ng\u01b0\u1eddi trong c\u00e1c t\u00ecnh hu\u1ed1ng kh\u1ea9n c\u1ea5p.<\/p>\n<\/li>\n<\/ul>\n<h2 data-path-to-node=\"9\"><strong>3. \u1ee8ng d\u1ee5ng quan tr\u1ecdng<\/strong><\/h2>\n<p data-path-to-node=\"10\">Nh\u1edd t\u00ednh n\u0103ng d\u1ef1 ph\u00f2ng an to\u00e0n cao, \u0111\u1ed9ng c\u01a1 Tandem l\u00e0 l\u1ef1a ch\u1ecdn h\u00e0ng \u0111\u1ea7u cho:<\/p>\n<ul data-path-to-node=\"11\">\n<li>\n<p data-path-to-node=\"11,0,0\"><b data-path-to-node=\"11,0,0\" data-index-in-node=\"0\">Th\u1ee7y l\u1ee3i &amp; Th\u1ee7y \u0111i\u1ec7n:<\/b> V\u1eadn h\u00e0nh c\u1eeda \u0111\u1eadp, c\u1eeda x\u1ea3 l\u0169, c\u1eeda c\u1ed1ng ng\u0103n tri\u1ec1u c\u01b0\u1eddng.<\/p>\n<\/li>\n<li>\n<p data-path-to-node=\"11,1,0\"><b data-path-to-node=\"11,1,0\" data-index-in-node=\"0\">D\u1ea7u kh\u00ed &amp; H\u00f3a ch\u1ea5t:<\/b> \u0110i\u1ec1u khi\u1ec3n c\u00e1c van c\u00e1ch ly kh\u1ea9n c\u1ea5p (Emergency Shutdown Valves &#8211; ESDV).<\/p>\n<\/li>\n<li>\n<p data-path-to-node=\"11,2,0\"><b data-path-to-node=\"11,2,0\" data-index-in-node=\"0\">X\u1eed l\u00fd n\u01b0\u1edbc th\u1ea3i:<\/b> Ki\u1ec3m so\u00e1t c\u00e1c c\u1eeda ch\u1eb7n trong h\u1ec7 th\u1ed1ng tho\u00e1t n\u01b0\u1edbc \u0111\u00f4 th\u1ecb khi c\u00f3 b\u00e3o l\u0169 k\u00e8m m\u1ea5t \u0111i\u1ec7n l\u01b0\u1edbi.<\/p>\n<\/li>\n<li>\n<p data-path-to-node=\"11,3,0\"><b data-path-to-node=\"11,3,0\" data-index-in-node=\"0\">PCCC:<\/b> C\u00e1c h\u1ec7 th\u1ed1ng th\u00f4ng gi\u00f3 ho\u1eb7c ng\u0103n ch\u00e1y c\u1ea7n ho\u1ea1t \u0111\u1ed9ng b\u1eb1ng kh\u00ed n\u00e9n d\u1ef1 ph\u00f2ng.<\/p>\n<\/li>\n<\/ul>\n","protected":false},"excerpt":{"rendered":"<p>\u0110\u1ed9ng C\u01a1 Tandem SKS: Gi\u1ea3i Ph\u00e1p Truy\u1ec1n \u0110\u1ed9ng K\u00e9p AC &amp; Kh\u00ed N\u00e9n 1. Gi\u1edbi thi\u1ec7u c\u00f4ng ngh\u1ec7 \u0110\u1ed9ng c\u01a1 Tandem \u0110\u1ed9ng c\u01a1 Tandem l\u00e0 h\u1ec7 th\u1ed1ng truy\u1ec1n \u0111\u1ed9ng th\u00f4ng minh, k\u1ebft h\u1ee3p ho\u00e0n h\u1ea3o gi\u1eefa \u0111\u1ed9ng c\u01a1 \u0111i\u1ec7n xoay chi\u1ec1u (AC Motor)v\u00e0 \u0111\u1ed9ng c\u01a1 kh\u00ed n\u00e9n (Pneumatic Motor) tr\u00ean c\u00f9ng m\u1ed9t tr\u1ee5c thi\u1ebft b\u1ecb&#8230;.<\/p>\n","protected":false},"featured_media":0,"comment_status":"open","ping_status":"closed","template":"","meta":[],"product_brand":[],"product_cat":[198],"product_tag":[],"class_list":{"0":"post-500","1":"product","2":"type-product","3":"status-publish","5":"product_cat-special-motor-option-vi","7":"first","8":"instock","9":"shipping-taxable","10":"product-type-simple"},"_links":{"self":[{"href":"https:\/\/xtech-eng.com\/index.php?rest_route=\/wp\/v2\/product\/500","targetHints":{"allow":["GET"]}}],"collection":[{"href":"https:\/\/xtech-eng.com\/index.php?rest_route=\/wp\/v2\/product"}],"about":[{"href":"https:\/\/xtech-eng.com\/index.php?rest_route=\/wp\/v2\/types\/product"}],"replies":[{"embeddable":true,"href":"https:\/\/xtech-eng.com\/index.php?rest_route=%2Fwp%2Fv2%2Fcomments&post=500"}],"wp:attachment":[{"href":"https:\/\/xtech-eng.com\/index.php?rest_route=%2Fwp%2Fv2%2Fmedia&parent=500"}],"wp:term":[{"taxonomy":"product_brand","embeddable":true,"href":"https:\/\/xtech-eng.com\/index.php?rest_route=%2Fwp%2Fv2%2Fproduct_brand&post=500"},{"taxonomy":"product_cat","embeddable":true,"href":"https:\/\/xtech-eng.com\/index.php?rest_route=%2Fwp%2Fv2%2Fproduct_cat&post=500"},{"taxonomy":"product_tag","embeddable":true,"href":"https:\/\/xtech-eng.com\/index.php?rest_route=%2Fwp%2Fv2%2Fproduct_tag&post=500"}],"curies":[{"name":"wp","href":"https:\/\/api.w.org\/{rel}","templated":true}]}}