{"id":504,"date":"2025-09-16T05:16:53","date_gmt":"2025-09-16T05:16:53","guid":{"rendered":"https:\/\/xtech-eng.com\/?post_type=product&#038;p=504"},"modified":"2025-12-17T07:19:15","modified_gmt":"2025-12-17T07:19:15","slug":"g-link-communication-control-system-2","status":"publish","type":"product","link":"https:\/\/xtech-eng.com\/?product=g-link-communication-control-system-2","title":{"rendered":"Nippon Gear_G-LINK communication control system"},"content":{"rendered":"<h1 data-path-to-node=\"2\"><strong>H\u1ec7 Th\u1ed1ng G-Link: Gi\u1ea3i Ph\u00e1p \u0110i\u1ec1u Khi\u1ec3n &amp; Gi\u00e1m S\u00e1t Actuator T\u1eadp Trung Th\u00f4ng Minh<\/strong><\/h1>\n<p data-path-to-node=\"3\">Trong k\u1ef7 nguy\u00ean c\u00f4ng nghi\u1ec7p 4.0, vi\u1ec7c qu\u1ea3n l\u00fd h\u00e0ng tr\u0103m thi\u1ebft b\u1ecb hi\u1ec7n tr\u01b0\u1eddng m\u1ed9t c\u00e1ch r\u1eddi r\u1ea1c \u0111\u00e3 tr\u1edf n\u00ean l\u1ea1c h\u1eadu. <b>G-Link<\/b> l\u00e0 h\u1ec7 th\u1ed1ng truy\u1ec1n th\u00f4ng ti\u00ean ti\u1ebfn, cho ph\u00e9p <b>thu th\u1eadp d\u1eef li\u1ec7u th\u1eddi gian th\u1ef1c v\u00e0 \u0111i\u1ec1u khi\u1ec3n t\u1eeb xa<\/b> to\u00e0n b\u1ed9 h\u1ec7 th\u1ed1ng Actuator th\u00f4ng qua m\u1ed9t c\u1ea5u tr\u00fac m\u1ea1ng v\u00f2ng \u1ed5n \u0111\u1ecbnh v\u00e0 tin c\u1eady.<\/p>\n<h2 data-path-to-node=\"4\"><strong>\u0110\u1eb7c \u0110i\u1ec3m N\u1ed5i B\u1eadt C\u1ee7a H\u1ec7 Th\u1ed1ng G-Link<\/strong><\/h2>\n<h3 data-path-to-node=\"5\"><strong>1. K\u1ebft N\u1ed1i M\u1ea1ng V\u00f2ng (Loop) Si\u00eau Tin C\u1eady<\/strong><\/h3>\n<p data-path-to-node=\"6\">C\u00e1c b\u1ed9 truy\u1ec1n \u0111\u1ed9ng (actuators) \u0111\u01b0\u1ee3c li\u00ean k\u1ebft ch\u1eb7t ch\u1ebd theo c\u1ea5u tr\u00fac v\u00f2ng l\u1eb7p b\u1eb1ng <b>c\u00e1p quang ho\u1eb7c c\u00e1p kim lo\u1ea1i<\/b>. \u01afu \u0111i\u1ec3m c\u1ee7a ki\u1ebfn tr\u00fac n\u00e0y l\u00e0 \u0111\u1ea3m b\u1ea3o t\u00edn hi\u1ec7u lu\u00f4n th\u00f4ng su\u1ed1t ngay c\u1ea3 khi c\u00f3 m\u1ed9t \u0111i\u1ec3m trong v\u00f2ng g\u1eb7p s\u1ef1 c\u1ed1, gi\u00fap vi\u1ec7c gi\u00e1m s\u00e1t kh\u00f4ng bao gi\u1edd b\u1ecb gi\u00e1n \u0111o\u1ea1n.<\/p>\n<h3 data-path-to-node=\"7\"><strong>2. Kh\u1ea3 N\u0103ng Qu\u1ea3n L\u00fd Quy M\u00f4 L\u1edbn<\/strong><\/h3>\n<p data-path-to-node=\"8\">M\u1ed9t v\u00f2ng l\u1eb7p G-Link duy nh\u1ea5t c\u00f3 kh\u1ea3 n\u0103ng qu\u1ea3n l\u00fd \u0111\u1ed3ng b\u1ed9 l\u00ean \u0111\u1ebfn <b>127 thi\u1ebft b\u1ecb hi\u1ec7n tr\u01b0\u1eddng<\/b>. \u0110\u00e2y l\u00e0 gi\u1ea3i ph\u00e1p l\u00fd t\u01b0\u1edfng cho c\u00e1c nh\u00e0 m\u00e1y quy m\u00f4 l\u1edbn, gi\u00fap t\u1ed1i \u01b0u h\u00f3a h\u1ea1 t\u1ea7ng c\u00e1p t\u00edn hi\u1ec7u v\u00e0 gi\u1ea3m thi\u1ec3u chi ph\u00ed l\u1eafp \u0111\u1eb7t.<\/p>\n<h3 data-path-to-node=\"9\"><strong>3. Giao Di\u1ec7n K\u1ebft N\u1ed1i Linh Ho\u1ea1t (Master Station)<\/strong><\/h3>\n<p data-path-to-node=\"10\">Tr\u1ea1m ch\u1ee7 c\u1ee7a G-Link \u0111\u00f3ng vai tr\u00f2 l\u00e0 &#8220;b\u1ed9 n\u00e3o&#8221; trung t\u00e2m, d\u1ec5 d\u00e0ng giao ti\u1ebfp v\u1edbi h\u1ec7 th\u1ed1ng m\u00e1y t\u00ednh ch\u1ee7 ho\u1eb7c DCS th\u00f4ng qua nhi\u1ec1u ph\u01b0\u01a1ng th\u1ee9c:<\/p>\n<ul data-path-to-node=\"11\">\n<li>\n<p data-path-to-node=\"11,0,0\"><b>Truy\u1ec1n th\u00f4ng c\u00f4ng nghi\u1ec7p:<\/b> Giao th\u1ee9c <b>Modbus (RS-232)<\/b> ph\u1ed5 bi\u1ebfn.<\/p>\n<\/li>\n<li>\n<p data-path-to-node=\"11,1,0\"><b>T\u00edn hi\u1ec7u s\u1ed1 (Di\/Do):<\/b> \u0110i\u1ec1u khi\u1ec3n \u0111\u00f3ng\/m\u1edf v\u00e0 nh\u1eadn ph\u1ea3n h\u1ed3i tr\u1ea1ng th\u00e1i.<\/p>\n<\/li>\n<li>\n<p data-path-to-node=\"11,2,0\"><b>T\u00edn hi\u1ec7u t\u01b0\u01a1ng t\u1ef1 (Ai\/Ao):<\/b> Theo d\u00f5i ch\u00ednh x\u00e1c \u0111\u1ed9 m\u1edf van theo th\u1eddi gian th\u1ef1c.<\/p>\n<\/li>\n<\/ul>\n<p data-path-to-node=\"12\">[Image showing G-Link network architecture connecting multiple actuators in a loop to a master station]\n<h2 data-path-to-node=\"13\"><strong>L\u1ee3i \u00cdch C\u1ed1t L\u00f5i Khi Tri\u1ec3n Khai G-Link<\/strong><\/h2>\n<ul data-path-to-node=\"14\">\n<li>\n<p data-path-to-node=\"14,0,0\"><b>\u0110i\u1ec1u khi\u1ec3n t\u1eadp trung t\u1ed1i \u01b0u:<\/b> To\u00e0n b\u1ed9 tr\u1ea1ng th\u00e1i van trong nh\u00e0 m\u00e1y \u0111\u01b0\u1ee3c hi\u1ec3n th\u1ecb tr\u00ean m\u1ed9t m\u00e0n h\u00ecnh duy nh\u1ea5t t\u1ea1i ph\u00f2ng \u0111i\u1ec1u khi\u1ec3n.<\/p>\n<\/li>\n<li>\n<p data-path-to-node=\"14,1,0\"><b>Gi\u00e1m s\u00e1t t\u1ee9c th\u1eddi &amp; C\u1ea3nh b\u00e1o s\u1edbm:<\/b> H\u1ec7 th\u1ed1ng c\u1eadp nh\u1eadt li\u00ean t\u1ee5c \u0111\u1ed9 m\u1edf van, tr\u1ea1ng th\u00e1i ho\u1ea1t \u0111\u1ed9ng v\u00e0 ngay l\u1eadp t\u1ee9c g\u1eedi c\u1ea3nh b\u00e1o n\u1ebfu c\u00f3 t\u00edn hi\u1ec7u s\u1ef1 c\u1ed1, gi\u00fap x\u1eed l\u00fd nhanh ch\u00f3ng c\u00e1c r\u1ee7i ro.<\/p>\n<\/li>\n<li>\n<p data-path-to-node=\"14,2,0\"><b>\u0110\u1ed9 b\u1ec1n truy\u1ec1n th\u00f4ng cao:<\/b> S\u1eed d\u1ee5ng c\u00e1p quang gi\u00fap ch\u1ed1ng nhi\u1ec5u \u0111i\u1ec7n t\u1eeb tuy\u1ec7t \u0111\u1ed1i, \u0111\u1ea3m b\u1ea3o d\u1eef li\u1ec7u lu\u00f4n ch\u00ednh x\u00e1c trong m\u00f4i tr\u01b0\u1eddng nh\u00e0 m\u00e1y kh\u1eafc nghi\u1ec7t.<\/p>\n<\/li>\n<\/ul>\n<h2 data-path-to-node=\"15\"><strong>\u1ee8ng D\u1ee5ng Th\u1ef1c T\u1ebf<\/strong><\/h2>\n<p data-path-to-node=\"16\">H\u1ec7 th\u1ed1ng G-Link l\u00e0 l\u1ef1a ch\u1ecdn h\u00e0ng \u0111\u1ea7u cho c\u00e1c gi\u1ea3i ph\u00e1p \u0111i\u1ec1u khi\u1ec3n t\u1eadp trung t\u1ea1i:<\/p>\n<ul data-path-to-node=\"17\">\n<li>\n<p data-path-to-node=\"17,0,0\">Nh\u00e0 m\u00e1y x\u1eed l\u00fd n\u01b0\u1edbc v\u00e0 n\u01b0\u1edbc th\u1ea3i t\u1eadp trung.<\/p>\n<\/li>\n<li>\n<p data-path-to-node=\"17,1,0\">Khu li\u00ean h\u1ee3p l\u1ecdc h\u00f3a d\u1ea7u v\u00e0 kho ch\u1ee9a x\u0103ng d\u1ea7u.<\/p>\n<\/li>\n<li>\n<p data-path-to-node=\"17,2,0\">Nh\u00e0 m\u00e1y \u0111i\u1ec7n v\u00e0 c\u00e1c d\u00e2y chuy\u1ec1n s\u1ea3n xu\u1ea5t gi\u1ea5y quy m\u00f4 l\u1edbn.<\/p>\n<\/li>\n<\/ul>\n<h2 data-path-to-node=\"19\"><strong>T\u00f3m T\u1eaft Th\u00f4ng S\u1ed1 H\u1ec7 Th\u1ed1ng<\/strong><\/h2>\n<div class=\"horizontal-scroll-wrapper\">\n<div class=\"table-block-component\">\n<div class=\"table-block has-export-button\">\n<div class=\"table-content not-end-of-paragraph\" data-hveid=\"0\" data-ved=\"0CAAQ3ecQahgKEwjy5o-pzcORAxUAAAAAHQAAAAAQ1gM\">\n<table data-path-to-node=\"20\">\n<thead>\n<tr>\n<td><span data-path-to-node=\"20,0,0,0\">T\u00ednh n\u0103ng<\/span><\/td>\n<td><span data-path-to-node=\"20,0,1,0\">Th\u00f4ng s\u1ed1 chi ti\u1ebft<\/span><\/td>\n<\/tr>\n<\/thead>\n<tbody>\n<tr>\n<td><span data-path-to-node=\"20,1,0,0\"><b>S\u1ed1 l\u01b0\u1ee3ng thi\u1ebft b\u1ecb\/v\u00f2ng<\/b><\/span><\/td>\n<td><span data-path-to-node=\"20,1,1,0\">T\u1ed1i \u0111a 127 Actuators<\/span><\/td>\n<\/tr>\n<tr>\n<td><span data-path-to-node=\"20,2,0,0\"><b>M\u00f4i tr\u01b0\u1eddng truy\u1ec1n d\u1eabn<\/b><\/span><\/td>\n<td><span data-path-to-node=\"20,2,1,0\">C\u00e1p quang (Optical) ho\u1eb7c C\u00e1p kim lo\u1ea1i (Metal)<\/span><\/td>\n<\/tr>\n<tr>\n<td><span data-path-to-node=\"20,3,0,0\"><b>Giao th\u1ee9c h\u1ed7 tr\u1ee3<\/b><\/span><\/td>\n<td><span data-path-to-node=\"20,3,1,0\">Modbus RS-232, Di\/Do, Ai\/Ao<\/span><\/td>\n<\/tr>\n<tr>\n<td><span data-path-to-node=\"20,4,0,0\"><b>Ch\u1ee9c n\u0103ng ch\u00ednh<\/b><\/span><\/td>\n<td><span data-path-to-node=\"20,4,1,0\">Gi\u00e1m s\u00e1t \u0111\u1ed9 m\u1edf van, Tr\u1ea1ng th\u00e1i l\u1ed7i, \u0110i\u1ec1u khi\u1ec3n t\u1eeb xa<\/span><\/td>\n<\/tr>\n<\/tbody>\n<\/table>\n<\/div>\n<\/div>\n<\/div>\n<\/div>\n","protected":false},"excerpt":{"rendered":"<p>Trong k\u1ef7 nguy\u00ean c\u00f4ng nghi\u1ec7p 4.0, vi\u1ec7c qu\u1ea3n l\u00fd h\u00e0ng tr\u0103m thi\u1ebft b\u1ecb hi\u1ec7n tr\u01b0\u1eddng m\u1ed9t c\u00e1ch r\u1eddi r\u1ea1c \u0111\u00e3 tr\u1edf n\u00ean l\u1ea1c h\u1eadu. <b>G-Link<\/b> l\u00e0 h\u1ec7 th\u1ed1ng truy\u1ec1n th\u00f4ng ti\u00ean ti\u1ebfn, cho ph\u00e9p <b>thu th\u1eadp d\u1eef li\u1ec7u th\u1eddi gian th\u1ef1c v\u00e0 \u0111i\u1ec1u khi\u1ec3n t\u1eeb xa<\/b> to\u00e0n b\u1ed9 h\u1ec7 th\u1ed1ng Actuator th\u00f4ng qua m\u1ed9t c\u1ea5u tr\u00fac m\u1ea1ng v\u00f2ng \u1ed5n \u0111\u1ecbnh v\u00e0 tin c\u1eady.<\/p>\n","protected":false},"featured_media":957,"comment_status":"open","ping_status":"closed","template":"","meta":[],"product_brand":[],"product_cat":[211],"product_tag":[],"class_list":{"0":"post-504","1":"product","2":"type-product","3":"status-publish","4":"has-post-thumbnail","6":"product_cat-communication-and-control-vi-vi","8":"first","9":"instock","10":"shipping-taxable","11":"product-type-simple"},"_links":{"self":[{"href":"https:\/\/xtech-eng.com\/index.php?rest_route=\/wp\/v2\/product\/504","targetHints":{"allow":["GET"]}}],"collection":[{"href":"https:\/\/xtech-eng.com\/index.php?rest_route=\/wp\/v2\/product"}],"about":[{"href":"https:\/\/xtech-eng.com\/index.php?rest_route=\/wp\/v2\/types\/product"}],"replies":[{"embeddable":true,"href":"https:\/\/xtech-eng.com\/index.php?rest_route=%2Fwp%2Fv2%2Fcomments&post=504"}],"wp:featuredmedia":[{"embeddable":true,"href":"https:\/\/xtech-eng.com\/index.php?rest_route=\/wp\/v2\/media\/957"}],"wp:attachment":[{"href":"https:\/\/xtech-eng.com\/index.php?rest_route=%2Fwp%2Fv2%2Fmedia&parent=504"}],"wp:term":[{"taxonomy":"product_brand","embeddable":true,"href":"https:\/\/xtech-eng.com\/index.php?rest_route=%2Fwp%2Fv2%2Fproduct_brand&post=504"},{"taxonomy":"product_cat","embeddable":true,"href":"https:\/\/xtech-eng.com\/index.php?rest_route=%2Fwp%2Fv2%2Fproduct_cat&post=504"},{"taxonomy":"product_tag","embeddable":true,"href":"https:\/\/xtech-eng.com\/index.php?rest_route=%2Fwp%2Fv2%2Fproduct_tag&post=504"}],"curies":[{"name":"wp","href":"https:\/\/api.w.org\/{rel}","templated":true}]}}