{"id":507,"date":"2025-09-16T05:34:51","date_gmt":"2025-09-16T05:34:51","guid":{"rendered":"https:\/\/xtech-eng.com\/?post_type=product&#038;p=507"},"modified":"2025-12-17T07:37:22","modified_gmt":"2025-12-17T07:37:22","slug":"profibus-dp-2","status":"publish","type":"product","link":"https:\/\/xtech-eng.com\/?product=profibus-dp-2","title":{"rendered":"Nippon Gear_PROFIBUS-DP"},"content":{"rendered":"<div class=\"horizontal-scroll-wrapper\">\n<div class=\"table-block-component\">\n<div class=\"table-content not-end-of-paragraph\" data-hveid=\"0\" data-ved=\"0CAAQ3ecQahgKEwjy5o-pzcORAxUAAAAAHQAAAAAQ7QM\">\n<h1 data-path-to-node=\"2\"><strong>Gi\u1ea3i Ph\u00e1p PROFIBUS Cho Actuator AE Series: K\u1ebft N\u1ed1i Th\u00f4ng Minh \u2013 V\u1eadn H\u00e0nh Linh Ho\u1ea1t<\/strong><\/h1>\n<p data-path-to-node=\"3\">Trong k\u1ef7 nguy\u00ean t\u1ef1 \u0111\u1ed9ng h\u00f3a hi\u1ec7n \u0111\u1ea1i, vi\u1ec7c t\u00edch h\u1ee3p c\u00e1c thi\u1ebft b\u1ecb hi\u1ec7n tr\u01b0\u1eddng v\u00e0o m\u1ed9t m\u1ea1ng l\u01b0\u1edbi truy\u1ec1n th\u00f4ng th\u1ed1ng nh\u1ea5t l\u00e0 y\u1ebfu t\u1ed1 s\u1ed1ng c\u00f2n. <b>PROFIBUS<\/b>, h\u1ec7 th\u1ed1ng Fieldbus ph\u1ed5 bi\u1ebfn nh\u1ea5t th\u1ebf gi\u1edbi, hi\u1ec7n \u0111\u00e3 \u0111\u01b0\u1ee3c h\u1ed7 tr\u1ee3 to\u00e0n di\u1ec7n tr\u00ean d\u00f2ng b\u1ed9 truy\u1ec1n \u0111\u1ed9ng <b>AE Series<\/b> c\u1ee7a Nippon Gear, mang l\u1ea1i kh\u1ea3 n\u0103ng \u0111i\u1ec1u khi\u1ec3n v\u00e0 c\u1ea5u h\u00ecnh t\u1eeb xa t\u1ed1i \u01b0u.<\/p>\n<h2 data-path-to-node=\"4\"><strong>\u0110\u1eb7c \u0110i\u1ec3m K\u1ef9 Thu\u1eadt V\u01b0\u1ee3t Tr\u1ed9i<\/strong><\/h2>\n<h3 data-path-to-node=\"5\"><strong>1. T\u01b0\u01a1ng Th\u00edch Ho\u00e0n H\u1ea3o V\u1edbi Chu\u1ea9n Qu\u1ed1c T\u1ebf<\/strong><\/h3>\n<p data-path-to-node=\"6\">D\u00f2ng actuator AE Series kh\u00f4ng ch\u1ec9 d\u1eebng l\u1ea1i \u1edf vi\u1ec7c \u0111i\u1ec1u khi\u1ec3n \u0111\u00f3ng\/m\u1edf c\u01a1 b\u1ea3n m\u00e0 c\u00f2n h\u1ed7 tr\u1ee3 c\u00e1c chu\u1ea9n PROFIBUS ti\u00ean ti\u1ebfn nh\u1ea5t:<\/p>\n<ul data-path-to-node=\"7\">\n<li>\n<p data-path-to-node=\"7,0,0\"><b>PROFIBUS DP-V0:<\/b> Cung c\u1ea5p \u0111\u1ea7y \u0111\u1ee7 t\u00edn hi\u1ec7u \u0111i\u1ec1u khi\u1ec3n v\u00e0 ph\u1ea3n h\u1ed3i tr\u1ea1ng th\u00e1i v\u1eadn h\u00e0nh t\u1ee9c th\u1eddi.<\/p>\n<\/li>\n<li>\n<p data-path-to-node=\"7,1,0\"><b>PROFIBUS DP-V1:<\/b> Cho ph\u00e9p k\u1ef9 s\u01b0 <b>c\u00e0i \u0111\u1eb7t v\u00e0 c\u1ea5u h\u00ecnh actuator t\u1eeb xa<\/b>, gi\u00fap ti\u1ebft ki\u1ec7m th\u1eddi gian v\u00e0 c\u00f4ng s\u1ee9c b\u1ea3o tr\u00ec t\u1ea1i hi\u1ec7n tr\u01b0\u1eddng.<\/p>\n<\/li>\n<\/ul>\n<h3 data-path-to-node=\"8\"><strong>2. Kh\u1ea3 N\u0103ng M\u1edf R\u1ed9ng H\u1ec7 Th\u1ed1ng C\u1ef1c L\u1edbn<\/strong><\/h3>\n<p data-path-to-node=\"9\">H\u1ec7 th\u1ed1ng m\u1ea1ng PROFIBUS c\u1ee7a Nippon Gear cho ph\u00e9p k\u1ebft n\u1ed1i l\u00ean \u0111\u1ebfn <b>126 tr\u1ea1m<\/b> tr\u00ean c\u00f9ng m\u1ed9t h\u1ec7 th\u1ed1ng.<\/p>\n<ul data-path-to-node=\"10\">\n<li>\n<p data-path-to-node=\"10,0,0\">T\u1ed1i \u0111a <b>32 tr\u1ea1m trong m\u1ed7i ph\u00e2n \u0111o\u1ea1n (segment)<\/b>, d\u1ec5 d\u00e0ng m\u1edf r\u1ed9ng th\u00f4ng qua c\u00e1c b\u1ed9 l\u1eb7p (Repeater).<\/p>\n<\/li>\n<li>\n<p data-path-to-node=\"10,1,0\">Thi\u1ebft k\u1ebf module h\u00f3a gi\u00fap vi\u1ec7c n\u00e2ng c\u1ea5p v\u00e0 m\u1edf r\u1ed9ng h\u1ec7 th\u1ed1ng tr\u1edf n\u00ean \u0111\u01a1n gi\u1ea3n h\u01a1n bao gi\u1edd h\u1ebft.<\/p>\n<\/li>\n<\/ul>\n<h3 data-path-to-node=\"11\"><strong>3. \u0110\u1ed9 Tin C\u1eady Tuy\u1ec7t \u0110\u1ed1i V\u1edbi H\u1ec7 Th\u1ed1ng D\u1ef1 Ph\u00f2ng (System Redundancy)<\/strong><\/h3>\n<p data-path-to-node=\"12\">\u0110\u1ed1i v\u1edbi c\u00e1c nh\u00e0 m\u00e1y y\u00eau c\u1ea7u t\u00ednh li\u00ean t\u1ee5c kh\u1eaft khe, AE Series h\u1ed7 tr\u1ee3 ch\u1ebf \u0111\u1ed9 <b>SR Redundant<\/b>. Giao di\u1ec7n truy\u1ec1n th\u00f4ng \u0111\u01b0\u1ee3c module h\u00f3a cho ph\u00e9p c\u00e1c th\u00e0nh ph\u1ea7n d\u1ef1 ph\u00f2ng ho\u1ea1t \u0111\u1ed9ng \u0111\u1ed9c l\u1eadp, \u0111\u1ea3m b\u1ea3o h\u1ec7 th\u1ed1ng v\u1eabn v\u1eadn h\u00e0nh an to\u00e0n ngay c\u1ea3 khi c\u00f3 s\u1ef1 c\u1ed1 tr\u00ean \u0111\u01b0\u1eddng truy\u1ec1n ch\u00ednh.<\/p>\n<h2 data-path-to-node=\"13\"><strong>L\u1ee3i \u00cdch C\u1ed1t L\u00f5i Khi S\u1eed D\u1ee5ng PROFIBUS Tr\u00ean Actuator AE Series<\/strong><\/h2>\n<ul data-path-to-node=\"14\">\n<li>\n<p data-path-to-node=\"14,0,0\"><b>T\u00edch h\u1ee3p d\u1ec5 d\u00e0ng:<\/b> T\u01b0\u01a1ng th\u00edch ho\u00e0n to\u00e0n v\u1edbi c\u00e1c h\u1ec7 th\u1ed1ng PLC v\u00e0 DCS hi\u1ec7n \u0111\u1ea1i nh\u1ea5t.<\/p>\n<\/li>\n<li>\n<p data-path-to-node=\"14,1,0\"><b>V\u1eadn h\u00e0nh t\u1eeb xa \u1ed5n \u0111\u1ecbnh:<\/b> Gi\u00e1m s\u00e1t to\u00e0n b\u1ed9 th\u00f4ng s\u1ed1 k\u1ef9 thu\u1eadt c\u1ee7a van v\u00e0 actuator ngay t\u1ea1i ph\u00f2ng \u0111i\u1ec1u khi\u1ec3n.<\/p>\n<\/li>\n<li>\n<p data-path-to-node=\"14,2,0\"><b>An to\u00e0n &amp; B\u1ea3o tr\u00ec th\u00f4ng minh:<\/b> Nh\u1edd giao di\u1ec7n module h\u00f3a, vi\u1ec7c thay th\u1ebf ho\u1eb7c b\u1ea3o tr\u00ec ph\u1ea7n truy\u1ec1n th\u00f4ng kh\u00f4ng l\u00e0m \u1ea3nh h\u01b0\u1edfng \u0111\u1ebfn ho\u1ea1t \u0111\u1ed9ng c\u01a1 kh\u00ed c\u1ee7a actuator.<\/p>\n<\/li>\n<li>\n<p data-path-to-node=\"14,3,0\"><b>Ti\u1ebft ki\u1ec7m chi ph\u00ed:<\/b> Gi\u1ea3m thi\u1ec3u \u0111\u00e1ng k\u1ec3 s\u1ed1 l\u01b0\u1ee3ng d\u00e2y d\u1eabn v\u00e0 chi ph\u00ed thi c\u00f4ng so v\u1edbi ph\u01b0\u01a1ng th\u1ee9c \u0111\u1ea5u n\u1ed1i truy\u1ec1n th\u1ed1ng.<\/p>\n<\/li>\n<\/ul>\n<h2 data-path-to-node=\"15\"><strong>T\u00f3m T\u1eaft Th\u00f4ng S\u1ed1 Truy\u1ec1n Th\u00f4ng<\/strong><\/h2>\n<div class=\"horizontal-scroll-wrapper\">\n<div class=\"table-block-component\">\n<div class=\"table-block has-export-button\">\n<div class=\"table-content not-end-of-paragraph\" data-hveid=\"0\" data-ved=\"0CAAQ3ecQahgKEwjy5o-pzcORAxUAAAAAHQAAAAAQ7QM\">\n<table data-path-to-node=\"16\">\n<thead>\n<tr>\n<td><span data-path-to-node=\"16,0,0,0\">T\u00ednh n\u0103ng<\/span><\/td>\n<td><span data-path-to-node=\"16,0,1,0\">Chi ti\u1ebft th\u00f4ng s\u1ed1<\/span><\/td>\n<\/tr>\n<\/thead>\n<tbody>\n<tr>\n<td><span data-path-to-node=\"16,1,0,0\"><b>Giao th\u1ee9c h\u1ed7 tr\u1ee3<\/b><\/span><\/td>\n<td><span data-path-to-node=\"16,1,1,0\">PROFIBUS DP-V0 \/ DP-V1<\/span><\/td>\n<\/tr>\n<tr>\n<td><span data-path-to-node=\"16,2,0,0\"><b>S\u1ed1 l\u01b0\u1ee3ng tr\u1ea1m t\u1ed1i \u0111a<\/b><\/span><\/td>\n<td><span data-path-to-node=\"16,2,1,0\">126 tr\u1ea1m (bao g\u1ed3m Repeater)<\/span><\/td>\n<\/tr>\n<tr>\n<td><span data-path-to-node=\"16,3,0,0\"><b>C\u1ea5u tr\u00fac m\u1ea1ng<\/b><\/span><\/td>\n<td><span data-path-to-node=\"16,3,1,0\">T\u1ed1i \u0111a 32 tr\u1ea1m\/ph\u00e2n \u0111o\u1ea1n (Segment)<\/span><\/td>\n<\/tr>\n<tr>\n<td><span data-path-to-node=\"16,4,0,0\"><b>T\u00ednh n\u0103ng an to\u00e0n<\/b><\/span><\/td>\n<td><span data-path-to-node=\"16,4,1,0\">H\u1ed7 tr\u1ee3 System Redundancy (D\u1ef1 ph\u00f2ng h\u1ec7 th\u1ed1ng)<\/span><\/td>\n<\/tr>\n<tr>\n<td><span data-path-to-node=\"16,5,0,0\"><b>D\u00f2ng s\u1ea3n ph\u1ea9m t\u01b0\u01a1ng th\u00edch<\/b><\/span><\/td>\n<td><span data-path-to-node=\"16,5,1,0\">Nippon Gear AE Series<\/span><\/td>\n<\/tr>\n<\/tbody>\n<\/table>\n<\/div>\n<\/div>\n<\/div>\n<\/div>\n<\/div>\n<\/div>\n<\/div>\n","protected":false},"excerpt":{"rendered":"<p>In the era of modern automation, integrating field devices into a unified communication network is a vital factor. <b>PROFIBUS<\/b>, the world&#8217;s most popular Fieldbus system, is now comprehensively supported on Nippon Gear\u2019s <b>AE Series<\/b> actuators, providing optimized remote control and configuration capabilities.<\/p>\n","protected":false},"featured_media":962,"comment_status":"open","ping_status":"closed","template":"","meta":[],"product_brand":[],"product_cat":[211],"product_tag":[],"class_list":{"0":"post-507","1":"product","2":"type-product","3":"status-publish","4":"has-post-thumbnail","6":"product_cat-communication-and-control-vi-vi","8":"first","9":"instock","10":"shipping-taxable","11":"product-type-simple"},"_links":{"self":[{"href":"https:\/\/xtech-eng.com\/index.php?rest_route=\/wp\/v2\/product\/507","targetHints":{"allow":["GET"]}}],"collection":[{"href":"https:\/\/xtech-eng.com\/index.php?rest_route=\/wp\/v2\/product"}],"about":[{"href":"https:\/\/xtech-eng.com\/index.php?rest_route=\/wp\/v2\/types\/product"}],"replies":[{"embeddable":true,"href":"https:\/\/xtech-eng.com\/index.php?rest_route=%2Fwp%2Fv2%2Fcomments&post=507"}],"wp:featuredmedia":[{"embeddable":true,"href":"https:\/\/xtech-eng.com\/index.php?rest_route=\/wp\/v2\/media\/962"}],"wp:attachment":[{"href":"https:\/\/xtech-eng.com\/index.php?rest_route=%2Fwp%2Fv2%2Fmedia&parent=507"}],"wp:term":[{"taxonomy":"product_brand","embeddable":true,"href":"https:\/\/xtech-eng.com\/index.php?rest_route=%2Fwp%2Fv2%2Fproduct_brand&post=507"},{"taxonomy":"product_cat","embeddable":true,"href":"https:\/\/xtech-eng.com\/index.php?rest_route=%2Fwp%2Fv2%2Fproduct_cat&post=507"},{"taxonomy":"product_tag","embeddable":true,"href":"https:\/\/xtech-eng.com\/index.php?rest_route=%2Fwp%2Fv2%2Fproduct_tag&post=507"}],"curies":[{"name":"wp","href":"https:\/\/api.w.org\/{rel}","templated":true}]}}