{"id":532,"date":"2025-09-22T09:12:58","date_gmt":"2025-09-22T09:12:58","guid":{"rendered":"https:\/\/xtech-eng.com\/?post_type=product&#038;p=532"},"modified":"2025-12-17T08:40:53","modified_gmt":"2025-12-17T08:40:53","slug":"bga-series-2","status":"publish","type":"product","link":"https:\/\/xtech-eng.com\/?product=bga-series-2","title":{"rendered":"Nippon Gear_BGA series"},"content":{"rendered":"<h1 data-path-to-node=\"2\"><strong>K\u00edch V\u00edt\/B\u1ed9 Truy\u1ec1n \u0110\u1ed9ng Van BGA Series: Gi\u1ea3i Ph\u00e1p B\u00e1nh R\u0103ng C\u00f4n Hi\u1ec7u Su\u1ea5t Cao<\/strong><\/h1>\n<p data-path-to-node=\"3\"><b>BGA Series<\/b> l\u00e0 d\u00f2ng b\u1ed9 truy\u1ec1n \u0111\u1ed9ng van ki\u1ec3u b\u00e1nh r\u0103ng c\u00f4n (Bevel Gear) th\u1ebf h\u1ec7 m\u1edbi nh\u1ea5t t\u1eeb Nippon Gear, \u0111\u01b0\u1ee3c thi\u1ebft k\u1ebf chuy\u00ean d\u1ee5ng cho c\u00e1c lo\u1ea1i van c\u1eeda phai (Sluice Gate), van c\u1ed5ng v\u00e0 van tr\u00f2n c\u00f3 ch\u1ecbu l\u1ef1c \u0111\u1ea9y l\u1edbn. \u0110\u00e2y l\u00e0 d\u00f2ng s\u1ea3n ph\u1ea9m k\u1ebf th\u1eeba ho\u00e0n h\u1ea3o cho d\u00f2ng <b>BA Series<\/b> huy\u1ec1n tho\u1ea1i v\u1ed1n \u0111\u00e3 c\u1ef1c k\u1ef3 ph\u1ed5 bi\u1ebfn trong ng\u00e0nh n\u01b0\u1edbc v\u00e0 n\u0103ng l\u01b0\u1ee3ng.<\/p>\n<h2 data-path-to-node=\"4\"><strong>\u01afu \u0110i\u1ec3m N\u1ed5i B\u1eadt C\u1ee7a D\u00f2ng BGA Series<\/strong><\/h2>\n<h3 data-path-to-node=\"5\"><strong>1. Hi\u1ec7u Su\u1ea5t V\u1eadn H\u00e0nh V\u01b0\u1ee3t Tr\u1ed9i (&gt;90%)<\/strong><\/h3>\n<p data-path-to-node=\"6\">Nh\u1edd s\u1eed d\u1ee5ng h\u1ec7 th\u1ed1ng \u1ed5 l\u0103n (bearings) ch\u1ea5t l\u01b0\u1ee3ng cao t\u1ea1i t\u1ea5t c\u1ea3 c\u00e1c v\u1ecb tr\u00ed chuy\u1ec3n \u0111\u1ed9ng, BGA Series \u0111\u1ea1t hi\u1ec7u su\u1ea5t truy\u1ec1n \u0111\u1ed9ng \u1ea5n t\u01b0\u1ee3ng tr\u00ean 90%. \u0110i\u1ec1u n\u00e0y gi\u00fap vi\u1ec7c v\u1eadn h\u00e0nh van b\u1eb1ng tay tr\u1edf n\u00ean nh\u1eb9 nh\u00e0ng, m\u01b0\u1ee3t m\u00e0 v\u00e0 ti\u1ebft ki\u1ec7m s\u1ee9c l\u1ef1c t\u1ed1i \u0111a.<\/p>\n<h3 data-path-to-node=\"7\"><strong>2. Thi\u1ebft K\u1ebf Nh\u1ecf G\u1ecdn &amp; \u0110\u1ed9 Tin C\u1eady Cao<\/strong><\/h3>\n<ul data-path-to-node=\"8\">\n<li>\n<p data-path-to-node=\"8,0,0\"><b>T\u00edch h\u1ee3p \u1ed5 \u0111\u1ee1 ch\u1eb7n (Thrust Bearing):<\/b> Gi\u00fap h\u1ea5p th\u1ee5 l\u1ef1c \u0111\u1ea9y t\u1eeb van m\u1ed9t c\u00e1ch hi\u1ec7u qu\u1ea3, t\u0103ng c\u01b0\u1eddng \u0111\u1ed9 b\u1ec1n cho to\u00e0n b\u1ed9 h\u1ec7 th\u1ed1ng.<\/p>\n<\/li>\n<li>\n<p data-path-to-node=\"8,1,0\"><b>C\u1ea5u tr\u00fac k\u00edn kh\u00edt:<\/b> Thi\u1ebft b\u1ecb \u0111\u01b0\u1ee3c b\u01a1m s\u1eb5n m\u1ee1 ch\u1ecbu \u00e1p su\u1ea5t cao v\u00e0 l\u00e0m k\u00edn ho\u00e0n to\u00e0n, cho ph\u00e9p \u0111\u01b0a v\u00e0o s\u1eed d\u1ee5ng ngay l\u1eadp t\u1ee9c m\u00e0 kh\u00f4ng c\u1ea7n b\u1ea3o tr\u00ec ph\u1ee9c t\u1ea1p.<\/p>\n<\/li>\n<\/ul>\n<h3 data-path-to-node=\"9\"><strong>3. T\u00ednh N\u0103ng &#8220;Hammer Blow&#8221; Th\u00f4ng Minh<\/strong><\/h3>\n<p data-path-to-node=\"10\">C\u01a1 ch\u1ebf <b>Hammer Blow<\/b> \u0111\u1eb7c tr\u01b0ng gi\u00fap t\u1ea1o ra l\u1ef1c va \u0111\u1eadp v\u1eeba \u0111\u1ee7 \u0111\u1ec3 \u0111\u00f3ng van m\u1ed9t c\u00e1ch ch\u1eafc ch\u1eafn v\u00e0 k\u00edn kh\u00edt, ngay c\u1ea3 khi c\u00f3 v\u1eadt c\u1ea3n nh\u1ecf ho\u1eb7c van b\u1ecb k\u1eb9t nh\u1eb9 (Ri\u00eang model BGA-4 \u0111\u01b0\u1ee3c thi\u1ebft k\u1ebf kh\u00f4ng c\u00f3 \u0111\u1ed9 r\u01a1 &#8211; lost motion).<\/p>\n<h3 data-path-to-node=\"11\"><strong>4. Kh\u1ea3 N\u0103ng N\u00e2ng C\u1ea5p L\u00ean V\u1eadn H\u00e0nh \u0110i\u1ec7n<\/strong><\/h3>\n<p data-path-to-node=\"12\">M\u1ed9t trong nh\u1eefng \u0111i\u1ec3m m\u1ea1nh nh\u1ea5t c\u1ee7a BGA Series l\u00e0 t\u00ednh linh ho\u1ea1t. B\u1ea1n c\u00f3 th\u1ec3 d\u1ec5 d\u00e0ng chuy\u1ec3n \u0111\u1ed5i t\u1eeb v\u1eadn h\u00e0nh tay sang v\u1eadn h\u00e0nh \u0111i\u1ec7n b\u1eb1ng c\u00e1ch l\u1eafp th\u00eam c\u00e1c b\u1ed9 Actuator nh\u01b0 <b>SMB, JMB ho\u1eb7c L120<\/b> th\u00f4ng qua b\u1ed9 Adaptor ti\u00eau chu\u1ea9n m\u00e0 kh\u00f4ng c\u1ea7n thay th\u1ebf to\u00e0n b\u1ed9 h\u1ec7 th\u1ed1ng.<\/p>\n<h2 data-path-to-node=\"13\"><strong>\u1ee8ng D\u1ee5ng Th\u1ef1c T\u1ebf<\/strong><\/h2>\n<p data-path-to-node=\"14\">BGA Series l\u00e0 l\u1ef1a ch\u1ecdn h\u00e0ng \u0111\u1ea7u cho c\u00e1c c\u00f4ng tr\u00ecnh h\u1ea1 t\u1ea7ng tr\u1ecdng \u0111i\u1ec3m:<\/p>\n<ul data-path-to-node=\"15\">\n<li>\n<p data-path-to-node=\"15,0,0\"><b>H\u1ec7 th\u1ed1ng x\u1eed l\u00fd n\u01b0\u1edbc v\u00e0 n\u01b0\u1edbc th\u1ea3i:<\/b> V\u1eadn h\u00e0nh c\u00e1c c\u1eeda phai, van ng\u0103n tri\u1ec1u.<\/p>\n<\/li>\n<li>\n<p data-path-to-node=\"15,1,0\"><b>Nh\u00e0 m\u00e1y \u0111i\u1ec7n:<\/b> \u0110i\u1ec1u khi\u1ec3n c\u00e1c h\u1ec7 th\u1ed1ng van th\u1ee7y l\u1ef1c, van c\u1ed5ng c\u1ee1 l\u1edbn.<\/p>\n<\/li>\n<li>\n<p data-path-to-node=\"15,2,0\"><b>C\u1eeda \u0111\u1eadp &amp; Th\u1ee7y l\u1ee3i:<\/b> C\u00e1c h\u1ec7 th\u1ed1ng sluice gate y\u00eau c\u1ea7u l\u1ef1c \u0111\u1ea9y l\u1edbn.<\/p>\n<\/li>\n<\/ul>\n<h2 data-path-to-node=\"16\"><strong>B\u1ea3ng Th\u00f4ng S\u1ed1 K\u1ef9 Thu\u1eadt D\u00f2ng BGA Series<\/strong><\/h2>\n<div class=\"horizontal-scroll-wrapper\">\n<div class=\"table-block-component\">\n<div class=\"table-block has-export-button\">\n<div class=\"table-content not-end-of-paragraph\" data-hveid=\"0\" data-ved=\"0CAAQ3ecQahgKEwjy5o-pzcORAxUAAAAAHQAAAAAQnAU\">\n<table data-path-to-node=\"17\">\n<thead>\n<tr>\n<td><span data-path-to-node=\"17,0,0,0\">Model<\/span><\/td>\n<td><span data-path-to-node=\"17,0,1,0\">T\u1ec9 s\u1ed1 truy\u1ec1n<\/span><\/td>\n<td><span data-path-to-node=\"17,0,2,0\">L\u1ef1c \u0111\u1ea9y t\u1ed1i \u0111a (kN)<\/span><\/td>\n<td><span data-path-to-node=\"17,0,3,0\">M\u00f4-men t\u1ed1i \u0111a (N\u00b7m)<\/span><\/td>\n<td><span data-path-to-node=\"17,0,4,0\">\u0110\u01b0\u1eddng k\u00ednh tr\u1ee5c (mm)<\/span><\/td>\n<td><span data-path-to-node=\"17,0,5,0\">Tr\u1ecdng l\u01b0\u1ee3ng (kg)<\/span><\/td>\n<\/tr>\n<\/thead>\n<tbody>\n<tr>\n<td><span data-path-to-node=\"17,1,0,0\"><b>BGA-04<\/b><\/span><\/td>\n<td><span data-path-to-node=\"17,1,1,0\">2:1<\/span><\/td>\n<td><span data-path-to-node=\"17,1,2,0\">26<\/span><\/td>\n<td><span data-path-to-node=\"17,1,3,0\">110<\/span><\/td>\n<td><span data-path-to-node=\"17,1,4,0\">40<\/span><\/td>\n<td><span data-path-to-node=\"17,1,5,0\">12<\/span><\/td>\n<\/tr>\n<tr>\n<td><span data-path-to-node=\"17,2,0,0\"><b>BGA-00<\/b><\/span><\/td>\n<td><span data-path-to-node=\"17,2,1,0\">2.5:1<\/span><\/td>\n<td><span data-path-to-node=\"17,2,2,0\">62<\/span><\/td>\n<td><span data-path-to-node=\"17,2,3,0\">340<\/span><\/td>\n<td><span data-path-to-node=\"17,2,4,0\">46<\/span><\/td>\n<td><span data-path-to-node=\"17,2,5,0\">18<\/span><\/td>\n<\/tr>\n<tr>\n<td><span data-path-to-node=\"17,3,0,0\"><b>BGA-0<\/b><\/span><\/td>\n<td><span data-path-to-node=\"17,3,1,0\">3:1<\/span><\/td>\n<td><span data-path-to-node=\"17,3,2,0\">98<\/span><\/td>\n<td><span data-path-to-node=\"17,3,3,0\">740<\/span><\/td>\n<td><span data-path-to-node=\"17,3,4,0\">55<\/span><\/td>\n<td><span data-path-to-node=\"17,3,5,0\">25<\/span><\/td>\n<\/tr>\n<tr>\n<td><span data-path-to-node=\"17,4,0,0\"><b>BGA-1<\/b><\/span><\/td>\n<td><span data-path-to-node=\"17,4,1,0\">4.11:1<\/span><\/td>\n<td><span data-path-to-node=\"17,4,2,0\">200<\/span><\/td>\n<td><span data-path-to-node=\"17,4,3,0\">1,500<\/span><\/td>\n<td><span data-path-to-node=\"17,4,4,0\">62<\/span><\/td>\n<td><span data-path-to-node=\"17,4,5,0\">45<\/span><\/td>\n<\/tr>\n<tr>\n<td><span data-path-to-node=\"17,5,0,0\"><b>BGA-2<\/b><\/span><\/td>\n<td><span data-path-to-node=\"17,5,1,0\">6:1<\/span><\/td>\n<td><span data-path-to-node=\"17,5,2,0\">340<\/span><\/td>\n<td><span data-path-to-node=\"17,5,3,0\">2,900<\/span><\/td>\n<td><span data-path-to-node=\"17,5,4,0\">85<\/span><\/td>\n<td><span data-path-to-node=\"17,5,5,0\">84<\/span><\/td>\n<\/tr>\n<tr>\n<td><span data-path-to-node=\"17,6,0,0\"><b>BGA-4<\/b><\/span><\/td>\n<td><span data-path-to-node=\"17,6,1,0\">10:1<\/span><\/td>\n<td><span data-path-to-node=\"17,6,2,0\">1,200<\/span><\/td>\n<td><span data-path-to-node=\"17,6,3,0\">12,000<\/span><\/td>\n<td><span data-path-to-node=\"17,6,4,0\">130<\/span><\/td>\n<td><span data-path-to-node=\"17,6,5,0\">380<\/span><\/td>\n<\/tr>\n<\/tbody>\n<\/table>\n<\/div>\n<\/div>\n<\/div>\n<\/div>\n<h2 data-path-to-node=\"19\"><strong>Ph\u1ee5 Ki\u1ec7n &amp; T\u00f9y Ch\u1ecdn \u0110a D\u1ea1ng<\/strong><\/h2>\n<p data-path-to-node=\"20\">Nippon Gear cung c\u1ea5p \u0111\u1ea7y \u0111\u1ee7 c\u00e1c ph\u1ee5 ki\u1ec7n \u0111i k\u00e8m \u0111\u1ec3 t\u1ed1i \u01b0u h\u00f3a vi\u1ec7c l\u1eafp \u0111\u1eb7t:<\/p>\n<ul data-path-to-node=\"21\">\n<li>\n<p data-path-to-node=\"21,0,0\"><b>Tay quay (Handwheel):<\/b> Nhi\u1ec1u k\u00edch c\u1ee1 ph\u00f9 h\u1ee3p v\u1edbi l\u1ef1c v\u1eadn h\u00e0nh.<\/p>\n<\/li>\n<li>\n<p data-path-to-node=\"21,1,0\"><b>\u1ed0ng b\u1ea3o v\u1ec7 tr\u1ee5c (Stem cover) &amp; N\u1eafp \u0111\u1eady:<\/b> B\u1ea3o v\u1ec7 tr\u1ee5c v\u00edt kh\u1ecfi b\u1ee5i b\u1ea9n v\u00e0 \u0103n m\u00f2n.<\/p>\n<\/li>\n<li>\n<p data-path-to-node=\"21,2,0\"><b>Ki\u1ec3u tr\u1ee5c vu\u00f4ng g\u00f3c:<\/b> Cung c\u1ea5p t\u00f9y ch\u1ecdn 2 tr\u1ee5c vu\u00f4ng g\u00f3c \u0111\u1ec3 ph\u00f9 h\u1ee3p v\u1edbi c\u00e1c kh\u00f4ng gian l\u1eafp \u0111\u1eb7t \u0111\u1eb7c bi\u1ec7t.<\/p>\n<\/li>\n<\/ul>\n","protected":false},"excerpt":{"rendered":"<p><b>BGA Series<\/b> l\u00e0 d\u00f2ng b\u1ed9 truy\u1ec1n \u0111\u1ed9ng van ki\u1ec3u b\u00e1nh r\u0103ng c\u00f4n (Bevel Gear) th\u1ebf h\u1ec7 m\u1edbi nh\u1ea5t t\u1eeb Nippon Gear, \u0111\u01b0\u1ee3c thi\u1ebft k\u1ebf chuy\u00ean d\u1ee5ng cho c\u00e1c lo\u1ea1i van c\u1eeda phai (Sluice Gate), van c\u1ed5ng v\u00e0 van tr\u00f2n c\u00f3 ch\u1ecbu l\u1ef1c \u0111\u1ea9y l\u1edbn. \u0110\u00e2y l\u00e0 d\u00f2ng s\u1ea3n ph\u1ea9m k\u1ebf th\u1eeba ho\u00e0n h\u1ea3o cho d\u00f2ng <b>BA Series<\/b> huy\u1ec1n tho\u1ea1i v\u1ed1n \u0111\u00e3 c\u1ef1c k\u1ef3 ph\u1ed5 bi\u1ebfn trong ng\u00e0nh n\u01b0\u1edbc v\u00e0 n\u0103ng l\u01b0\u1ee3ng.<\/p>\n","protected":false},"featured_media":980,"comment_status":"open","ping_status":"closed","template":"","meta":[],"product_brand":[],"product_cat":[237],"product_tag":[],"class_list":{"0":"post-532","1":"product","2":"type-product","3":"status-publish","4":"has-post-thumbnail","6":"product_cat-multi-turn-type","8":"first","9":"instock","10":"shipping-taxable","11":"product-type-simple"},"_links":{"self":[{"href":"https:\/\/xtech-eng.com\/index.php?rest_route=\/wp\/v2\/product\/532","targetHints":{"allow":["GET"]}}],"collection":[{"href":"https:\/\/xtech-eng.com\/index.php?rest_route=\/wp\/v2\/product"}],"about":[{"href":"https:\/\/xtech-eng.com\/index.php?rest_route=\/wp\/v2\/types\/product"}],"replies":[{"embeddable":true,"href":"https:\/\/xtech-eng.com\/index.php?rest_route=%2Fwp%2Fv2%2Fcomments&post=532"}],"wp:featuredmedia":[{"embeddable":true,"href":"https:\/\/xtech-eng.com\/index.php?rest_route=\/wp\/v2\/media\/980"}],"wp:attachment":[{"href":"https:\/\/xtech-eng.com\/index.php?rest_route=%2Fwp%2Fv2%2Fmedia&parent=532"}],"wp:term":[{"taxonomy":"product_brand","embeddable":true,"href":"https:\/\/xtech-eng.com\/index.php?rest_route=%2Fwp%2Fv2%2Fproduct_brand&post=532"},{"taxonomy":"product_cat","embeddable":true,"href":"https:\/\/xtech-eng.com\/index.php?rest_route=%2Fwp%2Fv2%2Fproduct_cat&post=532"},{"taxonomy":"product_tag","embeddable":true,"href":"https:\/\/xtech-eng.com\/index.php?rest_route=%2Fwp%2Fv2%2Fproduct_tag&post=532"}],"curies":[{"name":"wp","href":"https:\/\/api.w.org\/{rel}","templated":true}]}}