{"id":536,"date":"2025-09-22T09:26:40","date_gmt":"2025-09-22T09:26:40","guid":{"rendered":"https:\/\/xtech-eng.com\/?post_type=product&#038;p=536"},"modified":"2025-12-17T08:46:11","modified_gmt":"2025-12-17T08:46:11","slug":"pa-series-2","status":"publish","type":"product","link":"https:\/\/xtech-eng.com\/?product=pa-series-2","title":{"rendered":"Nippon Gear_PA series"},"content":{"rendered":"<h1 data-path-to-node=\"2\"><strong>B\u1ed9 Truy\u1ec1n \u0110\u1ed9ng B\u00e1nh R\u0103ng Tr\u1ee5 PA Series: Thao T\u00e1c Van Th\u1ee7 C\u00f4ng Nh\u1eb9 Nh\u00e0ng &amp; Ch\u00ednh X\u00e1c<\/strong><\/h1>\n<p data-path-to-node=\"3\"><b>PA Series<\/b> l\u00e0 d\u00f2ng b\u1ed9 truy\u1ec1n \u0111\u1ed9ng b\u1eb1ng b\u00e1nh r\u0103ng tr\u1ee5 (Spur Gear) chuy\u00ean d\u1ee5ng cho c\u00e1c lo\u1ea1i van ph\u00e1t sinh l\u1ef1c \u0111\u1ea9y tr\u1ee5c l\u1edbn nh\u01b0 <b>van c\u1eeda (Gate Valve)<\/b> v\u00e0 <b>van c\u1ea7u (Globe Valve)<\/b>. V\u1edbi thi\u1ebft k\u1ebf t\u1ed1i \u01b0u, s\u1ea3n ph\u1ea9m gi\u00fap vi\u1ec7c \u0111\u00f3ng\/m\u1edf c\u00e1c d\u00f2ng van c\u00f4ng nghi\u1ec7p n\u1eb7ng tr\u1edf n\u00ean d\u1ec5 d\u00e0ng, m\u01b0\u1ee3t m\u00e0 b\u1eb1ng tay quay th\u1ee7 c\u00f4ng.<\/p>\n<h2 data-path-to-node=\"4\"><strong>\u0110\u1eb7c \u0110i\u1ec3m N\u1ed5i B\u1eadt C\u1ee7a D\u00f2ng PA Series<\/strong><\/h2>\n<h3 data-path-to-node=\"5\"><strong>1. C\u01a1 Ch\u1ebf &#8220;Hammer Blow&#8221; \u2013 \u0110\u00f3ng Van Ch\u1eafc Ch\u1eafn<\/strong><\/h3>\n<p data-path-to-node=\"6\">\u0110i\u1ec3m m\u1ea1nh c\u1ee7a PA Series l\u00e0 c\u01a1 ch\u1ebf <b>b\u00faa \u0111\u00f3ng (Hammer Blow)<\/b> th\u00f4ng minh. C\u01a1 ch\u1ebf n\u00e0y gi\u00fap gi\u1ea3m \u0111\u00e1ng k\u1ec3 l\u1ef1c m\u00f4-men xo\u1eafn c\u1ea7n thi\u1ebft khi b\u1eaft \u0111\u1ea7u m\u1edf ho\u1eb7c k\u1ebft th\u00fac \u0111\u00f3ng van, \u0111\u1ea3m b\u1ea3o van \u0111\u01b0\u1ee3c l\u00e0m k\u00edn ho\u00e0n to\u00e0n m\u00e0 kh\u00f4ng t\u1ed1n qu\u00e1 nhi\u1ec1u s\u1ee9c l\u1ef1c.<\/p>\n<h3 data-path-to-node=\"7\"><strong>2. \u0110\u1ed9 B\u1ec1n V\u01b0\u1ee3t Tr\u1ed9i V\u1edbi K\u1ebft C\u1ea5u K\u00edn<\/strong><\/h3>\n<ul data-path-to-node=\"8\">\n<li>\n<p data-path-to-node=\"8,0,0\"><b>S\u1eb5n s\u00e0ng v\u1eadn h\u00e0nh:<\/b> Thi\u1ebft b\u1ecb c\u00f3 k\u1ebft c\u1ea5u k\u00edn kh\u00edt ho\u00e0n h\u1ea3o, \u0111\u00e3 \u0111\u01b0\u1ee3c b\u01a1m s\u1eb5n m\u1ee1 ch\u1ecbu \u00e1p l\u1ef1c cao t\u1eeb nh\u00e0 m\u00e1y, gi\u00fap ch\u1ed1ng \u0103n m\u00f2n v\u00e0 gi\u1ea3m ma s\u00e1t ngay khi l\u1eafp \u0111\u1eb7t.<\/p>\n<\/li>\n<li>\n<p data-path-to-node=\"8,1,0\"><b>Hi\u1ec7u su\u1ea5t cao:<\/b> H\u1ec7 th\u1ed1ng <b>\u1ed5 bi (Ball Bearings)<\/b> \u0111\u01b0\u1ee3c trang b\u1ecb t\u1ea1i t\u1ea5t c\u1ea3 c\u00e1c \u0111i\u1ec3m t\u1ef1a quay, kh\u00f4ng ch\u1ec9 k\u00e9o d\u00e0i tu\u1ed5i th\u1ecd m\u00e0 c\u00f2n t\u0103ng hi\u1ec7u su\u1ea5t truy\u1ec1n \u0111\u1ed9ng l\u00ean m\u1ee9c t\u1ed1i \u0111a.<\/p>\n<\/li>\n<\/ul>\n<h3 data-path-to-node=\"9\"><strong>3. Thi\u1ebft K\u1ebf Th\u00f4ng Minh, D\u1ec5 D\u00e0ng B\u1ea3o Tr\u00ec<\/strong><\/h3>\n<ul data-path-to-node=\"10\">\n<li>\n<p data-path-to-node=\"10,0,0\"><b>\u0110ai \u1ed1c tr\u1ee5c hai l\u1edbp:<\/b> S\u1eed d\u1ee5ng kh\u1edbp n\u1ed1i r\u0103ng xo\u1eafn Involute gi\u1eefa \u0111ai \u1ed1c v\u00e0 tay \u00e1o truy\u1ec1n \u0111\u1ed9ng. Thi\u1ebft k\u1ebf n\u00e0y cho ph\u00e9p k\u1ef9 thu\u1eadt vi\u00ean th\u00e1o r\u1eddi \u0111ai \u1ed1c \u0111\u1ec3 gia c\u00f4ng ren tr\u1ee5c m\u00e0 <b>kh\u00f4ng c\u1ea7n th\u00e1o to\u00e0n b\u1ed9 b\u1ed9 truy\u1ec1n \u0111\u1ed9ng<\/b>, ti\u1ebft ki\u1ec7m t\u1ed1i \u0111a th\u1eddi gian b\u1ea3o tr\u00ec.<\/p>\n<\/li>\n<li>\n<p data-path-to-node=\"10,1,0\"><b>L\u1eafp \u0111\u1eb7t linh ho\u1ea1t:<\/b> Th\u00f4ng qua b\u1ed9 chuy\u1ec3n \u0111\u1ed5i (Mounting Adapter), PA Series c\u00f3 th\u1ec3 l\u1eafp \u0111\u1eb7t d\u1ec5 d\u00e0ng tr\u00ean c\u1ea3 h\u1ec7 th\u1ed1ng van m\u1edbi ho\u1eb7c n\u00e2ng c\u1ea5p cho c\u00e1c van hi\u1ec7n c\u00f3 t\u1ea1i c\u00f4ng tr\u00ecnh.<\/p>\n<\/li>\n<\/ul>\n<h2 data-path-to-node=\"11\"><strong>C\u00e1c Phi\u00ean B\u1ea3n T\u00f9y Ch\u1ecdn N\u00e2ng Cao<\/strong><\/h2>\n<p data-path-to-node=\"12\">\u0110\u1ec3 \u0111\u00e1p \u1ee9ng nhu c\u1ea7u gi\u00e1m s\u00e1t hi\u1ec7n \u0111\u1ea1i, Nippon Gear cung c\u1ea5p th\u00eam c\u00e1c bi\u1ebfn th\u1ec3:<\/p>\n<ul data-path-to-node=\"13\">\n<li>\n<p data-path-to-node=\"13,0,0\"><b>PA-OP Series:<\/b> T\u00edch h\u1ee3p \u0111\u1ed3ng h\u1ed3 ch\u1ec9 v\u1ecb tr\u00ed c\u01a1 kh\u00ed (MDPI) tr\u1ef1c quan.<\/p>\n<\/li>\n<li>\n<p data-path-to-node=\"13,1,0\"><b>PA-OS Series:<\/b> T\u00edch h\u1ee3p c\u1ea3 \u0111\u1ed3ng h\u1ed3 ch\u1ec9 v\u1ecb tr\u00ed (MDPI) v\u00e0 <b>c\u00f4ng t\u1eafc gi\u1edbi h\u1ea1n (Limit Switch)<\/b> \u0111\u1ec3 ph\u1ea3n h\u1ed3i t\u00edn hi\u1ec7u tr\u1ea1ng th\u00e1i v\u1ec1 trung t\u00e2m.<\/p>\n<\/li>\n<\/ul>\n<h2 data-path-to-node=\"14\"><strong>Th\u00f4ng S\u1ed1 K\u1ef9 Thu\u1eadt D\u00f2ng PA Series<\/strong><\/h2>\n<div class=\"horizontal-scroll-wrapper\">\n<div class=\"table-block-component\">\n<div class=\"table-block has-export-button\">\n<div class=\"table-content not-end-of-paragraph\" data-hveid=\"0\" data-ved=\"0CAAQ3ecQahgKEwjy5o-pzcORAxUAAAAAHQAAAAAQswU\">\n<table data-path-to-node=\"15\">\n<thead>\n<tr>\n<td><span data-path-to-node=\"15,0,0,0\">Model<\/span><\/td>\n<td><span data-path-to-node=\"15,0,1,0\">T\u1ec9 s\u1ed1 truy\u1ec1n<\/span><\/td>\n<td><span data-path-to-node=\"15,0,2,0\">L\u1ef1c \u0111\u1ea9y t\u1ed1i \u0111a (kN)<\/span><\/td>\n<td><span data-path-to-node=\"15,0,3,0\">M\u00f4-men t\u1ed1i \u0111a (N\u00b7m)<\/span><\/td>\n<td><span data-path-to-node=\"15,0,4,0\">\u0110\u01b0\u1eddng k\u00ednh tr\u1ee5c (mm)<\/span><\/td>\n<td><span data-path-to-node=\"15,0,5,0\">Tr\u1ecdng l\u01b0\u1ee3ng (kg)<\/span><\/td>\n<\/tr>\n<\/thead>\n<tbody>\n<tr>\n<td><span data-path-to-node=\"15,1,0,0\"><b>PA-0<\/b><\/span><\/td>\n<td><span data-path-to-node=\"15,1,1,0\">3:1<\/span><\/td>\n<td><span data-path-to-node=\"15,1,2,0\">98<\/span><\/td>\n<td><span data-path-to-node=\"15,1,3,0\">740<\/span><\/td>\n<td><span data-path-to-node=\"15,1,4,0\">55<\/span><\/td>\n<td><span data-path-to-node=\"15,1,5,0\">30<\/span><\/td>\n<\/tr>\n<tr>\n<td><span data-path-to-node=\"15,2,0,0\"><b>PA-1<\/b><\/span><\/td>\n<td><span data-path-to-node=\"15,2,1,0\">4:1<\/span><\/td>\n<td><span data-path-to-node=\"15,2,2,0\">200<\/span><\/td>\n<td><span data-path-to-node=\"15,2,3,0\">1,500<\/span><\/td>\n<td><span data-path-to-node=\"15,2,4,0\">62<\/span><\/td>\n<td><span data-path-to-node=\"15,2,5,0\">45<\/span><\/td>\n<\/tr>\n<tr>\n<td><span data-path-to-node=\"15,3,0,0\"><b>PA-2<\/b><\/span><\/td>\n<td><span data-path-to-node=\"15,3,1,0\">6:1<\/span><\/td>\n<td><span data-path-to-node=\"15,3,2,0\">340<\/span><\/td>\n<td><span data-path-to-node=\"15,3,3,0\">2,900<\/span><\/td>\n<td><span data-path-to-node=\"15,3,4,0\">85<\/span><\/td>\n<td><span data-path-to-node=\"15,3,5,0\">85<\/span><\/td>\n<\/tr>\n<tr>\n<td><span data-path-to-node=\"15,4,0,0\"><b>PA-3<\/b><\/span><\/td>\n<td><span data-path-to-node=\"15,4,1,0\">9:1<\/span><\/td>\n<td><span data-path-to-node=\"15,4,2,0\">620<\/span><\/td>\n<td><span data-path-to-node=\"15,4,3,0\">5,900<\/span><\/td>\n<td><span data-path-to-node=\"15,4,4,0\">115<\/span><\/td>\n<td><span data-path-to-node=\"15,4,5,0\">160<\/span><\/td>\n<\/tr>\n<\/tbody>\n<\/table>\n<\/div>\n<\/div>\n<\/div>\n<\/div>\n<h2 data-path-to-node=\"17\"><strong>\u1ee8ng D\u1ee5ng L\u00fd T\u01b0\u1edfng<\/strong><\/h2>\n<p data-path-to-node=\"18\">D\u00f2ng PA Series l\u00e0 gi\u1ea3i ph\u00e1p thay th\u1ebf s\u1ee9c ng\u01b0\u1eddi hi\u1ec7u qu\u1ea3 trong:<\/p>\n<ul data-path-to-node=\"19\">\n<li>\n<p data-path-to-node=\"19,0,0\">C\u00e1c tr\u1ea1m b\u01a1m c\u1ea5p tho\u00e1t n\u01b0\u1edbc.<\/p>\n<\/li>\n<li>\n<p data-path-to-node=\"19,1,0\">Nh\u00e0 m\u00e1y h\u00f3a ch\u1ea5t, l\u1ecdc h\u00f3a d\u1ea7u (v\u1eadn h\u00e0nh van c\u1eeda c\u1ee1 l\u1edbn).<\/p>\n<\/li>\n<li>\n<p data-path-to-node=\"19,2,0\">H\u1ec7 th\u1ed1ng \u0111\u01b0\u1eddng \u1ed1ng d\u1eabn h\u01a1i, n\u01b0\u1edbc n\u00f3ng trong c\u00f4ng nghi\u1ec7p.<\/p>\n<\/li>\n<\/ul>\n<div class=\"col-content-block\">\n<div class=\"list-table-scroll\"><\/div>\n<\/div>\n","protected":false},"excerpt":{"rendered":"<p>B\u1ed9 Truy\u1ec1n \u0110\u1ed9ng B\u00e1nh R\u0103ng Tr\u1ee5 PA Series: Thao T\u00e1c Van Th\u1ee7 C\u00f4ng Nh\u1eb9 Nh\u00e0ng &amp; Ch\u00ednh X\u00e1c PA Series l\u00e0 d\u00f2ng b\u1ed9 truy\u1ec1n \u0111\u1ed9ng b\u1eb1ng b\u00e1nh r\u0103ng tr\u1ee5 (Spur Gear) chuy\u00ean d\u1ee5ng cho c\u00e1c lo\u1ea1i van ph\u00e1t sinh l\u1ef1c \u0111\u1ea9y tr\u1ee5c l\u1edbn nh\u01b0 van c\u1eeda (Gate Valve) v\u00e0 van c\u1ea7u (Globe Valve). V\u1edbi thi\u1ebft&#8230;<\/p>\n","protected":false},"featured_media":983,"comment_status":"open","ping_status":"closed","template":"","meta":[],"product_brand":[],"product_cat":[237],"product_tag":[],"class_list":{"0":"post-536","1":"product","2":"type-product","3":"status-publish","4":"has-post-thumbnail","6":"product_cat-multi-turn-type","8":"first","9":"instock","10":"shipping-taxable","11":"product-type-simple"},"_links":{"self":[{"href":"https:\/\/xtech-eng.com\/index.php?rest_route=\/wp\/v2\/product\/536","targetHints":{"allow":["GET"]}}],"collection":[{"href":"https:\/\/xtech-eng.com\/index.php?rest_route=\/wp\/v2\/product"}],"about":[{"href":"https:\/\/xtech-eng.com\/index.php?rest_route=\/wp\/v2\/types\/product"}],"replies":[{"embeddable":true,"href":"https:\/\/xtech-eng.com\/index.php?rest_route=%2Fwp%2Fv2%2Fcomments&post=536"}],"wp:featuredmedia":[{"embeddable":true,"href":"https:\/\/xtech-eng.com\/index.php?rest_route=\/wp\/v2\/media\/983"}],"wp:attachment":[{"href":"https:\/\/xtech-eng.com\/index.php?rest_route=%2Fwp%2Fv2%2Fmedia&parent=536"}],"wp:term":[{"taxonomy":"product_brand","embeddable":true,"href":"https:\/\/xtech-eng.com\/index.php?rest_route=%2Fwp%2Fv2%2Fproduct_brand&post=536"},{"taxonomy":"product_cat","embeddable":true,"href":"https:\/\/xtech-eng.com\/index.php?rest_route=%2Fwp%2Fv2%2Fproduct_cat&post=536"},{"taxonomy":"product_tag","embeddable":true,"href":"https:\/\/xtech-eng.com\/index.php?rest_route=%2Fwp%2Fv2%2Fproduct_tag&post=536"}],"curies":[{"name":"wp","href":"https:\/\/api.w.org\/{rel}","templated":true}]}}