{"id":540,"date":"2025-09-22T09:44:48","date_gmt":"2025-09-22T09:44:48","guid":{"rendered":"https:\/\/xtech-eng.com\/?post_type=product&#038;p=540"},"modified":"2025-12-17T08:54:11","modified_gmt":"2025-12-17T08:54:11","slug":"cwg-series","status":"publish","type":"product","link":"https:\/\/xtech-eng.com\/?product=cwg-series","title":{"rendered":"Nippon Gear_CWG series"},"content":{"rendered":"<h1 data-path-to-node=\"2\"><strong>B\u1ed9 Gi\u1ea3m T\u1ed1c Tr\u1ee5c V\u00edt CWG Series: Gi\u1ea3i Ph\u00e1p V\u1eadn H\u00e0nh Van Xoay 90\u00b0 Linh Ho\u1ea1t &amp; Kinh T\u1ebf<\/strong><\/h1>\n<p data-path-to-node=\"3\"><b>CWG Series<\/b> l\u00e0 d\u00f2ng b\u1ed9 gi\u1ea3m t\u1ed1c tr\u1ee5c v\u00edt (Worm Gearbox) \u0111\u01b0\u1ee3c thi\u1ebft k\u1ebf chuy\u00ean d\u1ee5ng cho c\u00e1c \u1ee9ng d\u1ee5ng c\u00f4ng nghi\u1ec7p t\u1ed5ng h\u1ee3p, \u0111\u1eb7c bi\u1ec7t l\u00e0 h\u1ec7 th\u1ed1ng c\u1ea5p tho\u00e1t n\u01b0\u1edbc v\u00e0 ng\u00e0nh luy\u1ec7n kim. \u0110\u00e2y l\u00e0 l\u1ef1a ch\u1ecdn t\u1ed1i \u01b0u \u0111\u1ec3 v\u1eadn h\u00e0nh c\u00e1c lo\u1ea1i van xoay m\u1ed9t ph\u1ea7n t\u01b0 (90\u00b0) nh\u01b0 <b>van b\u01b0\u1edbm<\/b> v\u00e0 <b>van bi<\/b>.<\/p>\n<p data-path-to-node=\"4\">S\u1ea3n ph\u1ea9m kh\u00f4ng ch\u1ec9 ho\u1ea1t \u0111\u1ed9ng xu\u1ea5t s\u1eafc nh\u01b0 m\u1ed9t thi\u1ebft b\u1ecb v\u1eadn h\u00e0nh th\u1ee7 c\u00f4ng m\u00e0 c\u00f2n d\u1ec5 d\u00e0ng k\u1ebft n\u1ed1i v\u1edbi c\u00e1c b\u1ed9 truy\u1ec1n \u0111\u1ed9ng \u0111i\u1ec7n (Electric Actuator) \u0111\u1ec3 n\u00e2ng c\u1ea5p h\u1ec7 th\u1ed1ng \u0111i\u1ec1u khi\u1ec3n t\u1ef1 \u0111\u1ed9ng.<\/p>\n<h2 data-path-to-node=\"5\"><strong>\u0110\u1eb7c \u0110i\u1ec3m N\u1ed5i B\u1eadt C\u1ee7a CWG Series<\/strong><\/h2>\n<h3 data-path-to-node=\"6\"><strong>1. Thi\u1ebft K\u1ebf Linh Ho\u1ea1t \u2013 T\u1ed1i \u01afu L\u1eafp \u0110\u1eb7t<\/strong><\/h3>\n<ul data-path-to-node=\"7\">\n<li>\n<p data-path-to-node=\"7,0,0\"><b>K\u1ebft c\u1ea5u \u1ed1ng l\u00f3t k\u00e9p:<\/b> Cho ph\u00e9p k\u1ef9 thu\u1eadt vi\u00ean d\u1ec5 d\u00e0ng thay \u0111\u1ed5i v\u1ecb tr\u00ed then so v\u1edbi tr\u1ee5c van, gi\u00fap vi\u1ec7c l\u1eafp r\u00e1p tr\u1edf n\u00ean nhanh ch\u00f3ng v\u00e0 ch\u00ednh x\u00e1c h\u01a1n.<\/p>\n<\/li>\n<li>\n<p data-path-to-node=\"7,1,0\"><b>T\u1ef1 do t\u00f9y ch\u1ec9nh:<\/b> Ng\u01b0\u1eddi d\u00f9ng c\u00f3 th\u1ec3 l\u1ef1a ch\u1ecdn h\u01b0\u1edbng quay v\u00e0 v\u1ecb tr\u00ed c\u1ee7a tr\u1ee5c v\u00e0o (Input shaft) sao cho ph\u00f9 h\u1ee3p nh\u1ea5t v\u1edbi kh\u00f4ng gian l\u1eafp \u0111\u1eb7t th\u1ef1c t\u1ebf.<\/p>\n<\/li>\n<\/ul>\n<h3 data-path-to-node=\"8\"><strong>2. \u0110\u1ed9 B\u1ec1n &amp; Kh\u1ea3 N\u0103ng B\u1ea3o V\u1ec7 Tuy\u1ec7t \u0110\u1ed1i<\/strong><\/h3>\n<ul data-path-to-node=\"9\">\n<li>\n<p data-path-to-node=\"9,0,0\"><b>Chu\u1ea9n IP67:<\/b> Thi\u1ebft b\u1ecb c\u00f3 kh\u1ea3 n\u0103ng ch\u1ed1ng b\u1ee5i ho\u00e0n to\u00e0n v\u00e0 ch\u1ed1ng th\u1ea5m n\u01b0\u1edbc (ng\u00e2m t\u1ea1m th\u1eddi), \u0111\u1ea3m b\u1ea3o v\u1eadn h\u00e0nh \u1ed5n \u0111\u1ecbnh trong m\u00f4i tr\u01b0\u1eddng ngo\u00e0i tr\u1eddi ho\u1eb7c h\u1ea7m van \u1ea9m \u01b0\u1edbt.<\/p>\n<\/li>\n<li>\n<p data-path-to-node=\"9,1,0\"><b>L\u00e0m k\u00edn k\u00e9p:<\/b> C\u1ea5u tr\u00fac l\u00e0m k\u00edn hai l\u1edbp t\u1ea1i h\u1ed9p c\u1ef1c \u0111i\u1ec7n gi\u00fap b\u1ea3o v\u1ec7 tuy\u1ec7t \u0111\u1ed1i c\u00e1c linh ki\u1ec7n b\u00ean trong kh\u1ecfi s\u1ef1 x\u00e2m nh\u1eadp c\u1ee7a \u0111\u1ed9 \u1ea9m.<\/p>\n<\/li>\n<\/ul>\n<h3 data-path-to-node=\"10\"><strong>3. Hi\u1ec7u Ch\u1ec9nh Ch\u00ednh X\u00e1c<\/strong><\/h3>\n<ul data-path-to-node=\"11\">\n<li>\n<p data-path-to-node=\"11,0,0\"><b>G\u00f3c ch\u1eb7n \u0111i\u1ec1u ch\u1ec9nh \u00b15\u00b0:<\/b> T\u00ednh n\u0103ng n\u00e0y cho ph\u00e9p tinh ch\u1ec9nh \u0111i\u1ec3m d\u1eebng ch\u00ednh x\u00e1c \u1edf c\u1ea3 hai \u0111\u1ea7u h\u00e0nh tr\u00ecnh (\u0111\u00f3ng ho\u00e0n to\u00e0n v\u00e0 m\u1edf ho\u00e0n to\u00e0n), \u0111\u1ea3m b\u1ea3o \u0111\u1ed9 k\u00edn kh\u00edt v\u00e0 an to\u00e0n cho van.<\/p>\n<\/li>\n<\/ul>\n<h2 data-path-to-node=\"12\"><strong>\u1ee8ng D\u1ee5ng Th\u1ef1c T\u1ebf<\/strong><\/h2>\n<p data-path-to-node=\"13\">D\u00f2ng CWG Series \u0111\u01b0\u1ee3c tin d\u00f9ng r\u1ed9ng r\u00e3i trong:<\/p>\n<ul data-path-to-node=\"14\">\n<li>\n<p data-path-to-node=\"14,0,0\"><b>Ng\u00e0nh n\u01b0\u1edbc:<\/b> Tr\u1ea1m b\u01a1m, h\u1ec7 th\u1ed1ng x\u1eed l\u00fd n\u01b0\u1edbc th\u1ea3i, m\u1ea1ng l\u01b0\u1edbi c\u1ea5p n\u01b0\u1edbc \u0111\u00f4 th\u1ecb.<\/p>\n<\/li>\n<li>\n<p data-path-to-node=\"14,1,0\"><b>C\u00f4ng nghi\u1ec7p n\u1eb7ng:<\/b> Nh\u00e0 m\u00e1y th\u00e9p, h\u1ec7 th\u1ed1ng th\u1ee7y l\u1ef1c, d\u00e2y chuy\u1ec1n s\u1ea3n xu\u1ea5t.<\/p>\n<\/li>\n<li>\n<p data-path-to-node=\"14,2,0\"><b>T\u1ef1 \u0111\u1ed9ng h\u00f3a:<\/b> L\u00e0m b\u1ed9 gi\u1ea3m t\u1ed1c ph\u1ee5 cho c\u00e1c Actuator \u0111i\u1ec7n d\u00f2ng SMB, L120.<\/p>\n<\/li>\n<\/ul>\n<h2 data-path-to-node=\"15\"><strong>Th\u00f4ng S\u1ed1 K\u1ef9 Thu\u1eadt Chi Ti\u1ebft<\/strong><\/h2>\n<div class=\"horizontal-scroll-wrapper\">\n<div class=\"table-block-component\">\n<div class=\"table-block has-export-button\">\n<div class=\"table-content not-end-of-paragraph\" data-hveid=\"0\" data-ved=\"0CAAQ3ecQahgKEwjy5o-pzcORAxUAAAAAHQAAAAAQxwU\">\n<table data-path-to-node=\"16\">\n<thead>\n<tr>\n<td><span data-path-to-node=\"16,0,0,0\">Model<\/span><\/td>\n<td><span data-path-to-node=\"16,0,1,0\">M\u00f4-men xo\u1eafn cho ph\u00e9p (N\u00b7m)<\/span><\/td>\n<td><span data-path-to-node=\"16,0,2,0\">T\u1ec9 s\u1ed1 truy\u1ec1n (\u0110i\u1ec7n\/Tay)<\/span><\/td>\n<td><span data-path-to-node=\"16,0,3,0\">Tr\u1ee5c van t\u1ed1i \u0111a (mm)<\/span><\/td>\n<td><span data-path-to-node=\"16,0,4,0\">M\u1eb7t b\u00edch (ISO 5211)<\/span><\/td>\n<\/tr>\n<\/thead>\n<tbody>\n<tr>\n<td><span data-path-to-node=\"16,1,0,0\"><b>CWG-00<\/b><\/span><\/td>\n<td><span data-path-to-node=\"16,1,1,0\">1,200<\/span><\/td>\n<td><span data-path-to-node=\"16,1,2,0\">40:1 \/ 80:1<\/span><\/td>\n<td><span data-path-to-node=\"16,1,3,0\">36<\/span><\/td>\n<td><span data-path-to-node=\"16,1,4,0\">F12<\/span><\/td>\n<\/tr>\n<tr>\n<td><span data-path-to-node=\"16,2,0,0\"><b>CWG-10<\/b><\/span><\/td>\n<td><span data-path-to-node=\"16,2,1,0\">2,000<\/span><\/td>\n<td><span data-path-to-node=\"16,2,2,0\">44:1 \/ 88:1<\/span><\/td>\n<td><span data-path-to-node=\"16,2,3,0\">46<\/span><\/td>\n<td><span data-path-to-node=\"16,2,4,0\">F14<\/span><\/td>\n<\/tr>\n<tr>\n<td><span data-path-to-node=\"16,3,0,0\"><b>CWG-20<\/b><\/span><\/td>\n<td><span data-path-to-node=\"16,3,1,0\">2,800<\/span><\/td>\n<td><span data-path-to-node=\"16,3,2,0\">48:1 \/ 120:1<\/span><\/td>\n<td><span data-path-to-node=\"16,3,3,0\">60<\/span><\/td>\n<td><span data-path-to-node=\"16,3,4,0\">F16<\/span><\/td>\n<\/tr>\n<tr>\n<td><span data-path-to-node=\"16,4,0,0\"><b>CWG-30<\/b><\/span><\/td>\n<td><span data-path-to-node=\"16,4,1,0\">4,300<\/span><\/td>\n<td><span data-path-to-node=\"16,4,2,0\">52:1 \/ 130:1<\/span><\/td>\n<td><span data-path-to-node=\"16,4,3,0\">75<\/span><\/td>\n<td><span data-path-to-node=\"16,4,4,0\">F16<\/span><\/td>\n<\/tr>\n<tr>\n<td><span data-path-to-node=\"16,5,0,0\"><b>CWG-40<\/b><\/span><\/td>\n<td><span data-path-to-node=\"16,5,1,0\">10,400<\/span><\/td>\n<td><span data-path-to-node=\"16,5,2,0\">56:1 \/ 420:1<\/span><\/td>\n<td><span data-path-to-node=\"16,5,3,0\">95<\/span><\/td>\n<td><span data-path-to-node=\"16,5,4,0\">F25<\/span><\/td>\n<\/tr>\n<tr>\n<td><span data-path-to-node=\"16,6,0,0\"><b>CWG-60<\/b><\/span><\/td>\n<td><span data-path-to-node=\"16,6,1,0\">32,800<\/span><\/td>\n<td><span data-path-to-node=\"16,6,2,0\">64:1 \/ 768:1<\/span><\/td>\n<td><span data-path-to-node=\"16,6,3,0\">140<\/span><\/td>\n<td><span data-path-to-node=\"16,6,4,0\">F35<\/span><\/td>\n<\/tr>\n<\/tbody>\n<\/table>\n<\/div>\n<\/div>\n<\/div>\n<\/div>\n<h2 data-path-to-node=\"18\"><strong>T\u1ea1i Sao N\u00ean Ch\u1ecdn CWG Series?<\/strong><\/h2>\n<ul data-path-to-node=\"19\">\n<li>\n<p data-path-to-node=\"19,0,0\"><b>Kinh t\u1ebf:<\/b> Chi ph\u00ed \u0111\u1ea7u t\u01b0 th\u1ea5p nh\u01b0ng mang l\u1ea1i hi\u1ec7u su\u1ea5t truy\u1ec1n \u0111\u1ed9ng cao.<\/p>\n<\/li>\n<li>\n<p data-path-to-node=\"19,1,0\"><b>Nh\u1ecf g\u1ecdn:<\/b> Ti\u1ebft ki\u1ec7m kh\u00f4ng gian l\u1eafp \u0111\u1eb7t so v\u1edbi c\u00e1c d\u00f2ng gi\u1ea3m t\u1ed1c c\u00f9ng c\u00f4ng su\u1ea5t.<\/p>\n<\/li>\n<li>\n<p data-path-to-node=\"19,2,0\"><b>N\u00e2ng c\u1ea5p d\u1ec5 d\u00e0ng:<\/b> S\u1eb5n s\u00e0ng chuy\u1ec3n \u0111\u1ed5i t\u1eeb tay sang \u0111i\u1ec7n b\u1ea5t c\u1ee9 l\u00fac n\u00e0o v\u1edbi m\u1eb7t b\u00edch ti\u00eau chu\u1ea9n ISO.<\/p>\n<\/li>\n<\/ul>\n<div class=\"col-content-block\">\n<div class=\"list-table-scroll\"><\/div>\n<\/div>\n","protected":false},"excerpt":{"rendered":"<p><b>CWG Series<\/b> l\u00e0 d\u00f2ng b\u1ed9 gi\u1ea3m t\u1ed1c tr\u1ee5c v\u00edt (Worm Gearbox) \u0111\u01b0\u1ee3c thi\u1ebft k\u1ebf chuy\u00ean d\u1ee5ng cho c\u00e1c \u1ee9ng d\u1ee5ng c\u00f4ng nghi\u1ec7p t\u1ed5ng h\u1ee3p, \u0111\u1eb7c bi\u1ec7t l\u00e0 h\u1ec7 th\u1ed1ng c\u1ea5p tho\u00e1t n\u01b0\u1edbc v\u00e0 ng\u00e0nh luy\u1ec7n kim. \u0110\u00e2y l\u00e0 l\u1ef1a ch\u1ecdn t\u1ed1i \u01b0u \u0111\u1ec3 v\u1eadn h\u00e0nh c\u00e1c lo\u1ea1i van xoay m\u1ed9t ph\u1ea7n t\u01b0 (90\u00b0) nh\u01b0 <b>van b\u01b0\u1edbm<\/b> v\u00e0 <b>van bi<\/b>.<\/p>\n","protected":false},"featured_media":986,"comment_status":"open","ping_status":"closed","template":"","meta":[],"product_brand":[],"product_cat":[227],"product_tag":[],"class_list":{"0":"post-540","1":"product","2":"type-product","3":"status-publish","4":"has-post-thumbnail","6":"product_cat-part-turn-type-vi-vi","8":"first","9":"instock","10":"shipping-taxable","11":"product-type-simple"},"_links":{"self":[{"href":"https:\/\/xtech-eng.com\/index.php?rest_route=\/wp\/v2\/product\/540","targetHints":{"allow":["GET"]}}],"collection":[{"href":"https:\/\/xtech-eng.com\/index.php?rest_route=\/wp\/v2\/product"}],"about":[{"href":"https:\/\/xtech-eng.com\/index.php?rest_route=\/wp\/v2\/types\/product"}],"replies":[{"embeddable":true,"href":"https:\/\/xtech-eng.com\/index.php?rest_route=%2Fwp%2Fv2%2Fcomments&post=540"}],"wp:featuredmedia":[{"embeddable":true,"href":"https:\/\/xtech-eng.com\/index.php?rest_route=\/wp\/v2\/media\/986"}],"wp:attachment":[{"href":"https:\/\/xtech-eng.com\/index.php?rest_route=%2Fwp%2Fv2%2Fmedia&parent=540"}],"wp:term":[{"taxonomy":"product_brand","embeddable":true,"href":"https:\/\/xtech-eng.com\/index.php?rest_route=%2Fwp%2Fv2%2Fproduct_brand&post=540"},{"taxonomy":"product_cat","embeddable":true,"href":"https:\/\/xtech-eng.com\/index.php?rest_route=%2Fwp%2Fv2%2Fproduct_cat&post=540"},{"taxonomy":"product_tag","embeddable":true,"href":"https:\/\/xtech-eng.com\/index.php?rest_route=%2Fwp%2Fv2%2Fproduct_tag&post=540"}],"curies":[{"name":"wp","href":"https:\/\/api.w.org\/{rel}","templated":true}]}}