{"id":546,"date":"2025-09-22T10:19:39","date_gmt":"2025-09-22T10:19:39","guid":{"rendered":"https:\/\/xtech-eng.com\/?post_type=product&#038;p=546"},"modified":"2025-12-17T09:00:47","modified_gmt":"2025-12-17T09:00:47","slug":"mlt-series-2","status":"publish","type":"product","link":"https:\/\/xtech-eng.com\/?product=mlt-series-2","title":{"rendered":"Nippon Gear_MLT series"},"content":{"rendered":"<h1 data-path-to-node=\"2\"><strong>H\u1ed9p S\u1ed1 Gi\u1ea3m T\u1ed1c MLT Series: Gi\u1ea3i Ph\u00e1p V\u1eadn H\u00e0nh \u0110\u1ed3ng B\u1ed9 Van Ch\u00ednh &amp; Van Ph\u1ee5<\/strong><\/h1>\n<p data-path-to-node=\"3\">D\u00f2ng h\u1ed9p s\u1ed1 gi\u1ea3m t\u1ed1c <b>MLT<\/b> l\u00e0 m\u1ed9t b\u01b0\u1edbc ti\u1ebfn \u0111\u1ed9t ph\u00e1 trong thi\u1ebft k\u1ebf truy\u1ec1n \u0111\u1ed9ng van, chuy\u00ean d\u1ee5ng cho c\u00e1c lo\u1ea1i van b\u01b0\u1edbm c\u00f3 t\u00edch h\u1ee3p van ph\u1ee5 (Bypass valve). B\u1eb1ng vi\u1ec7c s\u1eed d\u1ee5ng c\u01a1 ch\u1ebf gi\u1ea3m t\u1ed1c trung gian th\u00f4ng minh, MLT cho ph\u00e9p ki\u1ec3m so\u00e1t to\u00e0n b\u1ed9 h\u1ec7 th\u1ed1ng van ch\u1ec9 th\u00f4ng qua m\u1ed9t tr\u1ee5c v\u1eadn h\u00e0nh duy nh\u1ea5t.<\/p>\n<h2 data-path-to-node=\"4\"><strong>\u01afu \u0110i\u1ec3m N\u1ed5i B\u1eadt C\u1ee7a MLT Series<\/strong><\/h2>\n<h3 data-path-to-node=\"5\"><strong>1. V\u1eadn H\u00e0nh \u0110\u1ed3ng B\u1ed9 \u2013 An To\u00e0n Tuy\u1ec7t \u0110\u1ed1i<\/strong><\/h3>\n<p data-path-to-node=\"6\">S\u1ef1 k\u1ebft h\u1ee3p gi\u1eefa van ch\u00ednh v\u00e0 van ph\u1ee5 tr\u00ean c\u00f9ng m\u1ed9t tr\u1ee5c \u0111i\u1ec1u khi\u1ec3n gi\u00fap <b>lo\u1ea1i b\u1ecf ho\u00e0n to\u00e0n sai s\u00f3t<\/b> th\u01b0\u1eddng g\u1eb7p trong qu\u00e1 tr\u00ecnh v\u1eadn h\u00e0nh th\u1ee7 c\u00f4ng ho\u1eb7c t\u1ef1 \u0111\u1ed9ng. H\u1ec7 th\u1ed1ng \u0111\u1ea3m b\u1ea3o tr\u00ecnh t\u1ef1 \u0111\u00f3ng\/m\u1edf chu\u1ea9n x\u00e1c gi\u1eefa van ch\u00ednh v\u00e0 van ph\u1ee5, b\u1ea3o v\u1ec7 \u0111\u01b0\u1eddng \u1ed1ng kh\u1ecfi hi\u1ec7n t\u01b0\u1ee3ng va \u0111\u1eadp th\u1ee7y l\u1ef1c.<\/p>\n<h3 data-path-to-node=\"7\"><strong>2. Thi\u1ebft K\u1ebf T\u00edch H\u1ee3p &#8220;All-In-One&#8221;<\/strong><\/h3>\n<p data-path-to-node=\"8\">H\u1ed9p s\u1ed1 MLT \u0111\u01b0\u1ee3c thi\u1ebft k\u1ebf v\u1edbi c\u1ea5u tr\u00fac trung gian th\u1ed1ng nh\u1ea5t, bao g\u1ed3m:<\/p>\n<ul data-path-to-node=\"9\">\n<li>\n<p data-path-to-node=\"9,0,0\">Tr\u1ee5c truy\u1ec1n \u0111\u1ed9ng ch\u00ednh.<\/p>\n<\/li>\n<li>\n<p data-path-to-node=\"9,1,0\">Th\u01b0\u1edbc \u0111o \u0111\u1ed9 m\u1edf (Indicator) tr\u1ef1c quan.<\/p>\n<\/li>\n<li>\n<p data-path-to-node=\"9,2,0\">B\u1ed9 neo kim lo\u1ea1i c\u1ed1 \u0111\u1ecbnh v\u1eefng ch\u1eafc. T\u1ea5t c\u1ea3 t\u1ea1o th\u00e0nh m\u1ed9t kh\u1ed1i g\u1ecdn g\u00e0ng, gi\u00fap ti\u1ebft ki\u1ec7m di\u1ec7n t\u00edch l\u1eafp \u0111\u1eb7t v\u00e0 t\u0103ng t\u00ednh th\u1ea9m m\u1ef9 cho h\u1ec7 th\u1ed1ng van.<\/p>\n<\/li>\n<\/ul>\n<h3 data-path-to-node=\"10\"><strong>3. T\u1ed1i \u01afu H\u00f3a Chi Ph\u00ed \u0110i\u1ec1u Khi\u1ec3n<\/strong><\/h3>\n<p data-path-to-node=\"11\">Ngay c\u1ea3 khi n\u00e2ng c\u1ea5p l\u00ean v\u1eadn h\u00e0nh b\u1eb1ng \u0111i\u1ec7n, h\u1ec7 th\u1ed1ng MLT ch\u1ec9 c\u1ea7n <b>duy nh\u1ea5t m\u1ed9t \u0111\u1ed9ng c\u01a1 (motor)<\/b> \u0111\u1ec3 \u0111i\u1ec1u khi\u1ec3n c\u1ea3 hai van. \u0110i\u1ec1u n\u00e0y gi\u00fap gi\u1ea3m \u0111\u00e1ng k\u1ec3 chi ph\u00ed \u0111\u1ea7u t\u01b0 thi\u1ebft b\u1ecb, d\u00e2y d\u1eabn v\u00e0 h\u1ec7 th\u1ed1ng t\u1ee7 \u0111i\u1ec7n \u0111i\u1ec1u khi\u1ec3n.<\/p>\n<h3 data-path-to-node=\"12\"><strong>4. Th\u00f4ng Tho\u00e1ng Kh\u00f4ng Gian &amp; B\u1ea3o Tr\u00ec D\u1ec5 D\u00e0ng<\/strong><\/h3>\n<ul data-path-to-node=\"13\">\n<li>\n<p data-path-to-node=\"13,0,0\"><b>G\u1ecdn g\u00e0ng:<\/b> Vi\u1ec7c lo\u1ea1i b\u1ecf c\u00e1c b\u1ed9 truy\u1ec1n \u0111\u1ed9ng r\u1eddi r\u1ea1c gi\u00fap khoang b\u00ean trong th\u00e2n van tr\u1edf n\u00ean th\u00f4ng tho\u00e1ng, d\u1ec5 d\u00e0ng ti\u1ebfp c\u1eadn.<\/p>\n<\/li>\n<li>\n<p data-path-to-node=\"13,1,0\"><b>\u0110\u01a1n gi\u1ea3n h\u00f3a b\u1ea3o tr\u00ec:<\/b> Nh\u1edd \u00edt b\u1ed9 ph\u1eadn chuy\u1ec3n \u0111\u1ed9ng \u0111\u1ed9c l\u1eadp h\u01a1n, quy tr\u00ecnh ki\u1ec3m tra \u0111\u1ecbnh k\u1ef3 v\u00e0 b\u1ea3o tr\u00ec \u0111\u01b0\u1ee3c r\u00fat ng\u1eafn, gi\u1ea3m thi\u1ec3u th\u1eddi gian d\u1eebng m\u00e1y.<\/p>\n<\/li>\n<\/ul>\n<h2 data-path-to-node=\"15\"><strong>\u1ee8ng D\u1ee5ng Th\u1ef1c T\u1ebf<\/strong><\/h2>\n<p data-path-to-node=\"16\">H\u1ed9p s\u1ed1 gi\u1ea3m t\u1ed1c MLT l\u00e0 l\u1ef1a ch\u1ecdn l\u00fd t\u01b0\u1edfng cho:<\/p>\n<ul data-path-to-node=\"17\">\n<li>\n<p data-path-to-node=\"17,0,0\"><b>H\u1ec7 th\u1ed1ng c\u1ea5p n\u01b0\u1edbc \u0111\u00f4 th\u1ecb:<\/b> N\u01a1i c\u00e1c van b\u01b0\u1edbm c\u1ee1 l\u1edbn c\u1ea7n van ph\u1ee5 \u0111\u1ec3 c\u00e2n b\u1eb1ng \u00e1p su\u1ea5t tr\u01b0\u1edbc khi m\u1edf.<\/p>\n<\/li>\n<li>\n<p data-path-to-node=\"17,1,0\"><b>Nh\u00e0 m\u00e1y nhi\u1ec7t \u0111i\u1ec7n &amp; th\u1ee7y \u0111i\u1ec7n:<\/b> C\u00e1c \u0111\u01b0\u1eddng \u1ed1ng d\u1eabn n\u01b0\u1edbc l\u00e0m m\u00e1t ho\u1eb7c n\u01b0\u1edbc c\u1ea5p c\u00f3 \u00e1p su\u1ea5t cao.<\/p>\n<\/li>\n<li>\n<p data-path-to-node=\"17,2,0\"><b>H\u1ec7 th\u1ed1ng x\u1eed l\u00fd n\u01b0\u1edbc th\u1ea3i:<\/b> T\u1ed1i \u01b0u h\u00f3a kh\u00f4ng gian t\u1ea1i c\u00e1c h\u1ea7m van ch\u1eadt h\u1eb9p.<\/p>\n<\/li>\n<\/ul>\n<h2 data-path-to-node=\"18\"><strong>T\u1ea1i Sao N\u00ean N\u00e2ng C\u1ea5p L\u00ean D\u00f2ng MLT?<\/strong><\/h2>\n<div class=\"horizontal-scroll-wrapper\">\n<div class=\"table-block-component\">\n<div class=\"table-block has-export-button\">\n<div class=\"table-content not-end-of-paragraph\" data-hveid=\"0\" data-ved=\"0CAAQ3ecQahgKEwjy5o-pzcORAxUAAAAAHQAAAAAQ3gU\">\n<table style=\"height: 154px;\" width=\"689\" data-path-to-node=\"19\">\n<thead>\n<tr>\n<td><span data-path-to-node=\"19,0,0,0\">T\u00ednh n\u0103ng<\/span><\/td>\n<td><span data-path-to-node=\"19,0,1,0\">H\u1ed9p s\u1ed1 th\u00f4ng th\u01b0\u1eddng<\/span><\/td>\n<td><span data-path-to-node=\"19,0,2,0\">H\u1ed9p s\u1ed1 MLT<\/span><\/td>\n<\/tr>\n<\/thead>\n<tbody>\n<tr>\n<td><span data-path-to-node=\"19,1,0,0\"><b>S\u1ed1 l\u01b0\u1ee3ng tr\u1ee5c v\u1eadn h\u00e0nh<\/b><\/span><\/td>\n<td><span data-path-to-node=\"19,1,1,0\">2 tr\u1ee5c (ch\u00ednh\/ph\u1ee5 ri\u00eang)<\/span><\/td>\n<td><span data-path-to-node=\"19,1,2,0\"><b>1 tr\u1ee5c duy nh\u1ea5t<\/b><\/span><\/td>\n<\/tr>\n<tr>\n<td><span data-path-to-node=\"19,2,0,0\"><b>S\u1ed1 l\u01b0\u1ee3ng Motor \u0111i\u1ec7n<\/b><\/span><\/td>\n<td><span data-path-to-node=\"19,2,1,0\">2 b\u1ed9<\/span><\/td>\n<td><span data-path-to-node=\"19,2,2,0\"><b>1 b\u1ed9 duy nh\u1ea5t<\/b><\/span><\/td>\n<\/tr>\n<tr>\n<td><span data-path-to-node=\"19,3,0,0\"><b>R\u1ee7i ro v\u1eadn h\u00e0nh sai<\/b><\/span><\/td>\n<td><span data-path-to-node=\"19,3,1,0\">C\u00f3 (n\u1ebfu kh\u00f4ng kh\u00f3a li\u00ean \u0111\u1ed9ng)<\/span><\/td>\n<td><span data-path-to-node=\"19,3,2,0\"><b>B\u1eb1ng kh\u00f4ng<\/b><\/span><\/td>\n<\/tr>\n<tr>\n<td><span data-path-to-node=\"19,4,0,0\"><b>Kh\u00f4ng gian l\u1eafp \u0111\u1eb7t<\/b><\/span><\/td>\n<td><span data-path-to-node=\"19,4,1,0\">Chi\u1ebfm nhi\u1ec1u di\u1ec7n t\u00edch<\/span><\/td>\n<td><span data-path-to-node=\"19,4,2,0\"><b>Si\u00eau g\u1ecdn g\u00e0ng<\/b><\/span><\/td>\n<\/tr>\n<\/tbody>\n<\/table>\n<\/div>\n<\/div>\n<\/div>\n<\/div>\n","protected":false},"excerpt":{"rendered":"<p>D\u00f2ng h\u1ed9p s\u1ed1 gi\u1ea3m t\u1ed1c <b>MLT<\/b> l\u00e0 m\u1ed9t b\u01b0\u1edbc ti\u1ebfn \u0111\u1ed9t ph\u00e1 trong thi\u1ebft k\u1ebf truy\u1ec1n \u0111\u1ed9ng van, chuy\u00ean d\u1ee5ng cho c\u00e1c lo\u1ea1i van b\u01b0\u1edbm c\u00f3 t\u00edch h\u1ee3p van ph\u1ee5 (Bypass valve). B\u1eb1ng vi\u1ec7c s\u1eed d\u1ee5ng c\u01a1 ch\u1ebf gi\u1ea3m t\u1ed1c trung gian th\u00f4ng minh, MLT cho ph\u00e9p ki\u1ec3m so\u00e1t to\u00e0n b\u1ed9 h\u1ec7 th\u1ed1ng van ch\u1ec9 th\u00f4ng qua m\u1ed9t tr\u1ee5c v\u1eadn h\u00e0nh duy nh\u1ea5t.<\/p>\n","protected":false},"featured_media":990,"comment_status":"open","ping_status":"closed","template":"","meta":[],"product_brand":[],"product_cat":[227],"product_tag":[],"class_list":{"0":"post-546","1":"product","2":"type-product","3":"status-publish","4":"has-post-thumbnail","6":"product_cat-part-turn-type-vi-vi","8":"first","9":"instock","10":"shipping-taxable","11":"product-type-simple"},"_links":{"self":[{"href":"https:\/\/xtech-eng.com\/index.php?rest_route=\/wp\/v2\/product\/546","targetHints":{"allow":["GET"]}}],"collection":[{"href":"https:\/\/xtech-eng.com\/index.php?rest_route=\/wp\/v2\/product"}],"about":[{"href":"https:\/\/xtech-eng.com\/index.php?rest_route=\/wp\/v2\/types\/product"}],"replies":[{"embeddable":true,"href":"https:\/\/xtech-eng.com\/index.php?rest_route=%2Fwp%2Fv2%2Fcomments&post=546"}],"wp:featuredmedia":[{"embeddable":true,"href":"https:\/\/xtech-eng.com\/index.php?rest_route=\/wp\/v2\/media\/990"}],"wp:attachment":[{"href":"https:\/\/xtech-eng.com\/index.php?rest_route=%2Fwp%2Fv2%2Fmedia&parent=546"}],"wp:term":[{"taxonomy":"product_brand","embeddable":true,"href":"https:\/\/xtech-eng.com\/index.php?rest_route=%2Fwp%2Fv2%2Fproduct_brand&post=546"},{"taxonomy":"product_cat","embeddable":true,"href":"https:\/\/xtech-eng.com\/index.php?rest_route=%2Fwp%2Fv2%2Fproduct_cat&post=546"},{"taxonomy":"product_tag","embeddable":true,"href":"https:\/\/xtech-eng.com\/index.php?rest_route=%2Fwp%2Fv2%2Fproduct_tag&post=546"}],"curies":[{"name":"wp","href":"https:\/\/api.w.org\/{rel}","templated":true}]}}