{"id":549,"date":"2025-09-22T10:27:13","date_gmt":"2025-09-22T10:27:13","guid":{"rendered":"https:\/\/xtech-eng.com\/?post_type=product&#038;p=549"},"modified":"2025-12-17T09:07:58","modified_gmt":"2025-12-17T09:07:58","slug":"b-series-2","status":"publish","type":"product","link":"https:\/\/xtech-eng.com\/?product=b-series-2","title":{"rendered":"Nippon Gear_B series"},"content":{"rendered":"<h1 data-path-to-node=\"2\"><strong>B\u1ed9 Truy\u1ec1n \u0110\u1ed9ng B\u00e1nh R\u0103ng C\u00f4n D\u00f2ng B: Gi\u1ea3i Ph\u00e1p V\u1eadn H\u00e0nh C\u1eeda Van &amp; Van Tr\u1ee5c N\u00e2ng<\/strong><\/h1>\n<p data-path-to-node=\"3\"><b>B\u1ed9 truy\u1ec1n \u0111\u1ed9ng d\u00f2ng B (B-Series)<\/b> l\u00e0 d\u00f2ng s\u1ea3n ph\u1ea9m b\u00e1nh r\u0103ng c\u00f4n (Bevel Gear) chuy\u00ean d\u1ee5ng cho c\u00e1c \u1ee9ng d\u1ee5ng quay nhi\u1ec1u v\u00f2ng. Thi\u1ebft k\u1ebf n\u00e0y \u0111\u01b0\u1ee3c t\u1ed1i \u01b0u h\u00f3a ho\u00e0n h\u1ea3o cho c\u00e1c lo\u1ea1i c\u1eeda van (Sluice Gate) v\u00e0 van c\u00f3 tr\u1ee5c n\u00e2ng \u2013 nh\u1eefng thi\u1ebft b\u1ecb y\u00eau c\u1ea7u t\u1ea3i l\u1ef1c \u0111\u1ea9y (Thrust) c\u1ef1c l\u1edbn \u0111\u1ec3 th\u1ef1c hi\u1ec7n quy tr\u00ecnh \u0111\u00f3ng m\u1edf an to\u00e0n v\u00e0 ch\u00ednh x\u00e1c.<\/p>\n<h2 data-path-to-node=\"4\"><strong>\u0110\u1eb7c \u0110i\u1ec3m N\u1ed5i B\u1eadt C\u1ee7a D\u00f2ng B<\/strong><\/h2>\n<h3 data-path-to-node=\"5\"><strong>1. Hi\u1ec7u Su\u1ea5t Truy\u1ec1n \u0110\u1ed9ng V\u01b0\u1ee3t Tr\u1ed9i (&gt;90%)<\/strong><\/h3>\n<p data-path-to-node=\"6\">Nh\u1edd s\u1eed d\u1ee5ng h\u1ec7 th\u1ed1ng \u1ed5 l\u0103n (Rolling Bearings) cao c\u1ea5p t\u1ea1i c\u00e1c v\u1ecb tr\u00ed ch\u1ecbu l\u1ef1c, d\u00f2ng B \u0111\u1ea1t hi\u1ec7u su\u1ea5t l\u00e0m vi\u1ec7c \u1ea5n t\u01b0\u1ee3ng tr\u00ean 90%. \u0110i\u1ec1u n\u00e0y gi\u00fap vi\u1ec7c v\u1eadn h\u00e0nh c\u00e1c lo\u1ea1i van n\u1eb7ng tr\u1edf n\u00ean nh\u1eb9 nh\u00e0ng, ti\u1ebft ki\u1ec7m n\u0103ng l\u01b0\u1ee3ng v\u00e0 gi\u1ea3m m\u00e0i m\u00f2n c\u01a1 kh\u00ed.<\/p>\n<h3 data-path-to-node=\"7\"><strong>2. Hi\u1ec7u \u1ee8ng Va \u0110\u1eadp B\u00faa (Hammer Blow)<\/strong><\/h3>\n<p data-path-to-node=\"8\">C\u01a1 ch\u1ebf &#8220;Hammer Blow&#8221; t\u00edch h\u1ee3p gi\u00fap t\u1ea1o ra l\u1ef1c va \u0111\u1eadp ban \u0111\u1ea7u m\u1ea1nh m\u1ebd, h\u1ed7 tr\u1ee3 m\u1edf c\u00e1c lo\u1ea1i van b\u1ecb k\u1eb9t ho\u1eb7c \u0111\u00f3ng van k\u00edn kh\u00edt h\u01a1n m\u00e0 kh\u00f4ng c\u1ea7n t\u0103ng th\u00eam l\u1ef1c v\u1eadn h\u00e0nh th\u1ee7 c\u00f4ng.<\/p>\n<h3 data-path-to-node=\"9\"><strong>3. Thi\u1ebft K\u1ebf Th\u00f4ng Minh \u2013 B\u1ea3o Tr\u00ec D\u1ec5 D\u00e0ng<\/strong><\/h3>\n<ul data-path-to-node=\"10\">\n<li>\n<p data-path-to-node=\"10,0,0\"><b>Tay \u00e1o truy\u1ec1n \u0111\u1ed9ng hai m\u1ea3nh:<\/b> Cho ph\u00e9p th\u00e1o r\u1eddi \u0111ai \u1ed1c tr\u1ee5c (ph\u1ea7n k\u1ebft n\u1ed1i tr\u1ef1c ti\u1ebfp v\u1edbi tr\u1ee5c van) ra kh\u1ecfi b\u1ed9 truy\u1ec1n \u0111\u1ed9ng m\u1ed9t c\u00e1ch nhanh ch\u00f3ng. B\u1ea1n c\u00f3 th\u1ec3 gia c\u00f4ng ho\u1eb7c b\u1ea3o tr\u00ec \u0111ai \u1ed1c m\u00e0 kh\u00f4ng c\u1ea7n th\u00e1o to\u00e0n b\u1ed9 thi\u1ebft b\u1ecb.<\/p>\n<\/li>\n<li>\n<p data-path-to-node=\"10,1,0\"><b>S\u1eb5n s\u00e0ng s\u1eed d\u1ee5ng:<\/b> K\u1ebft c\u1ea5u k\u00edn ho\u00e0n to\u00e0n, \u0111\u01b0\u1ee3c b\u01a1m s\u1eb5n m\u1ee1 ph\u1ee5 gia ch\u1ecbu c\u1ef1c \u00e1p \u201cEP\u201d (Extreme Pressure), \u0111\u1ea3m b\u1ea3o ho\u1ea1t \u0111\u1ed9ng b\u1ec1n b\u1ec9 ngay khi l\u1eafp \u0111\u1eb7t.<\/p>\n<\/li>\n<\/ul>\n<h3 data-path-to-node=\"11\"><strong>4. Kh\u1ea3 N\u0103ng N\u00e2ng C\u1ea5p Linh Ho\u1ea1t<\/strong><\/h3>\n<p data-path-to-node=\"12\">D\u00f2ng B kh\u00f4ng ch\u1ec9 v\u1eadn h\u00e0nh tay m\u00e0 c\u00f2n c\u00f3 th\u1ec3 gh\u00e9p n\u1ed1i d\u1ec5 d\u00e0ng v\u1edbi c\u00e1c b\u1ed9 truy\u1ec1n \u0111\u1ed9ng \u0111i\u1ec7n danh ti\u1ebfng nh\u01b0 <b>SMB, JMB ho\u1eb7c L120<\/b> \u0111\u1ec3 t\u1ef1 \u0111\u1ed9ng h\u00f3a ho\u00e0n to\u00e0n h\u1ec7 th\u1ed1ng van hi\u1ec7n tr\u01b0\u1eddng.<\/p>\n<h2 data-path-to-node=\"13\"><strong>\u1ee8ng D\u1ee5ng Th\u1ef1c T\u1ebf<\/strong><\/h2>\n<ul data-path-to-node=\"14\">\n<li>\n<p data-path-to-node=\"14,0,0\"><b>Th\u1ee7y l\u1ee3i &amp; C\u1ea5p tho\u00e1t n\u01b0\u1edbc:<\/b> V\u1eadn h\u00e0nh c\u1eeda van, c\u1eeda phai trong c\u00e1c \u0111\u1eadp, tr\u1ea1m b\u01a1m.<\/p>\n<\/li>\n<li>\n<p data-path-to-node=\"14,1,0\"><b>N\u0103ng l\u01b0\u1ee3ng:<\/b> \u0110i\u1ec1u khi\u1ec3n van c\u1ed5ng, van c\u1ea7u trong nh\u00e0 m\u00e1y nhi\u1ec7t \u0111i\u1ec7n, th\u1ee7y \u0111i\u1ec7n.<\/p>\n<\/li>\n<li>\n<p data-path-to-node=\"14,2,0\"><b>H\u1ea1 t\u1ea7ng \u0111\u00f4 th\u1ecb:<\/b> H\u1ec7 th\u1ed1ng ng\u0103n tri\u1ec1u, x\u1eed l\u00fd n\u01b0\u1edbc th\u1ea3i.<\/p>\n<\/li>\n<\/ul>\n<h2 data-path-to-node=\"15\"><strong>Th\u00f4ng S\u1ed1 K\u1ef9 Thu\u1eadt D\u00f2ng B (8 K\u00edch C\u1ee1 \u0110\u01a1n V\u1ecb)<\/strong><\/h2>\n<div class=\"horizontal-scroll-wrapper\">\n<div class=\"table-block-component\">\n<div class=\"table-block has-export-button\">\n<div class=\"table-content not-end-of-paragraph\" data-hveid=\"0\" data-ved=\"0CAAQ3ecQahgKEwjy5o-pzcORAxUAAAAAHQAAAAAQ8gU\">\n<table data-path-to-node=\"16\">\n<thead>\n<tr>\n<td><span data-path-to-node=\"16,0,0,0\">Model<\/span><\/td>\n<td><span data-path-to-node=\"16,0,1,0\">L\u1ef1c \u0111\u1ea9y t\u1ed1i \u0111a (kN)<\/span><\/td>\n<td><span data-path-to-node=\"16,0,2,0\">M\u00f4-men t\u1ed1i \u0111a (N\u00b7m)<\/span><\/td>\n<td><span data-path-to-node=\"16,0,3,0\">T\u1ec9 s\u1ed1 truy\u1ec1n<\/span><\/td>\n<td><span data-path-to-node=\"16,0,4,0\">Hi\u1ec7u su\u1ea5t<\/span><\/td>\n<td><span data-path-to-node=\"16,0,5,0\">Tr\u1ee5c van t\u1ed1i \u0111a (mm)<\/span><\/td>\n<\/tr>\n<\/thead>\n<tbody>\n<tr>\n<td><span data-path-to-node=\"16,1,0,0\"><b>B-0<\/b><\/span><\/td>\n<td><span data-path-to-node=\"16,1,1,0\">105<\/span><\/td>\n<td><span data-path-to-node=\"16,1,2,0\">640<\/span><\/td>\n<td><span data-path-to-node=\"16,1,3,0\">2:1<\/span><\/td>\n<td><span data-path-to-node=\"16,1,4,0\">0.9<\/span><\/td>\n<td><span data-path-to-node=\"16,1,5,0\">60<\/span><\/td>\n<\/tr>\n<tr>\n<td><span data-path-to-node=\"16,2,0,0\"><b>B-1<\/b><\/span><\/td>\n<td><span data-path-to-node=\"16,2,1,0\">200<\/span><\/td>\n<td><span data-path-to-node=\"16,2,2,0\">1,150<\/span><\/td>\n<td><span data-path-to-node=\"16,2,3,0\">2.5:1<\/span><\/td>\n<td><span data-path-to-node=\"16,2,4,0\">0.9<\/span><\/td>\n<td><span data-path-to-node=\"16,2,5,0\">73<\/span><\/td>\n<\/tr>\n<tr>\n<td><span data-path-to-node=\"16,3,0,0\"><b>B-2<\/b><\/span><\/td>\n<td><span data-path-to-node=\"16,3,1,0\">320<\/span><\/td>\n<td><span data-path-to-node=\"16,3,2,0\">2,500<\/span><\/td>\n<td><span data-path-to-node=\"16,3,3,0\">3:1<\/span><\/td>\n<td><span data-path-to-node=\"16,3,4,0\">0.9<\/span><\/td>\n<td><span data-path-to-node=\"16,3,5,0\">86<\/span><\/td>\n<\/tr>\n<tr>\n<td><span data-path-to-node=\"16,4,0,0\"><b>B-3<\/b><\/span><\/td>\n<td><span data-path-to-node=\"16,4,1,0\">620<\/span><\/td>\n<td><span data-path-to-node=\"16,4,2,0\">5,700<\/span><\/td>\n<td><span data-path-to-node=\"16,4,3,0\">3:1<\/span><\/td>\n<td><span data-path-to-node=\"16,4,4,0\">0.9<\/span><\/td>\n<td><span data-path-to-node=\"16,4,5,0\">127<\/span><\/td>\n<\/tr>\n<tr>\n<td><span data-path-to-node=\"16,5,0,0\"><b>B-5<\/b><\/span><\/td>\n<td><span data-path-to-node=\"16,5,1,0\">2,260<\/span><\/td>\n<td><span data-path-to-node=\"16,5,2,0\">27,000<\/span><\/td>\n<td><span data-path-to-node=\"16,5,3,0\">5:1<\/span><\/td>\n<td><span data-path-to-node=\"16,5,4,0\">0.9<\/span><\/td>\n<td><span data-path-to-node=\"16,5,5,0\">170<\/span><\/td>\n<\/tr>\n<tr>\n<td><span data-path-to-node=\"16,6,0,0\"><b>B-7<\/b><\/span><\/td>\n<td><span data-path-to-node=\"16,6,1,0\">5,000<\/span><\/td>\n<td><span data-path-to-node=\"16,6,2,0\">100,000<\/span><\/td>\n<td><span data-path-to-node=\"16,6,3,0\">5:1<\/span><\/td>\n<td><span data-path-to-node=\"16,6,4,0\">0.9<\/span><\/td>\n<td><span data-path-to-node=\"16,6,5,0\">250<\/span><\/td>\n<\/tr>\n<\/tbody>\n<\/table>\n<\/div>\n<\/div>\n<\/div>\n<\/div>\n<h2 data-path-to-node=\"18\"><strong>T\u1ea1i Sao N\u00ean Ch\u1ecdn D\u00f2ng B C\u1ee7a Nippon Gear?<\/strong><\/h2>\n<ul data-path-to-node=\"19\">\n<li>\n<p data-path-to-node=\"19,0,0\"><b>D\u1ea3i t\u1ea3i tr\u1ecdng c\u1ef1c r\u1ed9ng:<\/b> T\u1eeb model B-0 nh\u1ecf g\u1ecdn \u0111\u1ebfn B-7 v\u1edbi m\u00f4-men xo\u1eafn si\u00eau kh\u1ee7ng 100.000 N\u00b7m.<\/p>\n<\/li>\n<li>\n<p data-path-to-node=\"19,1,0\"><b>T\u00ednh linh ho\u1ea1t:<\/b> T\u00f9y ch\u1ecdn tr\u1ee5c \u0111\u1ea7u v\u00e0o k\u00e9p gi\u00fap t\u01b0\u01a1ng th\u00edch v\u1edbi nhi\u1ec1u kh\u00f4ng gian l\u1eafp \u0111\u1eb7t kh\u1eaft khe.<\/p>\n<\/li>\n<li>\n<p data-path-to-node=\"19,2,0\"><b>Quan s\u00e1t tr\u1ef1c quan:<\/b> Trang b\u1ecb s\u1eb5n b\u1ed9 ch\u1ec9 th\u1ecb v\u1ecb tr\u00ed c\u1ee5c b\u1ed9 \u0111\u1ec3 ki\u1ec3m so\u00e1t tr\u1ea1ng th\u00e1i van t\u1ea1i ch\u1ed7.<\/p>\n<\/li>\n<\/ul>\n<div class=\"col-content-block\">\n<div class=\"list-table-scroll\"><\/div>\n<\/div>\n","protected":false},"excerpt":{"rendered":"<p><b>B\u1ed9 truy\u1ec1n \u0111\u1ed9ng d\u00f2ng B (B-Series)<\/b> l\u00e0 d\u00f2ng s\u1ea3n ph\u1ea9m b\u00e1nh r\u0103ng c\u00f4n (Bevel Gear) chuy\u00ean d\u1ee5ng cho c\u00e1c \u1ee9ng d\u1ee5ng quay nhi\u1ec1u v\u00f2ng. Thi\u1ebft k\u1ebf n\u00e0y \u0111\u01b0\u1ee3c t\u1ed1i \u01b0u h\u00f3a ho\u00e0n h\u1ea3o cho c\u00e1c lo\u1ea1i c\u1eeda van (Sluice Gate) v\u00e0 van c\u00f3 tr\u1ee5c n\u00e2ng \u2013 nh\u1eefng thi\u1ebft b\u1ecb y\u00eau c\u1ea7u t\u1ea3i l\u1ef1c \u0111\u1ea9y (Thrust) c\u1ef1c l\u1edbn \u0111\u1ec3 th\u1ef1c hi\u1ec7n quy tr\u00ecnh \u0111\u00f3ng m\u1edf an to\u00e0n v\u00e0 ch\u00ednh x\u00e1c.<\/p>\n","protected":false},"featured_media":993,"comment_status":"open","ping_status":"closed","template":"","meta":[],"product_brand":[],"product_cat":[249,251],"product_tag":[],"class_list":{"0":"post-549","1":"product","2":"type-product","3":"status-publish","4":"has-post-thumbnail","6":"product_cat-manual-actuator-limitorque-vi","7":"product_cat-multi-turn-type-vi","9":"first","10":"instock","11":"shipping-taxable","12":"product-type-simple"},"_links":{"self":[{"href":"https:\/\/xtech-eng.com\/index.php?rest_route=\/wp\/v2\/product\/549","targetHints":{"allow":["GET"]}}],"collection":[{"href":"https:\/\/xtech-eng.com\/index.php?rest_route=\/wp\/v2\/product"}],"about":[{"href":"https:\/\/xtech-eng.com\/index.php?rest_route=\/wp\/v2\/types\/product"}],"replies":[{"embeddable":true,"href":"https:\/\/xtech-eng.com\/index.php?rest_route=%2Fwp%2Fv2%2Fcomments&post=549"}],"wp:featuredmedia":[{"embeddable":true,"href":"https:\/\/xtech-eng.com\/index.php?rest_route=\/wp\/v2\/media\/993"}],"wp:attachment":[{"href":"https:\/\/xtech-eng.com\/index.php?rest_route=%2Fwp%2Fv2%2Fmedia&parent=549"}],"wp:term":[{"taxonomy":"product_brand","embeddable":true,"href":"https:\/\/xtech-eng.com\/index.php?rest_route=%2Fwp%2Fv2%2Fproduct_brand&post=549"},{"taxonomy":"product_cat","embeddable":true,"href":"https:\/\/xtech-eng.com\/index.php?rest_route=%2Fwp%2Fv2%2Fproduct_cat&post=549"},{"taxonomy":"product_tag","embeddable":true,"href":"https:\/\/xtech-eng.com\/index.php?rest_route=%2Fwp%2Fv2%2Fproduct_tag&post=549"}],"curies":[{"name":"wp","href":"https:\/\/api.w.org\/{rel}","templated":true}]}}