{"id":562,"date":"2025-09-25T14:59:19","date_gmt":"2025-09-25T14:59:19","guid":{"rendered":"https:\/\/xtech-eng.com\/?post_type=product&#038;p=562"},"modified":"2025-12-31T06:51:55","modified_gmt":"2025-12-31T06:51:55","slug":"h-series","status":"publish","type":"product","link":"https:\/\/xtech-eng.com\/?product=h-series","title":{"rendered":"Nippon Gear_H series"},"content":{"rendered":"<h1 data-path-to-node=\"3\"><strong>B\u1ed9 Truy\u1ec1n \u0110\u1ed9ng B\u00e1nh V\u00edt H Series: Gi\u1ea3i Ph\u00e1p \u0110i\u1ec1u Khi\u1ec3n Van B\u01b0\u1edbm C\u1ee1 L\u1edbn<\/strong><\/h1>\n<h2 data-path-to-node=\"4\"><strong>1. T\u1ed5ng quan s\u1ea3n ph\u1ea9m<\/strong><\/h2>\n<p data-path-to-node=\"5\"><b data-path-to-node=\"5\" data-index-in-node=\"0\">B\u1ed9 truy\u1ec1n \u0111\u1ed9ng b\u00e1nh v\u00edt H series<\/b> l\u00e0 thi\u1ebft b\u1ecb chuy\u00ean d\u1ee5ng \u0111\u01b0\u1ee3c thi\u1ebft k\u1ebf cho c\u00e1c \u1ee9ng d\u1ee5ng quay m\u1ed9t ph\u1ea7n t\u01b0 v\u00f2ng (<b data-path-to-node=\"5\" data-index-in-node=\"111\">quarter-turn<\/b>), \u0111\u1eb7c bi\u1ec7t t\u1ed1i \u01b0u cho c\u00e1c d\u00f2ng van b\u01b0\u1edbm k\u00edch th\u01b0\u1edbc l\u1edbn trong c\u00e1c h\u1ec7 th\u1ed1ng c\u1ea5p tho\u00e1t n\u01b0\u1edbc, n\u0103ng l\u01b0\u1ee3ng v\u00e0 c\u00f4ng nghi\u1ec7p n\u1eb7ng.<\/p>\n<p data-path-to-node=\"6\">\u0110\u1eb7c bi\u1ec7t, thi\u1ebft b\u1ecb \u0111\u01b0\u1ee3c t\u00edch h\u1ee3p b\u1ed9 truy\u1ec1n b\u00e1nh r\u0103ng xo\u1eafn <b data-path-to-node=\"6\" data-index-in-node=\"58\">HGA<\/b> ti\u00ean ti\u1ebfn, gi\u00fap gi\u1ea3m \u0111\u00e1ng k\u1ec3 m\u00f4-men xo\u1eafn \u0111\u1ea7u v\u00e0o, t\u1eeb \u0111\u00f3 t\u1ed1i \u01b0u h\u00f3a c\u00f4ng su\u1ea5t v\u1eadn h\u00e0nh v\u00e0 b\u1ea3o v\u1ec7 h\u1ec7 th\u1ed1ng d\u1eabn \u0111\u1ed9ng.<\/p>\n<h2 data-path-to-node=\"7\"><strong>2. \u0110\u1eb7c \u0111i\u1ec3m n\u1ed5i b\u1eadt c\u1ee7a H Series<\/strong><\/h2>\n<ul data-path-to-node=\"8\">\n<li>\n<p data-path-to-node=\"8,0,0\"><b data-path-to-node=\"8,0,0\" data-index-in-node=\"0\">V\u1eadn h\u00e0nh linh ho\u1ea1t:<\/b> Thi\u1ebft b\u1ecb h\u1ed7 tr\u1ee3 \u0111a d\u1ea1ng ph\u01b0\u01a1ng th\u1ee9c \u0111i\u1ec1u khi\u1ec3n:<\/p>\n<ul data-path-to-node=\"8,0,1\">\n<li>\n<p data-path-to-node=\"8,0,1,0,0\"><b data-path-to-node=\"8,0,1,0,0\" data-index-in-node=\"0\">Th\u1ee7 c\u00f4ng:<\/b> V\u1eadn h\u00e0nh b\u1eb1ng tay quay nh\u1eb9 nh\u00e0ng nh\u1edd b\u1ed9 truy\u1ec1n gi\u1ea3m k\u00e9p.<\/p>\n<\/li>\n<li>\n<p data-path-to-node=\"8,0,1,1,0\"><b data-path-to-node=\"8,0,1,1,0\" data-index-in-node=\"0\">T\u1ef1 \u0111\u1ed9ng:<\/b> D\u1ec5 d\u00e0ng k\u1ebft h\u1ee3p v\u1edbi b\u1ed9 truy\u1ec1n \u0111\u1ed9ng \u0111i\u1ec7n ho\u1eb7c kh\u00ed n\u00e9n \u0111\u1ec3 \u0111i\u1ec1u khi\u1ec3n t\u1eeb xa (truy\u1ec1n \u0111\u1ed9ng gi\u1ea3m \u0111\u01a1n).<\/p>\n<\/li>\n<\/ul>\n<\/li>\n<li>\n<p data-path-to-node=\"8,1,0\"><b data-path-to-node=\"8,1,0\" data-index-in-node=\"0\">V\u1eadt li\u1ec7u cao c\u1ea5p &amp; \u0110\u1ed9 b\u1ec1n v\u01b0\u1ee3t tr\u1ed9i:<\/b> * Tr\u1ee5c v\u00edt ch\u1ebf t\u1ea1o t\u1eeb th\u00e9p h\u1ee3p kim ch\u1ecbu l\u1ef1c.<\/p>\n<ul data-path-to-node=\"8,1,1\">\n<li>\n<p data-path-to-node=\"8,1,1,0,0\">B\u00e1nh v\u00edt b\u1eb1ng \u0111\u1ed3ng chuy\u00ean d\u1ee5ng, ch\u1ed1ng m\u00e0i m\u00f2n cao.<\/p>\n<\/li>\n<li>\n<p data-path-to-node=\"8,1,1,1,0\">Thi\u1ebft k\u1ebf ch\u00ednh x\u00e1c gi\u00fap gi\u1ea3m thi\u1ec3u t\u1ed1i \u0111a \u0111\u1ed9 r\u01a1 (backlash), h\u1ea1n ch\u1ebf t\u00ecnh tr\u1ea1ng rung l\u1eafc van d\u01b0\u1edbi \u00e1p l\u1ef1c d\u00f2ng ch\u1ea3y l\u1edbn.<\/p>\n<\/li>\n<\/ul>\n<\/li>\n<li>\n<p data-path-to-node=\"8,2,0\"><b data-path-to-node=\"8,2,0\" data-index-in-node=\"0\">C\u01a1 c\u1ea5u ch\u1eb7n c\u01a1 kh\u00ed ch\u00ednh x\u00e1c:<\/b> T\u1ea5t c\u1ea3 c\u00e1c model H series \u0111\u1ec1u trang b\u1ecb b\u1ed9 ch\u1eb7n c\u01a1 kh\u00ed b\u1ec1n ch\u1eafc, cho ph\u00e9p t\u00f9y ch\u1ec9nh ph\u1ea1m vi h\u00e0nh tr\u00ecnh <b data-path-to-node=\"8,2,0\" data-index-in-node=\"132\">\u00b15\u00b0<\/b> \u1edf c\u1ea3 hai \u0111\u1ea7u, \u0111\u1ea3m b\u1ea3o van \u0111\u00f3ng\/m\u1edf ho\u00e0n to\u00e0n v\u00e0 an to\u00e0n.<\/p>\n<\/li>\n<li>\n<p data-path-to-node=\"8,3,0\"><b data-path-to-node=\"8,3,0\" data-index-in-node=\"0\">Thi\u1ebft k\u1ebf t\u1ed1i \u01b0u:<\/b> D\u00f2ng H series g\u1ed3m 03 k\u00edch c\u1ee1 ch\u00ednh, \u0111\u01b0\u1ee3c ph\u00e2n lo\u1ea1i khoa h\u1ecdc d\u1ef1a tr\u00ean m\u00f4-men xo\u1eafn \u0111\u1ea7u ra \u0111\u1ec3 kh\u00e1ch h\u00e0ng d\u1ec5 d\u00e0ng l\u1ef1a ch\u1ecdn theo k\u00edch c\u1ee1 van.<\/p>\n<\/li>\n<\/ul>\n<h2 data-path-to-node=\"9\"><strong>3. Th\u00f4ng s\u1ed1 k\u1ef9 thu\u1eadt chi ti\u1ebft<\/strong><\/h2>\n<div class=\"horizontal-scroll-wrapper\">\n<div class=\"table-block-component\">\n<div class=\"table-block has-export-button\">\n<div class=\"table-content not-end-of-paragraph\" data-hveid=\"0\" data-ved=\"0CAAQ3ecQahgKEwj8_5bH0eWRAxUAAAAAHQAAAAAQhgI\">\n<table data-path-to-node=\"10\">\n<thead>\n<tr>\n<td><span data-path-to-node=\"10,0,0,0\">Model (Unit Size)<\/span><\/td>\n<td><span data-path-to-node=\"10,0,1,0\">M\u00f4-men \u0111\u1ea7u ra t\u1ed1i \u0111a (N\u00b7m)<\/span><\/td>\n<td><span data-path-to-node=\"10,0,2,0\">T\u1ef7 s\u1ed1 truy\u1ec1n<\/span><\/td>\n<td><span data-path-to-node=\"10,0,3,0\">Hi\u1ec7u su\u1ea5t<\/span><\/td>\n<td><span data-path-to-node=\"10,0,4,0\">\u0110\u01b0\u1eddng k\u00ednh tr\u1ee5c van t\u1ed1i \u0111a (mm)<\/span><\/td>\n<\/tr>\n<\/thead>\n<tbody>\n<tr>\n<td><span data-path-to-node=\"10,1,0,0\"><b data-path-to-node=\"10,1,0,0\" data-index-in-node=\"0\">H-25<\/b><\/span><\/td>\n<td><span data-path-to-node=\"10,1,1,0\">390,000<\/span><\/td>\n<td><span data-path-to-node=\"10,1,2,0\">59:1<\/span><\/td>\n<td><span data-path-to-node=\"10,1,3,0\">0.35<\/span><\/td>\n<td><span data-path-to-node=\"10,1,4,0\">300<\/span><\/td>\n<\/tr>\n<tr>\n<td><span data-path-to-node=\"10,2,0,0\"><b data-path-to-node=\"10,2,0,0\" data-index-in-node=\"0\">H-29<\/b><\/span><\/td>\n<td><span data-path-to-node=\"10,2,1,0\">540,000<\/span><\/td>\n<td><span data-path-to-node=\"10,2,2,0\">63:1<\/span><\/td>\n<td><span data-path-to-node=\"10,2,3,0\">0.35<\/span><\/td>\n<td><span data-path-to-node=\"10,2,4,0\">360<\/span><\/td>\n<\/tr>\n<tr>\n<td><span data-path-to-node=\"10,3,0,0\"><b data-path-to-node=\"10,3,0,0\" data-index-in-node=\"0\">H-35<\/b><\/span><\/td>\n<td><span data-path-to-node=\"10,3,1,0\">830,000<\/span><\/td>\n<td><span data-path-to-node=\"10,3,2,0\">65:1<\/span><\/td>\n<td><span data-path-to-node=\"10,3,3,0\">0.35<\/span><\/td>\n<td><span data-path-to-node=\"10,3,4,0\">460<\/span><\/td>\n<\/tr>\n<\/tbody>\n<\/table>\n<\/div>\n<div class=\"table-footer hide-from-message-actions ng-star-inserted\"><button class=\"mdc-button mat-mdc-button-base export-sheets-button-container mat-mdc-button mat-unthemed ng-star-inserted\"><span class=\"mdc-button__label\"><span class=\"export-sheets-button\">Xu\u1ea5t sang Trang t\u00ednh<\/span><\/span><\/button><button class=\"mdc-icon-button mat-mdc-icon-button mat-mdc-button-base mat-mdc-tooltip-trigger copy-button mat-unthemed ng-star-inserted\" aria-label=\"Sao che\u0301p ba\u0309ng\" data-test-id=\"copy-table-button\"><\/button><\/div>\n<\/div>\n<\/div>\n<\/div>\n<h2 data-path-to-node=\"11\"><strong>4. \u1ee8ng d\u1ee5ng ti\u00eau bi\u1ec3u<\/strong><\/h2>\n<p data-path-to-node=\"12\">H series l\u00e0 l\u1ef1a ch\u1ecdn h\u00e0ng \u0111\u1ea7u cho c\u00e1c h\u1ec7 th\u1ed1ng \u0111\u00f2i h\u1ecfi \u0111\u1ed9 tin c\u1eady tuy\u1ec7t \u0111\u1ed1i:<\/p>\n<ul data-path-to-node=\"13\">\n<li>\n<p data-path-to-node=\"13,0,0\">Nh\u00e0 m\u00e1y x\u1eed l\u00fd n\u01b0\u1edbc v\u00e0 h\u1ec7 th\u1ed1ng th\u1ee7y l\u1ee3i quy m\u00f4 l\u1edbn.<\/p>\n<\/li>\n<li>\n<p data-path-to-node=\"13,1,0\">Nh\u00e0 m\u00e1y nhi\u1ec7t \u0111i\u1ec7n, \u0111i\u1ec7n h\u1ea1t nh\u00e2n.<\/p>\n<\/li>\n<li>\n<p data-path-to-node=\"13,2,0\">H\u1ec7 th\u1ed1ng \u0111i\u1ec1u ti\u1ebft d\u00f2ng ch\u1ea3y trong ng\u00e0nh \u0111\u00f3ng t\u00e0u v\u00e0 d\u1ea7u kh\u00ed.<\/p>\n<\/li>\n<li>\n<p data-path-to-node=\"13,3,0\">C\u00e1c lo\u1ea1i van b\u01b0\u1edbm, van bi c\u00f3 \u0111\u01b0\u1eddng k\u00ednh th\u00e2n van si\u00eau l\u1edbn<\/p>\n<\/li>\n<\/ul>\n<div class=\"col-content-block\">\n<div class=\"list-table-scroll\"><\/div>\n<\/div>\n","protected":false},"excerpt":{"rendered":"<p>B\u1ed9 Truy\u1ec1n \u0110\u1ed9ng B\u00e1nh V\u00edt H Series: Gi\u1ea3i Ph\u00e1p \u0110i\u1ec1u Khi\u1ec3n Van B\u01b0\u1edbm C\u1ee1 L\u1edbn 1. T\u1ed5ng quan s\u1ea3n ph\u1ea9m B\u1ed9 truy\u1ec1n \u0111\u1ed9ng b\u00e1nh v\u00edt H series l\u00e0 thi\u1ebft b\u1ecb chuy\u00ean d\u1ee5ng \u0111\u01b0\u1ee3c thi\u1ebft k\u1ebf cho c\u00e1c \u1ee9ng d\u1ee5ng quay m\u1ed9t ph\u1ea7n t\u01b0 v\u00f2ng (quarter-turn), \u0111\u1eb7c bi\u1ec7t t\u1ed1i \u01b0u cho c\u00e1c d\u00f2ng van b\u01b0\u1edbm k\u00edch&#8230;<\/p>\n","protected":false},"featured_media":1150,"comment_status":"open","ping_status":"closed","template":"","meta":[],"product_brand":[],"product_cat":[249,255],"product_tag":[],"class_list":{"0":"post-562","1":"product","2":"type-product","3":"status-publish","4":"has-post-thumbnail","6":"product_cat-manual-actuator-limitorque-vi","7":"product_cat-part-turn-type","9":"first","10":"instock","11":"shipping-taxable","12":"product-type-simple"},"_links":{"self":[{"href":"https:\/\/xtech-eng.com\/index.php?rest_route=\/wp\/v2\/product\/562","targetHints":{"allow":["GET"]}}],"collection":[{"href":"https:\/\/xtech-eng.com\/index.php?rest_route=\/wp\/v2\/product"}],"about":[{"href":"https:\/\/xtech-eng.com\/index.php?rest_route=\/wp\/v2\/types\/product"}],"replies":[{"embeddable":true,"href":"https:\/\/xtech-eng.com\/index.php?rest_route=%2Fwp%2Fv2%2Fcomments&post=562"}],"wp:featuredmedia":[{"embeddable":true,"href":"https:\/\/xtech-eng.com\/index.php?rest_route=\/wp\/v2\/media\/1150"}],"wp:attachment":[{"href":"https:\/\/xtech-eng.com\/index.php?rest_route=%2Fwp%2Fv2%2Fmedia&parent=562"}],"wp:term":[{"taxonomy":"product_brand","embeddable":true,"href":"https:\/\/xtech-eng.com\/index.php?rest_route=%2Fwp%2Fv2%2Fproduct_brand&post=562"},{"taxonomy":"product_cat","embeddable":true,"href":"https:\/\/xtech-eng.com\/index.php?rest_route=%2Fwp%2Fv2%2Fproduct_cat&post=562"},{"taxonomy":"product_tag","embeddable":true,"href":"https:\/\/xtech-eng.com\/index.php?rest_route=%2Fwp%2Fv2%2Fproduct_tag&post=562"}],"curies":[{"name":"wp","href":"https:\/\/api.w.org\/{rel}","templated":true}]}}