{"id":567,"date":"2025-09-25T15:05:01","date_gmt":"2025-09-25T15:05:01","guid":{"rendered":"https:\/\/xtech-eng.com\/?post_type=product&#038;p=567"},"modified":"2025-12-31T07:11:37","modified_gmt":"2025-12-31T07:11:37","slug":"environmentally-resistant-specification","status":"publish","type":"product","link":"https:\/\/xtech-eng.com\/?product=environmentally-resistant-specification","title":{"rendered":"Nippon Gear_Environmentally-resistant specification"},"content":{"rendered":"<h1 data-start=\"189\" data-end=\"256\"><strong>B\u1ed9 truy\u1ec1n \u0111\u1ed9ng ch\u1ed1ng n\u01b0\u1edbc (Waterproof-type \/ Flood resistant)<\/strong><\/h1>\n<ul data-start=\"257\" data-end=\"790\">\n<li data-start=\"257\" data-end=\"289\">\n<p data-start=\"259\" data-end=\"289\"><strong data-start=\"259\" data-end=\"275\">D\u00f2ng \u00e1p d\u1ee5ng<\/strong>: SMB v\u00e0 JMB<\/p>\n<\/li>\n<li data-start=\"290\" data-end=\"365\">\n<p data-start=\"292\" data-end=\"365\"><strong data-start=\"292\" data-end=\"315\">Kh\u1ea3 n\u0103ng ch\u1ed1ng n\u01b0\u1edbc<\/strong>: Ho\u1ea1t \u0111\u1ed9ng \u1edf \u0111\u1ed9 s\u00e2u <strong data-start=\"336\" data-end=\"363\">t\u1ed1i \u0111a 10m trong 72 gi\u1edd<\/strong><\/p>\n<\/li>\n<li data-start=\"366\" data-end=\"790\">\n<p data-start=\"368\" data-end=\"388\"><strong data-start=\"368\" data-end=\"385\">L\u01b0u \u00fd s\u1eed d\u1ee5ng<\/strong>:<\/p>\n<ul data-start=\"391\" data-end=\"790\">\n<li data-start=\"391\" data-end=\"584\">\n<p data-start=\"393\" data-end=\"584\">C\u1ea7n k\u1ebft n\u1ed1i d\u00e2y \u0111i\u1ec7n v\u1edbi b\u1ed9 truy\u1ec1n \u0111\u1ed9ng ch\u1ed1ng n\u01b0\u1edbc m\u1ed9t c\u00e1ch ch\u1eafc ch\u1eafn. N\u1ebfu kh\u00f4ng, n\u01b0\u1edbc c\u00f3 th\u1ec3 x\u00e2m nh\u1eadp qua c\u1ed5ng d\u00e2y khi ng\u1eadp l\u1ee5t v\u00e0 l\u00e0m gi\u1ea3m kh\u1ea3 n\u0103ng c\u00e1ch \u0111i\u1ec7n c\u1ee7a linh ki\u1ec7n \u0111i\u1ec7n b\u00ean trong.<\/p>\n<\/li>\n<li data-start=\"587\" data-end=\"707\">\n<p data-start=\"589\" data-end=\"707\">Kh\u00f4ng c\u1ea7n \u0111\u1ea1i tu sau m\u1ed7i l\u1ea7n ng\u1eadp l\u1ee5t (th\u01b0\u1eddng ch\u1ec9 x\u1ea3y ra v\u00e0i l\u1ea7n trong n\u0103m), nh\u01b0ng khuy\u1ebfn ngh\u1ecb \u0111\u1ea1i tu <strong data-start=\"691\" data-end=\"704\">1 l\u1ea7n\/n\u0103m<\/strong>.<\/p>\n<\/li>\n<li data-start=\"710\" data-end=\"790\">\n<p data-start=\"712\" data-end=\"790\">\u0110\u1ed1i v\u1edbi m\u00f4i tr\u01b0\u1eddng n\u01b0\u1edbc bi\u1ec3n, c\u1ea7n c\u00f3 bi\u1ec7n ph\u00e1p ch\u1ed1ng \u0103n m\u00f2n mu\u1ed1i ri\u00eang bi\u1ec7t.<\/p>\n<\/li>\n<\/ul>\n<\/li>\n<\/ul>\n<h1 data-start=\"797\" data-end=\"888\"><strong>B\u1ed9 truy\u1ec1n \u0111\u1ed9ng ch\u1ed1ng sunfua (Sulfidation resistant \u2013 d\u00f9ng cho nh\u00e0 m\u00e1y \u0111i\u1ec7n \u0111\u1ecba nhi\u1ec7t)<\/strong><\/h1>\n<ul data-start=\"889\" data-end=\"1272\">\n<li data-start=\"889\" data-end=\"961\">\n<p data-start=\"891\" data-end=\"961\"><strong data-start=\"891\" data-end=\"909\">\u1ee8ng d\u1ee5ng ch\u00ednh<\/strong>: B\u1ed9 truy\u1ec1n \u0111\u1ed9ng cho h\u1ec7 th\u1ed1ng ph\u00e1t \u0111i\u1ec7n \u0111\u1ecba nhi\u1ec7t.<\/p>\n<\/li>\n<li data-start=\"962\" data-end=\"1272\">\n<p data-start=\"964\" data-end=\"984\"><strong data-start=\"964\" data-end=\"981\">L\u01b0u \u00fd s\u1eed d\u1ee5ng<\/strong>:<\/p>\n<ul data-start=\"987\" data-end=\"1272\">\n<li data-start=\"987\" data-end=\"1099\">\n<p data-start=\"989\" data-end=\"1099\">Ph\u01b0\u01a1ng \u00e1n x\u1eed l\u00fd ch\u1ed1ng sunfua thay \u0111\u1ed5i t\u00f9y theo m\u00f4i tr\u01b0\u1eddng th\u1ef1c t\u1ebf, c\u1ea7n th\u00f4ng b\u00e1o tr\u01b0\u1edbc v\u1ec1 \u0111i\u1ec1u ki\u1ec7n s\u1eed d\u1ee5ng.<\/p>\n<\/li>\n<li data-start=\"1102\" data-end=\"1272\">\n<p data-start=\"1104\" data-end=\"1272\">Trong m\u00f4i tr\u01b0\u1eddng kh\u00ed sunfua lo\u00e3ng, ho\u1eb7c khi <strong data-start=\"1148\" data-end=\"1179\">b\u01a1m kh\u00ed nit\u01a1 v\u00e0o ph\u00f2ng \u0111i\u1ec7n<\/strong> trong qu\u00e1 tr\u00ecnh l\u1eafp \u0111\u1eb7t\/ki\u1ec3m tra, m\u1ee9c \u0111\u1ed9 x\u1eed l\u00fd ch\u1ed1ng sunfua c\u1ee7a b\u1ed9 truy\u1ec1n \u0111\u1ed9ng s\u1ebd gi\u1ea3m \u0111i.<\/p>\n<\/li>\n<\/ul>\n<\/li>\n<\/ul>\n<h1 data-start=\"1279\" data-end=\"1327\"><strong>B\u1ed9 truy\u1ec1n \u0111\u1ed9ng ch\u1ecbu nhi\u1ec7t (Heat resistant)<\/strong><\/h1>\n<ul data-start=\"1328\" data-end=\"1623\">\n<li data-start=\"1328\" data-end=\"1440\">\n<p data-start=\"1330\" data-end=\"1440\"><strong data-start=\"1330\" data-end=\"1352\">Kh\u1ea3 n\u0103ng ho\u1ea1t \u0111\u1ed9ng<\/strong>: C\u00f3 th\u1ec3 v\u1eadn h\u00e0nh b\u1eb1ng \u0111i\u1ec7n trong th\u1eddi gian quy \u0111\u1ecbnh ngay c\u1ea3 khi b\u1ecb bao quanh b\u1edfi l\u1eeda.<\/p>\n<\/li>\n<li data-start=\"1441\" data-end=\"1466\">\n<p data-start=\"1443\" data-end=\"1466\"><strong data-start=\"1443\" data-end=\"1459\">D\u00f2ng \u00e1p d\u1ee5ng<\/strong>: SMB<\/p>\n<\/li>\n<li data-start=\"1467\" data-end=\"1623\">\n<p data-start=\"1469\" data-end=\"1524\"><strong data-start=\"1469\" data-end=\"1521\">K\u1ebft qu\u1ea3 ki\u1ec3m tra ch\u1ecbu l\u1eeda (Fire simulation test)<\/strong>:<\/p>\n<ul data-start=\"1527\" data-end=\"1623\">\n<li data-start=\"1527\" data-end=\"1571\">\n<p data-start=\"1529\" data-end=\"1571\">Nhi\u1ec7t \u0111\u1ed9 ng\u1ecdn l\u1eeda: <strong data-start=\"1548\" data-end=\"1569\">1.200\u00b0C \u2013 1.400\u00b0C<\/strong><\/p>\n<\/li>\n<li data-start=\"1574\" data-end=\"1623\">\n<p data-start=\"1576\" data-end=\"1623\">C\u00f3 th\u1ec3 v\u1eadn h\u00e0nh <strong data-start=\"1592\" data-end=\"1620\">15 ph\u00fat sau khi b\u1ed1c ch\u00e1y<\/strong>.<\/p>\n<\/li>\n<\/ul>\n<\/li>\n<\/ul>\n<h3 data-start=\"1630\" data-end=\"1677\"><strong>B\u1ed9 truy\u1ec1n \u0111\u1ed9ng ch\u1ecbu l\u1ea1nh (Cold resistant)<\/strong><\/h3>\n<p data-start=\"1678\" data-end=\"1736\">Cung c\u1ea5p 2 c\u1ea5p \u0111\u1ed9 ch\u1ecbu l\u1ea1nh t\u00f9y theo m\u00f4i tr\u01b0\u1eddng s\u1eed d\u1ee5ng:<\/p>\n<ul data-start=\"1737\" data-end=\"1845\">\n<li data-start=\"1737\" data-end=\"1790\">\n<p data-start=\"1739\" data-end=\"1790\"><strong data-start=\"1739\" data-end=\"1764\">Cold resistant type I<\/strong>: T\u1eeb <strong data-start=\"1769\" data-end=\"1788\">\u201320\u00b0C \u0111\u1ebfn \u201340\u00b0C<\/strong><\/p>\n<\/li>\n<li data-start=\"1791\" data-end=\"1845\">\n<p data-start=\"1793\" data-end=\"1845\"><strong data-start=\"1793\" data-end=\"1819\">Cold resistant type II<\/strong>: T\u1eeb <strong data-start=\"1824\" data-end=\"1843\">\u201340\u00b0C \u0111\u1ebfn \u201360\u00b0C<\/strong><\/p>\n<\/li>\n<\/ul>\n<p>&nbsp;<\/p>\n","protected":false},"excerpt":{"rendered":"<p>B\u1ed9 truy\u1ec1n \u0111\u1ed9ng ch\u1ed1ng n\u01b0\u1edbc (Waterproof-type \/ Flood resistant) D\u00f2ng \u00e1p d\u1ee5ng: SMB v\u00e0 JMB Kh\u1ea3 n\u0103ng ch\u1ed1ng n\u01b0\u1edbc: Ho\u1ea1t \u0111\u1ed9ng \u1edf \u0111\u1ed9 s\u00e2u t\u1ed1i \u0111a 10m trong 72 gi\u1edd L\u01b0u \u00fd s\u1eed d\u1ee5ng: C\u1ea7n k\u1ebft n\u1ed1i d\u00e2y \u0111i\u1ec7n v\u1edbi b\u1ed9 truy\u1ec1n \u0111\u1ed9ng ch\u1ed1ng n\u01b0\u1edbc m\u1ed9t c\u00e1ch ch\u1eafc ch\u1eafn. N\u1ebfu kh\u00f4ng, n\u01b0\u1edbc c\u00f3 th\u1ec3 x\u00e2m&#8230;<\/p>\n","protected":false},"featured_media":568,"comment_status":"open","ping_status":"closed","template":"","meta":[],"product_brand":[],"product_cat":[259],"product_tag":[],"class_list":{"0":"post-567","1":"product","2":"type-product","3":"status-publish","4":"has-post-thumbnail","6":"product_cat-option","8":"first","9":"instock","10":"shipping-taxable","11":"product-type-simple"},"_links":{"self":[{"href":"https:\/\/xtech-eng.com\/index.php?rest_route=\/wp\/v2\/product\/567","targetHints":{"allow":["GET"]}}],"collection":[{"href":"https:\/\/xtech-eng.com\/index.php?rest_route=\/wp\/v2\/product"}],"about":[{"href":"https:\/\/xtech-eng.com\/index.php?rest_route=\/wp\/v2\/types\/product"}],"replies":[{"embeddable":true,"href":"https:\/\/xtech-eng.com\/index.php?rest_route=%2Fwp%2Fv2%2Fcomments&post=567"}],"wp:featuredmedia":[{"embeddable":true,"href":"https:\/\/xtech-eng.com\/index.php?rest_route=\/wp\/v2\/media\/568"}],"wp:attachment":[{"href":"https:\/\/xtech-eng.com\/index.php?rest_route=%2Fwp%2Fv2%2Fmedia&parent=567"}],"wp:term":[{"taxonomy":"product_brand","embeddable":true,"href":"https:\/\/xtech-eng.com\/index.php?rest_route=%2Fwp%2Fv2%2Fproduct_brand&post=567"},{"taxonomy":"product_cat","embeddable":true,"href":"https:\/\/xtech-eng.com\/index.php?rest_route=%2Fwp%2Fv2%2Fproduct_cat&post=567"},{"taxonomy":"product_tag","embeddable":true,"href":"https:\/\/xtech-eng.com\/index.php?rest_route=%2Fwp%2Fv2%2Fproduct_tag&post=567"}],"curies":[{"name":"wp","href":"https:\/\/api.w.org\/{rel}","templated":true}]}}