{"id":571,"date":"2025-09-26T03:06:12","date_gmt":"2025-09-26T03:06:12","guid":{"rendered":"https:\/\/xtech-eng.com\/?post_type=product&#038;p=571"},"modified":"2025-12-31T07:10:49","modified_gmt":"2025-12-31T07:10:49","slug":"introduction-of-electric-components","status":"publish","type":"product","link":"https:\/\/xtech-eng.com\/?product=introduction-of-electric-components","title":{"rendered":"Nippon Gear_Introduction of electric components"},"content":{"rendered":"<h1><strong>\u0110\u1ed9ng c\u01a1 chuy\u00ean d\u1ee5ng<\/strong><\/h1>\n<div class=\"col-content-block\">\n<div class=\"list-table-scroll\">\n<table>\n<tbody>\n<tr>\n<th>Standard motor<\/th>\n<td>Size: #2 \u2013 #350 (0.2 \u2013 35 kW)<\/td>\n<td>Class E\/B as standard<\/td>\n<td>Option: Brake and insulation class (Class F\/H)<\/td>\n<\/tr>\n<tr>\n<th>Motor for nuclear power (in a containment vessel)<\/th>\n<td>Size: Same as standard motor<\/td>\n<td colspan=\"2\">Class H, radiation-proof type<\/td>\n<\/tr>\n<tr>\n<th>DC motor<\/th>\n<td>Size: #2 \u2013 #200 (0.2 \u2013 15 kW)<\/td>\n<td>Class B as standard<\/td>\n<td>Option: Brake and insulation class (Class F\/H)<\/td>\n<\/tr>\n<tr>\n<th>AC motor for hydraulic gate (Genera-purpose characteristics)<\/th>\n<td>Size: 0.2 \u2013 37 kW<\/td>\n<td>Class E\/B as standard<\/td>\n<td>Option: Brake, cooling fan, and insulation class (Class F\/H)<\/td>\n<\/tr>\n<tr>\n<th>Single-phase AC motor<\/th>\n<td>0.2, 0.4, 0.5kW<\/td>\n<td colspan=\"2\">Class F, with built-in capacitor\u3000 C 100 V \/ 200 V)<\/td>\n<\/tr>\n<tr>\n<th>Air motor<\/th>\n<td>2R to 10R (11 to 103 Nm @ 0.5 MPa)<\/td>\n<td colspan=\"2\">Working air pressure .3 to 0.6 MPa<\/td>\n<\/tr>\n<tr>\n<th>Tandem-type motor<\/th>\n<td colspan=\"3\">A motor made by combining standard motor and air motor (for emergency)<\/td>\n<\/tr>\n<tr>\n<th>Hydraulic motor<\/th>\n<td>0.5 to 150 Nm<\/td>\n<td colspan=\"2\">Rated pressure .8 to 13.7 MPa<\/td>\n<\/tr>\n<\/tbody>\n<\/table>\n<\/div>\n<\/div>\n<p><strong>[S\u1ea3n ph\u1ea9m m\u1edbi] \u0110\u1ed9ng c\u01a1 m\u1ed9t pha nh\u1ecf g\u1ecdn<\/strong><\/p>\n<p id=\"tw-target-text\" class=\"tw-data-text tw-text-large tw-ta\" dir=\"ltr\" tabindex=\"-1\" role=\"text\" data-placeholder=\"B\u1ea3n d\u1ecbch\" data-ved=\"2ahUKEwifx4mrsvWPAxWfoK8BHQ2hItcQ3ewLegQIChAV\" aria-label=\"B\u1ea3n d\u1ecbch: \u0110\u00e2y l\u00e0 \u0111\u1ed9ng c\u01a1 ngo\u00e0i tr\u1eddi m\u1ed9t pha \u0111\u01b0\u1ee3c trang b\u1ecb t\u1ee5 \u0111i\u1ec7n t\u00edch h\u1ee3p \u0111\u1ec3 t\u0103ng t\u00ednh th\u00e2n thi\u1ec7n v\u1edbi ng\u01b0\u1eddi d\u00f9ng. C\u00e1c b\u1ed9 truy\u1ec1n \u0111\u1ed9ng \u0111\u01b0\u1ee3c s\u1eed d\u1ee5ng l\u00e0 c\u00e1c model nh\u1ecf g\u1ecdn \u2013 JMB-04M1, JMB-03M1 v\u00e0 SMB-000.\"><span class=\"Y2IQFc\" lang=\"vi\">\u0110\u00e2y l\u00e0 \u0111\u1ed9ng c\u01a1 ngo\u00e0i tr\u1eddi m\u1ed9t pha \u0111\u01b0\u1ee3c trang b\u1ecb t\u1ee5 \u0111i\u1ec7n t\u00edch h\u1ee3p \u0111\u1ec3 t\u0103ng t\u00ednh th\u00e2n thi\u1ec7n v\u1edbi ng\u01b0\u1eddi d\u00f9ng. C\u00e1c b\u1ed9 truy\u1ec1n \u0111\u1ed9ng \u0111\u01b0\u1ee3c s\u1eed d\u1ee5ng l\u00e0 c\u00e1c model nh\u1ecf g\u1ecdn \u2013 JMB-04M1, JMB-03M1 v\u00e0 SMB-000.<\/span><\/p>\n<p dir=\"ltr\" tabindex=\"-1\" role=\"text\" data-placeholder=\"B\u1ea3n d\u1ecbch\" data-ved=\"2ahUKEwifx4mrsvWPAxWfoK8BHQ2hItcQ3ewLegQIChAV\" aria-label=\"B\u1ea3n d\u1ecbch: \u0110\u00e2y l\u00e0 \u0111\u1ed9ng c\u01a1 ngo\u00e0i tr\u1eddi m\u1ed9t pha \u0111\u01b0\u1ee3c trang b\u1ecb t\u1ee5 \u0111i\u1ec7n t\u00edch h\u1ee3p \u0111\u1ec3 t\u0103ng t\u00ednh th\u00e2n thi\u1ec7n v\u1edbi ng\u01b0\u1eddi d\u00f9ng. C\u00e1c b\u1ed9 truy\u1ec1n \u0111\u1ed9ng \u0111\u01b0\u1ee3c s\u1eed d\u1ee5ng l\u00e0 c\u00e1c model nh\u1ecf g\u1ecdn \u2013 JMB-04M1, JMB-03M1 v\u00e0 SMB-000.\">\u00a0 \u00a0 \u00a0 \u00a0 <img loading=\"lazy\" decoding=\"async\" class=\"size-full wp-image-1546 alignnone\" src=\"https:\/\/www.nippon-gear.jp\/cms\/product\/product\/densyoku_photo1_1.jpg\" alt=\"\" width=\"175\" height=\"132\" \/>\u00a0 \u00a0 \u00a0 \u00a0 \u00a0 \u00a0 \u00a0 \u00a0 \u00a0 \u00a0 \u00a0 \u00a0 \u00a0 \u00a0 \u00a0 \u00a0 <img loading=\"lazy\" decoding=\"async\" class=\"alignnone size-full wp-image-1547\" src=\"https:\/\/www.nippon-gear.jp\/cms\/product\/product\/densyoku_photo1_2.jpg\" alt=\"\" width=\"201\" height=\"132\" \/><\/p>\n<p dir=\"ltr\" style=\"text-align: left;\" tabindex=\"-1\" role=\"text\" data-placeholder=\"B\u1ea3n d\u1ecbch\" data-ved=\"2ahUKEwifx4mrsvWPAxWfoK8BHQ2hItcQ3ewLegQIChAV\" aria-label=\"B\u1ea3n d\u1ecbch: \u0110\u00e2y l\u00e0 \u0111\u1ed9ng c\u01a1 ngo\u00e0i tr\u1eddi m\u1ed9t pha \u0111\u01b0\u1ee3c trang b\u1ecb t\u1ee5 \u0111i\u1ec7n t\u00edch h\u1ee3p \u0111\u1ec3 t\u0103ng t\u00ednh th\u00e2n thi\u1ec7n v\u1edbi ng\u01b0\u1eddi d\u00f9ng. C\u00e1c b\u1ed9 truy\u1ec1n \u0111\u1ed9ng \u0111\u01b0\u1ee3c s\u1eed d\u1ee5ng l\u00e0 c\u00e1c model nh\u1ecf g\u1ecdn \u2013 JMB-04M1, JMB-03M1 v\u00e0 SMB-000.\">\u00a0 \u00a0 \u00a0 \u00a0 \u00a0 \u00a0 \u00a0 \u00a0Standard motor \u00a0 \u00a0 \u00a0 \u00a0 \u00a0 \u00a0 \u00a0 \u00a0 \u00a0 \u00a0 \u00a0 \u00a0 \u00a0 \u00a0 \u00a0 \u00a0 \u00a0Motor for hydraulic gate (equipped with brake)<\/p>\n<h1 class=\"title_lineSimple\"><strong>C\u00f4ng t\u1eafc m\u00f4-men<\/strong><\/h1>\n<div class=\"col-content-block\">\n<div class=\"list-table-scroll\">\n<table>\n<tbody>\n<tr>\n<th colspan=\"3\">[Self-cleaning-type contacts]<\/th>\n<\/tr>\n<tr>\n<th>Standard rotary type<\/th>\n<td>1a, and 1b contacts\/ 2b contact<\/td>\n<td><\/td>\n<\/tr>\n<tr>\n<th>Standard open type<\/th>\n<td>1b contact<\/td>\n<td><\/td>\n<\/tr>\n<tr>\n<th>Snap-action rotary type<\/th>\n<td>1a and 1b contacts<\/td>\n<td>The differential of the contact at the time of ON and OFF prevents chattering.<\/td>\n<\/tr>\n<tr>\n<th>Microswitch type<\/th>\n<td>1c contact<\/td>\n<td>The differential of the contact at the time of ON and OFF prevents chattering.<\/td>\n<\/tr>\n<\/tbody>\n<\/table>\n<p><img loading=\"lazy\" decoding=\"async\" class=\"size-full wp-image-1548 alignnone\" src=\"https:\/\/www.nippon-gear.jp\/cms\/product\/product\/e_photo2_1.jpg\" alt=\"\" width=\"157\" height=\"131\" \/>\u00a0 \u00a0 \u00a0 \u00a0 \u00a0 \u00a0 \u00a0 \u00a0 \u00a0 \u00a0 \u00a0 \u00a0 \u00a0 \u00a0 \u00a0 \u00a0 \u00a0 \u00a0 <img loading=\"lazy\" decoding=\"async\" class=\"alignnone size-full wp-image-1550\" src=\"https:\/\/www.nippon-gear.jp\/cms\/product\/product\/e_photo2_3.jpg\" alt=\"\" width=\"169\" height=\"132\" \/>\u00a0 \u00a0 \u00a0 \u00a0 \u00a0 \u00a0 \u00a0 \u00a0 \u00a0 \u00a0 \u00a0 \u00a0 \u00a0 \u00a0 \u00a0 \u00a0 \u00a0 \u00a0 <img loading=\"lazy\" decoding=\"async\" class=\"alignnone size-full wp-image-1549\" src=\"https:\/\/www.nippon-gear.jp\/cms\/product\/product\/e_photo2_2.jpg\" alt=\"\" width=\"200\" height=\"132\" \/><\/p>\n<p>Standard rotary-type torque switch \u00a0 \u00a0 \u00a0 \u00a0 \u00a0 \u00a0 \u00a0 \u00a0 \u00a0 Standard open-type torque switch \u00a0 \u00a0 \u00a0 \u00a0 \u00a0 \u00a0 \u00a0 \u00a0 \u00a0 \u00a0 \u00a0 \u00a0 \u00a0 Snap-action rotary-type torque switch<\/p>\n<h1><strong>C\u00f4ng t\u1eafc gi\u1edbi h\u1ea1n<\/strong><\/h1>\n<div class=\"col-content-block\">\n<div class=\"list-table-scroll\">\n<table>\n<tbody>\n<tr>\n<th colspan=\"2\">[Self-cleaning-type contacts]<\/th>\n<\/tr>\n<tr>\n<th>Two-line-type standard (Two rotors and four contacts)<\/th>\n<td>2TR<\/td>\n<\/tr>\n<tr>\n<th>Four-line-type standard (Four rotors and four contacts)<\/th>\n<td>4TR<\/td>\n<\/tr>\n<tr>\n<th>Six-line type (Six rotors and four contacts)<\/th>\n<td>6TR\u3000*Feasibility of mounting shall be studied each time.<\/td>\n<\/tr>\n<tr>\n<th>Vibration resistant type<\/th>\n<td>2TR,\u30004TR<\/td>\n<\/tr>\n<tr>\n<th>Easy adjustment type<\/th>\n<td>2TR,\u30004TR<\/td>\n<\/tr>\n<\/tbody>\n<\/table>\n<p><img loading=\"lazy\" decoding=\"async\" class=\"alignnone size-full wp-image-1551\" src=\"https:\/\/www.nippon-gear.jp\/cms\/product\/product\/e_photo3_1.jpg\" alt=\"\" width=\"174\" height=\"117\" \/>\u00a0 \u00a0 \u00a0 \u00a0 \u00a0 \u00a0 \u00a0 \u00a0 \u00a0 \u00a0 \u00a0 \u00a0 \u00a0 \u00a0 \u00a0 \u00a0 \u00a0 \u00a0 \u00a0 \u00a0 \u00a0 <img loading=\"lazy\" decoding=\"async\" class=\"alignnone size-full wp-image-1552\" src=\"https:\/\/www.nippon-gear.jp\/cms\/product\/product\/e_photo3_2.jpg\" alt=\"\" width=\"167\" height=\"117\" \/><\/p>\n<p>Two-line-type standard limit switch \u00a0 \u00a0 \u00a0 \u00a0 \u00a0 \u00a0 \u00a0 \u00a0 \u00a0 \u00a0 \u00a0 \u00a0 \u00a0 \u00a0 \u00a0 Easy adjustment-type Limit switch<\/p>\n<h1><strong>B\u1ed9 ph\u00e1t t\u00edn hi\u1ec7u v\u1ecb tr\u00ed<\/strong><\/h1>\n<div class=\"col-content-block\">\n<div class=\"list-table-scroll\">\n<table>\n<tbody>\n<tr>\n<th>Conductive-type potentiometer<\/th>\n<td>CPP-45B<\/td>\n<td>Long life time, for control<\/td>\n<\/tr>\n<tr>\n<th>RC encoder (Multi rotational absolute)<\/th>\n<td>RC12,RC14<\/td>\n<td>Non-contact (Digital type)<br \/>\n*It can be combined with G-Link field unit and G scaler.<\/td>\n<\/tr>\n<\/tbody>\n<\/table>\n<p><img loading=\"lazy\" decoding=\"async\" class=\"alignnone size-full wp-image-1555\" src=\"https:\/\/www.nippon-gear.jp\/cms\/product\/product\/e_photo4_3.jpg\" alt=\"\" width=\"175\" height=\"153\" \/>\u00a0 \u00a0 \u00a0 \u00a0 \u00a0 \u00a0 \u00a0 \u00a0 \u00a0 \u00a0 \u00a0 \u00a0 \u00a0 \u00a0 \u00a0 \u00a0 \u00a0 \u00a0 \u00a0 \u00a0<img loading=\"lazy\" decoding=\"async\" class=\"alignnone size-full wp-image-1556\" src=\"https:\/\/www.nippon-gear.jp\/cms\/product\/product\/e_photo4_5.jpg\" alt=\"\" width=\"175\" height=\"155\" \/><\/p>\n<p>RC encoder (Multi rotation type) \u00a0 \u00a0 \u00a0 \u00a0 \u00a0 \u00a0 \u00a0 \u00a0 \u00a0 \u00a0Non-contact CP-45H (Power supply: 5 V DC\/ Output: 5 V DC)<\/p>\n<h1><strong>B\u1ed9 chuy\u1ec3n \u0111\u1ed5i t\u00edn hi\u1ec7u<\/strong><\/h1>\n<div class=\"col-content-block\">\n<div class=\"list-table-scroll\">\n<table>\n<tbody>\n<tr>\n<th>R\/I converter, externally-supplied power source<\/th>\n<td>RCC420<\/td>\n<td>2-line type, output of 4\u201320 mA<\/td>\n<\/tr>\n<tr>\n<th>Lightning protector for converter (for 4\u201320 mA)<\/th>\n<td>MDP-24-1<\/td>\n<\/tr>\n<\/tbody>\n<\/table>\n<p><img loading=\"lazy\" decoding=\"async\" class=\"alignnone size-full wp-image-1558\" src=\"https:\/\/www.nippon-gear.jp\/cms\/product\/product\/e_photo5_2.jpg\" alt=\"\" width=\"175\" height=\"176\" \/>\u00a0 \u00a0 \u00a0 \u00a0 \u00a0 \u00a0 \u00a0 \u00a0 \u00a0 \u00a0 \u00a0 <img loading=\"lazy\" decoding=\"async\" class=\"alignnone size-full wp-image-1559\" src=\"https:\/\/www.nippon-gear.jp\/cms\/product\/product\/e_photo5_3.jpg\" alt=\"\" width=\"175\" height=\"176\" \/><\/p>\n<p>RCC420 type converter\u00a0 \u00a0 \u00a0 \u00a0 \u00a0 \u00a0 \u00a0 \u00a0 \u00a0 \u00a0 Lightning protector for converter<\/p>\n<h1><strong>B\u1ed9 \u0111i\u1ec1u khi\u1ec3n<\/strong><\/h1>\n<div class=\"col-content-block\">\n<div class=\"list-table-scroll\">\n<table class=\"table_prd01\">\n<tbody>\n<tr>\n<th>Dedicated positioner (Analog type)<\/th>\n<td>MJ70<\/td>\n<\/tr>\n<tr>\n<th>Digital controller<\/th>\n<td>G scaler<br \/>\n\u2013 Combined with RC encoder<br \/>\n\u2013 Up to 15 position limit contacts (electronic limit switch)<\/td>\n<\/tr>\n<\/tbody>\n<\/table>\n<h1>\u00a0 \u00a0<img loading=\"lazy\" decoding=\"async\" class=\"alignnone size-full wp-image-1560\" src=\"https:\/\/www.nippon-gear.jp\/cms\/product\/product\/e_photo6_1.jpg\" alt=\"\" width=\"174\" height=\"166\" \/>\u00a0 \u00a0 \u00a0 \u00a0 \u00a0 \u00a0 \u00a0 <img loading=\"lazy\" decoding=\"async\" class=\"alignnone size-full wp-image-1561\" src=\"https:\/\/www.nippon-gear.jp\/cms\/product\/product\/e_photo6_2.jpg\" alt=\"\" width=\"174\" height=\"165\" \/>\u00a0 \u00a0 \u00a0 \u00a0 \u00a0 \u00a0 \u00a0 <img loading=\"lazy\" decoding=\"async\" class=\"alignnone size-full wp-image-1562\" src=\"https:\/\/www.nippon-gear.jp\/cms\/product\/product\/e_photo6_3.jpg\" alt=\"\" width=\"175\" height=\"166\" \/><\/h1>\n<p>MJ70 positioner \u00a0 \u00a0 \u00a0 \u00a0 \u00a0 \u00a0 \u00a0 \u00a0 \u00a0 \u00a0 \u00a0 \u00a0 \u00a0 \u00a0 \u00a0 \u00a0 \u00a0 \u00a0Multipurpose controller \u00a0 \u00a0 \u00a0 \u00a0 \u00a0 \u00a0 \u00a0 \u00a0Digital controller (installed on the control panel)<\/p>\n<h1><strong>\u0110\u1ea7u n\u1ed1i<\/strong><\/h1>\n<div class=\"col-content-block\">\n<div class=\"list-table-scroll\">\n<table style=\"height: 202px;\" width=\"807\">\n<tbody>\n<tr>\n<th>Standard general-purpose connector<\/th>\n<td>VGC type<\/td>\n<\/tr>\n<tr>\n<th>General-purpose connector<\/th>\n<td>VA type<\/td>\n<\/tr>\n<tr>\n<th>General-purpose connector<\/th>\n<td>ZBC type<\/td>\n<\/tr>\n<tr>\n<th>Large-sized connector<\/th>\n<td>BC II type<\/td>\n<\/tr>\n<tr>\n<th>Explosion-proof connector<\/th>\n<td>XPC type<\/td>\n<\/tr>\n<tr>\n<th>Connector for nuclear power<\/th>\n<td>NZD type (outside a containment vessel)<\/td>\n<\/tr>\n<tr>\n<th>Connector for nuclear power<\/th>\n<td>NTG type (inside a containment vessel)<\/td>\n<\/tr>\n<tr>\n<th>Large-sized connector for nuclear power<\/th>\n<td>BCT type (outside a containment vessel)<\/td>\n<\/tr>\n<\/tbody>\n<\/table>\n<p><img loading=\"lazy\" decoding=\"async\" class=\" wp-image-1568\" src=\"https:\/\/www.nippon-gear.jp\/cms\/product\/product\/e_photo7_6.jpg\" alt=\"\" width=\"127\" height=\"91\" \/> \u00a0<img loading=\"lazy\" decoding=\"async\" class=\"alignnone wp-image-1564\" src=\"https:\/\/www.nippon-gear.jp\/cms\/product\/product\/e_photo7_2.jpg\" alt=\"\" width=\"126\" height=\"90\" \/> \u00a0<img loading=\"lazy\" decoding=\"async\" class=\"alignnone wp-image-1563\" src=\"https:\/\/www.nippon-gear.jp\/cms\/product\/product\/e_photo7_1.jpg\" alt=\"\" width=\"127\" height=\"91\" \/>\u00a0 \u00a0<img loading=\"lazy\" decoding=\"async\" class=\"alignnone wp-image-1565\" src=\"https:\/\/www.nippon-gear.jp\/cms\/product\/product\/e_photo7_3.jpg\" alt=\"\" width=\"125\" height=\"89\" \/>\u00a0 \u00a0<img loading=\"lazy\" decoding=\"async\" class=\"alignnone wp-image-1566\" src=\"https:\/\/www.nippon-gear.jp\/cms\/product\/product\/e_photo7_4.jpg\" alt=\"\" width=\"138\" height=\"91\" \/>\u00a0 <img loading=\"lazy\" decoding=\"async\" class=\"alignnone size-full wp-image-1567\" src=\"https:\/\/www.nippon-gear.jp\/cms\/product\/product\/e_photo7_5.jpg\" alt=\"\" width=\"142\" height=\"125\" \/><\/p>\n<p>VGC type \u00a0 \u00a0 \u00a0 \u00a0 \u00a0 \u00a0 \u00a0 \u00a0 \u00a0 VA type \u00a0 \u00a0 \u00a0 \u00a0 \u00a0 \u00a0 \u00a0 ZBC type, NZD type \u00a0 BC\u2161 type, BCT type \u00a0 \u00a0 \u00a0 \u00a0 \u00a0XPC type \u00a0 \u00a0 \u00a0 \u00a0 \u00a0 \u00a0 \u00a0 \u00a0 \u00a0 \u00a0 \u00a0NTG type<\/p>\n<p>\uff08Explosion-proof type\uff09<\/p>\n<h1><strong>Tr\u1ea1m c\u00f4ng t\u1eafc<\/strong><\/h1>\n<div class=\"col-content-block\">\n<div class=\"list-table-scroll\">\n<table style=\"height: 100px;\" width=\"835\">\n<tbody>\n<tr>\n<th>Three-switch \u2013 three-lamp (compatible with surge-resistant LED lamp)<\/th>\n<td>BLS-3<\/td>\n<\/tr>\n<tr>\n<th colspan=\"2\">[SW series] (Typical example) (13 types are available by combining different lamps and switches.)<\/th>\n<\/tr>\n<tr>\n<th>Three-switch \u2013 two-lamp -one-selector switch<\/th>\n<td>SW-323<\/td>\n<\/tr>\n<tr>\n<th>Three-switch \u2013 three-lamp<\/th>\n<td>SW-330<\/td>\n<\/tr>\n<\/tbody>\n<\/table>\n<p><img loading=\"lazy\" decoding=\"async\" class=\"alignnone size-full wp-image-1569\" src=\"https:\/\/www.nippon-gear.jp\/cms\/product\/product\/e_photo8_1.jpg\" alt=\"\" width=\"175\" height=\"160\" \/>\u00a0 \u00a0 \u00a0 \u00a0 \u00a0 \u00a0 \u00a0 \u00a0 \u00a0 \u00a0 \u00a0 \u00a0 \u00a0 \u00a0 <img loading=\"lazy\" decoding=\"async\" class=\"alignnone size-full wp-image-1570\" src=\"https:\/\/www.nippon-gear.jp\/cms\/product\/product\/e_photo8_2.jpg\" alt=\"\" width=\"175\" height=\"160\" \/><\/p>\n<p>BLS-3 \u00a0 \u00a0 \u00a0 \u00a0 \u00a0 \u00a0 \u00a0 \u00a0 \u00a0 \u00a0 \u00a0 \u00a0 \u00a0 \u00a0 \u00a0 \u00a0 \u00a0 \u00a0 \u00a0 \u00a0 \u00a0 \u00a0 \u00a0 \u00a0 \u00a0 \u00a0 \u00a0 \u00a0 \u00a0 \u00a0SW-323<\/p>\n<h1><strong>Module \u0111i\u1ec1u khi\u1ec3n t\u1eeb xa<\/strong><\/h1>\n<p>Thi\u1ebft b\u1ecb hi\u1ec7n tr\u01b0\u1eddng TWC (\u0110i\u1ec1u khi\u1ec3n hai d\u00e2y)<br \/>\nThi\u1ebft b\u1ecb hi\u1ec7n tr\u01b0\u1eddng G-LINK (Giao ti\u1ebfp m\u1ea1ng)<\/p>\n<p><img loading=\"lazy\" decoding=\"async\" class=\"alignnone size-full wp-image-1571\" src=\"https:\/\/www.nippon-gear.jp\/cms\/content\/uploads\/e_photo9.jpg\" alt=\"\" width=\"576\" height=\"356\" \/><\/p>\n<\/div>\n<\/div>\n<\/div>\n<\/div>\n<\/div>\n<\/div>\n<\/div>\n<\/div>\n<\/div>\n<\/div>\n<\/div>\n<\/div>\n<\/div>\n<\/div>\n","protected":false},"excerpt":{"rendered":"<p>\u0110\u1ed9ng c\u01a1 chuy\u00ean d\u1ee5ng Standard motor Size: #2 \u2013 #350 (0.2 \u2013 35 kW) Class E\/B as standard Option: Brake and insulation class (Class F\/H) Motor for nuclear power (in a containment vessel) Size: Same as standard motor Class H, radiation-proof type DC motor Size: #2 \u2013 #200 (0.2 \u2013 15 kW) Class B as&#8230;<\/p>\n","protected":false},"featured_media":0,"comment_status":"open","ping_status":"closed","template":"","meta":[],"product_brand":[],"product_cat":[259],"product_tag":[],"class_list":{"0":"post-571","1":"product","2":"type-product","3":"status-publish","5":"product_cat-option","7":"first","8":"instock","9":"shipping-taxable","10":"product-type-simple"},"_links":{"self":[{"href":"https:\/\/xtech-eng.com\/index.php?rest_route=\/wp\/v2\/product\/571","targetHints":{"allow":["GET"]}}],"collection":[{"href":"https:\/\/xtech-eng.com\/index.php?rest_route=\/wp\/v2\/product"}],"about":[{"href":"https:\/\/xtech-eng.com\/index.php?rest_route=\/wp\/v2\/types\/product"}],"replies":[{"embeddable":true,"href":"https:\/\/xtech-eng.com\/index.php?rest_route=%2Fwp%2Fv2%2Fcomments&post=571"}],"wp:attachment":[{"href":"https:\/\/xtech-eng.com\/index.php?rest_route=%2Fwp%2Fv2%2Fmedia&parent=571"}],"wp:term":[{"taxonomy":"product_brand","embeddable":true,"href":"https:\/\/xtech-eng.com\/index.php?rest_route=%2Fwp%2Fv2%2Fproduct_brand&post=571"},{"taxonomy":"product_cat","embeddable":true,"href":"https:\/\/xtech-eng.com\/index.php?rest_route=%2Fwp%2Fv2%2Fproduct_cat&post=571"},{"taxonomy":"product_tag","embeddable":true,"href":"https:\/\/xtech-eng.com\/index.php?rest_route=%2Fwp%2Fv2%2Fproduct_tag&post=571"}],"curies":[{"name":"wp","href":"https:\/\/api.w.org\/{rel}","templated":true}]}}