{"id":585,"date":"2025-09-26T03:49:32","date_gmt":"2025-09-26T03:49:32","guid":{"rendered":"https:\/\/xtech-eng.com\/?post_type=product&#038;p=585"},"modified":"2025-12-28T09:46:18","modified_gmt":"2025-12-28T09:46:18","slug":"high-lead-screw-jack-2","status":"publish","type":"product","link":"https:\/\/xtech-eng.com\/?product=high-lead-screw-jack-2","title":{"rendered":"Nippon Gear_High-lead Screw Jack"},"content":{"rendered":"<h1 data-path-to-node=\"3\"><strong>K\u00edch V\u00edt T\u1ed1c \u0110\u1ed9 Cao Series RMY, RSY &amp; J0Y: Hi\u1ec7u Su\u1ea5t V\u01b0\u1ee3t Tr\u1ed9i<\/strong><\/h1>\n<h2 data-path-to-node=\"4\"><strong>1. T\u1ed5ng quan s\u1ea3n ph\u1ea9m<\/strong><\/h2>\n<p data-path-to-node=\"5\">D\u00f2ng <b data-path-to-node=\"5\" data-index-in-node=\"5\">k\u00edch v\u00edt t\u1ed1c \u0111\u1ed9 cao<\/b> (High-Speed Series) \u0111\u01b0\u1ee3c thi\u1ebft k\u1ebf \u0111\u1ed9t ph\u00e1 nh\u1eb1m k\u1ebft h\u1ee3p gi\u1eefa k\u00edch th\u01b0\u1edbc nh\u1ecf g\u1ecdn, tr\u1ecdng l\u01b0\u1ee3ng nh\u1eb9 v\u00e0 kh\u1ea3 n\u0103ng v\u1eadn h\u00e0nh \u1edf v\u1eadn t\u1ed1c l\u1edbn. S\u1ea3n ph\u1ea9m l\u00e0 l\u1ef1a ch\u1ecdn thay th\u1ebf ho\u00e0n h\u1ea3o cho c\u00e1c d\u00f2ng k\u00edch v\u00edt ti\u00eau chu\u1ea9n khi h\u1ec7 th\u1ed1ng y\u00eau c\u1ea7u chu k\u1ef3 l\u00e0m vi\u1ec7c nhanh v\u00e0 hi\u1ec7u su\u1ea5t truy\u1ec1n \u0111\u1ed9ng t\u1ed1i \u01b0u.<\/p>\n<h2 data-path-to-node=\"6\"><strong>2. \u0110\u1eb7c \u0111i\u1ec3m k\u1ef9 thu\u1eadt n\u1ed5i b\u1eadt<\/strong><\/h2>\n<ul data-path-to-node=\"7\">\n<li>\n<p data-path-to-node=\"7,0,0\"><b data-path-to-node=\"7,0,0\" data-index-in-node=\"0\">T\u1ed1c \u0111\u1ed9 ph\u1ea3n h\u1ed3i c\u1ef1c nhanh:<\/b> Nh\u1edd s\u1eed d\u1ee5ng <b data-path-to-node=\"7,0,0\" data-index-in-node=\"39\">tr\u1ee5c v\u00edt 4 \u0111\u1ea7u ren (quadruple-thread)<\/b> v\u00e0 b\u01b0\u1edbc ren l\u1edbn, d\u00f2ng k\u00edch n\u00e0y \u0111\u1ea1t t\u1ed1c \u0111\u1ed9 nhanh g\u1ea5p <b data-path-to-node=\"7,0,0\" data-index-in-node=\"129\">2 \u2013 5 l\u1ea7n<\/b> so v\u1edbi lo\u1ea1i k\u00edch v\u00edt truy\u1ec1n th\u1ed1ng (lo\u1ea1i H) khi ch\u1ea1y c\u00f9ng t\u1ed1c \u0111\u1ed9 \u0111\u1ea7u v\u00e0o.<\/p>\n<\/li>\n<li>\n<p data-path-to-node=\"7,1,0\"><b data-path-to-node=\"7,1,0\" data-index-in-node=\"0\">Thi\u1ebft k\u1ebf tinh g\u1ecdn, \u0111a n\u0103ng:<\/b> V\u1ecf ngo\u00e0i nh\u1ecf g\u1ecdn gi\u00fap ti\u1ebft ki\u1ec7m kh\u00f4ng gian l\u1eafp \u0111\u1eb7t. Thi\u1ebft k\u1ebf th\u00f4ng minh cho ph\u00e9p g\u1eafn linh ho\u1ea1t t\u1eeb c\u1ea3 m\u1eb7t tr\u00ean v\u00e0 m\u1eb7t d\u01b0\u1edbi c\u1ee7a thi\u1ebft b\u1ecb.<\/p>\n<\/li>\n<li>\n<p data-path-to-node=\"7,2,0\"><b data-path-to-node=\"7,2,0\" data-index-in-node=\"0\">Hi\u1ec7u su\u1ea5t c\u01a1 kh\u00ed cao:<\/b> T\u1ed1i \u01b0u h\u00f3a ma s\u00e1t gi\u00fap thi\u1ebft b\u1ecb v\u1eadn h\u00e0nh \u00eam \u00e1i h\u01a1n \u1edf d\u1ea3i t\u1ed1c \u0111\u1ed9 cao.<\/p>\n<\/li>\n<li>\n<p data-path-to-node=\"7,3,0\"><b data-path-to-node=\"7,3,0\" data-index-in-node=\"0\">L\u01b0u \u00fd quan tr\u1ecdng v\u1ec1 an to\u00e0n:<\/b> Do \u0111\u1eb7c t\u00ednh b\u01b0\u1edbc ren l\u1edbn, lo\u1ea1i k\u00edch n\u00e0y <b data-path-to-node=\"7,3,0\" data-index-in-node=\"69\">kh\u00f4ng c\u00f3 ch\u1ee9c n\u0103ng t\u1ef1 h\u00e3m (Non-self-locking)<\/b>. Ng\u01b0\u1eddi d\u00f9ng b\u1eaft bu\u1ed9c ph\u1ea3i l\u1eafp th\u00eam h\u1ec7 th\u1ed1ng phanh (brake) \u0111\u1ec3 gi\u1eef t\u1ea3i an to\u00e0n khi d\u1eebng.<\/p>\n<\/li>\n<li>\n<p data-path-to-node=\"7,4,0\"><b data-path-to-node=\"7,4,0\" data-index-in-node=\"0\">T\u00f9y ch\u1ecdn \u0111a d\u1ea1ng:<\/b> C\u00f3 th\u1ec3 t\u00edch h\u1ee3p \u1ed1ng che b\u1ee5i (Bellows), c\u00f4ng t\u1eafc h\u00e0nh tr\u00ecnh v\u00e0 b\u1ed9 m\u00e3 h\u00f3a (Encoder) RC \u0111\u1ec3 ki\u1ec3m so\u00e1t h\u00e0nh tr\u00ecnh ch\u00ednh x\u00e1c.<\/p>\n<\/li>\n<\/ul>\n<h2 data-path-to-node=\"8\"><strong>3. B\u1ea3ng th\u00f4ng s\u1ed1 k\u1ef9 thu\u1eadt (High-Speed Specifications)<\/strong><\/h2>\n<p data-path-to-node=\"9\">B\u1ea3ng so s\u00e1nh chi ti\u1ebft c\u00e1c Model RMY, RSY v\u00e0 J0Y:<\/p>\n<div class=\"horizontal-scroll-wrapper\">\n<div class=\"table-block-component\">\n<div class=\"table-block has-export-button\">\n<div class=\"table-content not-end-of-paragraph\" data-hveid=\"0\" data-ved=\"0CAAQ3ecQahgKEwjniaqggNuRAxUAAAAAHQAAAAAQpwY\">\n<table data-path-to-node=\"10\">\n<thead>\n<tr>\n<td><span data-path-to-node=\"10,0,0,0\">Th\u00f4ng s\u1ed1 k\u1ef9 thu\u1eadt<\/span><\/td>\n<td><span data-path-to-node=\"10,0,1,0\">\u0110\u01a1n v\u1ecb<\/span><\/td>\n<td><span data-path-to-node=\"10,0,2,0\">Series RMY<\/span><\/td>\n<td><span data-path-to-node=\"10,0,3,0\">Series RSY<\/span><\/td>\n<td><span data-path-to-node=\"10,0,4,0\">Series J0Y<\/span><\/td>\n<\/tr>\n<\/thead>\n<tbody>\n<tr>\n<td><span data-path-to-node=\"10,1,0,0\"><b data-path-to-node=\"10,1,0,0\" data-index-in-node=\"0\">T\u1ea3i tr\u1ecdng n\u00e2ng<\/b><\/span><\/td>\n<td><span data-path-to-node=\"10,1,1,0\">kN<\/span><\/td>\n<td><span data-path-to-node=\"10,1,2,0\">2<\/span><\/td>\n<td><span data-path-to-node=\"10,1,3,0\">5<\/span><\/td>\n<td><span data-path-to-node=\"10,1,4,0\">10<\/span><\/td>\n<\/tr>\n<tr>\n<td><span data-path-to-node=\"10,2,0,0\"><b data-path-to-node=\"10,2,0,0\" data-index-in-node=\"0\">\u0110\u01b0\u1eddng k\u00ednh tr\u1ee5c v\u00edt<\/b><\/span><\/td>\n<td><span data-path-to-node=\"10,2,1,0\">mm<\/span><\/td>\n<td><span data-path-to-node=\"10,2,2,0\">16<\/span><\/td>\n<td><span data-path-to-node=\"10,2,3,0\">20<\/span><\/td>\n<td><span data-path-to-node=\"10,2,4,0\">25<\/span><\/td>\n<\/tr>\n<tr>\n<td><span data-path-to-node=\"10,3,0,0\"><b data-path-to-node=\"10,3,0,0\" data-index-in-node=\"0\">B\u01b0\u1edbc ren (Lead)<\/b><\/span><\/td>\n<td><span data-path-to-node=\"10,3,1,0\">mm<\/span><\/td>\n<td><span data-path-to-node=\"10,3,2,0\">12<\/span><\/td>\n<td><span data-path-to-node=\"10,3,3,0\">16<\/span><\/td>\n<td><span data-path-to-node=\"10,3,4,0\">20<\/span><\/td>\n<\/tr>\n<tr>\n<td><span data-path-to-node=\"10,4,0,0\"><b data-path-to-node=\"10,4,0,0\" data-index-in-node=\"0\">T\u1ef7 s\u1ed1 truy\u1ec1n b\u00e1nh v\u00edt<\/b><\/span><\/td>\n<td><span data-path-to-node=\"10,4,1,0\">&#8211;<\/span><\/td>\n<td><span data-path-to-node=\"10,4,2,0\">3<\/span><\/td>\n<td><span data-path-to-node=\"10,4,3,0\">5<\/span><\/td>\n<td><span data-path-to-node=\"10,4,4,0\">5<\/span><\/td>\n<\/tr>\n<tr>\n<td><span data-path-to-node=\"10,5,0,0\"><b data-path-to-node=\"10,5,0,0\" data-index-in-node=\"0\">Hi\u1ec7u su\u1ea5t (Efficiency)<\/b><\/span><\/td>\n<td><span data-path-to-node=\"10,5,1,0\">&#8211;<\/span><\/td>\n<td><span data-path-to-node=\"10,5,2,0\">0.45<\/span><\/td>\n<td><span data-path-to-node=\"10,5,3,0\">0.44<\/span><\/td>\n<td><span data-path-to-node=\"10,5,4,0\">0.44<\/span><\/td>\n<\/tr>\n<tr>\n<td><span data-path-to-node=\"10,6,0,0\"><b data-path-to-node=\"10,6,0,0\" data-index-in-node=\"0\">H\u1ec7 s\u1ed1 t\u1ed1c \u0111\u1ed9 (c)<\/b><\/span><\/td>\n<td><span data-path-to-node=\"10,6,1,0\">mm\/v\u00f2ng<\/span><\/td>\n<td><span data-path-to-node=\"10,6,2,0\">4<\/span><\/td>\n<td><span data-path-to-node=\"10,6,3,0\">3.2<\/span><\/td>\n<td><span data-path-to-node=\"10,6,4,0\">4<\/span><\/td>\n<\/tr>\n<tr>\n<td><span data-path-to-node=\"10,7,0,0\"><b data-path-to-node=\"10,7,0,0\" data-index-in-node=\"0\">T\u1ed1c \u0111\u1ed9 \u0111\u1ea7u v\u00e0o t\u1ed1i \u0111a<\/b><\/span><\/td>\n<td><span data-path-to-node=\"10,7,1,0\">min\u207b\u00b9<\/span><\/td>\n<td><span data-path-to-node=\"10,7,2,0\">2000<\/span><\/td>\n<td><span data-path-to-node=\"10,7,3,0\">2000<\/span><\/td>\n<td><span data-path-to-node=\"10,7,4,0\">1800<\/span><\/td>\n<\/tr>\n<tr>\n<td><span data-path-to-node=\"10,8,0,0\"><b data-path-to-node=\"10,8,0,0\" data-index-in-node=\"0\">B\u00f4i tr\u01a1n<\/b><\/span><\/td>\n<td><span data-path-to-node=\"10,8,1,0\">&#8211;<\/span><\/td>\n<td><span data-path-to-node=\"10,8,2,0\">Kh\u00f4ng b\u1ea3o tr\u00ec<\/span><\/td>\n<td><span data-path-to-node=\"10,8,3,0\">Kh\u00f4ng b\u1ea3o tr\u00ec<\/span><\/td>\n<td><span data-path-to-node=\"10,8,4,0\">0.1kg m\u1ee1<\/span><\/td>\n<\/tr>\n<tr>\n<td><span data-path-to-node=\"10,9,0,0\"><b data-path-to-node=\"10,9,0,0\" data-index-in-node=\"0\">Nhi\u1ec7t \u0111\u1ed9 ho\u1ea1t \u0111\u1ed9ng<\/b><\/span><\/td>\n<td><span data-path-to-node=\"10,9,1,0\">\u00b0C<\/span><\/td>\n<td><span data-path-to-node=\"10,9,2,0\">-15 ~ 80<\/span><\/td>\n<td><span data-path-to-node=\"10,9,3,0\">-15 ~ 80<\/span><\/td>\n<td><span data-path-to-node=\"10,9,4,0\">-15 ~ 80<\/span><\/td>\n<\/tr>\n<\/tbody>\n<\/table>\n<\/div>\n<div class=\"table-footer hide-from-message-actions ng-star-inserted\"><button class=\"mdc-button mat-mdc-button-base export-sheets-button-container mat-mdc-button mat-unthemed ng-star-inserted\"><span class=\"mdc-button__label\"><span class=\"export-sheets-button\">Xu\u1ea5t sang Trang t\u00ednh<\/span><\/span><\/button><button class=\"mdc-icon-button mat-mdc-icon-button mat-mdc-button-base mat-mdc-tooltip-trigger copy-button mat-unthemed ng-star-inserted\" aria-label=\"Sao che\u0301p ba\u0309ng\" data-test-id=\"copy-table-button\"><\/button><\/div>\n<\/div>\n<\/div>\n<\/div>\n<h2 data-path-to-node=\"11\"><strong>4. T\u1ea1i sao n\u00ean ch\u1ecdn Series T\u1ed1c \u0111\u1ed9 cao?<\/strong><\/h2>\n<p data-path-to-node=\"12\">D\u00f2ng s\u1ea3n ph\u1ea9m n\u00e0y gi\u1ea3i quy\u1ebft b\u00e0i to\u00e1n v\u1ec1 th\u1eddi gian trong c\u00e1c d\u00e2y chuy\u1ec1n s\u1ea3n xu\u1ea5t t\u1ef1 \u0111\u1ed9ng h\u00f3a hi\u1ec7n \u0111\u1ea1i:<\/p>\n<ol start=\"1\" data-path-to-node=\"13\">\n<li>\n<p data-path-to-node=\"13,0,0\"><b data-path-to-node=\"13,0,0\" data-index-in-node=\"0\">Ti\u1ebft ki\u1ec7m th\u1eddi gian chu k\u1ef3 (Cycle time):<\/b> N\u00e2ng h\u1ea1 nhanh ch\u00f3ng, t\u0103ng n\u0103ng su\u1ea5t m\u00e1y.<\/p>\n<\/li>\n<li>\n<p data-path-to-node=\"13,1,0\"><b data-path-to-node=\"13,1,0\" data-index-in-node=\"0\">Ti\u1ebft ki\u1ec7m n\u0103ng l\u01b0\u1ee3ng:<\/b> Hi\u1ec7u su\u1ea5t cao (l\u00ean \u0111\u1ebfn 45%) gi\u00fap gi\u1ea3m t\u1ed5n hao c\u00f4ng su\u1ea5t tr\u00ean tr\u1ee5c.<\/p>\n<\/li>\n<li>\n<p data-path-to-node=\"13,2,0\"><b data-path-to-node=\"13,2,0\" data-index-in-node=\"0\">Linh ho\u1ea1t:<\/b> \u0110\u1eb7c bi\u1ec7t ph\u00f9 h\u1ee3p cho c\u00e1c \u1ee9ng d\u1ee5ng n\u00e2ng h\u1ea1 nh\u1eb9 nh\u01b0ng y\u00eau c\u1ea7u t\u1ea7n su\u1ea5t ho\u1ea1t \u0111\u1ed9ng li\u00ean t\u1ee5c.<\/p>\n<\/li>\n<\/ol>\n<div class=\"col-content-block\">\n<div class=\"list-table-scroll\"><\/div>\n<\/div>\n","protected":false},"excerpt":{"rendered":"<p>K\u00edch V\u00edt T\u1ed1c \u0110\u1ed9 Cao Series RMY, RSY &amp; J0Y: Hi\u1ec7u Su\u1ea5t V\u01b0\u1ee3t Tr\u1ed9i 1. T\u1ed5ng quan s\u1ea3n ph\u1ea9m D\u00f2ng k\u00edch v\u00edt t\u1ed1c \u0111\u1ed9 cao (High-Speed Series) \u0111\u01b0\u1ee3c thi\u1ebft k\u1ebf \u0111\u1ed9t ph\u00e1 nh\u1eb1m k\u1ebft h\u1ee3p gi\u1eefa k\u00edch th\u01b0\u1edbc nh\u1ecf g\u1ecdn, tr\u1ecdng l\u01b0\u1ee3ng nh\u1eb9 v\u00e0 kh\u1ea3 n\u0103ng v\u1eadn h\u00e0nh \u1edf v\u1eadn t\u1ed1c l\u1edbn. S\u1ea3n ph\u1ea9m l\u00e0&#8230;<\/p>\n","protected":false},"featured_media":1014,"comment_status":"open","ping_status":"closed","template":"","meta":[],"product_brand":[],"product_cat":[265,267],"product_tag":[],"class_list":{"0":"post-585","1":"product","2":"type-product","3":"status-publish","4":"has-post-thumbnail","6":"product_cat-screw-jack-vi-screw-jack-vi","7":"product_cat-trapezoidal-screw-type-vi-screw-jack-vi-screw-jack-vi","9":"first","10":"instock","11":"shipping-taxable","12":"product-type-simple"},"_links":{"self":[{"href":"https:\/\/xtech-eng.com\/index.php?rest_route=\/wp\/v2\/product\/585","targetHints":{"allow":["GET"]}}],"collection":[{"href":"https:\/\/xtech-eng.com\/index.php?rest_route=\/wp\/v2\/product"}],"about":[{"href":"https:\/\/xtech-eng.com\/index.php?rest_route=\/wp\/v2\/types\/product"}],"replies":[{"embeddable":true,"href":"https:\/\/xtech-eng.com\/index.php?rest_route=%2Fwp%2Fv2%2Fcomments&post=585"}],"wp:featuredmedia":[{"embeddable":true,"href":"https:\/\/xtech-eng.com\/index.php?rest_route=\/wp\/v2\/media\/1014"}],"wp:attachment":[{"href":"https:\/\/xtech-eng.com\/index.php?rest_route=%2Fwp%2Fv2%2Fmedia&parent=585"}],"wp:term":[{"taxonomy":"product_brand","embeddable":true,"href":"https:\/\/xtech-eng.com\/index.php?rest_route=%2Fwp%2Fv2%2Fproduct_brand&post=585"},{"taxonomy":"product_cat","embeddable":true,"href":"https:\/\/xtech-eng.com\/index.php?rest_route=%2Fwp%2Fv2%2Fproduct_cat&post=585"},{"taxonomy":"product_tag","embeddable":true,"href":"https:\/\/xtech-eng.com\/index.php?rest_route=%2Fwp%2Fv2%2Fproduct_tag&post=585"}],"curies":[{"name":"wp","href":"https:\/\/api.w.org\/{rel}","templated":true}]}}