{"id":590,"date":"2025-09-26T03:59:34","date_gmt":"2025-09-26T03:59:34","guid":{"rendered":"https:\/\/xtech-eng.com\/?post_type=product&#038;p=590"},"modified":"2025-12-31T06:32:51","modified_gmt":"2025-12-31T06:32:51","slug":"ball-small-jack","status":"publish","type":"product","link":"https:\/\/xtech-eng.com\/?product=ball-small-jack","title":{"rendered":"Nippon Gear_Ball Small Jack"},"content":{"rendered":"<h1 data-path-to-node=\"3\"><strong>K\u00edch V\u00edt Me Bi Micro Series RSB: Nh\u1ecf G\u1ecdn \u2013 Hi\u1ec7u Su\u1ea5t Cao<\/strong><\/h1>\n<h2 data-path-to-node=\"4\"><strong>1. T\u1ed5ng quan v\u1ec1 d\u00f2ng K\u00edch v\u00edt bi si\u00eau nh\u1ecf g\u1ecdn<\/strong><\/h2>\n<p data-path-to-node=\"5\"><b data-path-to-node=\"5\" data-index-in-node=\"0\">Series RSB<\/b> l\u00e0 d\u00f2ng k\u00edch v\u00edt me bi \u0111\u1ed9t ph\u00e1 v\u1edbi thi\u1ebft k\u1ebf si\u00eau nh\u1ecf g\u1ecdn v\u00e0 tr\u1ecdng l\u01b0\u1ee3ng c\u1ef1c nh\u1eb9. D\u00f9 c\u00f3 k\u00edch th\u01b0\u1edbc t\u1ed1i gi\u1ea3n, s\u1ea3n ph\u1ea9m v\u1eabn mang l\u1ea1i hi\u1ec7u su\u1ea5t truy\u1ec1n \u0111\u1ed9ng m\u1ea1nh m\u1ebd, t\u01b0\u01a1ng \u0111\u01b0\u01a1ng v\u1edbi c\u00e1c h\u1ec7 th\u1ed1ng k\u00edch v\u00edt ti\u00eau chu\u1ea9n. \u0110\u00e2y l\u00e0 gi\u1ea3i ph\u00e1p ho\u00e0n h\u1ea3o cho c\u00e1c \u1ee9ng d\u1ee5ng \u0111\u00f2i h\u1ecfi s\u1ef1 tinh g\u1ecdn nh\u01b0ng v\u1eabn c\u1ea7n t\u1ed1c \u0111\u1ed9 v\u00e0 \u0111\u1ed9 ch\u00ednh x\u00e1c cao.<\/p>\n<h2 data-path-to-node=\"6\"><strong>2. \u0110\u1eb7c \u0111i\u1ec3m k\u1ef9 thu\u1eadt n\u1ed5i b\u1eadt<\/strong><\/h2>\n<ul data-path-to-node=\"7\">\n<li>\n<p data-path-to-node=\"7,0,0\"><b data-path-to-node=\"7,0,0\" data-index-in-node=\"0\">Hi\u1ec7u su\u1ea5t v\u01b0\u1ee3t tr\u1ed9i:<\/b> Nh\u1edd \u1ee9ng d\u1ee5ng c\u01a1 ch\u1ebf <b data-path-to-node=\"7,0,0\" data-index-in-node=\"41\">ma s\u00e1t l\u0103n (v\u00edt me bi)<\/b> thay v\u00ec ma s\u00e1t tr\u01b0\u1ee3t, Series RSB \u0111\u1ea1t hi\u1ec7u su\u1ea5t truy\u1ec1n \u0111\u1ed9ng cao h\u01a1n v\u00e0 t\u1ed1c \u0111\u1ed9 v\u1eadn h\u00e0nh nhanh h\u01a1n \u0111\u00e1ng k\u1ec3.<\/p>\n<\/li>\n<li>\n<p data-path-to-node=\"7,1,0\"><b data-path-to-node=\"7,1,0\" data-index-in-node=\"0\">T\u1ed1i \u01b0u kh\u00f4ng gian:<\/b> V\u1ecf k\u00edch \u0111\u01b0\u1ee3c thi\u1ebft k\u1ebf th\u00f4ng minh, cho ph\u00e9p l\u1eafp \u0111\u1eb7t linh ho\u1ea1t t\u1eeb c\u1ea3 m\u1eb7t tr\u00ean ho\u1eb7c m\u1eb7t d\u01b0\u1edbi, gi\u00fap k\u1ef9 s\u01b0 d\u1ec5 d\u00e0ng t\u00edch h\u1ee3p v\u00e0o c\u00e1c thi\u1ebft b\u1ecb c\u00f3 kh\u00f4ng gian h\u1ea1n ch\u1ebf.<\/p>\n<\/li>\n<li>\n<p data-path-to-node=\"7,2,0\"><b data-path-to-node=\"7,2,0\" data-index-in-node=\"0\">Tr\u1ecdng l\u01b0\u1ee3ng si\u00eau nh\u1eb9:<\/b> \u0110\u1ea1t \u0111\u01b0\u1ee3c s\u1ef1 c\u00e2n b\u1eb1ng ho\u00e0n h\u1ea3o gi\u1eefa vi\u1ec7c gi\u1ea3m thi\u1ec3u tr\u1ecdng l\u01b0\u1ee3ng v\u00e0 duy tr\u00ec \u0111\u1ed9 b\u1ec1n k\u1ebft c\u1ea5u v\u1eefng ch\u1eafc.<\/p>\n<\/li>\n<li>\n<p data-path-to-node=\"7,3,0\"><b data-path-to-node=\"7,3,0\" data-index-in-node=\"0\">T\u00f9y ch\u1ecdn ch\u1ed1ng xoay (Anti-rotation):<\/b> C\u00f3 kh\u1ea3 n\u0103ng s\u1ea3n xu\u1ea5t phi\u00ean b\u1ea3n t\u00edch h\u1ee3p c\u01a1 c\u1ea5u ch\u1ed1ng xoay tr\u1ee5c v\u00edt, gi\u00fap ki\u1ec3m so\u00e1t chuy\u1ec3n \u0111\u1ed9ng t\u1ecbnh ti\u1ebfn m\u1ed9t c\u00e1ch tuy\u1ec7t \u0111\u1ed1i.<\/p>\n<\/li>\n<li>\n<p data-path-to-node=\"7,4,0\"><b data-path-to-node=\"7,4,0\" data-index-in-node=\"0\">L\u01b0u \u00fd an to\u00e0n:<\/b> Do hi\u1ec7u su\u1ea5t ma s\u00e1t th\u1ea5p, d\u00f2ng k\u00edch n\u00e0y <b data-path-to-node=\"7,4,0\" data-index-in-node=\"55\">kh\u00f4ng c\u00f3 ch\u1ee9c n\u0103ng t\u1ef1 h\u00e3m<\/b>. Ng\u01b0\u1eddi d\u00f9ng c\u1ea7n trang b\u1ecb th\u00eam h\u1ec7 th\u1ed1ng phanh (brake) \u0111\u1ec3 \u0111\u1ea3m b\u1ea3o an to\u00e0n khi d\u1eebng t\u1ea3i.<\/p>\n<\/li>\n<li>\n<p data-path-to-node=\"7,5,0\"><b data-path-to-node=\"7,5,0\" data-index-in-node=\"0\">Ph\u1ee5 ki\u1ec7n \u0111a d\u1ea1ng:<\/b> H\u1ed7 tr\u1ee3 t\u00edch h\u1ee3p \u1ed1ng che b\u1ee5i (Bellows), c\u00f4ng t\u1eafc h\u00e0nh tr\u00ecnh v\u00e0 b\u1ed9 m\u00e3 h\u00f3a (Encoder) RC \u0111\u1ec3 ki\u1ec3m so\u00e1t v\u1ecb tr\u00ed ch\u00ednh x\u00e1c.<\/p>\n<\/li>\n<\/ul>\n<h2 data-path-to-node=\"8\"><strong>3. Th\u00f4ng s\u1ed1 k\u1ef9 thu\u1eadt chi ti\u1ebft (Series RSB)<\/strong><\/h2>\n<div class=\"horizontal-scroll-wrapper\">\n<div class=\"table-block-component\">\n<div class=\"table-block has-export-button\">\n<div class=\"table-content not-end-of-paragraph\" data-hveid=\"0\" data-ved=\"0CAAQ3ecQahgKEwj8_5bH0eWRAxUAAAAAHQAAAAAQoQE\">\n<table data-path-to-node=\"9\">\n<thead>\n<tr>\n<td><span data-path-to-node=\"9,0,0,0\">Th\u00f4ng s\u1ed1<\/span><\/td>\n<td><span data-path-to-node=\"9,0,1,0\">Chi ti\u1ebft (Model RSB)<\/span><\/td>\n<\/tr>\n<\/thead>\n<tbody>\n<tr>\n<td><span data-path-to-node=\"9,1,0,0\"><b data-path-to-node=\"9,1,0,0\" data-index-in-node=\"0\">T\u1ea3i tr\u1ecdng c\u01a1 b\u1ea3n<\/b><\/span><\/td>\n<td><span data-path-to-node=\"9,1,1,0\">4 kN<\/span><\/td>\n<\/tr>\n<tr>\n<td><span data-path-to-node=\"9,2,0,0\"><b data-path-to-node=\"9,2,0,0\" data-index-in-node=\"0\">\u0110\u01b0\u1eddng k\u00ednh tr\u1ee5c v\u00edt<\/b><\/span><\/td>\n<td><span data-path-to-node=\"9,2,1,0\">16 mm<\/span><\/td>\n<\/tr>\n<tr>\n<td><span data-path-to-node=\"9,3,0,0\"><b data-path-to-node=\"9,3,0,0\" data-index-in-node=\"0\">B\u01b0\u1edbc ren (Lead)<\/b><\/span><\/td>\n<td><span data-path-to-node=\"9,3,1,0\">5 mm<\/span><\/td>\n<\/tr>\n<tr>\n<td><span data-path-to-node=\"9,4,0,0\"><b data-path-to-node=\"9,4,0,0\" data-index-in-node=\"0\">T\u1ef7 s\u1ed1 truy\u1ec1n (Gear Ratio)<\/b><\/span><\/td>\n<td><span data-path-to-node=\"9,4,1,0\">H: 5 \/ L: 24<\/span><\/td>\n<\/tr>\n<tr>\n<td><span data-path-to-node=\"9,5,0,0\"><b data-path-to-node=\"9,5,0,0\" data-index-in-node=\"0\">Hi\u1ec7u su\u1ea5t (Efficiency)<\/b><\/span><\/td>\n<td><span data-path-to-node=\"9,5,1,0\">H: 0.64 \/ L: 0.36<\/span><\/td>\n<\/tr>\n<tr>\n<td><span data-path-to-node=\"9,6,0,0\"><b data-path-to-node=\"9,6,0,0\" data-index-in-node=\"0\">C\u00f4ng su\u1ea5t t\u1ed1i \u0111a<\/b><\/span><\/td>\n<td><span data-path-to-node=\"9,6,1,0\">0.63 kW<\/span><\/td>\n<\/tr>\n<tr>\n<td><span data-path-to-node=\"9,7,0,0\"><b data-path-to-node=\"9,7,0,0\" data-index-in-node=\"0\">T\u1ed1c \u0111\u1ed9 \u0111\u1ea7u v\u00e0o t\u1ed1i \u0111a<\/b><\/span><\/td>\n<td><span data-path-to-node=\"9,7,1,0\">2000 min\u207b\u00b9<\/span><\/td>\n<\/tr>\n<tr>\n<td><span data-path-to-node=\"9,8,0,0\"><b data-path-to-node=\"9,8,0,0\" data-index-in-node=\"0\">B\u00f4i tr\u01a1n<\/b><\/span><\/td>\n<td><span data-path-to-node=\"9,8,1,0\">Kh\u00f4ng c\u1ea7n b\u1ea3o tr\u00ec (Maintenance-Free)<\/span><\/td>\n<\/tr>\n<tr>\n<td><span data-path-to-node=\"9,9,0,0\"><b data-path-to-node=\"9,9,0,0\" data-index-in-node=\"0\">Nhi\u1ec7t \u0111\u1ed9 ho\u1ea1t \u0111\u1ed9ng<\/b><\/span><\/td>\n<td><span data-path-to-node=\"9,9,1,0\">-15\u00b0C \u0111\u1ebfn 80\u00b0C<\/span><\/td>\n<\/tr>\n<\/tbody>\n<\/table>\n<\/div>\n<div class=\"table-footer hide-from-message-actions ng-star-inserted\"><button class=\"mdc-button mat-mdc-button-base export-sheets-button-container mat-mdc-button mat-unthemed ng-star-inserted\"><span class=\"mdc-button__label\"><span class=\"export-sheets-button\">Xu\u1ea5t sang Trang t\u00ednh<\/span><\/span><\/button><button class=\"mdc-icon-button mat-mdc-icon-button mat-mdc-button-base mat-mdc-tooltip-trigger copy-button mat-unthemed ng-star-inserted\" aria-label=\"Sao che\u0301p ba\u0309ng\" data-test-id=\"copy-table-button\"><\/button><\/div>\n<\/div>\n<\/div>\n<\/div>\n<h2 data-path-to-node=\"10\"><strong>4. \u1ee8ng d\u1ee5ng ti\u00eau bi\u1ec3u<\/strong><\/h2>\n<p data-path-to-node=\"11\">Nh\u1edd \u01b0u th\u1ebf v\u1ec1 t\u1ed1c \u0111\u1ed9 v\u00e0 t\u00ednh n\u0103ng <b data-path-to-node=\"11\" data-index-in-node=\"34\">Maintenance-Free<\/b>, k\u00edch v\u00edt bi RSB th\u01b0\u1eddng \u0111\u01b0\u1ee3c s\u1eed d\u1ee5ng trong:<\/p>\n<ul data-path-to-node=\"12\">\n<li>\n<p data-path-to-node=\"12,0,0\">Thi\u1ebft b\u1ecb l\u1eafp r\u00e1p linh ki\u1ec7n \u0111i\u1ec7n t\u1eed, b\u00e1n d\u1eabn.<\/p>\n<\/li>\n<li>\n<p data-path-to-node=\"12,1,0\">C\u00e1c robot nh\u1ecf v\u00e0 h\u1ec7 th\u1ed1ng c\u00e1nh tay m\u00e1y.<\/p>\n<\/li>\n<li>\n<p data-path-to-node=\"12,2,0\">Thi\u1ebft b\u1ecb y t\u1ebf v\u00e0 m\u00e1y x\u00e9t nghi\u1ec7m t\u1ef1 \u0111\u1ed9ng.<\/p>\n<\/li>\n<li>\n<p data-path-to-node=\"12,3,0\">C\u01a1 c\u1ea5u \u0111i\u1ec1u ch\u1ec9nh trong c\u00e1c m\u00e1y \u0111\u00f3ng g\u00f3i hi\u1ec7n \u0111\u1ea1i.<\/p>\n<\/li>\n<\/ul>\n<div class=\"col-content-block\">\n<div class=\"list-table-scroll\"><\/div>\n<\/div>\n","protected":false},"excerpt":{"rendered":"<p>K\u00edch V\u00edt Me Bi Micro Series RSB: Nh\u1ecf G\u1ecdn \u2013 Hi\u1ec7u Su\u1ea5t Cao 1. T\u1ed5ng quan v\u1ec1 d\u00f2ng K\u00edch v\u00edt bi si\u00eau nh\u1ecf g\u1ecdn Series RSB l\u00e0 d\u00f2ng k\u00edch v\u00edt me bi \u0111\u1ed9t ph\u00e1 v\u1edbi thi\u1ebft k\u1ebf si\u00eau nh\u1ecf g\u1ecdn v\u00e0 tr\u1ecdng l\u01b0\u1ee3ng c\u1ef1c nh\u1eb9. D\u00f9 c\u00f3 k\u00edch th\u01b0\u1edbc t\u1ed1i gi\u1ea3n, s\u1ea3n ph\u1ea9m v\u1eabn mang&#8230;<\/p>\n","protected":false},"featured_media":1142,"comment_status":"open","ping_status":"closed","template":"","meta":[],"product_brand":[],"product_cat":[276,265],"product_tag":[],"class_list":{"0":"post-590","1":"product","2":"type-product","3":"status-publish","4":"has-post-thumbnail","6":"product_cat-ball-screw-jack","7":"product_cat-screw-jack-vi-screw-jack-vi","9":"first","10":"instock","11":"shipping-taxable","12":"product-type-simple"},"_links":{"self":[{"href":"https:\/\/xtech-eng.com\/index.php?rest_route=\/wp\/v2\/product\/590","targetHints":{"allow":["GET"]}}],"collection":[{"href":"https:\/\/xtech-eng.com\/index.php?rest_route=\/wp\/v2\/product"}],"about":[{"href":"https:\/\/xtech-eng.com\/index.php?rest_route=\/wp\/v2\/types\/product"}],"replies":[{"embeddable":true,"href":"https:\/\/xtech-eng.com\/index.php?rest_route=%2Fwp%2Fv2%2Fcomments&post=590"}],"wp:featuredmedia":[{"embeddable":true,"href":"https:\/\/xtech-eng.com\/index.php?rest_route=\/wp\/v2\/media\/1142"}],"wp:attachment":[{"href":"https:\/\/xtech-eng.com\/index.php?rest_route=%2Fwp%2Fv2%2Fmedia&parent=590"}],"wp:term":[{"taxonomy":"product_brand","embeddable":true,"href":"https:\/\/xtech-eng.com\/index.php?rest_route=%2Fwp%2Fv2%2Fproduct_brand&post=590"},{"taxonomy":"product_cat","embeddable":true,"href":"https:\/\/xtech-eng.com\/index.php?rest_route=%2Fwp%2Fv2%2Fproduct_cat&post=590"},{"taxonomy":"product_tag","embeddable":true,"href":"https:\/\/xtech-eng.com\/index.php?rest_route=%2Fwp%2Fv2%2Fproduct_tag&post=590"}],"curies":[{"name":"wp","href":"https:\/\/api.w.org\/{rel}","templated":true}]}}