{"id":603,"date":"2025-09-26T04:26:00","date_gmt":"2025-09-26T04:26:00","guid":{"rendered":"https:\/\/xtech-eng.com\/?post_type=product&#038;p=603"},"modified":"2025-12-31T06:47:37","modified_gmt":"2025-12-31T06:47:37","slug":"high-lead-ball-screw-jack-2","status":"publish","type":"product","link":"https:\/\/xtech-eng.com\/?product=high-lead-ball-screw-jack-2","title":{"rendered":"Nippon Gear_High-lead Ball Screw Jack"},"content":{"rendered":"<h1 data-path-to-node=\"2\"><strong>K\u00edch V\u00edt Me Bi B\u01b0\u1edbc Ren L\u1edbn: Gi\u1ea3i Ph\u00e1p N\u00e2ng H\u1ea1 T\u1ed1c \u0110\u1ed9 Cao &amp; Ti\u1ebft Ki\u1ec7m N\u0103ng L\u01b0\u1ee3ng<\/strong><\/h1>\n<h2 data-path-to-node=\"3\"><strong>1. T\u1ed5ng quan s\u1ea3n ph\u1ea9m<\/strong><\/h2>\n<p data-path-to-node=\"4\"><b data-path-to-node=\"4\" data-index-in-node=\"0\">K\u00edch v\u00edt me bi b\u01b0\u1edbc ren l\u1edbn (High-Lead Ball Screw Jack)<\/b> \u0111\u01b0\u1ee3c thi\u1ebft k\u1ebf chuy\u00ean bi\u1ec7t cho c\u00e1c \u1ee9ng d\u1ee5ng \u0111\u00f2i h\u1ecfi chu k\u1ef3 l\u00e0m vi\u1ec7c nhanh v\u00e0 t\u1ed1c \u0111\u1ed9 n\u00e2ng h\u1ea1 v\u01b0\u1ee3t tr\u1ed9i. B\u1eb1ng vi\u1ec7c t\u1ed1i \u01b0u h\u00f3a b\u01b0\u1edbc ren c\u1ee7a tr\u1ee5c n\u00e2ng, d\u00f2ng s\u1ea3n ph\u1ea9m n\u00e0y mang l\u1ea1i hi\u1ec7u su\u1ea5t v\u1eadn h\u00e0nh cao h\u01a1n \u0111\u00e1ng k\u1ec3 so v\u1edbi c\u00e1c lo\u1ea1i k\u00edch v\u00edt th\u00f4ng th\u01b0\u1eddng, \u0111\u00e1p \u1ee9ng xu h\u01b0\u1edbng t\u1ef1 \u0111\u1ed9ng h\u00f3a hi\u1ec7n \u0111\u1ea1i.<\/p>\n<h2 data-path-to-node=\"5\"><strong>2. \u0110\u1eb7c \u0111i\u1ec3m k\u1ef9 thu\u1eadt n\u1ed5i b\u1eadt<\/strong><\/h2>\n<ul data-path-to-node=\"6\">\n<li>\n<p data-path-to-node=\"6,0,0\"><b data-path-to-node=\"6,0,0\" data-index-in-node=\"0\">T\u1ed1c \u0111\u1ed9 n\u00e2ng h\u1ea1 nhanh c\u1ea5p k\u1ef3:<\/b> V\u1edbi thi\u1ebft k\u1ebf b\u01b0\u1edbc ren l\u1edbn (High-lead), thi\u1ebft b\u1ecb \u0111\u1ea1t v\u1eadn t\u1ed1c n\u00e2ng cao h\u01a1n nhi\u1ec1u l\u1ea7n so v\u1edbi v\u00edt me bi ti\u00eau chu\u1ea9n d\u00f9 ch\u1ea1y \u1edf c\u00f9ng m\u1ed9t t\u1ed1c \u0111\u1ed9 quay \u0111\u1ea7u v\u00e0o.<\/p>\n<\/li>\n<li>\n<p data-path-to-node=\"6,1,0\"><b data-path-to-node=\"6,1,0\" data-index-in-node=\"0\">Hi\u1ec7u su\u1ea5t n\u0103ng l\u01b0\u1ee3ng v\u01b0\u1ee3t tr\u1ed9i:<\/b> Nh\u1edd c\u01a1 ch\u1ebf ma s\u00e1t l\u0103n gi\u1eefa \u0111ai \u1ed1c v\u00e0 tr\u1ee5c v\u00edt, hi\u1ec7u su\u1ea5t c\u1ee7a d\u00f2ng n\u00e0y cao g\u1ea5p <b data-path-to-node=\"6,1,0\" data-index-in-node=\"110\">3 l\u1ea7n<\/b> so v\u1edbi k\u00edch v\u00edt thang (Trapezoidal Screw), gi\u00fap gi\u1ea3m thi\u1ec3u t\u1ed5n hao c\u00f4ng su\u1ea5t v\u00e0 ti\u1ebft ki\u1ec7m \u0111i\u1ec7n n\u0103ng.<\/p>\n<\/li>\n<li>\n<p data-path-to-node=\"6,2,0\"><b data-path-to-node=\"6,2,0\" data-index-in-node=\"0\">T\u1ea3i tr\u1ecdng \u0111a d\u1ea1ng:<\/b> D\u1ea3i s\u1ea3n ph\u1ea9m r\u1ed9ng h\u1ed7 tr\u1ee3 m\u1ee9c t\u1ea3i t\u1eeb <b data-path-to-node=\"6,2,0\" data-index-in-node=\"55\">4 kN \u0111\u1ebfn 200 kN<\/b>.<\/p>\n<\/li>\n<li>\n<p data-path-to-node=\"6,3,0\"><b data-path-to-node=\"6,3,0\" data-index-in-node=\"0\">C\u01a1 ch\u1ebf ch\u1ed1ng xoay (T\u00f9y ch\u1ecdn):<\/b> C\u00f3 kh\u1ea3 n\u0103ng t\u00edch h\u1ee3p b\u1ed9 ph\u1eadn ng\u0103n tr\u1ee5c n\u00e2ng b\u1ecb xoay theo, \u0111\u1ea3m b\u1ea3o chuy\u1ec3n \u0111\u1ed9ng t\u1ecbnh ti\u1ebfn lu\u00f4n ch\u00ednh x\u00e1c.<\/p>\n<\/li>\n<li>\n<p data-path-to-node=\"6,4,0\"><b data-path-to-node=\"6,4,0\" data-index-in-node=\"0\">H\u1ec7 sinh th\u00e1i ph\u1ee5 ki\u1ec7n phong ph\u00fa:<\/b> H\u1ed7 tr\u1ee3 l\u1eafp \u0111\u1eb7t \u1ed1ng g\u00e2n ch\u1ed1ng b\u1ee5i (Bellows), \u0111\u1ebf trunnion, c\u00f4ng t\u1eafc gi\u1edbi h\u1ea1n (Limit switch) v\u00e0 b\u1ed9 m\u00e3 h\u00f3a RC Encoder \u0111\u1ec3 ki\u1ec3m so\u00e1t v\u1ecb tr\u00ed.<\/p>\n<\/li>\n<li>\n<p data-path-to-node=\"6,5,0\"><b data-path-to-node=\"6,5,0\" data-index-in-node=\"0\">L\u01b0u \u00fd an to\u00e0n:<\/b> Do h\u1ec7 s\u1ed1 ma s\u00e1t l\u0103n c\u1ef1c th\u1ea5p, s\u1ea3n ph\u1ea9m <b data-path-to-node=\"6,5,0\" data-index-in-node=\"54\">kh\u00f4ng c\u00f3 t\u00ednh n\u0103ng t\u1ef1 h\u00e3m<\/b>. B\u1eaft bu\u1ed9c ph\u1ea3i l\u1eafp \u0111\u1eb7t th\u00eam h\u1ec7 th\u1ed1ng phanh (brake) \u0111\u1ec3 gi\u1eef t\u1ea3i an to\u00e0n.<\/p>\n<\/li>\n<\/ul>\n<h2 data-path-to-node=\"8\"><strong>3. Th\u00f4ng s\u1ed1 k\u1ef9 thu\u1eadt ti\u00eau chu\u1ea9n (Series RSF &#8211; J4F)<\/strong><\/h2>\n<p data-path-to-node=\"9\">B\u1ea3ng tra c\u1ee9u th\u00f4ng s\u1ed1 chi ti\u1ebft h\u1ed7 tr\u1ee3 l\u1ef1a ch\u1ecdn Model ph\u00f9 h\u1ee3p:<\/p>\n<div class=\"horizontal-scroll-wrapper\">\n<div class=\"table-block-component\">\n<div class=\"table-block has-export-button\">\n<div class=\"table-content not-end-of-paragraph\" data-hveid=\"0\" data-ved=\"0CAAQ3ecQahgKEwj8_5bH0eWRAxUAAAAAHQAAAAAQ7AE\">\n<table data-path-to-node=\"10\">\n<thead>\n<tr>\n<td><span data-path-to-node=\"10,0,0,0\">M\u00e3 Series\/Size<\/span><\/td>\n<td><span data-path-to-node=\"10,0,1,0\">T\u1ea3i tr\u1ecdng (kN)<\/span><\/td>\n<td><span data-path-to-node=\"10,0,2,0\">\u0110\u01b0\u1eddng k\u00ednh tr\u1ee5c (mm)<\/span><\/td>\n<td><span data-path-to-node=\"10,0,3,0\">B\u01b0\u1edbc ren (Lead)<\/span><\/td>\n<td><span data-path-to-node=\"10,0,4,0\">T\u1ed1c \u0111\u1ed9 \u0111\u1ea7u v\u00e0o t\u1ed1i \u0111a (min\u207b\u00b9)<\/span><\/td>\n<\/tr>\n<\/thead>\n<tbody>\n<tr>\n<td><span data-path-to-node=\"10,1,0,0\"><b data-path-to-node=\"10,1,0,0\" data-index-in-node=\"0\">RSF<\/b><\/span><\/td>\n<td><span data-path-to-node=\"10,1,1,0\">4<\/span><\/td>\n<td><span data-path-to-node=\"10,1,2,0\">16<\/span><\/td>\n<td><span data-path-to-node=\"10,1,3,0\">16 mm<\/span><\/td>\n<td><span data-path-to-node=\"10,1,4,0\">2000<\/span><\/td>\n<\/tr>\n<tr>\n<td><span data-path-to-node=\"10,2,0,0\"><b data-path-to-node=\"10,2,0,0\" data-index-in-node=\"0\">J0F<\/b><\/span><\/td>\n<td><span data-path-to-node=\"10,2,1,0\">10<\/span><\/td>\n<td><span data-path-to-node=\"10,2,2,0\">20<\/span><\/td>\n<td><span data-path-to-node=\"10,2,3,0\">20 mm<\/span><\/td>\n<td><span data-path-to-node=\"10,2,4,0\">1800<\/span><\/td>\n<\/tr>\n<tr>\n<td><span data-path-to-node=\"10,3,0,0\"><b data-path-to-node=\"10,3,0,0\" data-index-in-node=\"0\">J1F<\/b><\/span><\/td>\n<td><span data-path-to-node=\"10,3,1,0\">25<\/span><\/td>\n<td><span data-path-to-node=\"10,3,2,0\">25<\/span><\/td>\n<td><span data-path-to-node=\"10,3,3,0\">25 mm<\/span><\/td>\n<td><span data-path-to-node=\"10,3,4,0\">1800<\/span><\/td>\n<\/tr>\n<tr>\n<td><span data-path-to-node=\"10,4,0,0\"><b data-path-to-node=\"10,4,0,0\" data-index-in-node=\"0\">J2F<\/b><\/span><\/td>\n<td><span data-path-to-node=\"10,4,1,0\">50<\/span><\/td>\n<td><span data-path-to-node=\"10,4,2,0\">36<\/span><\/td>\n<td><span data-path-to-node=\"10,4,3,0\">36 mm<\/span><\/td>\n<td><span data-path-to-node=\"10,4,4,0\">1800<\/span><\/td>\n<\/tr>\n<tr>\n<td><span data-path-to-node=\"10,5,0,0\"><b data-path-to-node=\"10,5,0,0\" data-index-in-node=\"0\">J3F<\/b><\/span><\/td>\n<td><span data-path-to-node=\"10,5,1,0\">100<\/span><\/td>\n<td><span data-path-to-node=\"10,5,2,0\">40<\/span><\/td>\n<td><span data-path-to-node=\"10,5,3,0\">40 mm<\/span><\/td>\n<td><span data-path-to-node=\"10,5,4,0\">1800<\/span><\/td>\n<\/tr>\n<tr>\n<td><span data-path-to-node=\"10,6,0,0\"><b data-path-to-node=\"10,6,0,0\" data-index-in-node=\"0\">J4F<\/b><\/span><\/td>\n<td><span data-path-to-node=\"10,6,1,0\">200<\/span><\/td>\n<td><span data-path-to-node=\"10,6,2,0\">50<\/span><\/td>\n<td><span data-path-to-node=\"10,6,3,0\">50 mm<\/span><\/td>\n<td><span data-path-to-node=\"10,6,4,0\">1800<\/span><\/td>\n<\/tr>\n<\/tbody>\n<\/table>\n<\/div>\n<div class=\"table-footer hide-from-message-actions ng-star-inserted\"><button class=\"mdc-button mat-mdc-button-base export-sheets-button-container mat-mdc-button mat-unthemed ng-star-inserted\"><span class=\"mdc-button__label\"><span class=\"export-sheets-button\">Xu\u1ea5t sang Trang t\u00ednh<\/span><\/span><\/button><button class=\"mdc-icon-button mat-mdc-icon-button mat-mdc-button-base mat-mdc-tooltip-trigger copy-button mat-unthemed ng-star-inserted\" aria-label=\"Sao che\u0301p ba\u0309ng\" data-test-id=\"copy-table-button\"><\/button><\/div>\n<\/div>\n<\/div>\n<\/div>\n<blockquote data-path-to-node=\"11\">\n<p data-path-to-node=\"11,0\"><b data-path-to-node=\"11,0\" data-index-in-node=\"0\">L\u01b0u \u00fd quan tr\u1ecdng:<\/b> \u0110\u1ed1i v\u1edbi t\u1ed1c \u0111\u1ed9 quay \u0111\u1ea7u v\u00e0o tr\u00ean <b data-path-to-node=\"11,0\" data-index-in-node=\"51\">1000 min\u207b\u00b9<\/b>, thi\u1ebft b\u1ecb b\u1eaft bu\u1ed9c ph\u1ea3i \u0111\u01b0\u1ee3c b\u00f4i tr\u01a1n b\u1eb1ng d\u1ea7u (oil lubricated) \u0111\u1ec3 \u0111\u1ea3m b\u1ea3o t\u1ea3n nhi\u1ec7t v\u00e0 tu\u1ed5i th\u1ecd.<\/p>\n<\/blockquote>\n<h2 data-path-to-node=\"13\"><strong>4. \u1ee8ng d\u1ee5ng th\u1ef1c t\u1ebf<\/strong><\/h2>\n<p data-path-to-node=\"14\">Nh\u1edd s\u1ef1 k\u1ebft h\u1ee3p gi\u1eefa t\u1ed1c \u0111\u1ed9 v\u00e0 hi\u1ec7u su\u1ea5t, k\u00edch v\u00edt me bi b\u01b0\u1edbc l\u1edbn SKS l\u00e0 s\u1ef1 l\u1ef1a ch\u1ecdn s\u1ed1 1 cho:<\/p>\n<ul data-path-to-node=\"15\">\n<li>\n<p data-path-to-node=\"15,0,0\">D\u00e2y chuy\u1ec1n s\u1ea3n xu\u1ea5t \u00f4 t\u00f4 v\u00e0 linh ki\u1ec7n \u0111i\u1ec7n t\u1eed.<\/p>\n<\/li>\n<li>\n<p data-path-to-node=\"15,1,0\">H\u1ec7 th\u1ed1ng m\u00e1y \u0111\u00f3ng g\u00f3i t\u1ed1c \u0111\u1ed9 cao.<\/p>\n<\/li>\n<li>\n<p data-path-to-node=\"15,2,0\">C\u00e1c thi\u1ebft b\u1ecb n\u00e2ng h\u1ea1 trong kho b\u00e3i t\u1ef1 \u0111\u1ed9ng (Smart Warehouse).<\/p>\n<\/li>\n<li>\n<p data-path-to-node=\"15,3,0\">Thi\u1ebft b\u1ecb m\u00f4 ph\u1ecfng chuy\u1ec3n \u0111\u1ed9ng v\u00e0 s\u00e2n kh\u1ea5u t\u1ef1 \u0111\u1ed9ng h\u00f3a.<\/p>\n<\/li>\n<\/ul>\n<div class=\"col-content-block\">\n<div class=\"list-table-scroll\"><\/div>\n<\/div>\n","protected":false},"excerpt":{"rendered":"<p>K\u00edch V\u00edt Me Bi B\u01b0\u1edbc Ren L\u1edbn: Gi\u1ea3i Ph\u00e1p N\u00e2ng H\u1ea1 T\u1ed1c \u0110\u1ed9 Cao &amp; Ti\u1ebft Ki\u1ec7m N\u0103ng L\u01b0\u1ee3ng 1. T\u1ed5ng quan s\u1ea3n ph\u1ea9m K\u00edch v\u00edt me bi b\u01b0\u1edbc ren l\u1edbn (High-Lead Ball Screw Jack) \u0111\u01b0\u1ee3c thi\u1ebft k\u1ebf chuy\u00ean bi\u1ec7t cho c\u00e1c \u1ee9ng d\u1ee5ng \u0111\u00f2i h\u1ecfi chu k\u1ef3 l\u00e0m vi\u1ec7c nhanh v\u00e0 t\u1ed1c \u0111\u1ed9 n\u00e2ng&#8230;<\/p>\n","protected":false},"featured_media":1146,"comment_status":"open","ping_status":"closed","template":"","meta":[],"product_brand":[],"product_cat":[276,265],"product_tag":[],"class_list":{"0":"post-603","1":"product","2":"type-product","3":"status-publish","4":"has-post-thumbnail","6":"product_cat-ball-screw-jack","7":"product_cat-screw-jack-vi-screw-jack-vi","9":"first","10":"instock","11":"shipping-taxable","12":"product-type-simple"},"_links":{"self":[{"href":"https:\/\/xtech-eng.com\/index.php?rest_route=\/wp\/v2\/product\/603","targetHints":{"allow":["GET"]}}],"collection":[{"href":"https:\/\/xtech-eng.com\/index.php?rest_route=\/wp\/v2\/product"}],"about":[{"href":"https:\/\/xtech-eng.com\/index.php?rest_route=\/wp\/v2\/types\/product"}],"replies":[{"embeddable":true,"href":"https:\/\/xtech-eng.com\/index.php?rest_route=%2Fwp%2Fv2%2Fcomments&post=603"}],"wp:featuredmedia":[{"embeddable":true,"href":"https:\/\/xtech-eng.com\/index.php?rest_route=\/wp\/v2\/media\/1146"}],"wp:attachment":[{"href":"https:\/\/xtech-eng.com\/index.php?rest_route=%2Fwp%2Fv2%2Fmedia&parent=603"}],"wp:term":[{"taxonomy":"product_brand","embeddable":true,"href":"https:\/\/xtech-eng.com\/index.php?rest_route=%2Fwp%2Fv2%2Fproduct_brand&post=603"},{"taxonomy":"product_cat","embeddable":true,"href":"https:\/\/xtech-eng.com\/index.php?rest_route=%2Fwp%2Fv2%2Fproduct_cat&post=603"},{"taxonomy":"product_tag","embeddable":true,"href":"https:\/\/xtech-eng.com\/index.php?rest_route=%2Fwp%2Fv2%2Fproduct_tag&post=603"}],"curies":[{"name":"wp","href":"https:\/\/api.w.org\/{rel}","templated":true}]}}