{"id":607,"date":"2025-09-27T15:00:57","date_gmt":"2025-09-27T15:00:57","guid":{"rendered":"https:\/\/xtech-eng.com\/?post_type=product&#038;p=607"},"modified":"2025-12-28T10:11:38","modified_gmt":"2025-12-28T10:11:38","slug":"rack-jack","status":"publish","type":"product","link":"https:\/\/xtech-eng.com\/?product=rack-jack","title":{"rendered":"Nippon Gear_Rack Jack"},"content":{"rendered":"<h1 data-path-to-node=\"3\"><strong>K\u00edch V\u00edt Thanh R\u0103ng (Rack Jack) Series JMR &amp; JSR: Truy\u1ec1n \u0110\u1ed9ng Hai Chi\u1ec1u T\u1ed1c \u0110\u1ed9 Cao<\/strong><\/h1>\n<h2 data-path-to-node=\"4\"><strong>1. T\u1ed5ng quan s\u1ea3n ph\u1ea9m<\/strong><\/h2>\n<p data-path-to-node=\"5\"><b data-path-to-node=\"5\" data-index-in-node=\"0\">K\u00edch v\u00edt thanh r\u0103ng (Rack Jack)<\/b> l\u00e0 d\u00f2ng thi\u1ebft b\u1ecb truy\u1ec1n \u0111\u1ed9ng linh ho\u1ea1t b\u1eadc nh\u1ea5t, c\u00f3 kh\u1ea3 n\u0103ng chuy\u1ec3n \u0111\u1ed5i hai chi\u1ec1u:<\/p>\n<ul data-path-to-node=\"6\">\n<li>\n<p data-path-to-node=\"6,0,0\">Bi\u1ebfn \u0111\u1ed5i chuy\u1ec3n \u0111\u1ed9ng quay (tr\u1ee5c v\u00e0o) th\u00e0nh chuy\u1ec3n \u0111\u1ed9ng t\u1ecbnh ti\u1ebfn (thanh r\u0103ng).<\/p>\n<\/li>\n<li>\n<p data-path-to-node=\"6,1,0\">Bi\u1ebfn \u0111\u1ed5i chuy\u1ec3n \u0111\u1ed9ng t\u1ecbnh ti\u1ebfn th\u00e0nh chuy\u1ec3n \u0111\u1ed9ng quay (ng\u01b0\u1ee3c l\u1ea1i).<\/p>\n<\/li>\n<\/ul>\n<p data-path-to-node=\"7\">S\u1ea3n ph\u1ea9m \u0111\u01b0\u1ee3c thi\u1ebft k\u1ebf \u0111\u1ec3 t\u1ed1i \u01b0u h\u00f3a t\u1ed1c \u0111\u1ed9 v\u00e0 hi\u1ec7u su\u1ea5t, ph\u00f9 h\u1ee3p cho c\u00e1c c\u01a1 c\u1ea5u \u0111\u1ea9y-k\u00e9o ho\u1eb7c n\u00e2ng h\u1ea1 nhanh trong kh\u00f4ng gian h\u1ea1n ch\u1ebf.<\/p>\n<h2 data-path-to-node=\"8\"><strong>2. \u0110\u1eb7c \u0111i\u1ec3m n\u1ed5i b\u1eadt c\u1ee7a Series JMR &amp; JSR<\/strong><\/h2>\n<ul data-path-to-node=\"9\">\n<li>\n<p data-path-to-node=\"9,0,0\"><b data-path-to-node=\"9,0,0\" data-index-in-node=\"0\">T\u1ed1c \u0111\u1ed9 t\u1ecbnh ti\u1ebfn si\u00eau vi\u1ec7t:<\/b> Cho ph\u00e9p thanh r\u0103ng di chuy\u1ec3n \u1edf t\u1ed1c \u0111\u1ed9 cao ngay c\u1ea3 khi tr\u1ee5c v\u00e0o quay \u1edf t\u1ed1c \u0111\u1ed9 th\u1ea5p. T\u1ed1c \u0111\u1ed9 t\u1ed1i \u0111a c\u00f3 th\u1ec3 \u0111\u1ea1t t\u1edbi <b data-path-to-node=\"9,0,0\" data-index-in-node=\"141\">8000 mm\/ph\u00fat<\/b>.<\/p>\n<\/li>\n<li>\n<p data-path-to-node=\"9,1,0\"><b data-path-to-node=\"9,1,0\" data-index-in-node=\"0\">Hi\u1ec7u su\u1ea5t c\u01a1 h\u1ecdc t\u1ed1i \u01b0u:<\/b> V\u1edbi ch\u1ec9 s\u1ed1 hi\u1ec7u su\u1ea5t l\u00ean \u0111\u1ebfn <b data-path-to-node=\"9,1,0\" data-index-in-node=\"54\">0.90<\/b>, thi\u1ebft b\u1ecb gi\u00fap gi\u1ea3m thi\u1ec3u t\u1ed1i \u0111a t\u1ed5n hao n\u0103ng l\u01b0\u1ee3ng trong qu\u00e1 tr\u00ecnh truy\u1ec1n \u0111\u1ed9ng.<\/p>\n<\/li>\n<li>\n<p data-path-to-node=\"9,2,0\"><b data-path-to-node=\"9,2,0\" data-index-in-node=\"0\">L\u1eafp \u0111\u1eb7t linh ho\u1ea1t:<\/b> Thi\u1ebft k\u1ebf v\u1ecf v\u1edbi hai b\u1ec1 m\u1eb7t l\u1eafp \u0111\u1eb7t (song song ho\u1eb7c vu\u00f4ng g\u00f3c v\u1edbi h\u01b0\u1edbng chuy\u1ec3n \u0111\u1ed9ng c\u1ee7a thanh r\u0103ng), gi\u00fap k\u1ef9 s\u01b0 d\u1ec5 d\u00e0ng t\u00edch h\u1ee3p v\u00e0o nhi\u1ec1u k\u1ebft c\u1ea5u m\u00e1y kh\u00e1c nhau.<\/p>\n<\/li>\n<li>\n<p data-path-to-node=\"9,3,0\"><b data-path-to-node=\"9,3,0\" data-index-in-node=\"0\">T\u00f9y ch\u1ecdn \u0111\u1ea7u tr\u1ee5c \u0111a d\u1ea1ng:<\/b> Cung c\u1ea5p 3 lo\u1ea1i \u0111\u1ea7u tr\u1ee5c ph\u00f9 h\u1ee3p v\u1edbi m\u1ecdi ki\u1ec3u k\u1ebft n\u1ed1i. H\u1ed7 tr\u1ee3 th\u00eam \u1ed1ng che b\u1ee5i (Bellows), c\u00f4ng t\u1eafc gi\u1edbi h\u1ea1n h\u00e0nh tr\u00ecnh v\u00e0 b\u1ed9 m\u00e3 h\u00f3a RC.<\/p>\n<\/li>\n<li>\n<p data-path-to-node=\"9,4,0\"><b data-path-to-node=\"9,4,0\" data-index-in-node=\"0\">L\u01b0u \u00fd an to\u00e0n:<\/b> Do hi\u1ec7u su\u1ea5t cao v\u00e0 ma s\u00e1t th\u1ea5p, d\u00f2ng k\u00edch n\u00e0y <b data-path-to-node=\"9,4,0\" data-index-in-node=\"62\">kh\u00f4ng c\u00f3 ch\u1ee9c n\u0103ng t\u1ef1 h\u00e3m<\/b>. C\u1ea7n trang b\u1ecb h\u1ec7 th\u1ed1ng phanh \u0111\u1ec3 c\u1ed1 \u0111\u1ecbnh v\u1ecb tr\u00ed khi d\u1eebng t\u1ea3i.<\/p>\n<\/li>\n<\/ul>\n<h2 data-path-to-node=\"10\"><strong>3. B\u1ea3ng th\u00f4ng s\u1ed1 k\u1ef9 thu\u1eadt (Technical Data)<\/strong><\/h2>\n<div class=\"horizontal-scroll-wrapper\">\n<div class=\"table-block-component\">\n<div class=\"table-block has-export-button\">\n<div class=\"table-content not-end-of-paragraph\" data-hveid=\"0\" data-ved=\"0CAAQ3ecQahgKEwjniaqggNuRAxUAAAAAHQAAAAAQ2QY\">\n<table data-path-to-node=\"11\">\n<thead>\n<tr>\n<td><span data-path-to-node=\"11,0,0,0\">Th\u00f4ng s\u1ed1 k\u1ef9 thu\u1eadt<\/span><\/td>\n<td><span data-path-to-node=\"11,0,1,0\">\u0110\u01a1n v\u1ecb<\/span><\/td>\n<td><span data-path-to-node=\"11,0,2,0\">Series JMR<\/span><\/td>\n<td><span data-path-to-node=\"11,0,3,0\">Series JSR<\/span><\/td>\n<\/tr>\n<\/thead>\n<tbody>\n<tr>\n<td><span data-path-to-node=\"11,1,0,0\"><b data-path-to-node=\"11,1,0,0\" data-index-in-node=\"0\">T\u1ea3i tr\u1ecdng n\u00e2ng<\/b><\/span><\/td>\n<td><span data-path-to-node=\"11,1,1,0\">kN<\/span><\/td>\n<td><span data-path-to-node=\"11,1,2,0\">2<\/span><\/td>\n<td><span data-path-to-node=\"11,1,3,0\">4<\/span><\/td>\n<\/tr>\n<tr>\n<td><span data-path-to-node=\"11,2,0,0\"><b data-path-to-node=\"11,2,0,0\" data-index-in-node=\"0\">\u0110\u01b0\u1eddng k\u00ednh tr\u1ee5c \/ Module<\/b><\/span><\/td>\n<td><span data-path-to-node=\"11,2,1,0\">mm<\/span><\/td>\n<td><span data-path-to-node=\"11,2,2,0\">20 \/ M2<\/span><\/td>\n<td><span data-path-to-node=\"11,2,3,0\">30 \/ M3<\/span><\/td>\n<\/tr>\n<tr>\n<td><span data-path-to-node=\"11,3,0,0\"><b data-path-to-node=\"11,3,0,0\" data-index-in-node=\"0\">Hi\u1ec7u su\u1ea5t (Efficiency)<\/b><\/span><\/td>\n<td><span data-path-to-node=\"11,3,1,0\">&#8211;<\/span><\/td>\n<td><span data-path-to-node=\"11,3,2,0\">0.90<\/span><\/td>\n<td><span data-path-to-node=\"11,3,3,0\">0.90<\/span><\/td>\n<\/tr>\n<tr>\n<td><span data-path-to-node=\"11,4,0,0\"><b data-path-to-node=\"11,4,0,0\" data-index-in-node=\"0\">T\u1ed1c \u0111\u1ed9 thanh r\u0103ng t\u1ed1i \u0111a<\/b><\/span><\/td>\n<td><span data-path-to-node=\"11,4,1,0\">mm\/ph\u00fat<\/span><\/td>\n<td><span data-path-to-node=\"11,4,2,0\">8000<\/span><\/td>\n<td><span data-path-to-node=\"11,4,3,0\">8000<\/span><\/td>\n<\/tr>\n<tr>\n<td><span data-path-to-node=\"11,5,0,0\"><b data-path-to-node=\"11,5,0,0\" data-index-in-node=\"0\">\u0110\u1ed9 d\u1ecbch chuy\u1ec3n\/v\u00f2ng quay<\/b><\/span><\/td>\n<td><span data-path-to-node=\"11,5,1,0\">mm\/v\u00f2ng<\/span><\/td>\n<td><span data-path-to-node=\"11,5,2,0\">106.8<\/span><\/td>\n<td><span data-path-to-node=\"11,5,3,0\">160.2<\/span><\/td>\n<\/tr>\n<tr>\n<td><span data-path-to-node=\"11,6,0,0\"><b data-path-to-node=\"11,6,0,0\" data-index-in-node=\"0\">T\u1ed1c \u0111\u1ed9 quay \u0111\u1ea7u v\u00e0o t\u1ed1i \u0111a<\/b><\/span><\/td>\n<td><span data-path-to-node=\"11,6,1,0\">min\u207b\u00b9<\/span><\/td>\n<td><span data-path-to-node=\"11,6,2,0\">75<\/span><\/td>\n<td><span data-path-to-node=\"11,6,3,0\">50<\/span><\/td>\n<\/tr>\n<tr>\n<td><span data-path-to-node=\"11,7,0,0\"><b data-path-to-node=\"11,7,0,0\" data-index-in-node=\"0\">M\u00f4-men xo\u1eafn y\u00eau c\u1ea7u (t\u1ea3i max)<\/b><\/span><\/td>\n<td><span data-path-to-node=\"11,7,1,0\">N\u30fbm<\/span><\/td>\n<td><span data-path-to-node=\"11,7,2,0\">38<\/span><\/td>\n<td><span data-path-to-node=\"11,7,3,0\">113<\/span><\/td>\n<\/tr>\n<tr>\n<td><span data-path-to-node=\"11,8,0,0\"><b data-path-to-node=\"11,8,0,0\" data-index-in-node=\"0\">Nhi\u1ec7t \u0111\u1ed9 ho\u1ea1t \u0111\u1ed9ng<\/b><\/span><\/td>\n<td><span data-path-to-node=\"11,8,1,0\">\u00b0C<\/span><\/td>\n<td><span data-path-to-node=\"11,8,2,0\">-15 ~ 80<\/span><\/td>\n<td><span data-path-to-node=\"11,8,3,0\">-15 ~ 80<\/span><\/td>\n<\/tr>\n<\/tbody>\n<\/table>\n<\/div>\n<div class=\"table-footer hide-from-message-actions ng-star-inserted\"><button class=\"mdc-button mat-mdc-button-base export-sheets-button-container mat-mdc-button mat-unthemed ng-star-inserted\"><span class=\"mdc-button__label\"><span class=\"export-sheets-button\">Xu\u1ea5t sang Trang t\u00ednh<\/span><\/span><\/button><button class=\"mdc-icon-button mat-mdc-icon-button mat-mdc-button-base mat-mdc-tooltip-trigger copy-button mat-unthemed ng-star-inserted\" aria-label=\"Sao che\u0301p ba\u0309ng\" data-test-id=\"copy-table-button\"><\/button><\/div>\n<\/div>\n<\/div>\n<\/div>\n<h2 data-path-to-node=\"12\"><strong>4. \u1ee8ng d\u1ee5ng ph\u1ed5 bi\u1ebfn<\/strong><\/h2>\n<p data-path-to-node=\"13\">K\u00edch v\u00edt thanh r\u0103ng JMR\/JSR l\u00e0 l\u1ef1a ch\u1ecdn h\u00e0ng \u0111\u1ea7u cho:<\/p>\n<ul data-path-to-node=\"14\">\n<li>\n<p data-path-to-node=\"14,0,0\">C\u01a1 c\u1ea5u \u0111\u00f3ng m\u1edf c\u1eeda khoang, c\u1eeda m\u00e1y t\u1ef1 \u0111\u1ed9ng t\u1ed1c \u0111\u1ed9 cao.<\/p>\n<\/li>\n<li>\n<p data-path-to-node=\"14,1,0\">H\u1ec7 th\u1ed1ng \u0111\u1ea9y ph\u00f4i trong d\u00e2y chuy\u1ec1n s\u1ea3n xu\u1ea5t.<\/p>\n<\/li>\n<li>\n<p data-path-to-node=\"14,2,0\">C\u00e1c \u1ee9ng d\u1ee5ng c\u1ea7n bi\u1ebfn \u0111\u1ed5i l\u1ef1c \u0111\u1ea9y t\u1ecbnh ti\u1ebfn th\u00e0nh chuy\u1ec3n \u0111\u1ed9ng quay \u0111\u1ec3 v\u1eadn h\u00e0nh m\u00e1y ph\u00e1t \u0111i\u1ec7n ho\u1eb7c c\u01a1 c\u1ea5u xoay.<\/p>\n<\/li>\n<\/ul>\n<div class=\"col-content-block\">\n<div class=\"list-table-scroll\"><\/div>\n<\/div>\n","protected":false},"excerpt":{"rendered":"<p>K\u00edch V\u00edt Thanh R\u0103ng (Rack Jack) Series JMR &amp; JSR: Truy\u1ec1n \u0110\u1ed9ng Hai Chi\u1ec1u T\u1ed1c \u0110\u1ed9 Cao 1. T\u1ed5ng quan s\u1ea3n ph\u1ea9m K\u00edch v\u00edt thanh r\u0103ng (Rack Jack) l\u00e0 d\u00f2ng thi\u1ebft b\u1ecb truy\u1ec1n \u0111\u1ed9ng linh ho\u1ea1t b\u1eadc nh\u1ea5t, c\u00f3 kh\u1ea3 n\u0103ng chuy\u1ec3n \u0111\u1ed5i hai chi\u1ec1u: Bi\u1ebfn \u0111\u1ed5i chuy\u1ec3n \u0111\u1ed9ng quay (tr\u1ee5c v\u00e0o) th\u00e0nh chuy\u1ec3n \u0111\u1ed9ng&#8230;<\/p>\n","protected":false},"featured_media":1022,"comment_status":"open","ping_status":"closed","template":"","meta":[],"product_brand":[],"product_cat":[284,265],"product_tag":[],"class_list":{"0":"post-607","1":"product","2":"type-product","3":"status-publish","4":"has-post-thumbnail","6":"product_cat-other-jacks","7":"product_cat-screw-jack-vi-screw-jack-vi","9":"first","10":"instock","11":"shipping-taxable","12":"product-type-simple"},"_links":{"self":[{"href":"https:\/\/xtech-eng.com\/index.php?rest_route=\/wp\/v2\/product\/607","targetHints":{"allow":["GET"]}}],"collection":[{"href":"https:\/\/xtech-eng.com\/index.php?rest_route=\/wp\/v2\/product"}],"about":[{"href":"https:\/\/xtech-eng.com\/index.php?rest_route=\/wp\/v2\/types\/product"}],"replies":[{"embeddable":true,"href":"https:\/\/xtech-eng.com\/index.php?rest_route=%2Fwp%2Fv2%2Fcomments&post=607"}],"wp:featuredmedia":[{"embeddable":true,"href":"https:\/\/xtech-eng.com\/index.php?rest_route=\/wp\/v2\/media\/1022"}],"wp:attachment":[{"href":"https:\/\/xtech-eng.com\/index.php?rest_route=%2Fwp%2Fv2%2Fmedia&parent=607"}],"wp:term":[{"taxonomy":"product_brand","embeddable":true,"href":"https:\/\/xtech-eng.com\/index.php?rest_route=%2Fwp%2Fv2%2Fproduct_brand&post=607"},{"taxonomy":"product_cat","embeddable":true,"href":"https:\/\/xtech-eng.com\/index.php?rest_route=%2Fwp%2Fv2%2Fproduct_cat&post=607"},{"taxonomy":"product_tag","embeddable":true,"href":"https:\/\/xtech-eng.com\/index.php?rest_route=%2Fwp%2Fv2%2Fproduct_tag&post=607"}],"curies":[{"name":"wp","href":"https:\/\/api.w.org\/{rel}","templated":true}]}}