{"id":619,"date":"2025-09-27T15:21:35","date_gmt":"2025-09-27T15:21:35","guid":{"rendered":"https:\/\/xtech-eng.com\/?post_type=product&#038;p=619"},"modified":"2025-12-28T10:25:15","modified_gmt":"2025-12-28T10:25:15","slug":"geared-motor-jack-2","status":"publish","type":"product","link":"https:\/\/xtech-eng.com\/?product=geared-motor-jack-2","title":{"rendered":"Nippon Gear_Geared Motor Jack"},"content":{"rendered":"<h1 data-path-to-node=\"3\"><strong>\u0110\u1ed9ng C\u01a1 H\u1ed9p Gi\u1ea3m T\u1ed1c Cho K\u00edch V\u00edt: Gi\u1ea3i Ph\u00e1p V\u1eadn H\u00e0nh \u0110\u1ed3ng B\u1ed9 &amp; Hi\u1ec7u Su\u1ea5t Cao<\/strong><\/h1>\n<h2 data-path-to-node=\"4\"><strong>1. T\u1ed5ng quan s\u1ea3n ph\u1ea9m<\/strong><\/h2>\n<p data-path-to-node=\"5\">D\u00f2ng s\u1ea3n ph\u1ea9m <b data-path-to-node=\"5\" data-index-in-node=\"14\">\u0110\u1ed9ng c\u01a1 t\u00edch h\u1ee3p h\u1ed9p gi\u1ea3m t\u1ed1c<\/b> \u0111\u01b0\u1ee3c thi\u1ebft k\u1ebf chuy\u00ean bi\u1ec7t \u0111\u1ec3 \u0111\u1ed3ng b\u1ed9 h\u00f3a v\u1edbi h\u1ec7 th\u1ed1ng k\u00edch v\u00edt, gi\u00fap t\u1ed1i gi\u1ea3n quy tr\u00ecnh l\u1eafp \u0111\u1eb7t v\u00e0 v\u1eadn h\u00e0nh. V\u1edbi s\u1ef1 \u0111a d\u1ea1ng v\u1ec1 ch\u1ee7ng lo\u1ea1i, kh\u00e1ch h\u00e0ng c\u00f3 th\u1ec3 d\u1ec5 d\u00e0ng l\u1ef1a ch\u1ecdn model ph\u00f9 h\u1ee3p v\u00e0 \u0111\u01b0a v\u00e0o s\u1eed d\u1ee5ng ngay l\u1eadp t\u1ee9c (Ready-to-use) sau khi l\u1eafp r\u00e1p, gi\u00fap ti\u1ebft ki\u1ec7m th\u1eddi gian v\u00e0 chi ph\u00ed k\u1ef9 thu\u1eadt.<\/p>\n<h2 data-path-to-node=\"6\"><strong>2. \u0110\u1eb7c \u0111i\u1ec3m n\u1ed5i b\u1eadt<\/strong><\/h2>\n<ul data-path-to-node=\"7\">\n<li>\n<p data-path-to-node=\"7,0,0\"><b data-path-to-node=\"7,0,0\" data-index-in-node=\"0\">Thi\u1ebft k\u1ebf t\u00edch h\u1ee3p ti\u1ec7n l\u1ee3i:<\/b> Trang b\u1ecb s\u1eb5n \u0111\u1ed9ng c\u01a1 h\u1ed9p gi\u1ea3m t\u1ed1c, cho ph\u00e9p k\u1ebft n\u1ed1i tr\u1ef1c ti\u1ebfp v\u1edbi k\u00edch v\u00edt m\u00e0 kh\u00f4ng c\u1ea7n th\u00eam b\u1ed9 truy\u1ec1n \u0111\u1ed9ng ph\u1ee9c t\u1ea1p.<\/p>\n<\/li>\n<li>\n<p data-path-to-node=\"7,1,0\"><b data-path-to-node=\"7,1,0\" data-index-in-node=\"0\">V\u1eadn h\u00e0nh \u00eam \u00e1i:<\/b> S\u1eed d\u1ee5ng \u0111\u1ed9ng c\u01a1 h\u1ed9p gi\u1ea3m t\u1ed1c th\u1ebf h\u1ec7 m\u1edbi v\u1edbi thi\u1ebft k\u1ebf nh\u1ecf g\u1ecdn, gi\u1ea3m thi\u1ec3u t\u1ed1i \u0111a ti\u1ebfng \u1ed3n v\u00e0 \u0111\u1ed9 rung trong qu\u00e1 tr\u00ecnh ho\u1ea1t \u0111\u1ed9ng.<\/p>\n<\/li>\n<li>\n<p data-path-to-node=\"7,2,0\"><b data-path-to-node=\"7,2,0\" data-index-in-node=\"0\">T\u1ed1i \u01b0u h\u00f3a v\u1edbi bi\u1ebfn t\u1ea7n (Inverter):<\/b> \u0110\u1eb7c t\u00ednh v\u1eadn h\u00e0nh v\u01b0\u1ee3t tr\u1ed9i khi k\u1ebft h\u1ee3p v\u1edbi bi\u1ebfn t\u1ea7n, cho ph\u00e9p \u0111i\u1ec1u khi\u1ec3n t\u1ed1c \u0111\u1ed9 linh ho\u1ea1t v\u00e0 cung c\u1ea5p d\u1ea3i m\u00f4-men xo\u1eafn r\u1ed9ng, \u0111\u00e1p \u1ee9ng c\u00e1c y\u00eau c\u1ea7u t\u1ea3i tr\u1ecdng thay \u0111\u1ed5i.<\/p>\n<\/li>\n<li>\n<p data-path-to-node=\"7,3,0\"><b data-path-to-node=\"7,3,0\" data-index-in-node=\"0\">T\u1ef7 s\u1ed1 truy\u1ec1n ti\u00eau chu\u1ea9n:<\/b> \u0110\u01b0\u1ee3c t\u1ed1i \u01b0u h\u00f3a \u1edf c\u00e1c m\u1ee9c <b data-path-to-node=\"7,3,0\" data-index-in-node=\"51\">1\/3, 1\/5, 1\/10<\/b>, gi\u00fap t\u0103ng c\u01b0\u1eddng l\u1ef1c k\u00e9o v\u00e0 ki\u1ec3m so\u00e1t h\u00e0nh tr\u00ecnh ch\u00ednh x\u00e1c.<\/p>\n<\/li>\n<li>\n<p data-path-to-node=\"7,4,0\"><b data-path-to-node=\"7,4,0\" data-index-in-node=\"0\">H\u1ec7 th\u1ed1ng phanh an to\u00e0n:<\/b> T\u00edch h\u1ee3p phanh \u0111i\u1ec7n t\u1eeb m\u1ed9t chi\u1ec1u (DC Spring Brake) gi\u00fap d\u1eebng t\u1ea3i t\u1ee9c th\u00ec v\u00e0 gi\u1eef v\u1ecb tr\u00ed an to\u00e0n.<\/p>\n<\/li>\n<\/ul>\n<h2 data-path-to-node=\"8\"><strong>3. Th\u00f4ng s\u1ed1 k\u1ef9 thu\u1eadt chi ti\u1ebft (Technical Specifications)<\/strong><\/h2>\n<div class=\"horizontal-scroll-wrapper\">\n<div class=\"table-block-component\">\n<div class=\"table-block has-export-button\">\n<div class=\"table-content not-end-of-paragraph\" data-hveid=\"0\" data-ved=\"0CAAQ3ecQahgKEwjniaqggNuRAxUAAAAAHQAAAAAQhgc\">\n<table data-path-to-node=\"9\">\n<thead>\n<tr>\n<td><span data-path-to-node=\"9,0,0,0\">Th\u00f4ng s\u1ed1<\/span><\/td>\n<td><span data-path-to-node=\"9,0,1,0\">Chi ti\u1ebft k\u1ef9 thu\u1eadt<\/span><\/td>\n<\/tr>\n<\/thead>\n<tbody>\n<tr>\n<td><span data-path-to-node=\"9,1,0,0\"><b data-path-to-node=\"9,1,0,0\" data-index-in-node=\"0\">C\u00f4ng su\u1ea5t \u0111\u1ea7u ra<\/b><\/span><\/td>\n<td><span data-path-to-node=\"9,1,1,0\">0.1 kW \u301c 3.7 kW<\/span><\/td>\n<\/tr>\n<tr>\n<td><span data-path-to-node=\"9,2,0,0\"><b data-path-to-node=\"9,2,0,0\" data-index-in-node=\"0\">\u0110i\u1ec7n \u00e1p \/ T\u1ea7n s\u1ed1<\/b><\/span><\/td>\n<td><span data-path-to-node=\"9,2,1,0\">3 pha 200V-220V (50\/60Hz)<\/span><\/td>\n<\/tr>\n<tr>\n<td><span data-path-to-node=\"9,3,0,0\"><b data-path-to-node=\"9,3,0,0\" data-index-in-node=\"0\">T\u1ef7 s\u1ed1 truy\u1ec1n (Gear Ratio)<\/b><\/span><\/td>\n<td><span data-path-to-node=\"9,3,1,0\">1\/3, 1\/5, 1\/10<\/span><\/td>\n<\/tr>\n<tr>\n<td><span data-path-to-node=\"9,4,0,0\"><b data-path-to-node=\"9,4,0,0\" data-index-in-node=\"0\">C\u1ea5p c\u00e1ch \u0111i\u1ec7n<\/b><\/span><\/td>\n<td><span data-path-to-node=\"9,4,1,0\">Class E (0.1~0.4kW), Class B (0.75~3.7kW)<\/span><\/td>\n<\/tr>\n<tr>\n<td><span data-path-to-node=\"9,5,0,0\"><b data-path-to-node=\"9,5,0,0\" data-index-in-node=\"0\">Ph\u01b0\u01a1ng ph\u00e1p l\u00e0m m\u00e1t<\/b><\/span><\/td>\n<td><span data-path-to-node=\"9,5,1,0\">T\u1ea3n nhi\u1ec7t t\u1ef1 nhi\u00ean ho\u1eb7c qu\u1ea1t c\u01b0\u1ee1ng b\u1ee9c (IP44)<\/span><\/td>\n<\/tr>\n<tr>\n<td><span data-path-to-node=\"9,6,0,0\"><b data-path-to-node=\"9,6,0,0\" data-index-in-node=\"0\">Ki\u1ec3u l\u1eafp \u0111\u1eb7t<\/b><\/span><\/td>\n<td><span data-path-to-node=\"9,6,1,0\">M\u1eb7t b\u00edch (Flange mounting) &#8211; L\u1eafp \u0111\u1eb7t m\u1ecdi h\u01b0\u1edbng<\/span><\/td>\n<\/tr>\n<tr>\n<td><span data-path-to-node=\"9,7,0,0\"><b data-path-to-node=\"9,7,0,0\" data-index-in-node=\"0\">H\u1ec7 th\u1ed1ng phanh<\/b><\/span><\/td>\n<td><span data-path-to-node=\"9,7,1,0\">Phanh l\u00f2 xo \u0111i\u1ec7n t\u1eeb DC<\/span><\/td>\n<\/tr>\n<tr>\n<td><span data-path-to-node=\"9,8,0,0\"><b data-path-to-node=\"9,8,0,0\" data-index-in-node=\"0\">B\u00f4i tr\u01a1n<\/b><\/span><\/td>\n<td><span data-path-to-node=\"9,8,1,0\">M\u1ee1 chuy\u00ean d\u1ee5ng Pyronoc Universal No. 000<\/span><\/td>\n<\/tr>\n<\/tbody>\n<\/table>\n<\/div>\n<div class=\"table-footer hide-from-message-actions ng-star-inserted\"><button class=\"mdc-button mat-mdc-button-base export-sheets-button-container mat-mdc-button mat-unthemed ng-star-inserted\"><span class=\"mdc-button__label\"><span class=\"export-sheets-button\">Xu\u1ea5t sang Trang t\u00ednh<\/span><\/span><\/button><button class=\"mdc-icon-button mat-mdc-icon-button mat-mdc-button-base mat-mdc-tooltip-trigger copy-button mat-unthemed ng-star-inserted\" aria-label=\"Sao che\u0301p ba\u0309ng\" data-test-id=\"copy-table-button\"><\/button><\/div>\n<\/div>\n<\/div>\n<\/div>\n<h2 data-path-to-node=\"10\"><strong>4. \u0110i\u1ec1u ki\u1ec7n m\u00f4i tr\u01b0\u1eddng v\u1eadn h\u00e0nh<\/strong><\/h2>\n<p data-path-to-node=\"11\">\u0110\u1ec3 \u0111\u1ea3m b\u1ea3o tu\u1ed5i th\u1ecd v\u00e0 hi\u1ec7u su\u1ea5t c\u1ee7a \u0111\u1ed9ng c\u01a1, s\u1ea3n ph\u1ea9m n\u00ean \u0111\u01b0\u1ee3c l\u1eafp \u0111\u1eb7t trong c\u00e1c \u0111i\u1ec1u ki\u1ec7n sau:<\/p>\n<ul data-path-to-node=\"12\">\n<li>\n<p data-path-to-node=\"12,0,0\"><b data-path-to-node=\"12,0,0\" data-index-in-node=\"0\">Nhi\u1ec7t \u0111\u1ed9 m\u00f4i tr\u01b0\u1eddng:<\/b> -15\u00b0C \u0111\u1ebfn 40\u00b0C (kh\u00f4ng \u0111\u00f3ng b\u0103ng).<\/p>\n<\/li>\n<li>\n<p data-path-to-node=\"12,1,0\"><b data-path-to-node=\"12,1,0\" data-index-in-node=\"0\">\u0110\u1ed9 \u1ea9m:<\/b> D\u01b0\u1edbi 90% (kh\u00f4ng ng\u01b0ng t\u1ee5).<\/p>\n<\/li>\n<li>\n<p data-path-to-node=\"12,2,0\"><b data-path-to-node=\"12,2,0\" data-index-in-node=\"0\">V\u1ecb tr\u00ed:<\/b> Trong nh\u00e0, tr\u00e1nh c\u00e1c lo\u1ea1i kh\u00ed \u0103n m\u00f2n, b\u1ee5i b\u1ea9n c\u00f4ng nghi\u1ec7p ho\u1eb7c s\u01b0\u01a1ng d\u1ea7u.<\/p>\n<\/li>\n<li>\n<p data-path-to-node=\"12,3,0\"><b data-path-to-node=\"12,3,0\" data-index-in-node=\"0\">\u0110\u1ed9 cao:<\/b> Kh\u00f4ng qu\u00e1 1000m so v\u1edbi m\u1ef1c n\u01b0\u1edbc bi\u1ec3n.<\/p>\n<\/li>\n<\/ul>\n<div class=\"col-content-block\">\n<div class=\"list-table-scroll\"><\/div>\n<\/div>\n","protected":false},"excerpt":{"rendered":"<p>\u0110\u1ed9ng C\u01a1 H\u1ed9p Gi\u1ea3m T\u1ed1c Cho K\u00edch V\u00edt: Gi\u1ea3i Ph\u00e1p V\u1eadn H\u00e0nh \u0110\u1ed3ng B\u1ed9 &amp; Hi\u1ec7u Su\u1ea5t Cao 1. T\u1ed5ng quan s\u1ea3n ph\u1ea9m D\u00f2ng s\u1ea3n ph\u1ea9m \u0110\u1ed9ng c\u01a1 t\u00edch h\u1ee3p h\u1ed9p gi\u1ea3m t\u1ed1c \u0111\u01b0\u1ee3c thi\u1ebft k\u1ebf chuy\u00ean bi\u1ec7t \u0111\u1ec3 \u0111\u1ed3ng b\u1ed9 h\u00f3a v\u1edbi h\u1ec7 th\u1ed1ng k\u00edch v\u00edt, gi\u00fap t\u1ed1i gi\u1ea3n quy tr\u00ecnh l\u1eafp \u0111\u1eb7t v\u00e0&#8230;<\/p>\n","protected":false},"featured_media":1030,"comment_status":"open","ping_status":"closed","template":"","meta":[],"product_brand":[],"product_cat":[284,265],"product_tag":[],"class_list":{"0":"post-619","1":"product","2":"type-product","3":"status-publish","4":"has-post-thumbnail","6":"product_cat-other-jacks","7":"product_cat-screw-jack-vi-screw-jack-vi","9":"first","10":"instock","11":"shipping-taxable","12":"product-type-simple"},"_links":{"self":[{"href":"https:\/\/xtech-eng.com\/index.php?rest_route=\/wp\/v2\/product\/619","targetHints":{"allow":["GET"]}}],"collection":[{"href":"https:\/\/xtech-eng.com\/index.php?rest_route=\/wp\/v2\/product"}],"about":[{"href":"https:\/\/xtech-eng.com\/index.php?rest_route=\/wp\/v2\/types\/product"}],"replies":[{"embeddable":true,"href":"https:\/\/xtech-eng.com\/index.php?rest_route=%2Fwp%2Fv2%2Fcomments&post=619"}],"wp:featuredmedia":[{"embeddable":true,"href":"https:\/\/xtech-eng.com\/index.php?rest_route=\/wp\/v2\/media\/1030"}],"wp:attachment":[{"href":"https:\/\/xtech-eng.com\/index.php?rest_route=%2Fwp%2Fv2%2Fmedia&parent=619"}],"wp:term":[{"taxonomy":"product_brand","embeddable":true,"href":"https:\/\/xtech-eng.com\/index.php?rest_route=%2Fwp%2Fv2%2Fproduct_brand&post=619"},{"taxonomy":"product_cat","embeddable":true,"href":"https:\/\/xtech-eng.com\/index.php?rest_route=%2Fwp%2Fv2%2Fproduct_cat&post=619"},{"taxonomy":"product_tag","embeddable":true,"href":"https:\/\/xtech-eng.com\/index.php?rest_route=%2Fwp%2Fv2%2Fproduct_tag&post=619"}],"curies":[{"name":"wp","href":"https:\/\/api.w.org\/{rel}","templated":true}]}}