{"id":661,"date":"2025-10-29T15:24:54","date_gmt":"2025-10-29T15:24:54","guid":{"rendered":"https:\/\/xtech-eng.com\/?post_type=product&#038;p=661"},"modified":"2025-12-28T11:07:26","modified_gmt":"2025-12-28T11:07:26","slug":"bang-tai-tam-apron-showa-kikai","status":"publish","type":"product","link":"https:\/\/xtech-eng.com\/?product=bang-tai-tam-apron-showa-kikai","title":{"rendered":"Showa Kikai_B\u0103ng t\u1ea3i t\u1ea5m apron Showa Kikai"},"content":{"rendered":"<h1 class=\"\" data-path-to-node=\"3\"><strong>B\u0103ng T\u1ea3i T\u1ea5m SKS: Gi\u1ea3i Ph\u00e1p V\u1eadn Chuy\u1ec3n R\u00e1c Th\u1ea3i Kh\u1ed1i L\u01b0\u1ee3ng L\u1edbn<\/strong><\/h1>\n<h2 class=\"\" data-path-to-node=\"4\"><strong>1. T\u1ed5ng quan s\u1ea3n ph\u1ea9m<\/strong><\/h2>\n<p data-path-to-node=\"5\"><b class=\"\" data-path-to-node=\"5\" data-index-in-node=\"0\">B\u0103ng t\u1ea3i t\u1ea5m<\/b><span class=\"\"> l\u00e0 thi\u1ebft b\u1ecb quan tr\u1ecdng h\u00e0ng \u0111\u1ea7u trong c\u00e1c trung t\u00e2m x\u1eed l\u00fd r\u00e1c hi\u1ec7n \u0111\u1ea1i,<\/span><span class=\"\"> \u0111\u00f3ng vai tr\u00f2 ti\u1ebfp nh\u1eadn v\u00e0 v\u1eadn chuy\u1ec3n r\u00e1c sinh ho\u1ea1t tr\u1ef1c ti\u1ebfp \u0111\u1ebfn l\u00f2 \u0111\u1ed1t.<\/span><span class=\"\"> V\u1edbi thi\u1ebft k\u1ebf b\u1ec1 m\u1eb7t t\u1ea5m ch\u1ecbu l\u1ef1c,<\/span><span class=\"\"> s\u1ea3n ph\u1ea9m \u0111\u1ea3m b\u1ea3o qu\u00e1 tr\u00ecnh ti\u1ebfp li\u1ec7u di\u1ec5n ra li\u00ean t\u1ee5c,<\/span><span class=\"\"> hi\u1ec7u qu\u1ea3,<\/span><span class=\"\"> gi\u00fap t\u1ed1i \u01b0u h\u00f3a c\u00f4ng su\u1ea5t cho to\u00e0n b\u1ed9 h\u1ec7 th\u1ed1ng x\u1eed l\u00fd ch\u1ea5t th\u1ea3i.<\/span><\/p>\n<p data-path-to-node=\"6\"><span class=\"\">[Image: Heavy-duty Apron Conveyor for Waste Management]<\/span><\/p>\n<h2 class=\"\" data-path-to-node=\"7\"><strong>2. \u01afu \u0111i\u1ec3m n\u1ed5i b\u1eadt c\u1ee7a B\u0103ng t\u1ea3i t\u1ea5m SKS<\/strong><\/h2>\n<ul data-path-to-node=\"8\">\n<li>\n<p data-path-to-node=\"8,0,0\"><b class=\"\" data-path-to-node=\"8,0,0\" data-index-in-node=\"0\">V\u1eadn h\u00e0nh m\u01b0\u1ee3t m\u00e0, ch\u1ed1ng tr\u01b0\u1ee3t:<\/b><span class=\"\"> C\u01a1 ch\u1ebf x\u00edch t\u1ea5m gi\u00fap v\u1eadt li\u1ec7u \u0111\u01b0\u1ee3c di chuy\u1ec3n \u1ed5n \u0111\u1ecbnh theo ph\u01b0\u01a1ng ngang ho\u1eb7c nghi\u00eang m\u00e0 kh\u00f4ng b\u1ecb tr\u01b0\u1ee3t ng\u01b0\u1ee3c hay x\u00f4 l\u1ec7ch,<\/span><span class=\"\"> \u0111\u1ea3m b\u1ea3o d\u00f2ng ch\u1ea3y v\u1eadt li\u1ec7u lu\u00f4n su\u00f4n s\u1ebb.<\/span><\/p>\n<\/li>\n<li>\n<p data-path-to-node=\"8,1,0\"><b class=\"\" data-path-to-node=\"8,1,0\" data-index-in-node=\"0\">X\u1eed l\u00fd v\u1eadt li\u1ec7u k\u00edch th\u01b0\u1edbc l\u1edbn:<\/b><span class=\"\"> Kh\u00e1c v\u1edbi c\u00e1c d\u00f2ng b\u0103ng t\u1ea3i th\u00f4ng th\u01b0\u1eddng,<\/span><span class=\"\"> b\u0103ng t\u1ea3i t\u1ea5m c\u00f3 kh\u1ea3 n\u0103ng t\u1ea3i \u0111\u01b0\u1ee3c c\u00e1c lo\u1ea1i r\u00e1c th\u1ea3i c\u00f3 h\u00ecnh d\u1ea1ng ph\u1ee9c t\u1ea1p,<\/span><span class=\"\"> v\u1eadt li\u1ec7u th\u00f4 k\u1ec1nh v\u00e0 kh\u1ed1i l\u01b0\u1ee3ng l\u1edbn m\u1ed9t c\u00e1ch d\u1ec5 d\u00e0ng.<\/span><\/p>\n<\/li>\n<li>\n<p data-path-to-node=\"8,2,0\"><b class=\"\" data-path-to-node=\"8,2,0\" data-index-in-node=\"0\">C\u01a1 ch\u1ebf ch\u1ed1ng m\u1eafc k\u1eb9t th\u00f4ng minh:<\/b><span class=\"\"> S\u1ea3n ph\u1ea9m \u0111\u01b0\u1ee3c thi\u1ebft k\u1ebf \u0111\u1eb7c bi\u1ec7t \u0111\u1ec3 kh\u1eafc ph\u1ee5c tri\u1ec7t \u0111\u1ec3 t\u00ecnh tr\u1ea1ng v\u1eadt li\u1ec7u b\u1ecb k\u1eb9t v\u00e0o m\u1eaft x\u00edch ho\u1eb7c khe h\u1edf \u2013 m\u1ed9t l\u1ed7i th\u01b0\u1eddng g\u1eb7p \u1edf c\u00e1c d\u00f2ng b\u0103ng t\u1ea3i x\u00edch truy\u1ec1n th\u1ed1ng khi x\u1eed l\u00fd r\u00e1c th\u1ea3i h\u1ed7n h\u1ee3p.<\/span><\/p>\n<\/li>\n<li>\n<p data-path-to-node=\"8,3,0\"><b class=\"\" data-path-to-node=\"8,3,0\" data-index-in-node=\"0\">\u0110\u1ed9 b\u1ec1n c\u01a1 kh\u00ed cao:<\/b><span class=\"\"> Th\u00e2n m\u00e1y v\u00e0 m\u1eb7t t\u1ea5m \u0111\u01b0\u1ee3c gia c\u1ed1 b\u1eb1ng v\u1eadt li\u1ec7u ch\u1ecbu va \u0111\u1eadp,<\/span><span class=\"\"> ch\u1ecbu \u0111\u01b0\u1ee3c s\u1ef1 t\u00e1c \u0111\u1ed9ng m\u1ea1nh c\u1ee7a r\u00e1c th\u1ea3i c\u00f4ng nghi\u1ec7p v\u00e0 v\u1eadt li\u1ec7u s\u1eafc nh\u1ecdn.<\/span><\/p>\n<\/li>\n<\/ul>\n<h2 class=\"\" data-path-to-node=\"9\"><strong>3. \u1ee8ng d\u1ee5ng v\u00e0 V\u1eadt li\u1ec7u v\u1eadn chuy\u1ec3n<\/strong><\/h2>\n<p data-path-to-node=\"10\"><span class=\"\">B\u0103ng t\u1ea3i t\u1ea5m SKS l\u00e0 l\u1ef1a ch\u1ecdn t\u1ed1i \u01b0u cho c\u00e1c h\u1ec7 th\u1ed1ng ph\u00e2n lo\u1ea1i v\u00e0 x\u1eed l\u00fd ch\u1ea5t th\u1ea3i:<\/span><\/p>\n<ul data-path-to-node=\"11\">\n<li>\n<p data-path-to-node=\"11,0,0\"><b class=\"\" data-path-to-node=\"11,0,0\" data-index-in-node=\"0\">R\u00e1c th\u1ea3i sinh ho\u1ea1t:<\/b><span class=\"\"> R\u00e1c ch\u01b0a ph\u00e2n lo\u1ea1i,<\/span><span class=\"\"> r\u00e1c t\u00fai nilon.<\/span><\/p>\n<\/li>\n<li>\n<p data-path-to-node=\"11,1,0\"><b class=\"\" data-path-to-node=\"11,1,0\" data-index-in-node=\"0\">Ch\u1ea5t th\u1ea3i r\u1eafn:<\/b><span class=\"\"> R\u00e1c kh\u00f4ng ch\u00e1y,<\/span><span class=\"\"> ph\u1ebf li\u1ec7u t\u1ed5ng h\u1ee3p.<\/span><\/p>\n<\/li>\n<li>\n<p data-path-to-node=\"11,2,0\"><b class=\"\" data-path-to-node=\"11,2,0\" data-index-in-node=\"0\">N\u0103ng l\u01b0\u1ee3ng t\u00e1i t\u1ea1o:<\/b><span class=\"\"> V\u1eadn chuy\u1ec3n nh\u1ef1a t\u00e1i ch\u1ebf,<\/span><span class=\"\"> nhi\u00ean li\u1ec7u c\u00f3 ngu\u1ed3n g\u1ed1c t\u1eeb r\u00e1c th\u1ea3i (<\/span><b class=\"\" data-path-to-node=\"11,2,0\" data-index-in-node=\"82\">RDF<\/b><span class=\"\">).<\/span><\/p>\n<\/li>\n<li>\n<p data-path-to-node=\"11,3,0\"><b class=\"\" data-path-to-node=\"11,3,0\" data-index-in-node=\"0\">C\u00f4ng nghi\u1ec7p:<\/b><span class=\"\"> Ch\u1ea5t th\u1ea3i nh\u00e0 m\u00e1y,<\/span><span class=\"\"> v\u1eadt li\u1ec7u r\u1eddi d\u1ea1ng kh\u1ed1i.<\/span><\/p>\n<\/li>\n<\/ul>\n<h2 class=\"\" data-path-to-node=\"12\"><strong>4. T\u1ea1i sao c\u00e1c trung t\u00e2m x\u1eed l\u00fd r\u00e1c ch\u1ecdn B\u0103ng t\u1ea3i t\u1ea5m?<\/strong><\/h2>\n<p data-path-to-node=\"13\"><span class=\"\">Trong m\u00f4i tr\u01b0\u1eddng x\u1eed l\u00fd r\u00e1c,<\/span><span class=\"\"> v\u1eadt li\u1ec7u th\u01b0\u1eddng c\u00f3 t\u00ednh ch\u1ea5t kh\u00f4ng \u0111\u1ed3ng nh\u1ea5t (l\u1eabn kim lo\u1ea1i,<\/span><span class=\"\"> v\u1ea3i,<\/span><span class=\"\"> nh\u1ef1a,<\/span><span class=\"\"> h\u1eefu c\u01a1).<\/span><span class=\"\"> B\u0103ng t\u1ea3i t\u1ea5m v\u1edbi b\u1ec1 m\u1eb7t ph\u1eb3ng v\u00e0 c\u1ee9ng c\u00e1p gi\u00fap:<\/span><\/p>\n<ol start=\"1\" data-path-to-node=\"14\">\n<li>\n<p data-path-to-node=\"14,0,0\"><b class=\"\" data-path-to-node=\"14,0,0\" data-index-in-node=\"0\">Gi\u1ea3m thi\u1ec3u th\u1eddi gian d\u1eebng m\u00e1y:<\/b><span class=\"\"> H\u1ea1n ch\u1ebf t\u1ed1i \u0111a s\u1ef1 c\u1ed1 k\u1eb9t r\u00e1c g\u00e2y h\u1ecfng h\u00f3c h\u1ec7 th\u1ed1ng.<\/span><\/p>\n<\/li>\n<li>\n<p data-path-to-node=\"14,1,0\"><b class=\"\" data-path-to-node=\"14,1,0\" data-index-in-node=\"0\">D\u1ec5 d\u00e0ng v\u1ec7 sinh:<\/b> B\u1ec1 m\u1eb7t t\u1ea5m cho ph\u00e9p qu\u00e9t d\u1ecdn v\u00e0 b\u1ea3o tr\u00ec \u0111\u1ecbnh k\u1ef3 m\u1ed9t c\u00e1ch nhanh ch\u00f3ng.<\/p>\n<\/li>\n<li>\n<p data-path-to-node=\"14,2,0\"><b data-path-to-node=\"14,2,0\" data-index-in-node=\"0\">T\u01b0\u01a1ng th\u00edch cao:<\/b> D\u1ec5 d\u00e0ng k\u1ebft n\u1ed1i v\u1edbi h\u1ec7 th\u1ed1ng ph\u1ec5u n\u1ea1p (Hopper) v\u00e0 m\u00e1y nghi\u1ec1n r\u00e1c.<\/p>\n<\/li>\n<\/ol>\n","protected":false},"excerpt":{"rendered":"<p>B\u0103ng T\u1ea3i T\u1ea5m SKS: Gi\u1ea3i Ph\u00e1p V\u1eadn Chuy\u1ec3n R\u00e1c Th\u1ea3i Kh\u1ed1i L\u01b0\u1ee3ng L\u1edbn 1. T\u1ed5ng quan s\u1ea3n ph\u1ea9m B\u0103ng t\u1ea3i t\u1ea5m l\u00e0 thi\u1ebft b\u1ecb quan tr\u1ecdng h\u00e0ng \u0111\u1ea7u trong c\u00e1c trung t\u00e2m x\u1eed l\u00fd r\u00e1c hi\u1ec7n \u0111\u1ea1i, \u0111\u00f3ng vai tr\u00f2 ti\u1ebfp nh\u1eadn v\u00e0 v\u1eadn chuy\u1ec3n r\u00e1c sinh ho\u1ea1t tr\u1ef1c ti\u1ebfp \u0111\u1ebfn l\u00f2 \u0111\u1ed1t. V\u1edbi thi\u1ebft&#8230;<\/p>\n","protected":false},"featured_media":1047,"comment_status":"open","ping_status":"closed","template":"","meta":[],"product_brand":[],"product_cat":[297,292],"product_tag":[],"class_list":{"0":"post-661","1":"product","2":"type-product","3":"status-publish","4":"has-post-thumbnail","6":"product_cat-bang-tai","7":"product_cat-showa-kikai","9":"first","10":"instock","11":"shipping-taxable","12":"product-type-simple"},"_links":{"self":[{"href":"https:\/\/xtech-eng.com\/index.php?rest_route=\/wp\/v2\/product\/661","targetHints":{"allow":["GET"]}}],"collection":[{"href":"https:\/\/xtech-eng.com\/index.php?rest_route=\/wp\/v2\/product"}],"about":[{"href":"https:\/\/xtech-eng.com\/index.php?rest_route=\/wp\/v2\/types\/product"}],"replies":[{"embeddable":true,"href":"https:\/\/xtech-eng.com\/index.php?rest_route=%2Fwp%2Fv2%2Fcomments&post=661"}],"wp:featuredmedia":[{"embeddable":true,"href":"https:\/\/xtech-eng.com\/index.php?rest_route=\/wp\/v2\/media\/1047"}],"wp:attachment":[{"href":"https:\/\/xtech-eng.com\/index.php?rest_route=%2Fwp%2Fv2%2Fmedia&parent=661"}],"wp:term":[{"taxonomy":"product_brand","embeddable":true,"href":"https:\/\/xtech-eng.com\/index.php?rest_route=%2Fwp%2Fv2%2Fproduct_brand&post=661"},{"taxonomy":"product_cat","embeddable":true,"href":"https:\/\/xtech-eng.com\/index.php?rest_route=%2Fwp%2Fv2%2Fproduct_cat&post=661"},{"taxonomy":"product_tag","embeddable":true,"href":"https:\/\/xtech-eng.com\/index.php?rest_route=%2Fwp%2Fv2%2Fproduct_tag&post=661"}],"curies":[{"name":"wp","href":"https:\/\/api.w.org\/{rel}","templated":true}]}}