{"id":691,"date":"2025-10-29T15:42:53","date_gmt":"2025-10-29T15:42:53","guid":{"rendered":"https:\/\/xtech-eng.com\/?post_type=product&#038;p=691"},"modified":"2025-12-30T02:37:13","modified_gmt":"2025-12-30T02:37:13","slug":"soil-and-sand-conveying-equipment-showa-kikai-2","status":"publish","type":"product","link":"https:\/\/xtech-eng.com\/?product=soil-and-sand-conveying-equipment-showa-kikai-2","title":{"rendered":"Showa Kikai_Thi\u1ebft b\u1ecb n\u00e2ng d\u1ea1ng khay"},"content":{"rendered":"<h1 data-path-to-node=\"3\"><strong>H\u1ec7 Th\u1ed1ng N\u00e2ng H\u1ea1 Khay T\u1ea3i Li\u1ec7u SKS: V\u1eadn Chuy\u1ec3n \u0110\u1ee9ng \u1ed4n \u0110\u1ecbnh &amp; B\u1ec1n B\u1ec9<\/strong><\/h1>\n<h2 data-path-to-node=\"4\"><strong>1. T\u1ed5ng quan s\u1ea3n ph\u1ea9m<\/strong><\/h2>\n<p data-path-to-node=\"5\">H\u1ec7 th\u1ed1ng n\u00e2ng h\u1ea1 khay t\u1ea3i li\u1ec7u c\u1ee7a SKS l\u00e0 gi\u1ea3i ph\u00e1p v\u1eadn chuy\u1ec3n \u0111\u1ee9ng hi\u1ec7u su\u1ea5t cao, \u0111\u01b0\u1ee3c thi\u1ebft k\u1ebf \u0111\u1ec3 x\u1eed l\u00fd v\u1eadt li\u1ec7u r\u1eddi m\u1ed9t c\u00e1ch nh\u1eb9 nh\u00e0ng v\u00e0 ch\u00ednh x\u00e1c. \u0110i\u1ec3m m\u1ea1nh c\u1ee7a h\u1ec7 th\u1ed1ng n\u1eb1m \u1edf s\u1ef1 k\u1ebft h\u1ee3p gi\u1eefa c\u00f4ng ngh\u1ec7 x\u00edch \u0111\u1ed9c quy\u1ec1n v\u00e0 c\u1ea5u tr\u00fac n\u00e2ng h\u1ea1 \u0111a d\u1ea3i x\u00edch, \u0111\u1ea3m b\u1ea3o s\u1ef1 \u1ed5n \u0111\u1ecbnh tuy\u1ec7t \u0111\u1ed1i ngay c\u1ea3 khi ho\u1ea1t \u0111\u1ed9ng \u1edf \u0111\u1ed9 cao l\u1edbn.<\/p>\n<h2 data-path-to-node=\"6\"><strong>2. \u0110\u1eb7c \u0111i\u1ec3m k\u1ef9 thu\u1eadt \u01b0u vi\u1ec7t<\/strong><\/h2>\n<ul data-path-to-node=\"7\">\n<li>\n<p data-path-to-node=\"7,0,0\"><b data-path-to-node=\"7,0,0\" data-index-in-node=\"0\">C\u00f4ng ngh\u1ec7 x\u00edch \u0111\u1ed9c quy\u1ec1n SKS:<\/b> S\u1eed d\u1ee5ng x\u00edch ch\u1ecbu m\u00e0i m\u00f2n v\u00e0 x\u00edch t\u1ea5m \u0111\u01b0\u1ee3c SKS ph\u00e1t tri\u1ec3n ri\u00eang bi\u1ec7t. V\u1eadt li\u1ec7u \u0111\u1eb7c ch\u1ebf \u0111\u1ea3m b\u1ea3o \u0111\u1ed9 b\u1ec1n c\u01a1 h\u1ecdc c\u1ef1c cao, ch\u1ecbu \u0111\u01b0\u1ee3c c\u01b0\u1eddng \u0111\u1ed9 l\u00e0m vi\u1ec7c li\u00ean t\u1ee5c trong m\u00f4i tr\u01b0\u1eddng c\u00f4ng nghi\u1ec7p.<\/p>\n<\/li>\n<li>\n<p data-path-to-node=\"7,1,0\"><b data-path-to-node=\"7,1,0\" data-index-in-node=\"0\">C\u1ea5u tr\u00fac 4 d\u1ea3i x\u00edch ch\u00ednh:<\/b> Kh\u00e1c v\u1edbi c\u00e1c h\u1ec7 th\u1ed1ng th\u00f4ng th\u01b0\u1eddng, thi\u1ebft k\u1ebf s\u1eed d\u1ee5ng <b data-path-to-node=\"7,1,0\" data-index-in-node=\"80\">4 d\u1ea3i x\u00edch song song<\/b> gi\u00fap khay t\u1ea3i li\u1ec7u di chuy\u1ec3n th\u1eb3ng \u0111\u1ee9ng v\u1edbi \u0111\u1ed9 rung c\u1ef1c th\u1ea5p, gi\u1eef nguy\u00ean h\u00ecnh d\u1ea1ng v\u00e0 ch\u1ea5t l\u01b0\u1ee3ng v\u1eadt li\u1ec7u v\u1eadn chuy\u1ec3n.<\/p>\n<\/li>\n<li>\n<p data-path-to-node=\"7,2,0\"><b data-path-to-node=\"7,2,0\" data-index-in-node=\"0\">B\u1ea3o v\u1ec7 x\u00edch v\u00e0 b\u00e1nh r\u0103ng t\u1ed1i \u0111a:<\/b> Thi\u1ebft k\u1ebf th\u00f4ng minh gi\u00fap ng\u0103n ch\u1eb7n s\u1ef1 ti\u1ebfp x\u00fac tr\u1ef1c ti\u1ebfp gi\u1eefa x\u00edch ch\u00ednh v\u00e0 v\u1eadt li\u1ec7u. \u0110i\u1ec1u n\u00e0y kh\u00f4ng ch\u1ec9 k\u00e9o d\u00e0i tu\u1ed5i th\u1ecd linh ki\u1ec7n m\u00e0 c\u00f2n tr\u00e1nh t\u00ecnh tr\u1ea1ng v\u1eadt li\u1ec7u b\u00e1m d\u00ednh g\u00e2y k\u1eb9t h\u1ec7 th\u1ed1ng.<\/p>\n<\/li>\n<li>\n<p data-path-to-node=\"7,3,0\"><b data-path-to-node=\"7,3,0\" data-index-in-node=\"0\">Thi\u1ebft b\u1ecb l\u00e0m s\u1ea1ch t\u00edch h\u1ee3p:<\/b> Trang b\u1ecb b\u1ed9 ph\u1eadn qu\u00e9t d\u1ecdn chuy\u00ean d\u1ee5ng gi\u00fap lo\u1ea1i b\u1ecf ho\u00e0n to\u00e0n c\u00e1c ch\u1ea5t b\u00e1m d\u01b0 th\u1eeba trong khay, \u0111\u1ea3m b\u1ea3o hi\u1ec7u su\u1ea5t v\u1eadn chuy\u1ec3n lu\u00f4n \u0111\u1ea1t 100% v\u00e0 duy tr\u00ec s\u1ef1 \u1ed5n \u0111\u1ecbnh.<\/p>\n<\/li>\n<\/ul>\n<h2 data-path-to-node=\"8\"><strong>3. Thi\u1ebft k\u1ebf t\u1ed1i \u01b0u cho b\u1ea3o tr\u00ec (Maintenance-Friendly)<\/strong><\/h2>\n<p data-path-to-node=\"9\">Ch\u00fang t\u00f4i hi\u1ec3u r\u1eb1ng th\u1eddi gian d\u1eebng m\u00e1y l\u00e0 chi ph\u00ed c\u1ee7a doanh nghi\u1ec7p. V\u00ec v\u1eady, h\u1ec7 th\u1ed1ng \u0111\u01b0\u1ee3c t\u1ed1i \u01b0u \u0111\u1ec3 b\u1ea3o tr\u00ec nhanh nh\u1ea5t:<\/p>\n<ul data-path-to-node=\"10\">\n<li>\n<p data-path-to-node=\"10,0,0\"><b data-path-to-node=\"10,0,0\" data-index-in-node=\"0\">Thay th\u1ebf linh ki\u1ec7n d\u1ec5 d\u00e0ng:<\/b> C\u00e1c tr\u1ee5c g\u1eafn tay \u0111\u1ee1 khay \u0111\u01b0\u1ee3c c\u1ed1 \u0111\u1ecbnh b\u1eb1ng bu-l\u00f4ng, cho ph\u00e9p th\u00e1o l\u1eafp v\u00e0 thay th\u1ebf khay \u0111\u01a1n l\u1ebb m\u00e0 kh\u00f4ng c\u1ea7n th\u00e1o r\u1eddi h\u1ec7 th\u1ed1ng.<\/p>\n<\/li>\n<li>\n<p data-path-to-node=\"10,1,0\"><b data-path-to-node=\"10,1,0\" data-index-in-node=\"0\">B\u00e1nh r\u0103ng thi\u1ebft k\u1ebf l\u01b0\u1ee1i r\u1eddi (Split Sprocket):<\/b> B\u00e1nh r\u0103ng truy\u1ec1n \u0111\u1ed9ng c\u00f3 th\u1ec3 th\u00e1o r\u1eddi t\u1eebng ph\u1ea7n nh\u1edd thi\u1ebft k\u1ebf thay th\u1ebf l\u01b0\u1ee1i. B\u1ea1n c\u00f3 th\u1ec3 thay \u0111\u1ed5i b\u1ed9 ph\u1eadn m\u00e0i m\u00f2n m\u00e0 kh\u00f4ng c\u1ea7n th\u00e1o tr\u1ee5c, gi\u00fap gi\u1ea3m 50% th\u1eddi gian v\u00e0 chi ph\u00ed b\u1ea3o tr\u00ec.<\/p>\n<\/li>\n<\/ul>\n<h2 data-path-to-node=\"11\"><strong>4. \u1ee8ng d\u1ee5ng th\u1ef1c t\u1ebf<\/strong><\/h2>\n<p data-path-to-node=\"12\">H\u1ec7 th\u1ed1ng khay t\u1ea3i li\u1ec7u SKS \u0111\u1eb7c bi\u1ec7t hi\u1ec7u qu\u1ea3 cho:<\/p>\n<ul data-path-to-node=\"13\">\n<li>\n<p data-path-to-node=\"13,0,0\"><b data-path-to-node=\"13,0,0\" data-index-in-node=\"0\">V\u1eadn chuy\u1ec3n v\u1eadt li\u1ec7u d\u1ec5 v\u1ee1:<\/b> Nh\u1edd chuy\u1ec3n \u0111\u1ed9ng \u00eam \u00e1i, kh\u00f4ng rung l\u1eafc.<\/p>\n<\/li>\n<li>\n<p data-path-to-node=\"13,1,0\"><b data-path-to-node=\"13,1,0\" data-index-in-node=\"0\">Nh\u00e0 m\u00e1y c\u00f3 chi\u1ec1u cao l\u1edbn:<\/b> V\u1eadn chuy\u1ec3n \u0111\u1ee9ng gi\u1eefa c\u00e1c t\u1ea7ng l\u1ea7u trong kho b\u00e3i t\u1ef1 \u0111\u1ed9ng ho\u1eb7c nh\u00e0 m\u00e1y nhi\u1ec7t \u0111i\u1ec7n.<\/p>\n<\/li>\n<li>\n<p data-path-to-node=\"13,2,0\"><b data-path-to-node=\"13,2,0\" data-index-in-node=\"0\">V\u1eadt li\u1ec7u c\u00f3 t\u00ednh b\u00e1m d\u00ednh:<\/b> Nh\u1edd h\u1ec7 th\u1ed1ng l\u00e0m s\u1ea1ch khay t\u1ef1 \u0111\u1ed9ng t\u00edch h\u1ee3p.<\/p>\n<\/li>\n<\/ul>\n","protected":false},"excerpt":{"rendered":"<p>H\u1ec7 Th\u1ed1ng N\u00e2ng H\u1ea1 Khay T\u1ea3i Li\u1ec7u SKS: V\u1eadn Chuy\u1ec3n \u0110\u1ee9ng \u1ed4n \u0110\u1ecbnh &amp; B\u1ec1n B\u1ec9 1. T\u1ed5ng quan s\u1ea3n ph\u1ea9m H\u1ec7 th\u1ed1ng n\u00e2ng h\u1ea1 khay t\u1ea3i li\u1ec7u c\u1ee7a SKS l\u00e0 gi\u1ea3i ph\u00e1p v\u1eadn chuy\u1ec3n \u0111\u1ee9ng hi\u1ec7u su\u1ea5t cao, \u0111\u01b0\u1ee3c thi\u1ebft k\u1ebf \u0111\u1ec3 x\u1eed l\u00fd v\u1eadt li\u1ec7u r\u1eddi m\u1ed9t c\u00e1ch nh\u1eb9 nh\u00e0ng v\u00e0 ch\u00ednh x\u00e1c&#8230;.<\/p>\n","protected":false},"featured_media":1060,"comment_status":"open","ping_status":"closed","template":"","meta":[],"product_brand":[],"product_cat":[297,292],"product_tag":[],"class_list":{"0":"post-691","1":"product","2":"type-product","3":"status-publish","4":"has-post-thumbnail","6":"product_cat-bang-tai","7":"product_cat-showa-kikai","9":"first","10":"instock","11":"shipping-taxable","12":"product-type-simple"},"_links":{"self":[{"href":"https:\/\/xtech-eng.com\/index.php?rest_route=\/wp\/v2\/product\/691","targetHints":{"allow":["GET"]}}],"collection":[{"href":"https:\/\/xtech-eng.com\/index.php?rest_route=\/wp\/v2\/product"}],"about":[{"href":"https:\/\/xtech-eng.com\/index.php?rest_route=\/wp\/v2\/types\/product"}],"replies":[{"embeddable":true,"href":"https:\/\/xtech-eng.com\/index.php?rest_route=%2Fwp%2Fv2%2Fcomments&post=691"}],"wp:featuredmedia":[{"embeddable":true,"href":"https:\/\/xtech-eng.com\/index.php?rest_route=\/wp\/v2\/media\/1060"}],"wp:attachment":[{"href":"https:\/\/xtech-eng.com\/index.php?rest_route=%2Fwp%2Fv2%2Fmedia&parent=691"}],"wp:term":[{"taxonomy":"product_brand","embeddable":true,"href":"https:\/\/xtech-eng.com\/index.php?rest_route=%2Fwp%2Fv2%2Fproduct_brand&post=691"},{"taxonomy":"product_cat","embeddable":true,"href":"https:\/\/xtech-eng.com\/index.php?rest_route=%2Fwp%2Fv2%2Fproduct_cat&post=691"},{"taxonomy":"product_tag","embeddable":true,"href":"https:\/\/xtech-eng.com\/index.php?rest_route=%2Fwp%2Fv2%2Fproduct_tag&post=691"}],"curies":[{"name":"wp","href":"https:\/\/api.w.org\/{rel}","templated":true}]}}