{"id":770,"date":"2025-10-30T04:01:15","date_gmt":"2025-10-30T04:01:15","guid":{"rendered":"https:\/\/xtech-eng.com\/?post_type=product&#038;p=770"},"modified":"2025-12-30T07:02:26","modified_gmt":"2025-12-30T07:02:26","slug":"xich-soi-showa-kikai","status":"publish","type":"product","link":"https:\/\/xtech-eng.com\/?product=xich-soi-showa-kikai","title":{"rendered":"Showa Kikai_X\u00edch s\u1ee3i"},"content":{"rendered":"<p>X\u00edch s\u1ee3i l\u00e0 thi\u1ebft b\u1ecb n\u00e2ng h\u1ea1 \u0111\u01b0\u1ee3c s\u1eed d\u1ee5ng r\u1ed9ng r\u00e3i trong c\u00e1c ng\u00e0nh c\u00f4ng nghi\u1ec7p \u0111\u1ec3 n\u00e2ng, k\u00e9o v\u00e0 di chuy\u1ec3n c\u00e1c v\u1eadt n\u1eb7ng. Ch\u00fang th\u01b0\u1eddng \u0111\u01b0\u1ee3c k\u1ebft h\u1ee3p v\u1edbi c\u00e1c ph\u1ee5 ki\u1ec7n nh\u01b0 m\u00f3c, v\u00f2ng ho\u1eb7c kh\u1edbp n\u1ed1i, gi\u00fap t\u0103ng t\u00ednh linh ho\u1ea1t v\u00e0 an to\u00e0n trong qu\u00e1 tr\u00ecnh s\u1eed d\u1ee5ng. X\u00edch s\u1ee3i c\u00f3 kh\u1ea3 n\u0103ng ch\u1ecbu t\u1ea3i t\u1ed1t v\u00e0 th\u01b0\u1eddng \u0111\u01b0\u1ee3c s\u1ea3n xu\u1ea5t t\u1eeb ch\u1ea5t li\u1ec7u ch\u1ed1ng m\u00e0i m\u00f2n, \u0111\u1ea3m b\u1ea3o \u0111\u1ed9 b\u1ec1n l\u00e2u d\u00e0i trong m\u00f4i tr\u01b0\u1eddng l\u00e0m vi\u1ec7c kh\u1eafc nghi\u1ec7t.<\/p>\n<p>M\u1ed9t v\u00e0i v\u00ed d\u1ee5 minh h\u1ecda c\u00e1ch s\u1eed d\u1ee5ng:<\/p>\n<p><img loading=\"lazy\" decoding=\"async\" src=\"https:\/\/cdn3855.cdn4s7.io.vn\/media\/s%E1%BA%A3n%20ph%E1%BA%A9m\/xich-soi\/123-12.jpg\" alt=\"\" width=\"1317\" height=\"479\" \/><\/p>\n<p><strong>1. C\u00e1c s\u1ea3n ph\u1ea3m d\u00e0nh cho x\u00edch s\u1ee3i<\/strong><\/p>\n<p><strong><img loading=\"lazy\" decoding=\"async\" src=\"https:\/\/cdn3855.cdn4s7.io.vn\/media\/s%E1%BA%A3n%20ph%E1%BA%A9m\/xich-soi\/xichsoi_01.jpg\" alt=\"\" width=\"1148\" height=\"767\" \/><\/strong><\/p>\n<p><strong>1. D\u00e2y x\u00edch ti\u00eau chu\u1ea9n JIS<\/strong><\/p>\n<p><strong><img loading=\"lazy\" decoding=\"async\" src=\"https:\/\/cdn3855.cdn4s7.io.vn\/media\/s%E1%BA%A3n%20ph%E1%BA%A9m\/xich-soi\/xichsoi_02.jpg\" alt=\"\" width=\"1261\" height=\"725\" \/><\/strong><\/p>\n<p><strong>1. D\u00e2y x\u00edch ti\u00eau chu\u1ea9n SKS<\/strong><\/p>\n<p><strong><img loading=\"lazy\" decoding=\"async\" src=\"https:\/\/cdn3855.cdn4s7.io.vn\/media\/s%E1%BA%A3n%20ph%E1%BA%A9m\/xich-soi\/123-32.gif\" alt=\"\" width=\"169\" height=\"112\" \/><\/strong><\/p>\n<p><strong><img loading=\"lazy\" decoding=\"async\" src=\"https:\/\/cdn3855.cdn4s7.io.vn\/media\/s%E1%BA%A3n%20ph%E1%BA%A9m\/xich-soi\/123-31.gif\" alt=\"\" width=\"200\" height=\"226\" \/><\/strong><\/p>\n<p>1 S\u1ee3i<\/p>\n<p><img loading=\"lazy\" decoding=\"async\" src=\"https:\/\/cdn3855.cdn4s7.io.vn\/media\/s%E1%BA%A3n%20ph%E1%BA%A9m\/xich-soi\/xichsoi_03.jpg\" alt=\"\" width=\"1041\" height=\"218\" \/><\/p>\n<p>2 S\u1ee3i<\/p>\n<p><img loading=\"lazy\" decoding=\"async\" src=\"https:\/\/cdn3855.cdn4s7.io.vn\/media\/s%E1%BA%A3n%20ph%E1%BA%A9m\/xich-soi\/xichsoi_04.jpg\" alt=\"\" width=\"1040\" height=\"219\" \/><\/p>\n<p>Master Link 1 S\u1ee3i<\/p>\n<p><img loading=\"lazy\" decoding=\"async\" src=\"https:\/\/cdn3855.cdn4s7.io.vn\/media\/s%E1%BA%A3n%20ph%E1%BA%A9m\/xich-soi\/123-33.gif\" alt=\"\" width=\"166\" height=\"106\" \/><\/p>\n<p><img loading=\"lazy\" decoding=\"async\" src=\"https:\/\/cdn3855.cdn4s7.io.vn\/media\/s%E1%BA%A3n%20ph%E1%BA%A9m\/xich-soi\/xichsoi_05.jpg\" alt=\"\" width=\"1301\" height=\"281\" \/><\/p>\n<p>Master Link 2 S\u1ee3i<\/p>\n<p><img loading=\"lazy\" decoding=\"async\" src=\"https:\/\/cdn3855.cdn4s7.io.vn\/media\/s%E1%BA%A3n%20ph%E1%BA%A9m\/xich-soi\/123-34.gif\" alt=\"\" width=\"166\" height=\"104\" \/><\/p>\n<p><img loading=\"lazy\" decoding=\"async\" src=\"https:\/\/cdn3855.cdn4s7.io.vn\/media\/s%E1%BA%A3n%20ph%E1%BA%A9m\/xich-soi\/xichsoi_06.jpg\" alt=\"\" width=\"1301\" height=\"281\" \/><\/p>\n<p>M\u00f3c c\u00f3 kh\u00f3a<\/p>\n<p><img loading=\"lazy\" decoding=\"async\" src=\"https:\/\/cdn3855.cdn4s7.io.vn\/media\/s%E1%BA%A3n%20ph%E1%BA%A9m\/xich-soi\/123-35.gif\" alt=\"\" width=\"166\" height=\"103\" \/><\/p>\n<p><img loading=\"lazy\" decoding=\"async\" src=\"https:\/\/cdn3855.cdn4s7.io.vn\/media\/s%E1%BA%A3n%20ph%E1%BA%A9m\/xich-soi\/xichsoi_07.jpg\" alt=\"\" width=\"1239\" height=\"282\" \/><\/p>\n<p>M\u00f3c kh\u00f4ng kh\u00f3a<\/p>\n<p><img loading=\"lazy\" decoding=\"async\" src=\"https:\/\/cdn3855.cdn4s7.io.vn\/media\/s%E1%BA%A3n%20ph%E1%BA%A9m\/xich-soi\/123-34.gif\" alt=\"\" width=\"166\" height=\"104\" \/><\/p>\n<p><img loading=\"lazy\" decoding=\"async\" src=\"https:\/\/cdn3855.cdn4s7.io.vn\/media\/s%E1%BA%A3n%20ph%E1%BA%A9m\/xich-soi\/xichsoi_08.jpg\" alt=\"\" width=\"973\" height=\"281\" \/><\/p>\n","protected":false},"excerpt":{"rendered":"<p>X\u00edch s\u1ee3i l\u00e0 thi\u1ebft b\u1ecb n\u00e2ng h\u1ea1 \u0111\u01b0\u1ee3c s\u1eed d\u1ee5ng r\u1ed9ng r\u00e3i trong c\u00e1c ng\u00e0nh c\u00f4ng nghi\u1ec7p \u0111\u1ec3 n\u00e2ng, k\u00e9o v\u00e0 di chuy\u1ec3n c\u00e1c v\u1eadt n\u1eb7ng. Ch\u00fang th\u01b0\u1eddng \u0111\u01b0\u1ee3c k\u1ebft h\u1ee3p v\u1edbi c\u00e1c ph\u1ee5 ki\u1ec7n nh\u01b0 m\u00f3c, v\u00f2ng ho\u1eb7c kh\u1edbp n\u1ed1i, gi\u00fap t\u0103ng t\u00ednh linh ho\u1ea1t v\u00e0 an to\u00e0n trong qu\u00e1 tr\u00ecnh s\u1eed d\u1ee5ng. X\u00edch&#8230;<\/p>\n","protected":false},"featured_media":1086,"comment_status":"open","ping_status":"closed","template":"","meta":[],"product_brand":[],"product_cat":[321,292],"product_tag":[],"class_list":{"0":"post-770","1":"product","2":"type-product","3":"status-publish","4":"has-post-thumbnail","6":"product_cat-day-xich-nang","7":"product_cat-showa-kikai","9":"first","10":"instock","11":"shipping-taxable","12":"product-type-simple"},"_links":{"self":[{"href":"https:\/\/xtech-eng.com\/index.php?rest_route=\/wp\/v2\/product\/770","targetHints":{"allow":["GET"]}}],"collection":[{"href":"https:\/\/xtech-eng.com\/index.php?rest_route=\/wp\/v2\/product"}],"about":[{"href":"https:\/\/xtech-eng.com\/index.php?rest_route=\/wp\/v2\/types\/product"}],"replies":[{"embeddable":true,"href":"https:\/\/xtech-eng.com\/index.php?rest_route=%2Fwp%2Fv2%2Fcomments&post=770"}],"wp:featuredmedia":[{"embeddable":true,"href":"https:\/\/xtech-eng.com\/index.php?rest_route=\/wp\/v2\/media\/1086"}],"wp:attachment":[{"href":"https:\/\/xtech-eng.com\/index.php?rest_route=%2Fwp%2Fv2%2Fmedia&parent=770"}],"wp:term":[{"taxonomy":"product_brand","embeddable":true,"href":"https:\/\/xtech-eng.com\/index.php?rest_route=%2Fwp%2Fv2%2Fproduct_brand&post=770"},{"taxonomy":"product_cat","embeddable":true,"href":"https:\/\/xtech-eng.com\/index.php?rest_route=%2Fwp%2Fv2%2Fproduct_cat&post=770"},{"taxonomy":"product_tag","embeddable":true,"href":"https:\/\/xtech-eng.com\/index.php?rest_route=%2Fwp%2Fv2%2Fproduct_tag&post=770"}],"curies":[{"name":"wp","href":"https:\/\/api.w.org\/{rel}","templated":true}]}}