{"id":785,"date":"2025-10-30T08:33:58","date_gmt":"2025-10-30T08:33:58","guid":{"rendered":"https:\/\/xtech-eng.com\/?post_type=product&#038;p=785"},"modified":"2025-12-30T07:23:55","modified_gmt":"2025-12-30T07:23:55","slug":"xich-chong-gi-chiu-ben-bao-dam-showa-kikai","status":"publish","type":"product","link":"https:\/\/xtech-eng.com\/?product=xich-chong-gi-chiu-ben-bao-dam-showa-kikai","title":{"rendered":"Showa Kikai_X\u00edch ch\u1ed1ng g\u1ec9 ch\u1ecbu b\u1ec1n (b\u1ea3o \u0111\u1ea3m)"},"content":{"rendered":"<p><strong>Ch\u1ea5t li\u1ec7u inox: <\/strong>\u0110\u1ea3m b\u1ea3o ch\u1ed1ng l\u1ea1i s\u1ef1 \u0103n m\u00f2n, ph\u00f9 h\u1ee3p v\u1edbi c\u00e1c m\u00f4i tr\u01b0\u1eddng \u1ea9m \u01b0\u1edbt ho\u1eb7c c\u00f3 t\u00ednh \u0103n m\u00f2n cao.<\/p>\n<p><strong>\u0110\u1ea3m b\u1ea3o \u0111\u1ed9 b\u1ec1n cao:<\/strong> X\u00edch c\u00f3 kh\u1ea3 n\u0103ng ch\u1ecbu l\u1ef1c m\u1ea1nh m\u1ebd v\u00e0 \u0111\u1ed9 b\u1ec1n l\u00e2u d\u00e0i, \u0111\u00e1p \u1ee9ng c\u00e1c y\u00eau c\u1ea7u v\u1ec1 s\u1ee9c t\u1ea3i trong c\u00f4ng nghi\u1ec7p.<\/p>\n<p><strong>\u1ee8ng d\u1ee5ng \u0111a d\u1ea1ng: <\/strong>Ph\u00f9 h\u1ee3p v\u1edbi c\u00e1c d\u00e2y chuy\u1ec1n s\u1ea3n xu\u1ea5t, v\u1eadn chuy\u1ec3n v\u1eadt li\u1ec7u v\u00e0 c\u00e1c \u1ee9ng d\u1ee5ng c\u00f4ng nghi\u1ec7p \u0111\u00f2i h\u1ecfi s\u1ef1 ch\u00ednh x\u00e1c v\u00e0 \u0111\u1ed9 tin c\u1eady.<\/p>\n<p><strong>D\u1ec5 b\u1ea3o tr\u00ec:<\/strong> V\u1edbi thi\u1ebft k\u1ebf d\u1ec5 d\u00e0ng b\u1ea3o d\u01b0\u1ee1ng, x\u00edch inox c\u00f4ng nghi\u1ec7p gi\u1ea3m thi\u1ec3u chi ph\u00ed b\u1ea3o tr\u00ec v\u00e0 k\u00e9o d\u00e0i tu\u1ed5i th\u1ecd thi\u1ebft b\u1ecb.<\/p>\n<p>H\u00ecnh \u1ea3nh c\u00e1c x\u00edch SKS:<\/p>\n<p><strong>1. V\u1eadt li\u1ec7u SUS304<\/strong><\/p>\n<p><img loading=\"lazy\" decoding=\"async\" src=\"https:\/\/cdn3855.cdn4s7.io.vn\/media\/s%E1%BA%A3n%20ph%E1%BA%A9m\/xich-chong-gi-chiu-ben-bao-dam\/131_2.gif\" alt=\"\" width=\"150\" height=\"120\" \/><\/p>\n<p><img loading=\"lazy\" decoding=\"async\" src=\"https:\/\/cdn3855.cdn4s7.io.vn\/media\/s%E1%BA%A3n%20ph%E1%BA%A9m\/xich-chong-gi-chiu-ben-bao-dam\/chonggi_01.jpg\" alt=\"\" width=\"1379\" height=\"904\" \/><\/p>\n<p><strong>2. V\u1eadt li\u1ec7u SUS316<\/strong><\/p>\n<p><img loading=\"lazy\" decoding=\"async\" src=\"https:\/\/cdn3855.cdn4s7.io.vn\/media\/s%E1%BA%A3n%20ph%E1%BA%A9m\/xich-chong-gi-chiu-ben-bao-dam\/131_2.gif\" alt=\"\" width=\"150\" height=\"120\" \/><\/p>\n<p><img loading=\"lazy\" decoding=\"async\" src=\"https:\/\/cdn3855.cdn4s7.io.vn\/media\/s%E1%BA%A3n%20ph%E1%BA%A9m\/xich-chong-gi-chiu-ben-bao-dam\/chonggi_02.jpg\" alt=\"\" width=\"1357\" height=\"672\" \/><\/p>\n","protected":false},"excerpt":{"rendered":"<p>Ch\u1ea5t li\u1ec7u inox: \u0110\u1ea3m b\u1ea3o ch\u1ed1ng l\u1ea1i s\u1ef1 \u0103n m\u00f2n, ph\u00f9 h\u1ee3p v\u1edbi c\u00e1c m\u00f4i tr\u01b0\u1eddng \u1ea9m \u01b0\u1edbt ho\u1eb7c c\u00f3 t\u00ednh \u0103n m\u00f2n cao. \u0110\u1ea3m b\u1ea3o \u0111\u1ed9 b\u1ec1n cao: X\u00edch c\u00f3 kh\u1ea3 n\u0103ng ch\u1ecbu l\u1ef1c m\u1ea1nh m\u1ebd v\u00e0 \u0111\u1ed9 b\u1ec1n l\u00e2u d\u00e0i, \u0111\u00e1p \u1ee9ng c\u00e1c y\u00eau c\u1ea7u v\u1ec1 s\u1ee9c t\u1ea3i trong c\u00f4ng nghi\u1ec7p. \u1ee8ng d\u1ee5ng&#8230;<\/p>\n","protected":false},"featured_media":1097,"comment_status":"open","ping_status":"closed","template":"","meta":[],"product_brand":[],"product_cat":[334,292],"product_tag":[],"class_list":{"0":"post-785","1":"product","2":"type-product","3":"status-publish","4":"has-post-thumbnail","6":"product_cat-day-xich-chong-ri","7":"product_cat-showa-kikai","9":"first","10":"instock","11":"shipping-taxable","12":"product-type-simple"},"_links":{"self":[{"href":"https:\/\/xtech-eng.com\/index.php?rest_route=\/wp\/v2\/product\/785","targetHints":{"allow":["GET"]}}],"collection":[{"href":"https:\/\/xtech-eng.com\/index.php?rest_route=\/wp\/v2\/product"}],"about":[{"href":"https:\/\/xtech-eng.com\/index.php?rest_route=\/wp\/v2\/types\/product"}],"replies":[{"embeddable":true,"href":"https:\/\/xtech-eng.com\/index.php?rest_route=%2Fwp%2Fv2%2Fcomments&post=785"}],"wp:featuredmedia":[{"embeddable":true,"href":"https:\/\/xtech-eng.com\/index.php?rest_route=\/wp\/v2\/media\/1097"}],"wp:attachment":[{"href":"https:\/\/xtech-eng.com\/index.php?rest_route=%2Fwp%2Fv2%2Fmedia&parent=785"}],"wp:term":[{"taxonomy":"product_brand","embeddable":true,"href":"https:\/\/xtech-eng.com\/index.php?rest_route=%2Fwp%2Fv2%2Fproduct_brand&post=785"},{"taxonomy":"product_cat","embeddable":true,"href":"https:\/\/xtech-eng.com\/index.php?rest_route=%2Fwp%2Fv2%2Fproduct_cat&post=785"},{"taxonomy":"product_tag","embeddable":true,"href":"https:\/\/xtech-eng.com\/index.php?rest_route=%2Fwp%2Fv2%2Fproduct_tag&post=785"}],"curies":[{"name":"wp","href":"https:\/\/api.w.org\/{rel}","templated":true}]}}