{"id":847,"date":"2025-11-11T14:55:09","date_gmt":"2025-11-11T14:55:09","guid":{"rendered":"https:\/\/xtech-eng.com\/?post_type=product&#038;p=847"},"modified":"2025-12-30T07:48:55","modified_gmt":"2025-12-30T07:48:55","slug":"truc-cac-dang-najico-loai-a","status":"publish","type":"product","link":"https:\/\/xtech-eng.com\/?product=truc-cac-dang-najico-loai-a","title":{"rendered":"Najico Series_Tr\u1ee5c c\u00e1c \u0111\u0103ng Najico Lo\u1ea1i A"},"content":{"rendered":"<p>Kh\u1edbp c\u00e1c \u0111\u0103ng \u0111a n\u0103ng, thi\u1ebft k\u1ebf nh\u1ecf g\u1ecdn<\/p>\n<ul>\n<li data-start=\"163\" data-end=\"215\">\n<p data-start=\"165\" data-end=\"215\"><strong data-start=\"165\" data-end=\"200\">\u0110\u01b0\u1eddng k\u00ednh ngo\u00e0i c\u1ee7a kh\u1edbp xoay:<\/strong> 100 \u2013 180 mm<\/p>\n<\/li>\n<li data-start=\"216\" data-end=\"274\">\n<p data-start=\"218\" data-end=\"274\"><strong data-start=\"218\" data-end=\"256\">Ph\u1ea1m vi m\u00f4-men xo\u1eafn truy\u1ec1n t\u1ed1i \u0111a:<\/strong> 2,3 \u2013 12,3 kN\u00b7m<\/p>\n<\/li>\n<li data-start=\"275\" data-end=\"302\">\n<p data-start=\"277\" data-end=\"302\"><strong data-start=\"277\" data-end=\"296\">G\u00f3c u\u1ed1n t\u1ed1i \u0111a:<\/strong> 25\u00b0<\/p>\n<\/li>\n<li data-start=\"303\" data-end=\"456\">\n<p data-start=\"305\" data-end=\"456\"><strong data-start=\"305\" data-end=\"324\">\u1ee8ng d\u1ee5ng ch\u00ednh:<\/strong> D\u00f9ng trong m\u00e1y s\u1ea3n xu\u1ea5t gi\u1ea5y, t\u00e0u c\u1ee1 nh\u1ecf, thi\u1ebft b\u1ecb \u0111\u01b0\u1eddng s\u1eaft, b\u0103ng t\u1ea3i, m\u00e1y rung v\u00e0 c\u00e1c lo\u1ea1i m\u00e1y m\u00f3c c\u00f4ng nghi\u1ec7p th\u00f4ng d\u1ee5ng kh\u00e1c.<\/p>\n<\/li>\n<\/ul>\n","protected":false},"excerpt":{"rendered":"<p>Kh\u1edbp c\u00e1c \u0111\u0103ng \u0111a n\u0103ng, thi\u1ebft k\u1ebf nh\u1ecf g\u1ecdn \u0110\u01b0\u1eddng k\u00ednh ngo\u00e0i c\u1ee7a kh\u1edbp xoay: 100 \u2013 180 mm Ph\u1ea1m vi m\u00f4-men xo\u1eafn truy\u1ec1n t\u1ed1i \u0111a: 2,3 \u2013 12,3 kN\u00b7m G\u00f3c u\u1ed1n t\u1ed1i \u0111a: 25\u00b0 \u1ee8ng d\u1ee5ng ch\u00ednh: D\u00f9ng trong m\u00e1y s\u1ea3n xu\u1ea5t gi\u1ea5y, t\u00e0u c\u1ee1 nh\u1ecf, thi\u1ebft b\u1ecb \u0111\u01b0\u1eddng s\u1eaft, b\u0103ng t\u1ea3i, m\u00e1y rung&#8230;<\/p>\n","protected":false},"featured_media":1109,"comment_status":"open","ping_status":"closed","template":"","meta":[],"product_brand":[],"product_cat":[349],"product_tag":[],"class_list":{"0":"post-847","1":"product","2":"type-product","3":"status-publish","4":"has-post-thumbnail","6":"product_cat-najico-universal-joint","8":"first","9":"instock","10":"shipping-taxable","11":"product-type-simple"},"_links":{"self":[{"href":"https:\/\/xtech-eng.com\/index.php?rest_route=\/wp\/v2\/product\/847","targetHints":{"allow":["GET"]}}],"collection":[{"href":"https:\/\/xtech-eng.com\/index.php?rest_route=\/wp\/v2\/product"}],"about":[{"href":"https:\/\/xtech-eng.com\/index.php?rest_route=\/wp\/v2\/types\/product"}],"replies":[{"embeddable":true,"href":"https:\/\/xtech-eng.com\/index.php?rest_route=%2Fwp%2Fv2%2Fcomments&post=847"}],"wp:featuredmedia":[{"embeddable":true,"href":"https:\/\/xtech-eng.com\/index.php?rest_route=\/wp\/v2\/media\/1109"}],"wp:attachment":[{"href":"https:\/\/xtech-eng.com\/index.php?rest_route=%2Fwp%2Fv2%2Fmedia&parent=847"}],"wp:term":[{"taxonomy":"product_brand","embeddable":true,"href":"https:\/\/xtech-eng.com\/index.php?rest_route=%2Fwp%2Fv2%2Fproduct_brand&post=847"},{"taxonomy":"product_cat","embeddable":true,"href":"https:\/\/xtech-eng.com\/index.php?rest_route=%2Fwp%2Fv2%2Fproduct_cat&post=847"},{"taxonomy":"product_tag","embeddable":true,"href":"https:\/\/xtech-eng.com\/index.php?rest_route=%2Fwp%2Fv2%2Fproduct_tag&post=847"}],"curies":[{"name":"wp","href":"https:\/\/api.w.org\/{rel}","templated":true}]}}