{"id":853,"date":"2025-11-11T15:06:11","date_gmt":"2025-11-11T15:06:11","guid":{"rendered":"https:\/\/xtech-eng.com\/?post_type=product&#038;p=853"},"modified":"2025-12-30T08:07:59","modified_gmt":"2025-12-30T08:07:59","slug":"truc-cac-dang-najico-loai-p","status":"publish","type":"product","link":"https:\/\/xtech-eng.com\/?product=truc-cac-dang-najico-loai-p","title":{"rendered":"Najico Universal_Tr\u1ee5c c\u00e1c \u0111\u0103ng Lo\u1ea1i P"},"content":{"rendered":"<h1 data-path-to-node=\"3\"><strong>Kh\u1edbp C\u00e1c \u0110\u0103ng Ch\u1ecbu T\u1ea3i N\u1eb7ng: Gi\u1ea3i Ph\u00e1p Truy\u1ec1n \u0110\u1ed9ng C\u00f4ng Su\u1ea5t C\u1ef1c L\u1edbn<\/strong><\/h1>\n<h2 data-path-to-node=\"4\"><strong>1. T\u1ed5ng quan s\u1ea3n ph\u1ea9m<\/strong><\/h2>\n<p data-path-to-node=\"5\">D\u00f2ng <b data-path-to-node=\"5\" data-index-in-node=\"5\">Kh\u1edbp c\u00e1c \u0111\u0103ng ch\u1ecbu t\u1ea3i n\u1eb7ng (Heavy-Duty Series)<\/b> \u0111\u01b0\u1ee3c thi\u1ebft k\u1ebf chuy\u00ean bi\u1ec7t \u0111\u1ec3 \u0111\u00e1p \u1ee9ng nh\u1eefng y\u00eau c\u1ea7u kh\u1eaft khe nh\u1ea5t trong m\u00f4i tr\u01b0\u1eddng c\u00f4ng nghi\u1ec7p n\u1eb7ng. V\u1edbi kh\u1ea3 n\u0103ng truy\u1ec1n t\u1ea3i m\u00f4-men xo\u1eafn c\u1ef1c \u0111\u1ea1i l\u00ean \u0111\u1ebfn g\u1ea7n 1000 kN\u00b7m, \u0111\u00e2y l\u00e0 linh ki\u1ec7n c\u1ed1t l\u00f5i \u0111\u1ea3m b\u1ea3o s\u1ef1 v\u1eadn h\u00e0nh b\u1ec1n b\u1ec9 v\u00e0 tin c\u1eady cho c\u00e1c h\u1ec7 th\u1ed1ng m\u00e1y m\u00f3c c\u00f3 quy m\u00f4 kh\u1ed5ng l\u1ed3.<\/p>\n<h2 data-path-to-node=\"6\"><strong>2. Th\u00f4ng s\u1ed1 k\u1ef9 thu\u1eadt \u1ea5n t\u01b0\u1ee3ng<\/strong><\/h2>\n<p data-path-to-node=\"7\">S\u1ea3n ph\u1ea9m s\u1edf h\u1eefu nh\u1eefng ch\u1ec9 s\u1ed1 k\u1ef9 thu\u1eadt h\u00e0ng \u0111\u1ea7u, th\u00e1ch th\u1ee9c m\u1ecdi gi\u1edbi h\u1ea1n v\u1ec1 t\u1ea3i tr\u1ecdng:<\/p>\n<ul data-path-to-node=\"8\">\n<li>\n<p data-path-to-node=\"8,0,0\"><b data-path-to-node=\"8,0,0\" data-index-in-node=\"0\">K\u00edch th\u01b0\u1edbc h\u00f9ng m\u1ea1nh:<\/b> \u0110\u01b0\u1eddng k\u00ednh ngo\u00e0i kh\u1edbp xoay l\u1edbn, dao \u0111\u1ed9ng t\u1eeb <b data-path-to-node=\"8,0,0\" data-index-in-node=\"66\">180 mm \u0111\u1ebfn 550 mm<\/b>.<\/p>\n<\/li>\n<li>\n<p data-path-to-node=\"8,1,0\"><b data-path-to-node=\"8,1,0\" data-index-in-node=\"0\">S\u1ee9c t\u1ea3i m\u00f4-men xo\u1eafn kh\u1ed5ng l\u1ed3:<\/b> Ph\u1ea1m vi truy\u1ec1n m\u00f4-men xo\u1eafn t\u1ed1i \u0111a t\u1eeb <b data-path-to-node=\"8,1,0\" data-index-in-node=\"67\">29 kN\u00b7m l\u00ean \u0111\u1ebfn 948 kN\u00b7m<\/b>, cho ph\u00e9p x\u1eed l\u00fd c\u00e1c c\u00fa s\u1ed1c t\u1ea3i v\u00e0 \u00e1p l\u1ef1c v\u1eadn h\u00e0nh li\u00ean t\u1ee5c.<\/p>\n<\/li>\n<li>\n<p data-path-to-node=\"8,2,0\"><b data-path-to-node=\"8,2,0\" data-index-in-node=\"0\">G\u00f3c l\u1ec7ch t\u00e2m \u0111\u1eb7c th\u00f9:<\/b> Thi\u1ebft k\u1ebf t\u1ed1i \u01b0u cho g\u00f3c u\u1ed1n t\u1ed1i \u0111a <b data-path-to-node=\"8,2,0\" data-index-in-node=\"57\">10\u00b0<\/b>, t\u1eadp trung v\u00e0o vi\u1ec7c duy tr\u00ec \u0111\u1ed9 c\u1ee9ng v\u1eefng v\u00e0 hi\u1ec7u su\u1ea5t truy\u1ec1n \u0111\u1ed9ng cao nh\u1ea5t t\u1ea1i c\u00e1c v\u1ecb tr\u00ed ch\u1ecbu l\u1ef1c t\u1eadp trung.<\/p>\n<\/li>\n<\/ul>\n<h2 data-path-to-node=\"9\"><strong>3. \u1ee8ng d\u1ee5ng tr\u1ecdng y\u1ebfu trong c\u00f4ng nghi\u1ec7p n\u1eb7ng<\/strong><\/h2>\n<p data-path-to-node=\"10\">Nh\u1edd k\u1ebft c\u1ea5u th\u00e9p h\u1ee3p kim c\u01b0\u1eddng \u0111\u1ed9 cao v\u00e0 c\u00f4ng ngh\u1ec7 gia c\u00f4ng ch\u00ednh x\u00e1c, kh\u1edbp c\u00e1c \u0111\u0103ng ch\u1ecbu t\u1ea3i n\u1eb7ng l\u00e0 l\u1ef1a ch\u1ecdn kh\u00f4ng th\u1ec3 thay th\u1ebf trong:<\/p>\n<ul data-path-to-node=\"11\">\n<li>\n<p data-path-to-node=\"11,0,0\"><b data-path-to-node=\"11,0,0\" data-index-in-node=\"0\">Thi\u1ebft b\u1ecb luy\u1ec7n th\u00e9p:<\/b> S\u1eed d\u1ee5ng trong c\u00e1c h\u1ec7 th\u1ed1ng m\u00e1y c\u00e1n th\u00e9p n\u00f3ng\/l\u1ea1nh, d\u00e2y chuy\u1ec1n \u0111\u00fac li\u00ean t\u1ee5c y\u00eau c\u1ea7u l\u1ef1c xo\u1eafn c\u1ef1c \u0111\u1ea1i.<\/p>\n<\/li>\n<li>\n<p data-path-to-node=\"11,1,0\"><b data-path-to-node=\"11,1,0\" data-index-in-node=\"0\">M\u00e1y gia c\u00f4ng nh\u1ef1a:<\/b> Truy\u1ec1n \u0111\u1ed9ng cho c\u00e1c m\u00e1y \u0111\u00f9n, m\u00e1y t\u1ea1o h\u00ecnh nh\u1ef1a c\u00f4ng su\u1ea5t l\u1edbn.<\/p>\n<\/li>\n<li>\n<p data-path-to-node=\"11,2,0\"><b data-path-to-node=\"11,2,0\" data-index-in-node=\"0\">M\u00e1y nghi\u1ec1n c\u00f4ng nghi\u1ec7p:<\/b> \u1ee8ng d\u1ee5ng trong c\u00e1c m\u00e1y nghi\u1ec1n \u0111\u00e1, nghi\u1ec1n qu\u1eb7ng v\u00e0 x\u1eed l\u00fd kho\u00e1ng s\u1ea3n th\u00f4 k\u1ec1nh.<\/p>\n<\/li>\n<\/ul>\n<h2 data-path-to-node=\"12\"><strong>4. T\u1ea1i sao n\u00ean ch\u1ecdn Kh\u1edbp c\u00e1c \u0111\u0103ng Heavy-Duty c\u1ee7a ch\u00fang t\u00f4i?<\/strong><\/h2>\n<ol start=\"1\" data-path-to-node=\"13\">\n<li>\n<p data-path-to-node=\"13,0,0\"><b data-path-to-node=\"13,0,0\" data-index-in-node=\"0\">\u0110\u1ed9 b\u1ec1n v\u01b0\u1ee3t th\u1eddi gian:<\/b> Ch\u1ed1ng m\u1ecfi v\u00e0 ch\u1ed1ng r\u1ea1n n\u1ee9t b\u1ec1 m\u1eb7t d\u01b0\u1edbi t\u00e1c \u0111\u1ed9ng c\u1ee7a t\u1ea3i tr\u1ecdng rung \u0111\u1ed9ng m\u1ea1nh.<\/p>\n<\/li>\n<li>\n<p data-path-to-node=\"13,1,0\"><b data-path-to-node=\"13,1,0\" data-index-in-node=\"0\">T\u1ed1i \u01b0u h\u00f3a hi\u1ec7u su\u1ea5t:<\/b> Gi\u1ea3m thi\u1ec3u th\u1ea5t tho\u00e1t n\u0103ng l\u01b0\u1ee3ng trong qu\u00e1 tr\u00ecnh truy\u1ec1n \u0111\u1ed9ng d\u00f9 \u1edf m\u1ee9c t\u1ea3i tr\u1ecdng cao nh\u1ea5t.<\/p>\n<\/li>\n<li>\n<p data-path-to-node=\"13,2,0\"><b data-path-to-node=\"13,2,0\" data-index-in-node=\"0\">An to\u00e0n tuy\u1ec7t \u0111\u1ed1i:<\/b> \u0110\u1ea1t c\u00e1c ti\u00eau chu\u1ea9n ki\u1ec3m \u0111\u1ecbnh nghi\u00eam ng\u1eb7t v\u1ec1 \u0111\u1ed9 b\u1ec1n c\u01a1 kh\u00ed, gi\u00fap gi\u1ea3m thi\u1ec3u r\u1ee7i ro s\u1ef1 c\u1ed1 d\u1eebng m\u00e1y ngo\u00e0i \u00fd mu\u1ed1n.<\/p>\n<\/li>\n<\/ol>\n","protected":false},"excerpt":{"rendered":"<p>Kh\u1edbp C\u00e1c \u0110\u0103ng Ch\u1ecbu T\u1ea3i N\u1eb7ng: Gi\u1ea3i Ph\u00e1p Truy\u1ec1n \u0110\u1ed9ng C\u00f4ng Su\u1ea5t C\u1ef1c L\u1edbn 1. T\u1ed5ng quan s\u1ea3n ph\u1ea9m D\u00f2ng Kh\u1edbp c\u00e1c \u0111\u0103ng ch\u1ecbu t\u1ea3i n\u1eb7ng (Heavy-Duty Series) \u0111\u01b0\u1ee3c thi\u1ebft k\u1ebf chuy\u00ean bi\u1ec7t \u0111\u1ec3 \u0111\u00e1p \u1ee9ng nh\u1eefng y\u00eau c\u1ea7u kh\u1eaft khe nh\u1ea5t trong m\u00f4i tr\u01b0\u1eddng c\u00f4ng nghi\u1ec7p n\u1eb7ng. V\u1edbi kh\u1ea3 n\u0103ng truy\u1ec1n t\u1ea3i m\u00f4-men xo\u1eafn&#8230;<\/p>\n","protected":false},"featured_media":1117,"comment_status":"open","ping_status":"closed","template":"","meta":[],"product_brand":[],"product_cat":[349],"product_tag":[],"class_list":{"0":"post-853","1":"product","2":"type-product","3":"status-publish","4":"has-post-thumbnail","6":"product_cat-najico-universal-joint","8":"first","9":"instock","10":"shipping-taxable","11":"product-type-simple"},"_links":{"self":[{"href":"https:\/\/xtech-eng.com\/index.php?rest_route=\/wp\/v2\/product\/853","targetHints":{"allow":["GET"]}}],"collection":[{"href":"https:\/\/xtech-eng.com\/index.php?rest_route=\/wp\/v2\/product"}],"about":[{"href":"https:\/\/xtech-eng.com\/index.php?rest_route=\/wp\/v2\/types\/product"}],"replies":[{"embeddable":true,"href":"https:\/\/xtech-eng.com\/index.php?rest_route=%2Fwp%2Fv2%2Fcomments&post=853"}],"wp:featuredmedia":[{"embeddable":true,"href":"https:\/\/xtech-eng.com\/index.php?rest_route=\/wp\/v2\/media\/1117"}],"wp:attachment":[{"href":"https:\/\/xtech-eng.com\/index.php?rest_route=%2Fwp%2Fv2%2Fmedia&parent=853"}],"wp:term":[{"taxonomy":"product_brand","embeddable":true,"href":"https:\/\/xtech-eng.com\/index.php?rest_route=%2Fwp%2Fv2%2Fproduct_brand&post=853"},{"taxonomy":"product_cat","embeddable":true,"href":"https:\/\/xtech-eng.com\/index.php?rest_route=%2Fwp%2Fv2%2Fproduct_cat&post=853"},{"taxonomy":"product_tag","embeddable":true,"href":"https:\/\/xtech-eng.com\/index.php?rest_route=%2Fwp%2Fv2%2Fproduct_tag&post=853"}],"curies":[{"name":"wp","href":"https:\/\/api.w.org\/{rel}","templated":true}]}}