{"id":899,"date":"2025-11-18T09:06:21","date_gmt":"2025-11-18T09:06:21","guid":{"rendered":"https:\/\/xtech-eng.com\/?post_type=product&#038;p=899"},"modified":"2025-11-18T09:06:22","modified_gmt":"2025-11-18T09:06:22","slug":"nippon-gear_gear-box","status":"publish","type":"product","link":"https:\/\/xtech-eng.com\/?product=nippon-gear_gear-box","title":{"rendered":"Nippon Gear_Gear Box"},"content":{"rendered":"<p><strong>Xu\u1ea5t x\u1ee9:<\/strong> Nippon Gear Nh\u1eadt B\u1ea3n<\/p>\n<p><strong>Ch\u1ea5t l\u01b0\u1ee3ng:<\/strong> Nh\u1eadt B\u1ea3n, \u0111\u1ed3 b\u1ec1n l\u00e2u, \u0111\u1ed9 ch\u00ednh x\u00e1c cao<\/p>\n<p><strong>Ph\u00e2n ph\u1ed1i:<\/strong> Xtech &#8211; \u0110\u1ea1i di\u1ec7n ch\u00ednh th\u1ee9c c\u1ee7a Nippon Gear t\u1ea1i Vi\u1ec7t Nam<\/p>\n","protected":false},"excerpt":{"rendered":"<p>Xu\u1ea5t x\u1ee9: Nippon Gear Nh\u1eadt B\u1ea3n Ch\u1ea5t l\u01b0\u1ee3ng: Nh\u1eadt B\u1ea3n, \u0111\u1ed3 b\u1ec1n l\u00e2u, \u0111\u1ed9 ch\u00ednh x\u00e1c cao Ph\u00e2n ph\u1ed1i: Xtech &#8211; \u0110\u1ea1i di\u1ec7n ch\u00ednh th\u1ee9c c\u1ee7a Nippon Gear t\u1ea1i Vi\u1ec7t Nam<\/p>\n","protected":false},"featured_media":900,"comment_status":"open","ping_status":"closed","template":"","meta":[],"product_brand":[],"product_cat":[21,39,265],"product_tag":[],"class_list":{"0":"post-899","1":"product","2":"type-product","3":"status-publish","4":"has-post-thumbnail","6":"product_cat-nippon-gear-maker-vi","7":"product_cat-screw-jack-vi","8":"product_cat-screw-jack-vi-screw-jack-vi","10":"first","11":"instock","12":"shipping-taxable","13":"product-type-simple"},"_links":{"self":[{"href":"https:\/\/xtech-eng.com\/index.php?rest_route=\/wp\/v2\/product\/899","targetHints":{"allow":["GET"]}}],"collection":[{"href":"https:\/\/xtech-eng.com\/index.php?rest_route=\/wp\/v2\/product"}],"about":[{"href":"https:\/\/xtech-eng.com\/index.php?rest_route=\/wp\/v2\/types\/product"}],"replies":[{"embeddable":true,"href":"https:\/\/xtech-eng.com\/index.php?rest_route=%2Fwp%2Fv2%2Fcomments&post=899"}],"wp:featuredmedia":[{"embeddable":true,"href":"https:\/\/xtech-eng.com\/index.php?rest_route=\/wp\/v2\/media\/900"}],"wp:attachment":[{"href":"https:\/\/xtech-eng.com\/index.php?rest_route=%2Fwp%2Fv2%2Fmedia&parent=899"}],"wp:term":[{"taxonomy":"product_brand","embeddable":true,"href":"https:\/\/xtech-eng.com\/index.php?rest_route=%2Fwp%2Fv2%2Fproduct_brand&post=899"},{"taxonomy":"product_cat","embeddable":true,"href":"https:\/\/xtech-eng.com\/index.php?rest_route=%2Fwp%2Fv2%2Fproduct_cat&post=899"},{"taxonomy":"product_tag","embeddable":true,"href":"https:\/\/xtech-eng.com\/index.php?rest_route=%2Fwp%2Fv2%2Fproduct_tag&post=899"}],"curies":[{"name":"wp","href":"https:\/\/api.w.org\/{rel}","templated":true}]}}